{"id":1809,"date":"2017-07-04T14:27:18","date_gmt":"2017-07-04T13:27:18","guid":{"rendered":"https:\/\/amecorg.com\/amecframework\/sv\/?page_id=1809"},"modified":"2017-07-04T14:27:18","modified_gmt":"2017-07-04T13:27:18","slug":"vanliga-fraagor","status":"publish","type":"page","link":"https:\/\/amec.blazedev.co.uk\/amecframework\/sv\/vanliga-fraagor\/","title":{"rendered":"Vanliga fr\u00e5gor"},"content":{"rendered":"\n<style type=\"text\/css\" data-created_by=\"avia_inline_auto\" id=\"style-css-av-av_image-682788b60d376febb939b738ab2d7d47\">\n.avia-image-container.av-av_image-682788b60d376febb939b738ab2d7d47 img.avia_image{\nbox-shadow:none;\n}\n.avia-image-container.av-av_image-682788b60d376febb939b738ab2d7d47 .av-image-caption-overlay-center{\ncolor:#ffffff;\n}\n<\/style>\n<div  class='avia-image-container av-av_image-682788b60d376febb939b738ab2d7d47 av-styling- avia-align-center  avia-builder-el-0  el_before_av_one_full  avia-builder-el-first '   itemprop=\"image\" itemscope=\"itemscope\" itemtype=\"https:\/\/schema.org\/ImageObject\" ><div class=\"avia-image-container-inner\"><div class=\"avia-image-overlay-wrap\"><img decoding=\"async\" fetchpriority=\"high\" class='wp-image-1774 avia-img-lazy-loading-not-1774 avia_image ' src=\"https:\/\/amec.blazedev.co.uk\/amecframework\/wp-content\/uploads\/2017\/07\/FAQ-Icon-Question-Mark.png\" alt='' title='FAQ Icon - Question Mark'  height=\"237\" width=\"285\"  itemprop=\"thumbnailUrl\"  \/><\/div><\/div><\/div>\n\n<style type=\"text\/css\" data-created_by=\"avia_inline_auto\" id=\"style-css-av-av_one_full-6126cab7d8fab8d08143dd2dacdf673c\">\n.flex_column.av-av_one_full-6126cab7d8fab8d08143dd2dacdf673c{\nborder-radius:0px 0px 0px 0px;\npadding:0px 0px 0px 0px;\n}\n<\/style>\n<div  class='flex_column av-av_one_full-6126cab7d8fab8d08143dd2dacdf673c av_one_full  avia-builder-el-1  el_after_av_image  el_before_av_one_half  first flex_column_div av-zero-column-padding  '     ><style type=\"text\/css\" data-created_by=\"avia_inline_auto\" id=\"style-css-av-av_textblock-1cfe04c011deea2513bf58caf5e82729\">\n#top .av_textblock_section.av-av_textblock-1cfe04c011deea2513bf58caf5e82729 .avia_textblock{\nfont-size:35px;\n}\n<\/style>\n<section  class='av_textblock_section av-av_textblock-1cfe04c011deea2513bf58caf5e82729 '   itemscope=\"itemscope\" itemtype=\"https:\/\/schema.org\/CreativeWork\" ><div class='avia_textblock'  itemprop=\"text\" ><p style=\"text-align: center; font-weight: 900;\">Vanliga fr\u00e5gor<\/p>\n<\/div><\/section><br \/>\n\n<style type=\"text\/css\" data-created_by=\"avia_inline_auto\" id=\"style-css-av-av_hr-cff9db79973b2b34cd1182f84c56818a\">\n#top .hr.av-av_hr-cff9db79973b2b34cd1182f84c56818a{\nmargin-top:30px;\nmargin-bottom:30px;\n}\n.hr.av-av_hr-cff9db79973b2b34cd1182f84c56818a .hr-inner{\nwidth:300px;\nborder-color:#ff5800;\n}\n<\/style>\n<div  class='hr av-av_hr-cff9db79973b2b34cd1182f84c56818a hr-custom  avia-builder-el-3  el_after_av_textblock  avia-builder-el-last  hr-center hr-icon-no'><span class='hr-inner inner-border-av-border-fat'><span class=\"hr-inner-style\"><\/span><\/span><\/div><\/p><\/div>\n<style type=\"text\/css\" data-created_by=\"avia_inline_auto\" id=\"style-css-av-av_one_half-6126cab7d8fab8d08143dd2dacdf673c\">\n.flex_column.av-av_one_half-6126cab7d8fab8d08143dd2dacdf673c{\nborder-radius:0px 0px 0px 0px;\npadding:0px 0px 0px 0px;\n}\n<\/style>\n<div  class='flex_column av-av_one_half-6126cab7d8fab8d08143dd2dacdf673c av_one_half  avia-builder-el-4  el_after_av_one_full  el_before_av_one_half  first flex_column_div av-zero-column-padding  column-top-margin'     ><section  class='av_textblock_section av-av_textblock-35972167d9f102c5ddaec0c531c98b9e '   itemscope=\"itemscope\" itemtype=\"https:\/\/schema.org\/CreativeWork\" ><div class='avia_textblock'  itemprop=\"text\" ><p><strong> Det ser h\u00e5rt ut och komplicerat? <!-- Strong--><\/strong><\/p>\n<p>Det \u00e4r verkligen inte. Massor av information tillhandah\u00e5lls f\u00f6r att v\u00e4gleda dig och hj\u00e4lpa dig veta vilken information som kr\u00e4vs vid varje steg. Webbplatsen \u00e4r ett massivt resursbibliotek. Anv\u00e4nd det, g\u00f6r mocka exempel, lek runt.<\/p>\n<\/div><\/section><\/div>\n<style type=\"text\/css\" data-created_by=\"avia_inline_auto\" id=\"style-css-av-av_one_half-0aa7055fe62c3622faec82866afbaeb2\">\n.flex_column.av-av_one_half-0aa7055fe62c3622faec82866afbaeb2{\nborder-radius:0px 0px 0px 0px;\npadding:0px 0px 0px 0px;\n}\n<\/style>\n<div  class='flex_column av-av_one_half-0aa7055fe62c3622faec82866afbaeb2 av_one_half  avia-builder-el-6  el_after_av_one_half  el_before_av_one_half  flex_column_div av-zero-column-padding  column-top-margin'     ><section  class='av_textblock_section av-av_textblock-35972167d9f102c5ddaec0c531c98b9e '   itemscope=\"itemscope\" itemtype=\"https:\/\/schema.org\/CreativeWork\" ><div class='avia_textblock'  itemprop=\"text\" ><p><strong> N\u00e4r ska jag anv\u00e4nda ramverket, \u00e4r det efter att ha k\u00f6rt en kampanj? <!-- Strong--><\/strong><\/p>\n<p>\u00c4ven om ramverket kan anv\u00e4ndas f\u00f6r att utv\u00e4rdera en kampanj retroaktivt, kommer det verkliga v\u00e4rdet fr\u00e5n att anv\u00e4nda ramverket i realtid &#8211; f\u00f6r att anv\u00e4nda det f\u00f6r att planera verksamheten i f\u00f6rv\u00e4g, f\u00f6r att referera till n\u00e4r verksamheten utvecklas \u00f6ver tid och att anv\u00e4nda den retroaktivt som ett utv\u00e4rderingsverktyg Att markera framg\u00e5ngar och m\u00f6jligheter till f\u00f6rb\u00e4ttringar. M\u00f6jligheten att spara data fr\u00e5n ett ramverk l\u00e5ter dig h\u00e4nvisa till det n\u00e4r du vill och du kan ha upp till tio aktiva ramar per anv\u00e4ndare.<\/p>\n<\/div><\/section><\/div>\n<style type=\"text\/css\" data-created_by=\"avia_inline_auto\" id=\"style-css-av-av_one_half-6126cab7d8fab8d08143dd2dacdf673c\">\n.flex_column.av-av_one_half-6126cab7d8fab8d08143dd2dacdf673c{\nborder-radius:0px 0px 0px 0px;\npadding:0px 0px 0px 0px;\n}\n<\/style>\n<div  class='flex_column av-av_one_half-6126cab7d8fab8d08143dd2dacdf673c av_one_half  avia-builder-el-8  el_after_av_one_half  el_before_av_one_half  first flex_column_div av-zero-column-padding  column-top-margin'     ><section  class='av_textblock_section av-av_textblock-35972167d9f102c5ddaec0c531c98b9e '   itemscope=\"itemscope\" itemtype=\"https:\/\/schema.org\/CreativeWork\" ><div class='avia_textblock'  itemprop=\"text\" ><p><b> \u00c4r IEF ett planeringsverktyg eller ett m\u00e4tverktyg? <!-- B--><\/b><\/p>\n<p>Det \u00e4r b\u00e5da! IEF \u00e4r utformad f\u00f6r att hj\u00e4lpa dig att planera dina kampanjer mer effektivt, s\u00e4rskilt med resultat som en nyckeldrivare. Men det \u00e4r ocks\u00e5 utformat f\u00f6r att hj\u00e4lpa dig att t\u00e4nka p\u00e5 m\u00e4tning och framvisning med relevanta m\u00e4tv\u00e4rden, vilken p\u00e5verkan du har p\u00e5 din organisation \/ klient.<\/p>\n<\/div><\/section><\/div>\n<style type=\"text\/css\" data-created_by=\"avia_inline_auto\" id=\"style-css-av-av_one_half-0aa7055fe62c3622faec82866afbaeb2\">\n.flex_column.av-av_one_half-0aa7055fe62c3622faec82866afbaeb2{\nborder-radius:0px 0px 0px 0px;\npadding:0px 0px 0px 0px;\n}\n<\/style>\n<div  class='flex_column av-av_one_half-0aa7055fe62c3622faec82866afbaeb2 av_one_half  avia-builder-el-10  el_after_av_one_half  el_before_av_one_half  flex_column_div av-zero-column-padding  column-top-margin'     ><section  class='av_textblock_section av-av_textblock-35972167d9f102c5ddaec0c531c98b9e '   itemscope=\"itemscope\" itemtype=\"https:\/\/schema.org\/CreativeWork\" ><div class='avia_textblock'  itemprop=\"text\" ><p><strong> Vad h\u00e4nder om jag inte har m\u00e4tv\u00e4rdena att inkludera i rapporten? <!-- Strong--><\/strong><\/p>\n<p>En f\u00f6rdel med IEF \u00e4r att du kan t\u00e4nka i b\u00f6rjan om vilka m\u00e4tv\u00e4rden du kan beh\u00f6va f\u00f6r att utv\u00e4rdera effekten. P\u00e5 det h\u00e4r s\u00e4ttet kan du fr\u00e5ga r\u00e4tt personer eller k\u00e4lla de n\u00f6dv\u00e4ndiga uppgifterna innan kampanjen startas. S\u00e5 n\u00e4r kampanjen utvecklas eller avslutas k\u00e4nner alla till de uppgifter de beh\u00f6ver f\u00f6r att kunna tillhandah\u00e5lla uppgifterna.<\/p>\n<\/div><\/section><\/div>\n<style type=\"text\/css\" data-created_by=\"avia_inline_auto\" id=\"style-css-av-av_one_half-6126cab7d8fab8d08143dd2dacdf673c\">\n.flex_column.av-av_one_half-6126cab7d8fab8d08143dd2dacdf673c{\nborder-radius:0px 0px 0px 0px;\npadding:0px 0px 0px 0px;\n}\n<\/style>\n<div  class='flex_column av-av_one_half-6126cab7d8fab8d08143dd2dacdf673c av_one_half  avia-builder-el-12  el_after_av_one_half  el_before_av_one_half  first flex_column_div av-zero-column-padding  column-top-margin'     ><section  class='av_textblock_section av-av_textblock-35972167d9f102c5ddaec0c531c98b9e '   itemscope=\"itemscope\" itemtype=\"https:\/\/schema.org\/CreativeWork\" ><div class='avia_textblock'  itemprop=\"text\" ><p><strong> Kan ramverket endast anv\u00e4ndas f\u00f6r kampanjer &#8211; hur \u00e4r det med p\u00e5g\u00e5ende aktiviteter? <!-- Strong--><\/strong><\/p>\n<p>Ramverket kan och b\u00f6r anv\u00e4ndas f\u00f6r b\u00e5de kortsiktiga kampanjer och kommande l\u00e5ngsiktiga program d\u00e4r du kontinuerligt ska anpassa verksamheten och m\u00e4tningen till de \u00f6vergripande organisations- och kommunikationsm\u00e5len.<\/p>\n<\/div><\/section><\/div>\n<style type=\"text\/css\" data-created_by=\"avia_inline_auto\" id=\"style-css-av-av_one_half-0aa7055fe62c3622faec82866afbaeb2\">\n.flex_column.av-av_one_half-0aa7055fe62c3622faec82866afbaeb2{\nborder-radius:0px 0px 0px 0px;\npadding:0px 0px 0px 0px;\n}\n<\/style>\n<div  class='flex_column av-av_one_half-0aa7055fe62c3622faec82866afbaeb2 av_one_half  avia-builder-el-14  el_after_av_one_half  el_before_av_one_half  flex_column_div av-zero-column-padding  column-top-margin'     ><section  class='av_textblock_section av-av_textblock-35972167d9f102c5ddaec0c531c98b9e '   itemscope=\"itemscope\" itemtype=\"https:\/\/schema.org\/CreativeWork\" ><div class='avia_textblock'  itemprop=\"text\" ><p><strong> \u00c4r ramverket optimerat f\u00f6r en viss typ av kommunikationsaktivitet? <!-- Strong--><\/strong><\/p>\n<p>Ramverket \u00e4r avsiktligt utformat f\u00f6r att vara flexibelt och att fungera \u00f6ver olika kommandoscenarier och kanaler: betalt, intj\u00e4nade, \u00e4gda och delade, kommersiella till den offentliga sektorn, konsument till f\u00f6retag till f\u00f6retag, blygenerering till varum\u00e4rkesbyggnad, kampanj till lobbying.<\/p>\n<\/div><\/section><\/div>\n<style type=\"text\/css\" data-created_by=\"avia_inline_auto\" id=\"style-css-av-av_one_half-6126cab7d8fab8d08143dd2dacdf673c\">\n.flex_column.av-av_one_half-6126cab7d8fab8d08143dd2dacdf673c{\nborder-radius:0px 0px 0px 0px;\npadding:0px 0px 0px 0px;\n}\n<\/style>\n<div  class='flex_column av-av_one_half-6126cab7d8fab8d08143dd2dacdf673c av_one_half  avia-builder-el-16  el_after_av_one_half  avia-builder-el-last  first flex_column_div av-zero-column-padding  column-top-margin'     ><section  class='av_textblock_section av-av_textblock-35972167d9f102c5ddaec0c531c98b9e '   itemscope=\"itemscope\" itemtype=\"https:\/\/schema.org\/CreativeWork\" ><div class='avia_textblock'  itemprop=\"text\" ><p><strong> Jag har h\u00f6rt mycket av &#8221;teorin&#8221;, men jag \u00e4r fortfarande lite f\u00f6rvirrad \u00f6ver hur man kan anv\u00e4nda ramverket? <!-- Strong--><\/strong><\/p>\n<p>I avsnittet Resurser p\u00e5 ramsidan finns ett antal olika fallstudier och handledning som visar hur ramverket har anv\u00e4nts i verkliga scenarier.<\/p>\n<\/div><\/section><\/div><\/p>\n","protected":false},"excerpt":{"rendered":"","protected":false},"author":1,"featured_media":0,"parent":0,"menu_order":0,"comment_status":"closed","ping_status":"closed","template":"","meta":{"footnotes":""},"tags":[],"class_list":["post-1809","page","type-page","status-publish","hentry"],"yoast_head":"<!-- This site is optimized with the Yoast SEO plugin v27.2 - https:\/\/yoast.com\/product\/yoast-seo-wordpress\/ -->\n<title>Vanliga fr\u00e5gor - AMEC Integrated Evaluation Framework<\/title>\n<meta name=\"robots\" content=\"noindex, follow, max-snippet:-1, max-image-preview:large, max-video-preview:-1\" \/>\n<meta property=\"og:locale\" content=\"sv_SE\" \/>\n<meta property=\"og:type\" content=\"article\" \/>\n<meta property=\"og:title\" content=\"Vanliga fr\u00e5gor - AMEC Integrated Evaluation Framework\" \/>\n<meta property=\"og:url\" content=\"https:\/\/amec.blazedev.co.uk\/amecframework\/sv\/vanliga-fraagor\/\" \/>\n<meta property=\"og:site_name\" content=\"AMEC Integrated Evaluation Framework\" \/>\n<meta name=\"twitter:card\" content=\"summary_large_image\" \/>\n<meta name=\"twitter:label1\" content=\"Est. reading time\" \/>\n\t<meta name=\"twitter:data1\" content=\"5 minuter\" \/>\n<script type=\"application\/ld+json\" class=\"yoast-schema-graph\">{\"@context\":\"https:\/\/schema.org\",\"@graph\":[{\"@type\":\"WebPage\",\"@id\":\"https:\/\/amec.blazedev.co.uk\/amecframework\/sv\/vanliga-fraagor\/\",\"url\":\"https:\/\/amec.blazedev.co.uk\/amecframework\/sv\/vanliga-fraagor\/\",\"name\":\"Vanliga fr\u00e5gor - AMEC Integrated Evaluation Framework\",\"isPartOf\":{\"@id\":\"https:\/\/amec.blazedev.co.uk\/amecframework\/ru\/#website\"},\"datePublished\":\"2017-07-04T13:27:18+00:00\",\"breadcrumb\":{\"@id\":\"https:\/\/amec.blazedev.co.uk\/amecframework\/sv\/vanliga-fraagor\/#breadcrumb\"},\"inLanguage\":\"sv-SE\",\"potentialAction\":[{\"@type\":\"ReadAction\",\"target\":[\"https:\/\/amec.blazedev.co.uk\/amecframework\/sv\/vanliga-fraagor\/\"]}]},{\"@type\":\"BreadcrumbList\",\"@id\":\"https:\/\/amec.blazedev.co.uk\/amecframework\/sv\/vanliga-fraagor\/#breadcrumb\",\"itemListElement\":[{\"@type\":\"ListItem\",\"position\":1,\"name\":\"Home\",\"item\":\"https:\/\/amec.blazedev.co.uk\/amecframework\/sv\/\"},{\"@type\":\"ListItem\",\"position\":2,\"name\":\"Vanliga fr\u00e5gor\"}]},{\"@type\":\"WebSite\",\"@id\":\"https:\/\/amec.blazedev.co.uk\/amecframework\/ru\/#website\",\"url\":\"https:\/\/amec.blazedev.co.uk\/amecframework\/ru\/\",\"name\":\"AMEC Integrated Evaluation Framework\",\"description\":\"\",\"potentialAction\":[{\"@type\":\"SearchAction\",\"target\":{\"@type\":\"EntryPoint\",\"urlTemplate\":\"https:\/\/amec.blazedev.co.uk\/amecframework\/ru\/?s={search_term_string}\"},\"query-input\":{\"@type\":\"PropertyValueSpecification\",\"valueRequired\":true,\"valueName\":\"search_term_string\"}}],\"inLanguage\":\"sv-SE\"}]}<\/script>\n<!-- \/ Yoast SEO plugin. -->","yoast_head_json":{"title":"Vanliga fr\u00e5gor - AMEC Integrated Evaluation Framework","robots":{"index":"noindex","follow":"follow","max-snippet":"max-snippet:-1","max-image-preview":"max-image-preview:large","max-video-preview":"max-video-preview:-1"},"og_locale":"sv_SE","og_type":"article","og_title":"Vanliga fr\u00e5gor - AMEC Integrated Evaluation Framework","og_url":"https:\/\/amec.blazedev.co.uk\/amecframework\/sv\/vanliga-fraagor\/","og_site_name":"AMEC Integrated Evaluation Framework","twitter_card":"summary_large_image","twitter_misc":{"Est. reading time":"5 minuter"},"schema":{"@context":"https:\/\/schema.org","@graph":[{"@type":"WebPage","@id":"https:\/\/amec.blazedev.co.uk\/amecframework\/sv\/vanliga-fraagor\/","url":"https:\/\/amec.blazedev.co.uk\/amecframework\/sv\/vanliga-fraagor\/","name":"Vanliga fr\u00e5gor - AMEC Integrated Evaluation Framework","isPartOf":{"@id":"https:\/\/amec.blazedev.co.uk\/amecframework\/ru\/#website"},"datePublished":"2017-07-04T13:27:18+00:00","breadcrumb":{"@id":"https:\/\/amec.blazedev.co.uk\/amecframework\/sv\/vanliga-fraagor\/#breadcrumb"},"inLanguage":"sv-SE","potentialAction":[{"@type":"ReadAction","target":["https:\/\/amec.blazedev.co.uk\/amecframework\/sv\/vanliga-fraagor\/"]}]},{"@type":"BreadcrumbList","@id":"https:\/\/amec.blazedev.co.uk\/amecframework\/sv\/vanliga-fraagor\/#breadcrumb","itemListElement":[{"@type":"ListItem","position":1,"name":"Home","item":"https:\/\/amec.blazedev.co.uk\/amecframework\/sv\/"},{"@type":"ListItem","position":2,"name":"Vanliga fr\u00e5gor"}]},{"@type":"WebSite","@id":"https:\/\/amec.blazedev.co.uk\/amecframework\/ru\/#website","url":"https:\/\/amec.blazedev.co.uk\/amecframework\/ru\/","name":"AMEC Integrated Evaluation Framework","description":"","potentialAction":[{"@type":"SearchAction","target":{"@type":"EntryPoint","urlTemplate":"https:\/\/amec.blazedev.co.uk\/amecframework\/ru\/?s={search_term_string}"},"query-input":{"@type":"PropertyValueSpecification","valueRequired":true,"valueName":"search_term_string"}}],"inLanguage":"sv-SE"}]}},"_links":{"self":[{"href":"https:\/\/amec.blazedev.co.uk\/amecframework\/sv\/wp-json\/wp\/v2\/pages\/1809","targetHints":{"allow":["GET"]}}],"collection":[{"href":"https:\/\/amec.blazedev.co.uk\/amecframework\/sv\/wp-json\/wp\/v2\/pages"}],"about":[{"href":"https:\/\/amec.blazedev.co.uk\/amecframework\/sv\/wp-json\/wp\/v2\/types\/page"}],"author":[{"embeddable":true,"href":"https:\/\/amec.blazedev.co.uk\/amecframework\/sv\/wp-json\/wp\/v2\/users\/1"}],"replies":[{"embeddable":true,"href":"https:\/\/amec.blazedev.co.uk\/amecframework\/sv\/wp-json\/wp\/v2\/comments?post=1809"}],"version-history":[{"count":1,"href":"https:\/\/amec.blazedev.co.uk\/amecframework\/sv\/wp-json\/wp\/v2\/pages\/1809\/revisions"}],"predecessor-version":[{"id":1810,"href":"https:\/\/amec.blazedev.co.uk\/amecframework\/sv\/wp-json\/wp\/v2\/pages\/1809\/revisions\/1810"}],"wp:attachment":[{"href":"https:\/\/amec.blazedev.co.uk\/amecframework\/sv\/wp-json\/wp\/v2\/media?parent=1809"}],"wp:term":[{"taxonomy":"post_tag","embeddable":true,"href":"https:\/\/amec.blazedev.co.uk\/amecframework\/sv\/wp-json\/wp\/v2\/tags?post=1809"}],"curies":[{"name":"wp","href":"https:\/\/api.w.org\/{rel}","templated":true}]}}