{"id":452,"date":"2016-08-23T09:28:46","date_gmt":"2016-08-23T08:28:46","guid":{"rendered":"http:\/\/amecorg.com\/amecframework\/sl\/?page_id=452"},"modified":"2017-03-07T08:52:51","modified_gmt":"2017-03-07T08:52:51","slug":"acknowledgements","status":"publish","type":"page","link":"https:\/\/amec.blazedev.co.uk\/amecframework\/sl\/home\/acknowledgements\/","title":{"rendered":"priznanje"},"content":{"rendered":"\n<style type=\"text\/css\" data-created_by=\"avia_inline_auto\" id=\"style-css-av-av_one_full-6126cab7d8fab8d08143dd2dacdf673c\">\n.flex_column.av-av_one_full-6126cab7d8fab8d08143dd2dacdf673c{\nborder-radius:0px 0px 0px 0px;\npadding:0px 0px 0px 0px;\n}\n<\/style>\n<div  class='flex_column av-av_one_full-6126cab7d8fab8d08143dd2dacdf673c av_one_full  avia-builder-el-0  el_before_av_one_third  avia-builder-el-first  first flex_column_div av-zero-column-padding  '     ><style type=\"text\/css\" data-created_by=\"avia_inline_auto\" id=\"style-css-av-av_textblock-710f2b84645f078a27b61ae2c84de4a8\">\n#top .av_textblock_section.av-av_textblock-710f2b84645f078a27b61ae2c84de4a8 .avia_textblock{\nfont-size:25px;\n}\n<\/style>\n<section  class='av_textblock_section av-av_textblock-710f2b84645f078a27b61ae2c84de4a8 '   itemscope=\"itemscope\" itemtype=\"https:\/\/schema.org\/CreativeWork\" ><div class='avia_textblock'  itemprop=\"text\" ><div id=\"u3631-4\" class=\"clearfix colelem shared_content\" data-content-guid=\"u3631-4_content\">\n<p style=\"text-align: center;\">PRIZNANJA IN ZAHVALE<\/p>\n<\/div>\n<\/div><\/section><br \/>\n\n<style type=\"text\/css\" data-created_by=\"avia_inline_auto\" id=\"style-css-av-av_hr-cff9db79973b2b34cd1182f84c56818a\">\n#top .hr.av-av_hr-cff9db79973b2b34cd1182f84c56818a{\nmargin-top:30px;\nmargin-bottom:30px;\n}\n.hr.av-av_hr-cff9db79973b2b34cd1182f84c56818a .hr-inner{\nwidth:300px;\nborder-color:#ff5800;\n}\n<\/style>\n<div  class='hr av-av_hr-cff9db79973b2b34cd1182f84c56818a hr-custom  avia-builder-el-2  el_after_av_textblock  avia-builder-el-last  hr-center hr-icon-no'><span class='hr-inner inner-border-av-border-fat'><span class=\"hr-inner-style\"><\/span><\/span><\/div><\/p><\/div>\n\n<style type=\"text\/css\" data-created_by=\"avia_inline_auto\" id=\"style-css-av-av_one_third-6126cab7d8fab8d08143dd2dacdf673c\">\n.flex_column.av-av_one_third-6126cab7d8fab8d08143dd2dacdf673c{\nborder-radius:0px 0px 0px 0px;\npadding:0px 0px 0px 0px;\n}\n<\/style>\n<div  class='flex_column av-av_one_third-6126cab7d8fab8d08143dd2dacdf673c av_one_third  avia-builder-el-3  el_after_av_one_full  el_before_av_one_third  first flex_column_div av-zero-column-padding  column-top-margin'     ><section  class='av_textblock_section av-av_textblock-35972167d9f102c5ddaec0c531c98b9e '   itemscope=\"itemscope\" itemtype=\"https:\/\/schema.org\/CreativeWork\" ><div class='avia_textblock'  itemprop=\"text\" ><p>Zahvaliti se je potrebno AMECovi ekipi za integrirano vrednotenje, ki so zadnje leto trdo delali, da bi razvili center s sredstvi in na\u0161e interaktivno ogrodje.<\/p>\n<p>Posebna zahvala gre Jimu MacNamari, Profesor javnega sporo\u010dila. School of Communication, Filozofska fakulteta in dru\u017ebene vede, Univerza za tehnologijo Sydney, ki je ustvaril sistematiko vrednotenja in milostno dal AMECu dovoljenje za uporabo, ter ga delil z njimi. Jim tudi vodi AMECovo akademsko svetovalno skupino, ki je namenila svoj \u010das, da je preverila vlo\u017eke in povratne informacije o razli\u010dnih variacijah ogrodja in njegovega razvoja.<\/p>\n<p>Hvala klju\u010dnim \u010dlanov ekipe ogrodja za integrirano vrednotenje:<\/p>\n<ul>\n<li>Paul Hender, vodja vpogleda v Gorkani<\/li>\n<li>Elayne Phillips, iz urada britanskega kabineta<\/li>\n<li>Giles Peddy, izvr\u0161ni direktor pri Lewis &#8211; ki nam je prijazno podaril veliko virov o razvoju in s tem pomagal omogo\u010diti interaktivno spletno stran.<\/li>\n<\/ul>\n<\/div><\/section><\/div>\n<style type=\"text\/css\" data-created_by=\"avia_inline_auto\" id=\"style-css-av-av_one_third-0aa7055fe62c3622faec82866afbaeb2\">\n.flex_column.av-av_one_third-0aa7055fe62c3622faec82866afbaeb2{\nborder-radius:0px 0px 0px 0px;\npadding:0px 0px 0px 0px;\n}\n<\/style>\n<div  class='flex_column av-av_one_third-0aa7055fe62c3622faec82866afbaeb2 av_one_third  avia-builder-el-5  el_after_av_one_third  el_before_av_one_third  flex_column_div av-zero-column-padding  column-top-margin'     ><section  class='av_textblock_section av-av_textblock-35972167d9f102c5ddaec0c531c98b9e '   itemscope=\"itemscope\" itemtype=\"https:\/\/schema.org\/CreativeWork\" ><div class='avia_textblock'  itemprop=\"text\" ><p>Hvala tudi \u0161ir\u0161im \u010dlanom na\u0161e ekipe, ki je vklju\u010devala Mark Carrier<b>, <\/b>Research &amp; Development Director, Reputation Intelligence, Kantar Media,\u00a0Karen Prichard, Liso Story, Margot Savell, Paula Njokuja, Ann-Sofie Kroll, Aseema Sooda, in Rayno Grudovo &#8211; de Lange.<\/p>\n<p id=\"u3629-20\">Hvala tudi z strokovnjakom iz na\u0161ega podro\u010dja, ki so prispevali svoje misli in delili \u010dlanke na na\u0161i spletni strani. Ti vklju\u010dujejo profesorja Kevina Moneya, profesorja za ugled in odgovorno vodenje na poslovni \u0161oli Henley, Charlieja Snowa, strate\u0161kega direktorja pri MullenLowe, Stephena Waddingtona, partnerja in glavnega poobla\u0161\u010denca pri Ketchum, Shonali Burke, predsednika in izvr\u0161nega direktor pri Shonali Burke Consulting in Ginijeva Dietricha, direktorja pri Arment Dietrich Inc.<\/p>\n<\/div><\/section><\/div><\/p>\n\n<style type=\"text\/css\" data-created_by=\"avia_inline_auto\" id=\"style-css-av-av_one_third-0aa7055fe62c3622faec82866afbaeb2\">\n.flex_column.av-av_one_third-0aa7055fe62c3622faec82866afbaeb2{\nborder-radius:0px 0px 0px 0px;\npadding:0px 0px 0px 0px;\n}\n<\/style>\n<div  class='flex_column av-av_one_third-0aa7055fe62c3622faec82866afbaeb2 av_one_third  avia-builder-el-7  el_after_av_one_third  avia-builder-el-last  flex_column_div av-zero-column-padding  column-top-margin'     ><section  class='av_textblock_section av-av_textblock-35972167d9f102c5ddaec0c531c98b9e '   itemscope=\"itemscope\" itemtype=\"https:\/\/schema.org\/CreativeWork\" ><div class='avia_textblock'  itemprop=\"text\" ><p>Na koncu se \u017eelim pokloniti in posebej omeniti prijatelja mnogih v globalni skupnosti vrednotenja komunikacij, Donu Bartholomewu, ki je na \u017ealost lansko leto umrl. Don je bil avtor cenjenjega Metrics Man bloga, tesno je sodeloval z mano in AMEC ekipo pri razvoju mnogih na\u0161ih najbolj\u0161ih izobra\u017eevalnih virov, vklju\u010dno z ogrodji merjenja dru\u017ebenih medijev. Njegovo razmi\u0161ljanje je bilo klju\u010dnega pomena za na\u0161 uspeh. Ves \u010das sem posku\u0161al njegov pristop imeti v ospredju misli \u2013 da bi ustvaril orodje, ki bi bilo prefinjeno in smiselno, ne pa nedojemljivo in preve\u010d zapleteno za uporabo. Menim, da imamo pravo ravnovesje in upam, da bi bil Don tudi ponosen, da njegova zapu\u0161\u010dina \u017eivi naprej.<\/p>\n<p>Richard Bagnall,<\/p>\n<p>Integrated evaluation team lead &amp; direktor uprave AMEC<\/p>\n<p>CEO PRIME Research UK<\/p>\n<\/div><\/section><\/div>\n","protected":false},"excerpt":{"rendered":"","protected":false},"author":1,"featured_media":0,"parent":401,"menu_order":4,"comment_status":"closed","ping_status":"closed","template":"","meta":{"footnotes":""},"tags":[],"class_list":["post-452","page","type-page","status-publish","hentry"],"yoast_head":"<!-- This site is optimized with the Yoast SEO plugin v27.2 - https:\/\/yoast.com\/product\/yoast-seo-wordpress\/ -->\n<title>priznanje - AMEC Integrated Evaluation Framework<\/title>\n<meta name=\"robots\" content=\"noindex, follow, max-snippet:-1, max-image-preview:large, max-video-preview:-1\" \/>\n<meta property=\"og:locale\" content=\"sl_SI\" \/>\n<meta property=\"og:type\" content=\"article\" \/>\n<meta property=\"og:title\" content=\"priznanje - AMEC Integrated Evaluation Framework\" \/>\n<meta property=\"og:url\" content=\"https:\/\/amec.blazedev.co.uk\/amecframework\/sl\/home\/acknowledgements\/\" \/>\n<meta property=\"og:site_name\" content=\"AMEC Integrated Evaluation Framework\" \/>\n<meta property=\"article:modified_time\" content=\"2017-03-07T08:52:51+00:00\" \/>\n<meta name=\"twitter:card\" content=\"summary_large_image\" \/>\n<meta name=\"twitter:label1\" content=\"Est. reading time\" \/>\n\t<meta name=\"twitter:data1\" content=\"3 minute\" \/>\n<script type=\"application\/ld+json\" class=\"yoast-schema-graph\">{\"@context\":\"https:\/\/schema.org\",\"@graph\":[{\"@type\":\"WebPage\",\"@id\":\"https:\/\/amec.blazedev.co.uk\/amecframework\/sl\/home\/acknowledgements\/\",\"url\":\"https:\/\/amec.blazedev.co.uk\/amecframework\/sl\/home\/acknowledgements\/\",\"name\":\"priznanje - AMEC Integrated Evaluation Framework\",\"isPartOf\":{\"@id\":\"https:\/\/amec.blazedev.co.uk\/amecframework\/ru\/#website\"},\"datePublished\":\"2016-08-23T08:28:46+00:00\",\"dateModified\":\"2017-03-07T08:52:51+00:00\",\"breadcrumb\":{\"@id\":\"https:\/\/amec.blazedev.co.uk\/amecframework\/sl\/home\/acknowledgements\/#breadcrumb\"},\"inLanguage\":\"sl-SI\",\"potentialAction\":[{\"@type\":\"ReadAction\",\"target\":[\"https:\/\/amec.blazedev.co.uk\/amecframework\/sl\/home\/acknowledgements\/\"]}]},{\"@type\":\"BreadcrumbList\",\"@id\":\"https:\/\/amec.blazedev.co.uk\/amecframework\/sl\/home\/acknowledgements\/#breadcrumb\",\"itemListElement\":[{\"@type\":\"ListItem\",\"position\":1,\"name\":\"Home\",\"item\":\"https:\/\/amec.blazedev.co.uk\/amecframework\/sl\/\"},{\"@type\":\"ListItem\",\"position\":2,\"name\":\"Domov\",\"item\":\"https:\/\/amec.blazedev.co.uk\/amecframework\/sl\/\"},{\"@type\":\"ListItem\",\"position\":3,\"name\":\"priznanje\"}]},{\"@type\":\"WebSite\",\"@id\":\"https:\/\/amec.blazedev.co.uk\/amecframework\/ru\/#website\",\"url\":\"https:\/\/amec.blazedev.co.uk\/amecframework\/ru\/\",\"name\":\"AMEC Integrated Evaluation Framework\",\"description\":\"\",\"potentialAction\":[{\"@type\":\"SearchAction\",\"target\":{\"@type\":\"EntryPoint\",\"urlTemplate\":\"https:\/\/amec.blazedev.co.uk\/amecframework\/ru\/?s={search_term_string}\"},\"query-input\":{\"@type\":\"PropertyValueSpecification\",\"valueRequired\":true,\"valueName\":\"search_term_string\"}}],\"inLanguage\":\"sl-SI\"}]}<\/script>\n<!-- \/ Yoast SEO plugin. -->","yoast_head_json":{"title":"priznanje - AMEC Integrated Evaluation Framework","robots":{"index":"noindex","follow":"follow","max-snippet":"max-snippet:-1","max-image-preview":"max-image-preview:large","max-video-preview":"max-video-preview:-1"},"og_locale":"sl_SI","og_type":"article","og_title":"priznanje - AMEC Integrated Evaluation Framework","og_url":"https:\/\/amec.blazedev.co.uk\/amecframework\/sl\/home\/acknowledgements\/","og_site_name":"AMEC Integrated Evaluation Framework","article_modified_time":"2017-03-07T08:52:51+00:00","twitter_card":"summary_large_image","twitter_misc":{"Est. reading time":"3 minute"},"schema":{"@context":"https:\/\/schema.org","@graph":[{"@type":"WebPage","@id":"https:\/\/amec.blazedev.co.uk\/amecframework\/sl\/home\/acknowledgements\/","url":"https:\/\/amec.blazedev.co.uk\/amecframework\/sl\/home\/acknowledgements\/","name":"priznanje - AMEC Integrated Evaluation Framework","isPartOf":{"@id":"https:\/\/amec.blazedev.co.uk\/amecframework\/ru\/#website"},"datePublished":"2016-08-23T08:28:46+00:00","dateModified":"2017-03-07T08:52:51+00:00","breadcrumb":{"@id":"https:\/\/amec.blazedev.co.uk\/amecframework\/sl\/home\/acknowledgements\/#breadcrumb"},"inLanguage":"sl-SI","potentialAction":[{"@type":"ReadAction","target":["https:\/\/amec.blazedev.co.uk\/amecframework\/sl\/home\/acknowledgements\/"]}]},{"@type":"BreadcrumbList","@id":"https:\/\/amec.blazedev.co.uk\/amecframework\/sl\/home\/acknowledgements\/#breadcrumb","itemListElement":[{"@type":"ListItem","position":1,"name":"Home","item":"https:\/\/amec.blazedev.co.uk\/amecframework\/sl\/"},{"@type":"ListItem","position":2,"name":"Domov","item":"https:\/\/amec.blazedev.co.uk\/amecframework\/sl\/"},{"@type":"ListItem","position":3,"name":"priznanje"}]},{"@type":"WebSite","@id":"https:\/\/amec.blazedev.co.uk\/amecframework\/ru\/#website","url":"https:\/\/amec.blazedev.co.uk\/amecframework\/ru\/","name":"AMEC Integrated Evaluation Framework","description":"","potentialAction":[{"@type":"SearchAction","target":{"@type":"EntryPoint","urlTemplate":"https:\/\/amec.blazedev.co.uk\/amecframework\/ru\/?s={search_term_string}"},"query-input":{"@type":"PropertyValueSpecification","valueRequired":true,"valueName":"search_term_string"}}],"inLanguage":"sl-SI"}]}},"_links":{"self":[{"href":"https:\/\/amec.blazedev.co.uk\/amecframework\/sl\/wp-json\/wp\/v2\/pages\/452","targetHints":{"allow":["GET"]}}],"collection":[{"href":"https:\/\/amec.blazedev.co.uk\/amecframework\/sl\/wp-json\/wp\/v2\/pages"}],"about":[{"href":"https:\/\/amec.blazedev.co.uk\/amecframework\/sl\/wp-json\/wp\/v2\/types\/page"}],"author":[{"embeddable":true,"href":"https:\/\/amec.blazedev.co.uk\/amecframework\/sl\/wp-json\/wp\/v2\/users\/1"}],"replies":[{"embeddable":true,"href":"https:\/\/amec.blazedev.co.uk\/amecframework\/sl\/wp-json\/wp\/v2\/comments?post=452"}],"version-history":[{"count":6,"href":"https:\/\/amec.blazedev.co.uk\/amecframework\/sl\/wp-json\/wp\/v2\/pages\/452\/revisions"}],"predecessor-version":[{"id":1085,"href":"https:\/\/amec.blazedev.co.uk\/amecframework\/sl\/wp-json\/wp\/v2\/pages\/452\/revisions\/1085"}],"up":[{"embeddable":true,"href":"https:\/\/amec.blazedev.co.uk\/amecframework\/sl\/wp-json\/wp\/v2\/pages\/401"}],"wp:attachment":[{"href":"https:\/\/amec.blazedev.co.uk\/amecframework\/sl\/wp-json\/wp\/v2\/media?parent=452"}],"wp:term":[{"taxonomy":"post_tag","embeddable":true,"href":"https:\/\/amec.blazedev.co.uk\/amecframework\/sl\/wp-json\/wp\/v2\/tags?post=452"}],"curies":[{"name":"wp","href":"https:\/\/api.w.org\/{rel}","templated":true}]}}