{"id":407,"date":"2016-08-22T13:22:13","date_gmt":"2016-08-22T12:22:13","guid":{"rendered":"http:\/\/amecorg.com\/amecframework\/sl\/?page_id=407"},"modified":"2016-09-13T10:08:27","modified_gmt":"2016-09-13T09:08:27","slug":"predstavitev","status":"publish","type":"page","link":"https:\/\/amec.blazedev.co.uk\/amecframework\/sl\/home\/framework\/predstavitev\/","title":{"rendered":"Predstavitev"},"content":{"rendered":"\n<style type=\"text\/css\" data-created_by=\"avia_inline_auto\" id=\"style-css-av-av_one_full-6126cab7d8fab8d08143dd2dacdf673c\">\n.flex_column.av-av_one_full-6126cab7d8fab8d08143dd2dacdf673c{\nborder-radius:0px 0px 0px 0px;\npadding:0px 0px 0px 0px;\n}\n<\/style>\n<div  class='flex_column av-av_one_full-6126cab7d8fab8d08143dd2dacdf673c av_one_full  avia-builder-el-0  el_before_av_one_full  avia-builder-el-first  first flex_column_div av-zero-column-padding  '     ><style type=\"text\/css\" data-created_by=\"avia_inline_auto\" id=\"style-css-av-av_image-1bdfe0e7bd26bcace9ad09554b1a6d68\">\n.avia-image-container.av-av_image-1bdfe0e7bd26bcace9ad09554b1a6d68 img.avia_image{\nbox-shadow:none;\n}\n.avia-image-container.av-av_image-1bdfe0e7bd26bcace9ad09554b1a6d68 .av-image-caption-overlay-center{\ncolor:#ffffff;\n}\n<\/style>\n<div  class='avia-image-container av-av_image-1bdfe0e7bd26bcace9ad09554b1a6d68 av-styling- avia-align-center  avia-builder-el-1  avia-builder-el-no-sibling '   itemprop=\"image\" itemscope=\"itemscope\" itemtype=\"https:\/\/schema.org\/ImageObject\" ><div class=\"avia-image-container-inner\"><div class=\"avia-image-overlay-wrap\"><img decoding=\"async\" fetchpriority=\"high\" class='wp-image-166 avia-img-lazy-loading-not-166 avia_image ' src=\"https:\/\/amec.blazedev.co.uk\/amecframework\/wp-content\/uploads\/2016\/08\/integrated-framework-logo-small-1-1.png\" alt='' title='integrated-framework-logo-small (1)'  height=\"124\" width=\"205\"  itemprop=\"thumbnailUrl\"  \/><\/div><\/div><\/div><\/div>\n\n<style type=\"text\/css\" data-created_by=\"avia_inline_auto\" id=\"style-css-av-av_one_full-6126cab7d8fab8d08143dd2dacdf673c\">\n.flex_column.av-av_one_full-6126cab7d8fab8d08143dd2dacdf673c{\nborder-radius:0px 0px 0px 0px;\npadding:0px 0px 0px 0px;\n}\n<\/style>\n<div  class='flex_column av-av_one_full-6126cab7d8fab8d08143dd2dacdf673c av_one_full  avia-builder-el-2  el_after_av_one_full  el_before_av_hr  first flex_column_div av-zero-column-padding  column-top-margin'     ><style type=\"text\/css\" data-created_by=\"avia_inline_auto\" id=\"style-css-av-av_textblock-710f2b84645f078a27b61ae2c84de4a8\">\n#top .av_textblock_section.av-av_textblock-710f2b84645f078a27b61ae2c84de4a8 .avia_textblock{\nfont-size:25px;\n}\n<\/style>\n<section  class='av_textblock_section av-av_textblock-710f2b84645f078a27b61ae2c84de4a8 '   itemscope=\"itemscope\" itemtype=\"https:\/\/schema.org\/CreativeWork\" ><div class='avia_textblock'  itemprop=\"text\" ><p style=\"text-align: center; font-weight: 900;\">UVOD V AMEC-OV INTEGRIRANI OKVIR VREDNOTENJA<br \/>\nOD KOD IZHAJA IN ZAKAJ JE POMEMBEN?<\/p>\n<\/div><\/section><\/div>\n\n<style type=\"text\/css\" data-created_by=\"avia_inline_auto\" id=\"style-css-av-av_hr-cff9db79973b2b34cd1182f84c56818a\">\n#top .hr.av-av_hr-cff9db79973b2b34cd1182f84c56818a{\nmargin-top:30px;\nmargin-bottom:30px;\n}\n.hr.av-av_hr-cff9db79973b2b34cd1182f84c56818a .hr-inner{\nwidth:300px;\nborder-color:#ff5800;\n}\n<\/style>\n<div  class='hr av-av_hr-cff9db79973b2b34cd1182f84c56818a hr-custom  avia-builder-el-4  el_after_av_one_full  el_before_av_one_full  hr-center hr-icon-no'><span class='hr-inner inner-border-av-border-fat'><span class=\"hr-inner-style\"><\/span><\/span><\/div>\n\n<style type=\"text\/css\" data-created_by=\"avia_inline_auto\" id=\"style-css-av-av_one_full-6126cab7d8fab8d08143dd2dacdf673c\">\n.flex_column.av-av_one_full-6126cab7d8fab8d08143dd2dacdf673c{\nborder-radius:0px 0px 0px 0px;\npadding:0px 0px 0px 0px;\n}\n<\/style>\n<div  class='flex_column av-av_one_full-6126cab7d8fab8d08143dd2dacdf673c av_one_full  avia-builder-el-5  el_after_av_hr  el_before_av_one_full  first flex_column_div av-zero-column-padding  '     ><section  class='av_textblock_section av-av_textblock-35972167d9f102c5ddaec0c531c98b9e '   itemscope=\"itemscope\" itemtype=\"https:\/\/schema.org\/CreativeWork\" ><div class='avia_textblock'  itemprop=\"text\" ><p id=\"u10245-2\">Vrednotenje praks v piarovstvu in strate\u0161kemu javnemu komuniciranju je \u017ee skoraj pol stoletja trd oreh, kar so izpostavili tudi vodilni strokovnjaki, kot sta Fraser Likely in zaslu\u017eni profesor Tom Watson (Likely in Watson, 2013). Na tem podro\u010dju se je opravilo \u017ee precej kakovostnega dela in doseglo precej\u0161en napredek, denimo z Deklaracijo na\u010del merjenja iz Barcelone (AMEC, 2015). Strokovnjaki se sre\u010dujejo z raznolikimi in pogosto nejasnimi paletami modelov, meritev in metod, pa tudi s pomanjkanjem standardov. Posledi\u010dno vrednotenja \u0161e vedno ne temeljijo na doslednih metodah.<br \/>\n\u0160tevilne organizacije, ki delujejo v panogi, so priznale potrebo po razvoju standardov za vrednotenje in po orodjih, temelje\u010dih na najbolj\u0161ih praksah, ki bi bila strokovnjakom v pomo\u010d. AMEC-ov Integrirani okvir vrednotenja predstavlja pomembno pobudo pri tem razvoju.<\/p>\n<p>Pri razvoju Integriranega okvira vrednotenja je AMEC sodeloval in \u0161e vedno sodeluje s \u0161tevilnimi organizacijami iz panoge z vsega sveta, s strokovnjaki in z vodilnimi akademiki, ki se ukvarjajo z raziskavami na podro\u010dju vrednotenja in dru\u017ebenih ved.<\/p>\n<p>Pomemben preboj, predstavljen v tem okviru, je, da se AMEC ni omejil zgolj na modele vrednotenja piarja, ampak je vklju\u010dil tudi druga podro\u010dja in discipline, kot so upravljanje u\u010dinkovitosti, javna uprava, organizacijski razvoj ter ogla\u0161evanje in marketing.<\/p>\n<p>Programsko vrednotenje je visoko razvito podro\u010dje \u2013 \u0161e zlasti v javni upravi \u2013 s teoreti\u010dno osnovo, kot sta teorija programskega vrednotenja in teorija spremembe (slednja zajema spoznanja o na\u010dinih in vzrokih za spremembe ter o njihovi vpeljavi). V praksah programskega vrednotenja v javni upravi in na podro\u010djih, kot je vodenje projektov, se kot prakti\u010dne modele za izvedbo pogosto poslu\u017euje logi\u010dnih programskih modelov. Pri nekaterih modelih vrednotenja piarja in komunikacije se uporablja elemente logi\u010dnih programskih modelov, vendar pa se veliko znanja in pripomo\u010dkov z drugih podro\u010dij ne upo\u0161teva. Posledica tega so izgubljene prilo\u017enosti, fragmentacija in \u00bbodkrivanje tople vode\u00ab.<\/p>\n<p>S tem ko ta okvir posega tudi po drugih disciplinah in podro\u010djih, kot so javna uprava, mened\u017ement in dru\u017ebene vede, denimo socialna psihologija, omogo\u010da prepoznavanje splo\u0161no rabljenih pristopov in najbolj\u0161ih praks kot osnove za standarde.<\/p>\n<p>Modeli vrednotenja piarja, na primer, obi\u010dajno lo\u010dijo tri ali \u0161tiri stopnje komunikacijskih programov in kampanj \u2013 npr. vlo\u017eke (inputs), rezultate (outputs), izide (outcomes) in v\u010dasih odzive (outtakes), nekateri vpeljujejo tudi nove termine, kot sta odlivi (outflows) in \u0161iritve (outgrowths). Logi\u010dni programski modeli, ki se jih uporablja v \u0161tevilnih panogah \u0161irom sveta, pa vklju\u010dujejo:<\/p>\n<p>&#8211; logi\u010dni programski model fundacije Kellogg (Kellogg Foundation, 1998\/2004), ki lo\u010duje pet klju\u010dnih stopenj: vlo\u017eke, dejavnosti, rezultate, izide in u\u010dinke (glej http:\/\/www.epa.gov\/evaluate\/pdf\/eval-guides\/logic-model-development-guide.pdf);<\/p>\n<p>&#8211; logi\u010dni programski model izpostave Univerze v Wisconsinu oz. UWEX (Taylor-Power in Henert, 2008), po katerem se na\u010drtuje in vrednoti programe po vlo\u017ekih; rezultati so razdeljeni na \u00bbdejavnosti\u00ab in \u00bbudele\u017ebo\u00ab; os rezultati-u\u010dinki se opazuje kratkoro\u010dno, vmesno (ali srednjero\u010dno) in dolgoro\u010dno. Tako dobimo skupno \u0161est stopenj (glej http:\/\/www.uwex.edu\/ces\/pdande\/evaluation\/pdf\/lmguidecomplete.pdf).<\/p>\n<p>AMEC-ov Integrirani okvir vrednotenja je zgrajen na teh pogosto rabljenih logi\u010dnih modelih, podkrepljenih s trdnimi teoretskimi temelji in ob\u0161irnim testiranjem v praksi, prilagojenimi strate\u0161ki javni komunikaciji.<\/p>\n<p>Najbolj\u0161e prakse vrednotenja komunikacije se \u010drpajo tudi iz teorij komunikacije in medijev, kot so koraki obdelave informacij, ki jih W. J. McGuire (1985, 2001) definira v svojem Priro\u010dniku socialne psihologije (The Handbook of Social Psychology), in komunikacijsko-prepri\u010devalna meritve. Model AIDA (pozornost, zanimanje, \u017eelja, delovanje), ki se ga uporablja v ogla\u0161evanju, je izpeljan iz korakov po McGuiru, vendar pa je celotni seznam korakov obdelave informacij precej obse\u017enej\u0161i in vklju\u010duje \u0161e izpostavljenost, pozornost, razumevanje, naklonjenost, pomnjenje, obravnavo, pridobivanje ve\u0161\u010din ali znanj, spremembe stali\u0161\u010da, namero, delovanje\/vedenje in zavzemanje (McGuire, 2001).<\/p>\n<p>AMEC-ov Integrirani okvir vrednotenja zdru\u017euje najbolj\u0161e prakse in najbolj\u0161a znanja s teh in drugih podro\u010dij ter disciplin. Tako prispeva k ve\u010dji doslednosti pri vrednotenju strate\u0161kega javnega komuniciranja in odpira pot standardom, obenem pa zagotavlja doslednost in utemeljenost.<\/p>\n<p>Sistematika vrednotenja, modeli, orodja in pripomo\u010dki, ki so nastali kot del AMEC-ovega okvira, so obenem usklajeni z modeli na\u010drtovanja in programskega upravljanja, ki so bili osnovani znotraj podro\u010dij piarja in korporativnega komuniciranja ter vklju\u010dujejo: model RACE (raziskava, analiza, komuniciranje, vrednotenje) za na\u010drtovanje piarja (Marston, 1981); Hendrixov model ROPE (raziskava, cilji, program\/na\u010drt, vrednotenje) iz leta 1995; raz\u0161irjeni model RAISE (Kendall, 1997), ki zajema raziskavo, adaptacijo, izvedbo, strategijo in vrednotenje; model ROISE, ki ga je zasnovala Sheila Crifasi (2000), tako da je rahlo prerazporedila faze raziskave, ciljev, strategij, izvedbe in vrednotenja.<\/p>\n<p id=\"u10245-55\"><strong>Jim Macnamara<\/strong><\/p>\n<p>Profesor javnega komuniciranja<\/p>\n<p>Tehnolo\u0161ka univerza Sydney<\/p>\n<p id=\"u10245-62\">REFERENCES<\/p>\n<p id=\"u10245-67\" class=\"ts-Default-Link-Style--copy\">AMEC (Association for Measurement and Evaluation of Communication. (2015). Barcelona Principles 2.0. Available at <a class=\"nonblock\" href=\"http:\/\/amecorg.com\/barcelona-principles-2-0-infographic\" target=\"_blank\">http:\/\/amecorg.com\/barcelona-principles-2-0-infographic<\/a><\/p>\n<p id=\"u10245-69\">Crifasi, S. (2000). Everything\u2019s coming up rosie. Public Relations Tactics, 7(9), September, Public Relations Society of America.<\/p>\n<p id=\"u10245-71\">Hendrix, J. (1995). Public relations cases (3rd ed.). Belmont, CA: Wadsworth.<\/p>\n<p id=\"u10245-76\" class=\"ts-Default-Link-Style--copy\">Kellogg Foundation. (1998\/2004). Logic model development guide. Battle Creek, MI: Author. Retrieved from <a class=\"nonblock\" href=\"http:\/\/www.epa.gov\/evaluate\/pdf\/eval-guides\/logic-model-development-guide.pdf\" target=\"_blank\">http:\/\/www.epa.gov\/evaluate\/pdf\/eval-guides\/logic-model-development-guide.pdf<\/a><\/p>\n<p id=\"u10245-78\">Kendall, R. (1997). Public relations campaign strategies: Planning for implementation (2nd ed.). New York, NY: Addison-Wesley.<\/p>\n<p id=\"u10245-80\">Likely, F., &amp; Watson, T. (2013). Measuring the edifice: Public relations measurement and evaluation practice over the course of 40 years. In J. Sriramesh, A. Zerfass, &amp; J. Kim (Eds.), Public relations and communication management: Current trends and emerging topics (pp. 143\u2013162). New York, NY: Routledge.<\/p>\n<p id=\"u10245-82\">Marston, J. (1981). Modern public relations. New York, NY: McGraw-Hill.<\/p>\n<p id=\"u10245-84\">McGuire, W. (1985). Attitudes and attitude change. In G. Lindzey &amp; E. Aronson (Eds.), Handbook of social psychology, Vol. 2 (3rd ed., pp. 233\u2013346). New York, NY: Random House.<\/p>\n<p id=\"u10245-86\">McGuire, W. (2001). Input and output variables currently promising for constructing persuasive communications. In R. Rice &amp; C. Atkin (Eds.), Public communication campaigns (3rd ed., pp. 22\u201348). Thousand Oaks, CA: Sage.<\/p>\n<p id=\"u10245-90\" class=\"ts-Default-Link-Style--copy\">Taylor-Power, E., &amp; Henert, E. (2008). Developing a logic model: Teaching and training guide. Retrieved from\u00a0<a class=\"nonblock\" href=\"http:\/\/www.uwex.edu\/ces\/pdande\/evaluation\/pdf\/lmguidecomplete.pdf\" target=\"_blank\">http:\/\/www.uwex.edu\/ces\/pdande\/evaluation\/pdf\/lmguidecomplete.pdf<\/a><\/p>\n<\/div><\/section><\/div>\n\n<style type=\"text\/css\" data-created_by=\"avia_inline_auto\" id=\"style-css-av-av_one_full-9d24124a545ef7691702bdbb54c0e581\">\n.flex_column.av-av_one_full-9d24124a545ef7691702bdbb54c0e581{\nborder-radius:0px 0px 0px 0px;\npadding:0px 0px 0px 0px;\n}\n<\/style>\n<div  class='flex_column av-av_one_full-9d24124a545ef7691702bdbb54c0e581 av_one_full  avia-builder-el-7  el_after_av_one_full  avia-builder-el-last  first flex_column_div av-zero-column-padding  column-top-margin'     ><style type=\"text\/css\" data-created_by=\"avia_inline_auto\" id=\"style-css-av-av_textblock-e8931f3a3cb0ffe4e01460315f0ed18b\">\n#top .av_textblock_section.av-av_textblock-e8931f3a3cb0ffe4e01460315f0ed18b .avia_textblock{\ncolor:#ffffff;\n}\n<\/style>\n<section  class='av_textblock_section av-av_textblock-e8931f3a3cb0ffe4e01460315f0ed18b '   itemscope=\"itemscope\" itemtype=\"https:\/\/schema.org\/CreativeWork\" ><div class='avia_textblock av_inherit_color'  itemprop=\"text\" ><p style=\"text-align: center;\"><a class=\"framework-button\" href=\"https:\/\/amec.blazedev.co.uk\/amecframework\/sl\/framework\/interactive-framework\/\" target=\"_blank\">Kliknite tukaj za dostop celostno vrednotenje OKVIR<\/a><\/p>\n<\/div><\/section><\/div>\n","protected":false},"excerpt":{"rendered":"","protected":false},"author":1,"featured_media":0,"parent":588,"menu_order":0,"comment_status":"closed","ping_status":"closed","template":"","meta":{"footnotes":""},"tags":[],"class_list":["post-407","page","type-page","status-publish","hentry"],"yoast_head":"<!-- This site is optimized with the Yoast SEO plugin v27.2 - https:\/\/yoast.com\/product\/yoast-seo-wordpress\/ -->\n<title>Predstavitev - AMEC Integrated Evaluation Framework<\/title>\n<meta name=\"robots\" content=\"noindex, follow, max-snippet:-1, max-image-preview:large, max-video-preview:-1\" \/>\n<meta property=\"og:locale\" content=\"sl_SI\" \/>\n<meta property=\"og:type\" content=\"article\" \/>\n<meta property=\"og:title\" content=\"Predstavitev - AMEC Integrated Evaluation Framework\" \/>\n<meta property=\"og:url\" content=\"https:\/\/amec.blazedev.co.uk\/amecframework\/sl\/home\/framework\/predstavitev\/\" \/>\n<meta property=\"og:site_name\" content=\"AMEC Integrated Evaluation Framework\" \/>\n<meta property=\"article:modified_time\" content=\"2016-09-13T09:08:27+00:00\" \/>\n<meta name=\"twitter:card\" content=\"summary_large_image\" \/>\n<meta name=\"twitter:label1\" content=\"Est. reading time\" \/>\n\t<meta name=\"twitter:data1\" content=\"7 minut\" \/>\n<script type=\"application\/ld+json\" class=\"yoast-schema-graph\">{\"@context\":\"https:\/\/schema.org\",\"@graph\":[{\"@type\":\"WebPage\",\"@id\":\"https:\/\/amec.blazedev.co.uk\/amecframework\/sl\/home\/framework\/predstavitev\/\",\"url\":\"https:\/\/amec.blazedev.co.uk\/amecframework\/sl\/home\/framework\/predstavitev\/\",\"name\":\"Predstavitev - AMEC Integrated Evaluation Framework\",\"isPartOf\":{\"@id\":\"https:\/\/amec.blazedev.co.uk\/amecframework\/ru\/#website\"},\"datePublished\":\"2016-08-22T12:22:13+00:00\",\"dateModified\":\"2016-09-13T09:08:27+00:00\",\"breadcrumb\":{\"@id\":\"https:\/\/amec.blazedev.co.uk\/amecframework\/sl\/home\/framework\/predstavitev\/#breadcrumb\"},\"inLanguage\":\"sl-SI\",\"potentialAction\":[{\"@type\":\"ReadAction\",\"target\":[\"https:\/\/amec.blazedev.co.uk\/amecframework\/sl\/home\/framework\/predstavitev\/\"]}]},{\"@type\":\"BreadcrumbList\",\"@id\":\"https:\/\/amec.blazedev.co.uk\/amecframework\/sl\/home\/framework\/predstavitev\/#breadcrumb\",\"itemListElement\":[{\"@type\":\"ListItem\",\"position\":1,\"name\":\"Home\",\"item\":\"https:\/\/amec.blazedev.co.uk\/amecframework\/sl\/\"},{\"@type\":\"ListItem\",\"position\":2,\"name\":\"Domov\",\"item\":\"https:\/\/amec.blazedev.co.uk\/amecframework\/sl\/\"},{\"@type\":\"ListItem\",\"position\":3,\"name\":\"Okvirna\",\"item\":\"https:\/\/amec.blazedev.co.uk\/amecframework\/sl\/home\/framework\/\"},{\"@type\":\"ListItem\",\"position\":4,\"name\":\"Predstavitev\"}]},{\"@type\":\"WebSite\",\"@id\":\"https:\/\/amec.blazedev.co.uk\/amecframework\/ru\/#website\",\"url\":\"https:\/\/amec.blazedev.co.uk\/amecframework\/ru\/\",\"name\":\"AMEC Integrated Evaluation Framework\",\"description\":\"\",\"potentialAction\":[{\"@type\":\"SearchAction\",\"target\":{\"@type\":\"EntryPoint\",\"urlTemplate\":\"https:\/\/amec.blazedev.co.uk\/amecframework\/ru\/?s={search_term_string}\"},\"query-input\":{\"@type\":\"PropertyValueSpecification\",\"valueRequired\":true,\"valueName\":\"search_term_string\"}}],\"inLanguage\":\"sl-SI\"}]}<\/script>\n<!-- \/ Yoast SEO plugin. -->","yoast_head_json":{"title":"Predstavitev - AMEC Integrated Evaluation Framework","robots":{"index":"noindex","follow":"follow","max-snippet":"max-snippet:-1","max-image-preview":"max-image-preview:large","max-video-preview":"max-video-preview:-1"},"og_locale":"sl_SI","og_type":"article","og_title":"Predstavitev - AMEC Integrated Evaluation Framework","og_url":"https:\/\/amec.blazedev.co.uk\/amecframework\/sl\/home\/framework\/predstavitev\/","og_site_name":"AMEC Integrated Evaluation Framework","article_modified_time":"2016-09-13T09:08:27+00:00","twitter_card":"summary_large_image","twitter_misc":{"Est. reading time":"7 minut"},"schema":{"@context":"https:\/\/schema.org","@graph":[{"@type":"WebPage","@id":"https:\/\/amec.blazedev.co.uk\/amecframework\/sl\/home\/framework\/predstavitev\/","url":"https:\/\/amec.blazedev.co.uk\/amecframework\/sl\/home\/framework\/predstavitev\/","name":"Predstavitev - AMEC Integrated Evaluation Framework","isPartOf":{"@id":"https:\/\/amec.blazedev.co.uk\/amecframework\/ru\/#website"},"datePublished":"2016-08-22T12:22:13+00:00","dateModified":"2016-09-13T09:08:27+00:00","breadcrumb":{"@id":"https:\/\/amec.blazedev.co.uk\/amecframework\/sl\/home\/framework\/predstavitev\/#breadcrumb"},"inLanguage":"sl-SI","potentialAction":[{"@type":"ReadAction","target":["https:\/\/amec.blazedev.co.uk\/amecframework\/sl\/home\/framework\/predstavitev\/"]}]},{"@type":"BreadcrumbList","@id":"https:\/\/amec.blazedev.co.uk\/amecframework\/sl\/home\/framework\/predstavitev\/#breadcrumb","itemListElement":[{"@type":"ListItem","position":1,"name":"Home","item":"https:\/\/amec.blazedev.co.uk\/amecframework\/sl\/"},{"@type":"ListItem","position":2,"name":"Domov","item":"https:\/\/amec.blazedev.co.uk\/amecframework\/sl\/"},{"@type":"ListItem","position":3,"name":"Okvirna","item":"https:\/\/amec.blazedev.co.uk\/amecframework\/sl\/home\/framework\/"},{"@type":"ListItem","position":4,"name":"Predstavitev"}]},{"@type":"WebSite","@id":"https:\/\/amec.blazedev.co.uk\/amecframework\/ru\/#website","url":"https:\/\/amec.blazedev.co.uk\/amecframework\/ru\/","name":"AMEC Integrated Evaluation Framework","description":"","potentialAction":[{"@type":"SearchAction","target":{"@type":"EntryPoint","urlTemplate":"https:\/\/amec.blazedev.co.uk\/amecframework\/ru\/?s={search_term_string}"},"query-input":{"@type":"PropertyValueSpecification","valueRequired":true,"valueName":"search_term_string"}}],"inLanguage":"sl-SI"}]}},"_links":{"self":[{"href":"https:\/\/amec.blazedev.co.uk\/amecframework\/sl\/wp-json\/wp\/v2\/pages\/407","targetHints":{"allow":["GET"]}}],"collection":[{"href":"https:\/\/amec.blazedev.co.uk\/amecframework\/sl\/wp-json\/wp\/v2\/pages"}],"about":[{"href":"https:\/\/amec.blazedev.co.uk\/amecframework\/sl\/wp-json\/wp\/v2\/types\/page"}],"author":[{"embeddable":true,"href":"https:\/\/amec.blazedev.co.uk\/amecframework\/sl\/wp-json\/wp\/v2\/users\/1"}],"replies":[{"embeddable":true,"href":"https:\/\/amec.blazedev.co.uk\/amecframework\/sl\/wp-json\/wp\/v2\/comments?post=407"}],"version-history":[{"count":3,"href":"https:\/\/amec.blazedev.co.uk\/amecframework\/sl\/wp-json\/wp\/v2\/pages\/407\/revisions"}],"predecessor-version":[{"id":806,"href":"https:\/\/amec.blazedev.co.uk\/amecframework\/sl\/wp-json\/wp\/v2\/pages\/407\/revisions\/806"}],"up":[{"embeddable":true,"href":"https:\/\/amec.blazedev.co.uk\/amecframework\/sl\/wp-json\/wp\/v2\/pages\/588"}],"wp:attachment":[{"href":"https:\/\/amec.blazedev.co.uk\/amecframework\/sl\/wp-json\/wp\/v2\/media?parent=407"}],"wp:term":[{"taxonomy":"post_tag","embeddable":true,"href":"https:\/\/amec.blazedev.co.uk\/amecframework\/sl\/wp-json\/wp\/v2\/tags?post=407"}],"curies":[{"name":"wp","href":"https:\/\/api.w.org\/{rel}","templated":true}]}}