{"id":1807,"date":"2017-07-04T14:23:43","date_gmt":"2017-07-04T13:23:43","guid":{"rendered":"https:\/\/amecorg.com\/amecframework\/sl\/?page_id=1807"},"modified":"2017-07-04T14:23:43","modified_gmt":"2017-07-04T13:23:43","slug":"pogosta-vprasanja","status":"publish","type":"page","link":"https:\/\/amec.blazedev.co.uk\/amecframework\/sl\/pogosta-vprasanja\/","title":{"rendered":"Pogosta vpra\u0161anja"},"content":{"rendered":"\n<style type=\"text\/css\" data-created_by=\"avia_inline_auto\" id=\"style-css-av-av_image-682788b60d376febb939b738ab2d7d47\">\n.avia-image-container.av-av_image-682788b60d376febb939b738ab2d7d47 img.avia_image{\nbox-shadow:none;\n}\n.avia-image-container.av-av_image-682788b60d376febb939b738ab2d7d47 .av-image-caption-overlay-center{\ncolor:#ffffff;\n}\n<\/style>\n<div  class='avia-image-container av-av_image-682788b60d376febb939b738ab2d7d47 av-styling- avia-align-center  avia-builder-el-0  el_before_av_one_full  avia-builder-el-first '   itemprop=\"image\" itemscope=\"itemscope\" itemtype=\"https:\/\/schema.org\/ImageObject\" ><div class=\"avia-image-container-inner\"><div class=\"avia-image-overlay-wrap\"><img decoding=\"async\" fetchpriority=\"high\" class='wp-image-1774 avia-img-lazy-loading-not-1774 avia_image ' src=\"https:\/\/amec.blazedev.co.uk\/amecframework\/wp-content\/uploads\/2017\/07\/FAQ-Icon-Question-Mark.png\" alt='' title='FAQ Icon - Question Mark'  height=\"237\" width=\"285\"  itemprop=\"thumbnailUrl\"  \/><\/div><\/div><\/div>\n\n<style type=\"text\/css\" data-created_by=\"avia_inline_auto\" id=\"style-css-av-av_one_full-6126cab7d8fab8d08143dd2dacdf673c\">\n.flex_column.av-av_one_full-6126cab7d8fab8d08143dd2dacdf673c{\nborder-radius:0px 0px 0px 0px;\npadding:0px 0px 0px 0px;\n}\n<\/style>\n<div  class='flex_column av-av_one_full-6126cab7d8fab8d08143dd2dacdf673c av_one_full  avia-builder-el-1  el_after_av_image  el_before_av_one_half  first flex_column_div av-zero-column-padding  '     ><style type=\"text\/css\" data-created_by=\"avia_inline_auto\" id=\"style-css-av-av_textblock-1cfe04c011deea2513bf58caf5e82729\">\n#top .av_textblock_section.av-av_textblock-1cfe04c011deea2513bf58caf5e82729 .avia_textblock{\nfont-size:35px;\n}\n<\/style>\n<section  class='av_textblock_section av-av_textblock-1cfe04c011deea2513bf58caf5e82729 '   itemscope=\"itemscope\" itemtype=\"https:\/\/schema.org\/CreativeWork\" ><div class='avia_textblock'  itemprop=\"text\" ><p style=\"text-align: center; font-weight: 900;\">Pogosta vpra\u0161anja<\/p>\n<\/div><\/section><br \/>\n\n<style type=\"text\/css\" data-created_by=\"avia_inline_auto\" id=\"style-css-av-av_hr-cff9db79973b2b34cd1182f84c56818a\">\n#top .hr.av-av_hr-cff9db79973b2b34cd1182f84c56818a{\nmargin-top:30px;\nmargin-bottom:30px;\n}\n.hr.av-av_hr-cff9db79973b2b34cd1182f84c56818a .hr-inner{\nwidth:300px;\nborder-color:#ff5800;\n}\n<\/style>\n<div  class='hr av-av_hr-cff9db79973b2b34cd1182f84c56818a hr-custom  avia-builder-el-3  el_after_av_textblock  avia-builder-el-last  hr-center hr-icon-no'><span class='hr-inner inner-border-av-border-fat'><span class=\"hr-inner-style\"><\/span><\/span><\/div><\/p><\/div>\n<style type=\"text\/css\" data-created_by=\"avia_inline_auto\" id=\"style-css-av-av_one_half-6126cab7d8fab8d08143dd2dacdf673c\">\n.flex_column.av-av_one_half-6126cab7d8fab8d08143dd2dacdf673c{\nborder-radius:0px 0px 0px 0px;\npadding:0px 0px 0px 0px;\n}\n<\/style>\n<div  class='flex_column av-av_one_half-6126cab7d8fab8d08143dd2dacdf673c av_one_half  avia-builder-el-4  el_after_av_one_full  el_before_av_one_half  first flex_column_div av-zero-column-padding  column-top-margin'     ><section  class='av_textblock_section av-av_textblock-35972167d9f102c5ddaec0c531c98b9e '   itemscope=\"itemscope\" itemtype=\"https:\/\/schema.org\/CreativeWork\" ><div class='avia_textblock'  itemprop=\"text\" ><p><strong>Izgleda trdo delo in zapleteno?<\/strong><\/p>\n<p>Res ne. Zagotavljamo vam veliko informacij, ki vas vodijo in vam pomagajo vedeti, katere informacije so potrebne na vsaki stopnji. Spletna stran je velika zbirka virov. Uporabite ga, se lotite primerov in se igrajte.<\/p>\n<div><\/div>\n<\/div><\/section><\/div>\n<style type=\"text\/css\" data-created_by=\"avia_inline_auto\" id=\"style-css-av-av_one_half-0aa7055fe62c3622faec82866afbaeb2\">\n.flex_column.av-av_one_half-0aa7055fe62c3622faec82866afbaeb2{\nborder-radius:0px 0px 0px 0px;\npadding:0px 0px 0px 0px;\n}\n<\/style>\n<div  class='flex_column av-av_one_half-0aa7055fe62c3622faec82866afbaeb2 av_one_half  avia-builder-el-6  el_after_av_one_half  el_before_av_one_half  flex_column_div av-zero-column-padding  column-top-margin'     ><section  class='av_textblock_section av-av_textblock-35972167d9f102c5ddaec0c531c98b9e '   itemscope=\"itemscope\" itemtype=\"https:\/\/schema.org\/CreativeWork\" ><div class='avia_textblock'  itemprop=\"text\" ><p><strong>Kdaj naj uporabim okvir, ali po izvedbi ogla\u0161evalske akcije?<\/strong><\/p>\n<p>\u010ceprav se okvir lahko uporablja za retrospektivno vrednotenje ogla\u0161evalske akcije, realna vrednost izhaja iz uporabe realnega \u010dasovnega okvira, da jo lahko uporabljate za na\u010drtovanje dejavnosti vnaprej, da se nana\u0161a na dejavnost, ki se s\u010dasoma razvija in jo uporablja retrospektivno kot orodje za vrednotenje Poudariti uspeh in mo\u017enosti za izbolj\u0161anje. Zmo\u017enost shranjevanja podatkov iz okvira vam omogo\u010da, da se kadar koli vrnete nazaj k njemu in imate lahko do deset aktivnih okvirov na uporabnika.<\/p>\n<\/div><\/section><\/div>\n<style type=\"text\/css\" data-created_by=\"avia_inline_auto\" id=\"style-css-av-av_one_half-6126cab7d8fab8d08143dd2dacdf673c\">\n.flex_column.av-av_one_half-6126cab7d8fab8d08143dd2dacdf673c{\nborder-radius:0px 0px 0px 0px;\npadding:0px 0px 0px 0px;\n}\n<\/style>\n<div  class='flex_column av-av_one_half-6126cab7d8fab8d08143dd2dacdf673c av_one_half  avia-builder-el-8  el_after_av_one_half  el_before_av_one_half  first flex_column_div av-zero-column-padding  column-top-margin'     ><section  class='av_textblock_section av-av_textblock-35972167d9f102c5ddaec0c531c98b9e '   itemscope=\"itemscope\" itemtype=\"https:\/\/schema.org\/CreativeWork\" ><div class='avia_textblock'  itemprop=\"text\" ><p><b>Je IEF orodje za na\u010drtovanje ali merilno orodje?<\/b><\/p>\n<p>Oba sta! IEF je zasnovan tako, da vam pomaga u\u010dinkoviteje na\u010drtovati va\u0161e akcije, zlasti z rezultati kot klju\u010dnim gonilnikom. Vendar pa je zasnovan tako, da vam pomaga razmi\u0161ljati o meritvah in prikazovanju, z ustreznimi meritvami, vplivom, ki ga imate na va\u0161o organizacijo \/ stranko.<\/p>\n<\/div><\/section><\/div>\n<style type=\"text\/css\" data-created_by=\"avia_inline_auto\" id=\"style-css-av-av_one_half-0aa7055fe62c3622faec82866afbaeb2\">\n.flex_column.av-av_one_half-0aa7055fe62c3622faec82866afbaeb2{\nborder-radius:0px 0px 0px 0px;\npadding:0px 0px 0px 0px;\n}\n<\/style>\n<div  class='flex_column av-av_one_half-0aa7055fe62c3622faec82866afbaeb2 av_one_half  avia-builder-el-10  el_after_av_one_half  el_before_av_one_half  flex_column_div av-zero-column-padding  column-top-margin'     ><section  class='av_textblock_section av-av_textblock-35972167d9f102c5ddaec0c531c98b9e '   itemscope=\"itemscope\" itemtype=\"https:\/\/schema.org\/CreativeWork\" ><div class='avia_textblock'  itemprop=\"text\" ><p><strong>Kaj se zgodi, \u010de v poro\u010dilu nimam meritev?<\/strong><\/p>\n<p>Korist IEF vam omogo\u010da, da najprej pomislite, kak\u0161ne meritve boste morda potrebovali, da bi ocenili u\u010dinek. Na ta na\u010din lahko pred za\u010detkom ogla\u0161evalske akcije zahtevate prave ljudi ali pridobite potrebne podatke. Tako kot se ogla\u0161evalska akcija razkrije ali zaklju\u010di, da vsi poznajo podatke, ki jih potrebujejo, da jih lahko predstavite.<\/p>\n<\/div><\/section><\/div>\n<style type=\"text\/css\" data-created_by=\"avia_inline_auto\" id=\"style-css-av-av_one_half-6126cab7d8fab8d08143dd2dacdf673c\">\n.flex_column.av-av_one_half-6126cab7d8fab8d08143dd2dacdf673c{\nborder-radius:0px 0px 0px 0px;\npadding:0px 0px 0px 0px;\n}\n<\/style>\n<div  class='flex_column av-av_one_half-6126cab7d8fab8d08143dd2dacdf673c av_one_half  avia-builder-el-12  el_after_av_one_half  el_before_av_one_half  first flex_column_div av-zero-column-padding  column-top-margin'     ><section  class='av_textblock_section av-av_textblock-35972167d9f102c5ddaec0c531c98b9e '   itemscope=\"itemscope\" itemtype=\"https:\/\/schema.org\/CreativeWork\" ><div class='avia_textblock'  itemprop=\"text\" ><p><strong> Ali se okvir lahko uporablja samo za ogla\u0161evalske akcije &#8211; kaj je teko\u010da dejavnost? <!-- Strong--><\/strong><\/p>\n<p>Okvir se lahko in ga je treba uporabiti tako za kratkoro\u010dne kampanje kot tudi za programe dolgoro\u010dnej\u0161ih komunikacij, kjer morate neprekinjeno usklajevati dejavnosti in meritve s splo\u0161nimi organizacijskimi in komunikacijskimi cilji.<\/p>\n<\/div><\/section><\/div>\n<style type=\"text\/css\" data-created_by=\"avia_inline_auto\" id=\"style-css-av-av_one_half-0aa7055fe62c3622faec82866afbaeb2\">\n.flex_column.av-av_one_half-0aa7055fe62c3622faec82866afbaeb2{\nborder-radius:0px 0px 0px 0px;\npadding:0px 0px 0px 0px;\n}\n<\/style>\n<div  class='flex_column av-av_one_half-0aa7055fe62c3622faec82866afbaeb2 av_one_half  avia-builder-el-14  el_after_av_one_half  el_before_av_one_half  flex_column_div av-zero-column-padding  column-top-margin'     ><section  class='av_textblock_section av-av_textblock-35972167d9f102c5ddaec0c531c98b9e '   itemscope=\"itemscope\" itemtype=\"https:\/\/schema.org\/CreativeWork\" ><div class='avia_textblock'  itemprop=\"text\" ><p><strong> Ali je okvir optimiziran za dolo\u010deno vrsto komunikacijskih dejavnosti? <!-- Strong--><\/strong><\/p>\n<p>Okvir je namerno zasnovan tako, da je fleksibilen in deluje v razli\u010dnih scenarijih in kanalih za komercialne namene: pla\u010dani, zaslu\u017eeni, lastniki in deljeni, komercialni v javni sektor, potro\u0161nik do podjetja, ustvarjanje svinca do izgradnje blagovne znamke, kampanja za lobiranje.<\/p>\n<\/div><\/section><\/div>\n<style type=\"text\/css\" data-created_by=\"avia_inline_auto\" id=\"style-css-av-av_one_half-6126cab7d8fab8d08143dd2dacdf673c\">\n.flex_column.av-av_one_half-6126cab7d8fab8d08143dd2dacdf673c{\nborder-radius:0px 0px 0px 0px;\npadding:0px 0px 0px 0px;\n}\n<\/style>\n<div  class='flex_column av-av_one_half-6126cab7d8fab8d08143dd2dacdf673c av_one_half  avia-builder-el-16  el_after_av_one_half  avia-builder-el-last  first flex_column_div av-zero-column-padding  column-top-margin'     ><section  class='av_textblock_section av-av_textblock-35972167d9f102c5ddaec0c531c98b9e '   itemscope=\"itemscope\" itemtype=\"https:\/\/schema.org\/CreativeWork\" ><div class='avia_textblock'  itemprop=\"text\" ><p><strong> Sli\u0161al sem veliko &#8220;teorije&#8221;, vendar sem \u0161e vedno zmeden, kako postaviti okvir v prakso? <!-- Strong--><\/strong><\/p>\n<p>Razdelek &#8220;Viri&#8221; okvirnega spletnega mesta vsebuje \u0161tevilne razli\u010dne \u0161tudije primerov in vaje, ki ka\u017eejo, kako je bil okvir uporabljen v dejanskih scenarijih.<\/p>\n<\/div><\/section><\/div><\/p>\n","protected":false},"excerpt":{"rendered":"","protected":false},"author":1,"featured_media":0,"parent":0,"menu_order":0,"comment_status":"closed","ping_status":"closed","template":"","meta":{"footnotes":""},"tags":[],"class_list":["post-1807","page","type-page","status-publish","hentry"],"yoast_head":"<!-- This site is optimized with the Yoast SEO plugin v27.2 - https:\/\/yoast.com\/product\/yoast-seo-wordpress\/ -->\n<title>Pogosta vpra\u0161anja - AMEC Integrated Evaluation Framework<\/title>\n<meta name=\"robots\" content=\"noindex, follow, max-snippet:-1, max-image-preview:large, max-video-preview:-1\" \/>\n<meta property=\"og:locale\" content=\"sl_SI\" \/>\n<meta property=\"og:type\" content=\"article\" \/>\n<meta property=\"og:title\" content=\"Pogosta vpra\u0161anja - AMEC Integrated Evaluation Framework\" \/>\n<meta property=\"og:url\" content=\"https:\/\/amec.blazedev.co.uk\/amecframework\/sl\/pogosta-vprasanja\/\" \/>\n<meta property=\"og:site_name\" content=\"AMEC Integrated Evaluation Framework\" \/>\n<meta name=\"twitter:card\" content=\"summary_large_image\" \/>\n<meta name=\"twitter:label1\" content=\"Est. reading time\" \/>\n\t<meta name=\"twitter:data1\" content=\"5 minut\" \/>\n<script type=\"application\/ld+json\" class=\"yoast-schema-graph\">{\"@context\":\"https:\/\/schema.org\",\"@graph\":[{\"@type\":\"WebPage\",\"@id\":\"https:\/\/amec.blazedev.co.uk\/amecframework\/sl\/pogosta-vprasanja\/\",\"url\":\"https:\/\/amec.blazedev.co.uk\/amecframework\/sl\/pogosta-vprasanja\/\",\"name\":\"Pogosta vpra\u0161anja - AMEC Integrated Evaluation Framework\",\"isPartOf\":{\"@id\":\"https:\/\/amec.blazedev.co.uk\/amecframework\/ru\/#website\"},\"datePublished\":\"2017-07-04T13:23:43+00:00\",\"breadcrumb\":{\"@id\":\"https:\/\/amec.blazedev.co.uk\/amecframework\/sl\/pogosta-vprasanja\/#breadcrumb\"},\"inLanguage\":\"sl-SI\",\"potentialAction\":[{\"@type\":\"ReadAction\",\"target\":[\"https:\/\/amec.blazedev.co.uk\/amecframework\/sl\/pogosta-vprasanja\/\"]}]},{\"@type\":\"BreadcrumbList\",\"@id\":\"https:\/\/amec.blazedev.co.uk\/amecframework\/sl\/pogosta-vprasanja\/#breadcrumb\",\"itemListElement\":[{\"@type\":\"ListItem\",\"position\":1,\"name\":\"Home\",\"item\":\"https:\/\/amec.blazedev.co.uk\/amecframework\/sl\/\"},{\"@type\":\"ListItem\",\"position\":2,\"name\":\"Pogosta vpra\u0161anja\"}]},{\"@type\":\"WebSite\",\"@id\":\"https:\/\/amec.blazedev.co.uk\/amecframework\/ru\/#website\",\"url\":\"https:\/\/amec.blazedev.co.uk\/amecframework\/ru\/\",\"name\":\"AMEC Integrated Evaluation Framework\",\"description\":\"\",\"potentialAction\":[{\"@type\":\"SearchAction\",\"target\":{\"@type\":\"EntryPoint\",\"urlTemplate\":\"https:\/\/amec.blazedev.co.uk\/amecframework\/ru\/?s={search_term_string}\"},\"query-input\":{\"@type\":\"PropertyValueSpecification\",\"valueRequired\":true,\"valueName\":\"search_term_string\"}}],\"inLanguage\":\"sl-SI\"}]}<\/script>\n<!-- \/ Yoast SEO plugin. -->","yoast_head_json":{"title":"Pogosta vpra\u0161anja - AMEC Integrated Evaluation Framework","robots":{"index":"noindex","follow":"follow","max-snippet":"max-snippet:-1","max-image-preview":"max-image-preview:large","max-video-preview":"max-video-preview:-1"},"og_locale":"sl_SI","og_type":"article","og_title":"Pogosta vpra\u0161anja - AMEC Integrated Evaluation Framework","og_url":"https:\/\/amec.blazedev.co.uk\/amecframework\/sl\/pogosta-vprasanja\/","og_site_name":"AMEC Integrated Evaluation Framework","twitter_card":"summary_large_image","twitter_misc":{"Est. reading time":"5 minut"},"schema":{"@context":"https:\/\/schema.org","@graph":[{"@type":"WebPage","@id":"https:\/\/amec.blazedev.co.uk\/amecframework\/sl\/pogosta-vprasanja\/","url":"https:\/\/amec.blazedev.co.uk\/amecframework\/sl\/pogosta-vprasanja\/","name":"Pogosta vpra\u0161anja - AMEC Integrated Evaluation Framework","isPartOf":{"@id":"https:\/\/amec.blazedev.co.uk\/amecframework\/ru\/#website"},"datePublished":"2017-07-04T13:23:43+00:00","breadcrumb":{"@id":"https:\/\/amec.blazedev.co.uk\/amecframework\/sl\/pogosta-vprasanja\/#breadcrumb"},"inLanguage":"sl-SI","potentialAction":[{"@type":"ReadAction","target":["https:\/\/amec.blazedev.co.uk\/amecframework\/sl\/pogosta-vprasanja\/"]}]},{"@type":"BreadcrumbList","@id":"https:\/\/amec.blazedev.co.uk\/amecframework\/sl\/pogosta-vprasanja\/#breadcrumb","itemListElement":[{"@type":"ListItem","position":1,"name":"Home","item":"https:\/\/amec.blazedev.co.uk\/amecframework\/sl\/"},{"@type":"ListItem","position":2,"name":"Pogosta vpra\u0161anja"}]},{"@type":"WebSite","@id":"https:\/\/amec.blazedev.co.uk\/amecframework\/ru\/#website","url":"https:\/\/amec.blazedev.co.uk\/amecframework\/ru\/","name":"AMEC Integrated Evaluation Framework","description":"","potentialAction":[{"@type":"SearchAction","target":{"@type":"EntryPoint","urlTemplate":"https:\/\/amec.blazedev.co.uk\/amecframework\/ru\/?s={search_term_string}"},"query-input":{"@type":"PropertyValueSpecification","valueRequired":true,"valueName":"search_term_string"}}],"inLanguage":"sl-SI"}]}},"_links":{"self":[{"href":"https:\/\/amec.blazedev.co.uk\/amecframework\/sl\/wp-json\/wp\/v2\/pages\/1807","targetHints":{"allow":["GET"]}}],"collection":[{"href":"https:\/\/amec.blazedev.co.uk\/amecframework\/sl\/wp-json\/wp\/v2\/pages"}],"about":[{"href":"https:\/\/amec.blazedev.co.uk\/amecframework\/sl\/wp-json\/wp\/v2\/types\/page"}],"author":[{"embeddable":true,"href":"https:\/\/amec.blazedev.co.uk\/amecframework\/sl\/wp-json\/wp\/v2\/users\/1"}],"replies":[{"embeddable":true,"href":"https:\/\/amec.blazedev.co.uk\/amecframework\/sl\/wp-json\/wp\/v2\/comments?post=1807"}],"version-history":[{"count":1,"href":"https:\/\/amec.blazedev.co.uk\/amecframework\/sl\/wp-json\/wp\/v2\/pages\/1807\/revisions"}],"predecessor-version":[{"id":1808,"href":"https:\/\/amec.blazedev.co.uk\/amecframework\/sl\/wp-json\/wp\/v2\/pages\/1807\/revisions\/1808"}],"wp:attachment":[{"href":"https:\/\/amec.blazedev.co.uk\/amecframework\/sl\/wp-json\/wp\/v2\/media?parent=1807"}],"wp:term":[{"taxonomy":"post_tag","embeddable":true,"href":"https:\/\/amec.blazedev.co.uk\/amecframework\/sl\/wp-json\/wp\/v2\/tags?post=1807"}],"curies":[{"name":"wp","href":"https:\/\/api.w.org\/{rel}","templated":true}]}}