{"id":2139,"date":"2017-09-04T16:20:20","date_gmt":"2017-09-04T15:20:20","guid":{"rendered":"https:\/\/amecorg.com\/amecframework\/sk\/?page_id=2139"},"modified":"2017-09-04T17:00:01","modified_gmt":"2017-09-04T16:00:01","slug":"acknowledgements","status":"publish","type":"page","link":"https:\/\/amec.blazedev.co.uk\/amecframework\/sk\/home\/acknowledgements\/","title":{"rendered":"Acknowledgements"},"content":{"rendered":"\n<style type=\"text\/css\" data-created_by=\"avia_inline_auto\" id=\"style-css-av-av_one_full-6126cab7d8fab8d08143dd2dacdf673c\">\n.flex_column.av-av_one_full-6126cab7d8fab8d08143dd2dacdf673c{\nborder-radius:0px 0px 0px 0px;\npadding:0px 0px 0px 0px;\n}\n<\/style>\n<div  class='flex_column av-av_one_full-6126cab7d8fab8d08143dd2dacdf673c av_one_full  avia-builder-el-0  el_before_av_one_third  avia-builder-el-first  first flex_column_div av-zero-column-padding  '     ><style type=\"text\/css\" data-created_by=\"avia_inline_auto\" id=\"style-css-av-av_textblock-710f2b84645f078a27b61ae2c84de4a8\">\n#top .av_textblock_section.av-av_textblock-710f2b84645f078a27b61ae2c84de4a8 .avia_textblock{\nfont-size:25px;\n}\n<\/style>\n<section  class='av_textblock_section av-av_textblock-710f2b84645f078a27b61ae2c84de4a8 '   itemscope=\"itemscope\" itemtype=\"https:\/\/schema.org\/CreativeWork\" ><div class='avia_textblock'  itemprop=\"text\" ><div id=\"u3631-4\" class=\"clearfix colelem shared_content\" data-content-guid=\"u3631-4_content\">\n<p style=\"text-align: center; margin-top: -10px;\">PO\u010eAKOVANIE<\/p>\n<\/div>\n<\/div><\/section><br \/>\n\n<style type=\"text\/css\" data-created_by=\"avia_inline_auto\" id=\"style-css-av-av_hr-cff9db79973b2b34cd1182f84c56818a\">\n#top .hr.av-av_hr-cff9db79973b2b34cd1182f84c56818a{\nmargin-top:30px;\nmargin-bottom:30px;\n}\n.hr.av-av_hr-cff9db79973b2b34cd1182f84c56818a .hr-inner{\nwidth:300px;\nborder-color:#ff5800;\n}\n<\/style>\n<div  class='hr av-av_hr-cff9db79973b2b34cd1182f84c56818a hr-custom  avia-builder-el-2  el_after_av_textblock  avia-builder-el-last  hr-center hr-icon-no'><span class='hr-inner inner-border-av-border-fat'><span class=\"hr-inner-style\"><\/span><\/span><\/div><\/p><\/div>\n<style type=\"text\/css\" data-created_by=\"avia_inline_auto\" id=\"style-css-av-av_one_third-6126cab7d8fab8d08143dd2dacdf673c\">\n.flex_column.av-av_one_third-6126cab7d8fab8d08143dd2dacdf673c{\nborder-radius:0px 0px 0px 0px;\npadding:0px 0px 0px 0px;\n}\n<\/style>\n<div  class='flex_column av-av_one_third-6126cab7d8fab8d08143dd2dacdf673c av_one_third  avia-builder-el-3  el_after_av_one_full  el_before_av_one_third  first flex_column_div av-zero-column-padding  column-top-margin'     ><section  class='av_textblock_section av-av_textblock-35972167d9f102c5ddaec0c531c98b9e '   itemscope=\"itemscope\" itemtype=\"https:\/\/schema.org\/CreativeWork\" ><div class='avia_textblock'  itemprop=\"text\" ><p>Po\u010fakovanie patr\u00ed v\u0161etk\u00fdm, ktor\u00ed sa v minulom roku podie\u013eali na \u010dinnosti v\u00fdskumn\u00e9ho centra a svojou pr\u00e1cou prispeli k vytvoreniu nov\u00e9ho interakt\u00edvneho hodnotiaceho r\u00e1mca AMEC.<\/p>\n<p>\u0160peci\u00e1lne \u010fakujem patr\u00ed Jimovi Macnamarovi, profesorovi Public Communication na School of Communication, Faculty of Arts and Social Sciences, University of Technology Sydney, ktor\u00fd vytvoril hodnotiacu taxon\u00f3miu a s\u00fahlasil s t\u00fdm, aby sme ju zahrnuli do nov\u00e9ho hodnotiaceho r\u00e1mca a podelili sa o \u0148u s odbornou verejnos\u0165ou. Jim vedie odborn\u00fa poradn\u00fa skupinu AMEC, ktor\u00e1 n\u00e1m poskytla cenn\u00e9 inform\u00e1cie a sp\u00e4tn\u00fa v\u00e4zbu pri vytv\u00e1ran\u00ed tohto n\u00e1stroja.<\/p>\n<p>\u010eakujem k\u013e\u00fa\u010dov\u00fdm \u010dlenom t\u00edmu Integrovan\u00e9ho hodnotiaceho r\u00e1mca, medzi ktor\u00fdch patria:<\/p>\n<ul>\n<li>Paul Hender, Head of Insights at Gorkana<\/li>\n<li>Elayne Phillips, UK Cabinet Office<\/li>\n<li>Giles Peddy, Group Managing Director of Lewis \u2013 Giles n\u00e1m pre v\u00fdskum poskytol mno\u017estvo cenn\u00fdch zdrojov a prispel k vytvoreniu interakt\u00edvnej webovej str\u00e1nky.<\/li>\n<\/ul>\n<\/div><\/section><\/div>\n<style type=\"text\/css\" data-created_by=\"avia_inline_auto\" id=\"style-css-av-av_one_third-0aa7055fe62c3622faec82866afbaeb2\">\n.flex_column.av-av_one_third-0aa7055fe62c3622faec82866afbaeb2{\nborder-radius:0px 0px 0px 0px;\npadding:0px 0px 0px 0px;\n}\n<\/style>\n<div  class='flex_column av-av_one_third-0aa7055fe62c3622faec82866afbaeb2 av_one_third  avia-builder-el-5  el_after_av_one_third  el_before_av_one_third  flex_column_div av-zero-column-padding  column-top-margin'     ><section  class='av_textblock_section av-av_textblock-35972167d9f102c5ddaec0c531c98b9e '   itemscope=\"itemscope\" itemtype=\"https:\/\/schema.org\/CreativeWork\" ><div class='avia_textblock'  itemprop=\"text\" ><p>Po\u010fakovanie tie\u017e patr\u00ed \u0161ir\u0161ej skupine \u010dlenov na\u0161ej komunity, do ktorej patria:<br \/>\nMark Carrier, Research &amp; Development Director, Reputation Intelligence, Kantar Media, Karen Prichard, MD of Reputation at Ebiquity, Lisa Story, Chief Strategy Officer of Cohn and Wolfe, Margot Savell, SVP Global Measurement at Hill &amp; Knowlton Strategies, Paul Njoku, Head of GCS Evaluation Projects at the Cabinet Office, Ann-Sofie Kroll, CEO of byBrick Insight AB, Aseem Sood, CEO of Impact Research &amp; Measurement, and Rayna Grudova-de Lange, CEO, DeLange Analytics.<\/p>\n<p>\u010eakujem tie\u017e v\u0161etk\u00fdm odborn\u00edkom z oblasti PR a komunik\u00e1cie, ktor\u00ed n\u00e1m poskytli svoje odborn\u00e9 \u010dl\u00e1nky alebo prispeli svojimi my\u0161lienkami. Medzi nich patria napr. profesor Kevin Money, Professor of Reputation &amp; Responsible Leadership at the Henley Business School, Charlie Snow, Chief Strategy Officer at MullenLowe, Stephen Waddngton, Partner &amp; Chief Engagement Officer of Ketchum, Shonali Burke, President &amp; CEO of Shonali Burke Consulting, a Gini Dietrich, CEO of Arment Dietrich Inc.<\/p>\n<\/div><\/section><\/div>\n<style type=\"text\/css\" data-created_by=\"avia_inline_auto\" id=\"style-css-av-av_one_third-0aa7055fe62c3622faec82866afbaeb2\">\n.flex_column.av-av_one_third-0aa7055fe62c3622faec82866afbaeb2{\nborder-radius:0px 0px 0px 0px;\npadding:0px 0px 0px 0px;\n}\n<\/style>\n<div  class='flex_column av-av_one_third-0aa7055fe62c3622faec82866afbaeb2 av_one_third  avia-builder-el-7  el_after_av_one_third  avia-builder-el-last  flex_column_div av-zero-column-padding  column-top-margin'     ><section  class='av_textblock_section av-av_textblock-35972167d9f102c5ddaec0c531c98b9e '   itemscope=\"itemscope\" itemtype=\"https:\/\/schema.org\/CreativeWork\" ><div class='avia_textblock'  itemprop=\"text\" ><p>Na z\u00e1ver by som r\u00e1d po\u010fakoval a vyjadril \u00factu Donovi Bartolomewovi, ktor\u00fd bol pre n\u00e1s v\u0161etk\u00fdch v tejto na\u0161ej komunite merania a vyhodnocovania komunik\u00e1cie dobr\u00fdm priate\u013eom, a ktor\u00fd n\u00e1s, bohu\u017eia\u013e, v minulom roku opustil. Don zast\u00e1val poz\u00edciu Senior Vice President v spolo\u010dnosti Ketchum, bol autorom uzn\u00e1van\u00e9ho blogu Metrics Man a venoval sa v\u00fdskumu digit\u00e1lnych a soci\u00e1lnych m\u00e9di\u00ed. \u00dazko spolupracoval s t\u00edmom AMEC na vytvoren\u00ed najlep\u0161\u00edch vzdel\u00e1vac\u00edch n\u00e1strojov, vr\u00e1tane hodnotiacich r\u00e1mcov pre social media, a mnoh\u00fdch \u010fal\u0161\u00edch. Jeho pr\u00edstup a n\u00e1pady z\u00e1sadne prispeli k \u00faspechom, ktor\u00e9 sme v minulosti dosiahli. Preto som sa sna\u017eil ma\u0165 jeho \u00fastredn\u00fa my\u0161lienku neust\u00e1le na pam\u00e4ti \u2013 chcel som vytvori\u0165 sofistikovan\u00fd a zmyslupln\u00fd n\u00e1stroj, ktor\u00fd bude s\u00fa\u010dasne u\u017e\u00edvate\u013esky pr\u00edstupn\u00fd, a nie prehnane komplikovan\u00fd. Ver\u00edm, \u017ee s nov\u00fdm hodnotiacim r\u00e1mcom sa n\u00e1m to podarilo dotiahnu\u0165 a pevne d\u00fafam, \u017ee Don by s\u00fahlasil a bol by py\u0161n\u00fd na to, \u017ee jeho odkaz \u017eije \u010falej.<\/p>\n<p>Richard Bagnall,<br \/>\nIntegrated evaluation team lead &amp; Board Director AMEC<br \/>\nCEO PRIME Research UK<\/p>\n<\/div><\/section><\/div><\/p>\n","protected":false},"excerpt":{"rendered":"","protected":false},"author":1,"featured_media":0,"parent":2103,"menu_order":4,"comment_status":"closed","ping_status":"closed","template":"","meta":{"footnotes":""},"tags":[],"class_list":["post-2139","page","type-page","status-publish","hentry"],"yoast_head":"<!-- This site is optimized with the Yoast SEO plugin v27.2 - https:\/\/yoast.com\/product\/yoast-seo-wordpress\/ -->\n<title>Acknowledgements - AMEC Integrated Evaluation Framework<\/title>\n<meta name=\"robots\" content=\"noindex, follow, max-snippet:-1, max-image-preview:large, max-video-preview:-1\" \/>\n<meta property=\"og:locale\" content=\"sk_SK\" \/>\n<meta property=\"og:type\" content=\"article\" \/>\n<meta property=\"og:title\" content=\"Acknowledgements - AMEC Integrated Evaluation Framework\" \/>\n<meta property=\"og:url\" content=\"https:\/\/amec.blazedev.co.uk\/amecframework\/sk\/home\/acknowledgements\/\" \/>\n<meta property=\"og:site_name\" content=\"AMEC Integrated Evaluation Framework\" \/>\n<meta property=\"article:modified_time\" content=\"2017-09-04T16:00:01+00:00\" \/>\n<meta name=\"twitter:card\" content=\"summary_large_image\" \/>\n<meta name=\"twitter:label1\" content=\"Est. reading time\" \/>\n\t<meta name=\"twitter:data1\" content=\"4 min\u00faty\" \/>\n<script type=\"application\/ld+json\" class=\"yoast-schema-graph\">{\"@context\":\"https:\/\/schema.org\",\"@graph\":[{\"@type\":\"WebPage\",\"@id\":\"https:\/\/amec.blazedev.co.uk\/amecframework\/sk\/home\/acknowledgements\/\",\"url\":\"https:\/\/amec.blazedev.co.uk\/amecframework\/sk\/home\/acknowledgements\/\",\"name\":\"Acknowledgements - AMEC Integrated Evaluation Framework\",\"isPartOf\":{\"@id\":\"https:\/\/amec.blazedev.co.uk\/amecframework\/ru\/#website\"},\"datePublished\":\"2017-09-04T15:20:20+00:00\",\"dateModified\":\"2017-09-04T16:00:01+00:00\",\"breadcrumb\":{\"@id\":\"https:\/\/amec.blazedev.co.uk\/amecframework\/sk\/home\/acknowledgements\/#breadcrumb\"},\"inLanguage\":\"sk-SK\",\"potentialAction\":[{\"@type\":\"ReadAction\",\"target\":[\"https:\/\/amec.blazedev.co.uk\/amecframework\/sk\/home\/acknowledgements\/\"]}]},{\"@type\":\"BreadcrumbList\",\"@id\":\"https:\/\/amec.blazedev.co.uk\/amecframework\/sk\/home\/acknowledgements\/#breadcrumb\",\"itemListElement\":[{\"@type\":\"ListItem\",\"position\":1,\"name\":\"Home\",\"item\":\"https:\/\/amec.blazedev.co.uk\/amecframework\/sk\/\"},{\"@type\":\"ListItem\",\"position\":2,\"name\":\"Home\",\"item\":\"https:\/\/amec.blazedev.co.uk\/amecframework\/sk\/\"},{\"@type\":\"ListItem\",\"position\":3,\"name\":\"Acknowledgements\"}]},{\"@type\":\"WebSite\",\"@id\":\"https:\/\/amec.blazedev.co.uk\/amecframework\/ru\/#website\",\"url\":\"https:\/\/amec.blazedev.co.uk\/amecframework\/ru\/\",\"name\":\"AMEC Integrated Evaluation Framework\",\"description\":\"\",\"potentialAction\":[{\"@type\":\"SearchAction\",\"target\":{\"@type\":\"EntryPoint\",\"urlTemplate\":\"https:\/\/amec.blazedev.co.uk\/amecframework\/ru\/?s={search_term_string}\"},\"query-input\":{\"@type\":\"PropertyValueSpecification\",\"valueRequired\":true,\"valueName\":\"search_term_string\"}}],\"inLanguage\":\"sk-SK\"}]}<\/script>\n<!-- \/ Yoast SEO plugin. -->","yoast_head_json":{"title":"Acknowledgements - AMEC Integrated Evaluation Framework","robots":{"index":"noindex","follow":"follow","max-snippet":"max-snippet:-1","max-image-preview":"max-image-preview:large","max-video-preview":"max-video-preview:-1"},"og_locale":"sk_SK","og_type":"article","og_title":"Acknowledgements - AMEC Integrated Evaluation Framework","og_url":"https:\/\/amec.blazedev.co.uk\/amecframework\/sk\/home\/acknowledgements\/","og_site_name":"AMEC Integrated Evaluation Framework","article_modified_time":"2017-09-04T16:00:01+00:00","twitter_card":"summary_large_image","twitter_misc":{"Est. reading time":"4 min\u00faty"},"schema":{"@context":"https:\/\/schema.org","@graph":[{"@type":"WebPage","@id":"https:\/\/amec.blazedev.co.uk\/amecframework\/sk\/home\/acknowledgements\/","url":"https:\/\/amec.blazedev.co.uk\/amecframework\/sk\/home\/acknowledgements\/","name":"Acknowledgements - AMEC Integrated Evaluation Framework","isPartOf":{"@id":"https:\/\/amec.blazedev.co.uk\/amecframework\/ru\/#website"},"datePublished":"2017-09-04T15:20:20+00:00","dateModified":"2017-09-04T16:00:01+00:00","breadcrumb":{"@id":"https:\/\/amec.blazedev.co.uk\/amecframework\/sk\/home\/acknowledgements\/#breadcrumb"},"inLanguage":"sk-SK","potentialAction":[{"@type":"ReadAction","target":["https:\/\/amec.blazedev.co.uk\/amecframework\/sk\/home\/acknowledgements\/"]}]},{"@type":"BreadcrumbList","@id":"https:\/\/amec.blazedev.co.uk\/amecframework\/sk\/home\/acknowledgements\/#breadcrumb","itemListElement":[{"@type":"ListItem","position":1,"name":"Home","item":"https:\/\/amec.blazedev.co.uk\/amecframework\/sk\/"},{"@type":"ListItem","position":2,"name":"Home","item":"https:\/\/amec.blazedev.co.uk\/amecframework\/sk\/"},{"@type":"ListItem","position":3,"name":"Acknowledgements"}]},{"@type":"WebSite","@id":"https:\/\/amec.blazedev.co.uk\/amecframework\/ru\/#website","url":"https:\/\/amec.blazedev.co.uk\/amecframework\/ru\/","name":"AMEC Integrated Evaluation Framework","description":"","potentialAction":[{"@type":"SearchAction","target":{"@type":"EntryPoint","urlTemplate":"https:\/\/amec.blazedev.co.uk\/amecframework\/ru\/?s={search_term_string}"},"query-input":{"@type":"PropertyValueSpecification","valueRequired":true,"valueName":"search_term_string"}}],"inLanguage":"sk-SK"}]}},"_links":{"self":[{"href":"https:\/\/amec.blazedev.co.uk\/amecframework\/sk\/wp-json\/wp\/v2\/pages\/2139","targetHints":{"allow":["GET"]}}],"collection":[{"href":"https:\/\/amec.blazedev.co.uk\/amecframework\/sk\/wp-json\/wp\/v2\/pages"}],"about":[{"href":"https:\/\/amec.blazedev.co.uk\/amecframework\/sk\/wp-json\/wp\/v2\/types\/page"}],"author":[{"embeddable":true,"href":"https:\/\/amec.blazedev.co.uk\/amecframework\/sk\/wp-json\/wp\/v2\/users\/1"}],"replies":[{"embeddable":true,"href":"https:\/\/amec.blazedev.co.uk\/amecframework\/sk\/wp-json\/wp\/v2\/comments?post=2139"}],"version-history":[{"count":3,"href":"https:\/\/amec.blazedev.co.uk\/amecframework\/sk\/wp-json\/wp\/v2\/pages\/2139\/revisions"}],"predecessor-version":[{"id":2166,"href":"https:\/\/amec.blazedev.co.uk\/amecframework\/sk\/wp-json\/wp\/v2\/pages\/2139\/revisions\/2166"}],"up":[{"embeddable":true,"href":"https:\/\/amec.blazedev.co.uk\/amecframework\/sk\/wp-json\/wp\/v2\/pages\/2103"}],"wp:attachment":[{"href":"https:\/\/amec.blazedev.co.uk\/amecframework\/sk\/wp-json\/wp\/v2\/media?parent=2139"}],"wp:term":[{"taxonomy":"post_tag","embeddable":true,"href":"https:\/\/amec.blazedev.co.uk\/amecframework\/sk\/wp-json\/wp\/v2\/tags?post=2139"}],"curies":[{"name":"wp","href":"https:\/\/api.w.org\/{rel}","templated":true}]}}