{"id":2097,"date":"2017-08-31T16:39:46","date_gmt":"2017-08-31T15:39:46","guid":{"rendered":"https:\/\/amecorg.com\/amecframework\/sk\/?page_id=2097"},"modified":"2017-08-31T16:45:14","modified_gmt":"2017-08-31T15:45:14","slug":"faqs","status":"publish","type":"page","link":"https:\/\/amec.blazedev.co.uk\/amecframework\/sk\/faqs\/","title":{"rendered":"FAQ&#8217;s"},"content":{"rendered":"\n<style type=\"text\/css\" data-created_by=\"avia_inline_auto\" id=\"style-css-av-av_image-682788b60d376febb939b738ab2d7d47\">\n.avia-image-container.av-av_image-682788b60d376febb939b738ab2d7d47 img.avia_image{\nbox-shadow:none;\n}\n.avia-image-container.av-av_image-682788b60d376febb939b738ab2d7d47 .av-image-caption-overlay-center{\ncolor:#ffffff;\n}\n<\/style>\n<div  class='avia-image-container av-av_image-682788b60d376febb939b738ab2d7d47 av-styling- avia-align-center  avia-builder-el-0  el_before_av_one_full  avia-builder-el-first '   itemprop=\"image\" itemscope=\"itemscope\" itemtype=\"https:\/\/schema.org\/ImageObject\" ><div class=\"avia-image-container-inner\"><div class=\"avia-image-overlay-wrap\"><img decoding=\"async\" fetchpriority=\"high\" class='wp-image-1774 avia-img-lazy-loading-not-1774 avia_image ' src=\"https:\/\/amec.blazedev.co.uk\/amecframework\/wp-content\/uploads\/2017\/07\/FAQ-Icon-Question-Mark.png\" alt='' title='FAQ Icon - Question Mark'  height=\"237\" width=\"285\"  itemprop=\"thumbnailUrl\"  \/><\/div><\/div><\/div>\n\n<style type=\"text\/css\" data-created_by=\"avia_inline_auto\" id=\"style-css-av-av_one_full-6126cab7d8fab8d08143dd2dacdf673c\">\n.flex_column.av-av_one_full-6126cab7d8fab8d08143dd2dacdf673c{\nborder-radius:0px 0px 0px 0px;\npadding:0px 0px 0px 0px;\n}\n<\/style>\n<div  class='flex_column av-av_one_full-6126cab7d8fab8d08143dd2dacdf673c av_one_full  avia-builder-el-1  el_after_av_image  el_before_av_one_half  first flex_column_div av-zero-column-padding  '     ><style type=\"text\/css\" data-created_by=\"avia_inline_auto\" id=\"style-css-av-av_textblock-1cfe04c011deea2513bf58caf5e82729\">\n#top .av_textblock_section.av-av_textblock-1cfe04c011deea2513bf58caf5e82729 .avia_textblock{\nfont-size:35px;\n}\n<\/style>\n<section  class='av_textblock_section av-av_textblock-1cfe04c011deea2513bf58caf5e82729 '   itemscope=\"itemscope\" itemtype=\"https:\/\/schema.org\/CreativeWork\" ><div class='avia_textblock'  itemprop=\"text\" ><p style=\"text-align: center; font-weight: 900;\">FAQ&#8217;s<\/p>\n<\/div><\/section><br \/>\n\n<style type=\"text\/css\" data-created_by=\"avia_inline_auto\" id=\"style-css-av-av_hr-cff9db79973b2b34cd1182f84c56818a\">\n#top .hr.av-av_hr-cff9db79973b2b34cd1182f84c56818a{\nmargin-top:30px;\nmargin-bottom:30px;\n}\n.hr.av-av_hr-cff9db79973b2b34cd1182f84c56818a .hr-inner{\nwidth:300px;\nborder-color:#ff5800;\n}\n<\/style>\n<div  class='hr av-av_hr-cff9db79973b2b34cd1182f84c56818a hr-custom  avia-builder-el-3  el_after_av_textblock  avia-builder-el-last  hr-center hr-icon-no'><span class='hr-inner inner-border-av-border-fat'><span class=\"hr-inner-style\"><\/span><\/span><\/div><\/p><\/div>\n\n<style type=\"text\/css\" data-created_by=\"avia_inline_auto\" id=\"style-css-av-av_one_half-6126cab7d8fab8d08143dd2dacdf673c\">\n.flex_column.av-av_one_half-6126cab7d8fab8d08143dd2dacdf673c{\nborder-radius:0px 0px 0px 0px;\npadding:0px 0px 0px 0px;\n}\n<\/style>\n<div  class='flex_column av-av_one_half-6126cab7d8fab8d08143dd2dacdf673c av_one_half  avia-builder-el-4  el_after_av_one_full  el_before_av_one_half  first flex_column_div av-zero-column-padding  column-top-margin'     ><section  class='av_textblock_section av-av_textblock-35972167d9f102c5ddaec0c531c98b9e '   itemscope=\"itemscope\" itemtype=\"https:\/\/schema.org\/CreativeWork\" ><div class='avia_textblock'  itemprop=\"text\" ><p><strong>Vyzer\u00e1 to ako komplikovan\u00e1 a zlo\u017eit\u00e1 pr\u00e1ca<\/strong><\/p>\n<p>Nie je v\u0161ak tomu tak. T\u00e1to str\u00e1nka sl\u00fa\u017ei ako sprievodca, s ktor\u00e9ho pomocou je ve\u013emi jednoduch\u00e9 identifikova\u0165, ktor\u00e9 inform\u00e1cie s\u00fa v jednotliv\u00fdch krokoch d\u00f4le\u017eit\u00e9. N\u00e1stroj si m\u00f4\u017eete vysk\u00fa\u0161a\u0165 nane\u010disto a zisti\u0165, ako funguje. N\u00e1jdete tu tie\u017e mno\u017estvo dopl\u0148uj\u00facich zdrojov a odkazov na \u010fal\u0161ie informa\u010dn\u00e9 kan\u00e1ly.<\/p>\n<\/div><\/section><\/div>\n<style type=\"text\/css\" data-created_by=\"avia_inline_auto\" id=\"style-css-av-av_one_half-0aa7055fe62c3622faec82866afbaeb2\">\n.flex_column.av-av_one_half-0aa7055fe62c3622faec82866afbaeb2{\nborder-radius:0px 0px 0px 0px;\npadding:0px 0px 0px 0px;\n}\n<\/style>\n<div  class='flex_column av-av_one_half-0aa7055fe62c3622faec82866afbaeb2 av_one_half  avia-builder-el-6  el_after_av_one_half  el_before_av_one_half  flex_column_div av-zero-column-padding  column-top-margin'     ><section  class='av_textblock_section av-av_textblock-35972167d9f102c5ddaec0c531c98b9e '   itemscope=\"itemscope\" itemtype=\"https:\/\/schema.org\/CreativeWork\" ><div class='avia_textblock'  itemprop=\"text\" ><p><strong>Je pravda, \u017ee r\u00e1mec sl\u00fa\u017ei predov\u0161etk\u00fdm na vyhodnotenie u\u017e ukon\u010den\u00fdch kampan\u00ed?<\/strong><\/p>\n<p>R\u00e1mec je, samozrejme, mo\u017en\u00e9 aplikova\u0165 aj sp\u00e4tne pre vyhodnotenie ukon\u010denej kampane. Omnoho pr\u00ednosnej\u0161\u00ed je v\u0161ak v pr\u00edpade, \u017ee s n\u00edm pracujete s\u00fastavne, teda pri pl\u00e1novan\u00ed kampane, pri sledovan\u00ed jej v\u00fdvoja a pri z\u00e1vere\u010dnom meran\u00ed v\u00fdsledkov. Vlo\u017een\u00e9 d\u00e1ta sa daj\u00fa uklada\u0165 priebe\u017ene, m\u00f4\u017eete sa k nim teda kedyko\u013evek vr\u00e1ti\u0165. Ka\u017ed\u00fd u\u017e\u00edvate\u013e pritom m\u00f4\u017ee ma\u0165 rozpracovan\u00fdch a\u017e 10 s\u00faborov naraz.<\/p>\n<\/div><\/section><\/div>\n<style type=\"text\/css\" data-created_by=\"avia_inline_auto\" id=\"style-css-av-av_one_half-6126cab7d8fab8d08143dd2dacdf673c\">\n.flex_column.av-av_one_half-6126cab7d8fab8d08143dd2dacdf673c{\nborder-radius:0px 0px 0px 0px;\npadding:0px 0px 0px 0px;\n}\n<\/style>\n<div  class='flex_column av-av_one_half-6126cab7d8fab8d08143dd2dacdf673c av_one_half  avia-builder-el-8  el_after_av_one_half  el_before_av_one_half  first flex_column_div av-zero-column-padding  column-top-margin'     ><section  class='av_textblock_section av-av_textblock-35972167d9f102c5ddaec0c531c98b9e '   itemscope=\"itemscope\" itemtype=\"https:\/\/schema.org\/CreativeWork\" ><div class='avia_textblock'  itemprop=\"text\" ><p><b>Je hodnotiaci r\u00e1mec vhodn\u00fd sk\u00f4r pre pl\u00e1novanie komunik\u00e1cie alebo jej meranie?<\/b><\/p>\n<p>Pou\u017ei\u0165 ho m\u00f4\u017eete v\u00a0oboch pr\u00edpadoch. N\u00e1stroj je navrhnut\u00fd tak, aby v\u00e1m pomohol zostavi\u0165 pl\u00e1n pre \u010do najefekt\u00edvnej\u0161iu komunika\u010dn\u00fa kampa\u0148. M\u00f4\u017eete ho v\u0161ak aplikova\u0165 aj pri anal\u00fdze, ako zvolen\u00e1 forma komunik\u00e1cie ovplyv\u0148uje postoj klientov a ich vn\u00edmanie va\u0161ej zna\u010dky.<\/p>\n<\/div><\/section><\/div>\n<style type=\"text\/css\" data-created_by=\"avia_inline_auto\" id=\"style-css-av-av_one_half-0aa7055fe62c3622faec82866afbaeb2\">\n.flex_column.av-av_one_half-0aa7055fe62c3622faec82866afbaeb2{\nborder-radius:0px 0px 0px 0px;\npadding:0px 0px 0px 0px;\n}\n<\/style>\n<div  class='flex_column av-av_one_half-0aa7055fe62c3622faec82866afbaeb2 av_one_half  avia-builder-el-10  el_after_av_one_half  el_before_av_one_half  flex_column_div av-zero-column-padding  column-top-margin'     ><section  class='av_textblock_section av-av_textblock-35972167d9f102c5ddaec0c531c98b9e '   itemscope=\"itemscope\" itemtype=\"https:\/\/schema.org\/CreativeWork\" ><div class='avia_textblock'  itemprop=\"text\" ><p><strong>\u010co ke\u010f nem\u00e1m \u017eiadne metriky, ktor\u00e9 by som do reportu zahrnul\/a?<\/strong><\/p>\n<p>R\u00e1mec je zostaven\u00fd tak, \u017ee v\u00e1s hne\u010f na za\u010diatku don\u00fati zamyslie\u0165 sa, ak\u00e9 metriky budete k meraniu v\u00fdsledkov potrebova\u0165. V\u010faka tomu u\u017e pred spusten\u00edm kampane viete, ktor\u00fdch \u013eud\u00ed po\u017eiada\u0165 o pomoc a z ktor\u00fdch zdrojov je vhodn\u00e9 \u010derpa\u0165. Po spusten\u00ed kampane je u\u017e ka\u017ed\u00e9mu jasn\u00e9, ak\u00e9 v\u00fdstupy od nich budete potrebova\u0165 na to, aby ste dosiahli spr\u00e1vne meranie v\u00fdsledkov.<\/p>\n<\/div><\/section><\/div>\n<style type=\"text\/css\" data-created_by=\"avia_inline_auto\" id=\"style-css-av-av_one_half-6126cab7d8fab8d08143dd2dacdf673c\">\n.flex_column.av-av_one_half-6126cab7d8fab8d08143dd2dacdf673c{\nborder-radius:0px 0px 0px 0px;\npadding:0px 0px 0px 0px;\n}\n<\/style>\n<div  class='flex_column av-av_one_half-6126cab7d8fab8d08143dd2dacdf673c av_one_half  avia-builder-el-12  el_after_av_one_half  el_before_av_one_half  first flex_column_div av-zero-column-padding  column-top-margin'     ><section  class='av_textblock_section av-av_textblock-35972167d9f102c5ddaec0c531c98b9e '   itemscope=\"itemscope\" itemtype=\"https:\/\/schema.org\/CreativeWork\" ><div class='avia_textblock'  itemprop=\"text\" ><p><b>Je r\u00e1mec ur\u010den\u00fd iba pre hodnotenie jednorazov\u00fdch kampan\u00ed alebo je ho mo\u017en\u00e9 pou\u017ei\u0165 aj pri sledovan\u00ed be\u017en\u00fdch PR aktiv\u00edt?<\/b><\/p>\n<p>Hodnotiaci r\u00e1mec je vhodn\u00fd pre kr\u00e1tkodob\u00e9, ale aj dlhodob\u00e9 PR aktivity. Je v\u0161ak d\u00f4le\u017eit\u00e9 ma\u0165 neust\u00e1le na pam\u00e4ti, \u017ee ka\u017ed\u00e1 do\u010dasn\u00e1 komunika\u010dn\u00e1 aktivita mus\u00ed vies\u0165 k\u00a0naplneniu strategick\u00e9ho cie\u013ea.<\/p>\n<\/div><\/section><\/div>\n<style type=\"text\/css\" data-created_by=\"avia_inline_auto\" id=\"style-css-av-av_one_half-0aa7055fe62c3622faec82866afbaeb2\">\n.flex_column.av-av_one_half-0aa7055fe62c3622faec82866afbaeb2{\nborder-radius:0px 0px 0px 0px;\npadding:0px 0px 0px 0px;\n}\n<\/style>\n<div  class='flex_column av-av_one_half-0aa7055fe62c3622faec82866afbaeb2 av_one_half  avia-builder-el-14  el_after_av_one_half  el_before_av_one_half  flex_column_div av-zero-column-padding  column-top-margin'     ><section  class='av_textblock_section av-av_textblock-35972167d9f102c5ddaec0c531c98b9e '   itemscope=\"itemscope\" itemtype=\"https:\/\/schema.org\/CreativeWork\" ><div class='avia_textblock'  itemprop=\"text\" ><p><b>Je mo\u017en\u00e9 r\u00e1mec aplikova\u0165 pri meran\u00ed \u0161pecifickej formy komunik\u00e1cie?<\/b><\/p>\n<p>R\u00e1mec je z\u00e1merne zostaven\u00fd tak, aby ho bolo mo\u017en\u00e9 pru\u017ene aplikova\u0165 na najr\u00f4znej\u0161ie typy komunika\u010dn\u00fdch strat\u00e9gi\u00ed \u2013 \u010di u\u017e vyu\u017e\u00edvate platen\u00e9, z\u00edskan\u00e9, vlastnen\u00e9 \u010di \u0161\u00edren\u00e9 m\u00e9di\u00e1, pohybujete sa v\u00a0s\u00fakromnom \u010di verejnom sektore, zameriavate sa na komunik\u00e1ciu smerom k\u00a0z\u00e1kazn\u00edkovi alebo v\u00a0B2B at\u010f.<\/p>\n<\/div><\/section><\/div>\n<style type=\"text\/css\" data-created_by=\"avia_inline_auto\" id=\"style-css-av-av_one_half-6126cab7d8fab8d08143dd2dacdf673c\">\n.flex_column.av-av_one_half-6126cab7d8fab8d08143dd2dacdf673c{\nborder-radius:0px 0px 0px 0px;\npadding:0px 0px 0px 0px;\n}\n<\/style>\n<div  class='flex_column av-av_one_half-6126cab7d8fab8d08143dd2dacdf673c av_one_half  avia-builder-el-16  el_after_av_one_half  avia-builder-el-last  first flex_column_div av-zero-column-padding  column-top-margin'     ><section  class='av_textblock_section av-av_textblock-35972167d9f102c5ddaec0c531c98b9e '   itemscope=\"itemscope\" itemtype=\"https:\/\/schema.org\/CreativeWork\" ><div class='avia_textblock'  itemprop=\"text\" ><p><b>Pre\u010d\u00edtal som si te\u00f3riu, ale st\u00e1le si neviem moc dobre predstavi\u0165, ako hodnotiaci r\u00e1mec v\u00a0praxi funguje.<\/b><\/p>\n<p>V\u00a0rubrike s\u00a0n\u00e1zvom \u201eZdroje\u201c n\u00e1jdete mno\u017estvo pr\u00edpadov\u00fdch \u0161t\u00fadi\u00ed, konkr\u00e9tne pr\u00edklady a tutori\u00e1ly, ktor\u00e9 n\u00e1zorne demon\u0161truj\u00fa, ako je n\u00e1stroj vyu\u017e\u00edvan\u00fd v\u00a0praxi.<\/p>\n<\/div><\/section><\/div><\/p>\n","protected":false},"excerpt":{"rendered":"","protected":false},"author":1,"featured_media":0,"parent":0,"menu_order":0,"comment_status":"closed","ping_status":"closed","template":"","meta":{"footnotes":""},"tags":[],"class_list":["post-2097","page","type-page","status-publish","hentry"],"yoast_head":"<!-- This site is optimized with the Yoast SEO plugin v27.2 - https:\/\/yoast.com\/product\/yoast-seo-wordpress\/ -->\n<title>FAQ&#039;s - AMEC Integrated Evaluation Framework<\/title>\n<meta name=\"robots\" content=\"noindex, follow, max-snippet:-1, max-image-preview:large, max-video-preview:-1\" \/>\n<meta property=\"og:locale\" content=\"sk_SK\" \/>\n<meta property=\"og:type\" content=\"article\" \/>\n<meta property=\"og:title\" content=\"FAQ&#039;s - AMEC Integrated Evaluation Framework\" \/>\n<meta property=\"og:url\" content=\"https:\/\/amec.blazedev.co.uk\/amecframework\/sk\/faqs\/\" \/>\n<meta property=\"og:site_name\" content=\"AMEC Integrated Evaluation Framework\" \/>\n<meta property=\"article:modified_time\" content=\"2017-08-31T15:45:14+00:00\" \/>\n<meta name=\"twitter:card\" content=\"summary_large_image\" \/>\n<meta name=\"twitter:label1\" content=\"Est. reading time\" \/>\n\t<meta name=\"twitter:data1\" content=\"6 min\u00fat\" \/>\n<script type=\"application\/ld+json\" class=\"yoast-schema-graph\">{\"@context\":\"https:\/\/schema.org\",\"@graph\":[{\"@type\":\"WebPage\",\"@id\":\"https:\/\/amec.blazedev.co.uk\/amecframework\/sk\/faqs\/\",\"url\":\"https:\/\/amec.blazedev.co.uk\/amecframework\/sk\/faqs\/\",\"name\":\"FAQ's - AMEC Integrated Evaluation Framework\",\"isPartOf\":{\"@id\":\"https:\/\/amec.blazedev.co.uk\/amecframework\/ru\/#website\"},\"datePublished\":\"2017-08-31T15:39:46+00:00\",\"dateModified\":\"2017-08-31T15:45:14+00:00\",\"breadcrumb\":{\"@id\":\"https:\/\/amec.blazedev.co.uk\/amecframework\/sk\/faqs\/#breadcrumb\"},\"inLanguage\":\"sk-SK\",\"potentialAction\":[{\"@type\":\"ReadAction\",\"target\":[\"https:\/\/amec.blazedev.co.uk\/amecframework\/sk\/faqs\/\"]}]},{\"@type\":\"BreadcrumbList\",\"@id\":\"https:\/\/amec.blazedev.co.uk\/amecframework\/sk\/faqs\/#breadcrumb\",\"itemListElement\":[{\"@type\":\"ListItem\",\"position\":1,\"name\":\"Home\",\"item\":\"https:\/\/amec.blazedev.co.uk\/amecframework\/sk\/\"},{\"@type\":\"ListItem\",\"position\":2,\"name\":\"FAQ&#8217;s\"}]},{\"@type\":\"WebSite\",\"@id\":\"https:\/\/amec.blazedev.co.uk\/amecframework\/ru\/#website\",\"url\":\"https:\/\/amec.blazedev.co.uk\/amecframework\/ru\/\",\"name\":\"AMEC Integrated Evaluation Framework\",\"description\":\"\",\"potentialAction\":[{\"@type\":\"SearchAction\",\"target\":{\"@type\":\"EntryPoint\",\"urlTemplate\":\"https:\/\/amec.blazedev.co.uk\/amecframework\/ru\/?s={search_term_string}\"},\"query-input\":{\"@type\":\"PropertyValueSpecification\",\"valueRequired\":true,\"valueName\":\"search_term_string\"}}],\"inLanguage\":\"sk-SK\"}]}<\/script>\n<!-- \/ Yoast SEO plugin. -->","yoast_head_json":{"title":"FAQ's - AMEC Integrated Evaluation Framework","robots":{"index":"noindex","follow":"follow","max-snippet":"max-snippet:-1","max-image-preview":"max-image-preview:large","max-video-preview":"max-video-preview:-1"},"og_locale":"sk_SK","og_type":"article","og_title":"FAQ's - AMEC Integrated Evaluation Framework","og_url":"https:\/\/amec.blazedev.co.uk\/amecframework\/sk\/faqs\/","og_site_name":"AMEC Integrated Evaluation Framework","article_modified_time":"2017-08-31T15:45:14+00:00","twitter_card":"summary_large_image","twitter_misc":{"Est. reading time":"6 min\u00fat"},"schema":{"@context":"https:\/\/schema.org","@graph":[{"@type":"WebPage","@id":"https:\/\/amec.blazedev.co.uk\/amecframework\/sk\/faqs\/","url":"https:\/\/amec.blazedev.co.uk\/amecframework\/sk\/faqs\/","name":"FAQ's - AMEC Integrated Evaluation Framework","isPartOf":{"@id":"https:\/\/amec.blazedev.co.uk\/amecframework\/ru\/#website"},"datePublished":"2017-08-31T15:39:46+00:00","dateModified":"2017-08-31T15:45:14+00:00","breadcrumb":{"@id":"https:\/\/amec.blazedev.co.uk\/amecframework\/sk\/faqs\/#breadcrumb"},"inLanguage":"sk-SK","potentialAction":[{"@type":"ReadAction","target":["https:\/\/amec.blazedev.co.uk\/amecframework\/sk\/faqs\/"]}]},{"@type":"BreadcrumbList","@id":"https:\/\/amec.blazedev.co.uk\/amecframework\/sk\/faqs\/#breadcrumb","itemListElement":[{"@type":"ListItem","position":1,"name":"Home","item":"https:\/\/amec.blazedev.co.uk\/amecframework\/sk\/"},{"@type":"ListItem","position":2,"name":"FAQ&#8217;s"}]},{"@type":"WebSite","@id":"https:\/\/amec.blazedev.co.uk\/amecframework\/ru\/#website","url":"https:\/\/amec.blazedev.co.uk\/amecframework\/ru\/","name":"AMEC Integrated Evaluation Framework","description":"","potentialAction":[{"@type":"SearchAction","target":{"@type":"EntryPoint","urlTemplate":"https:\/\/amec.blazedev.co.uk\/amecframework\/ru\/?s={search_term_string}"},"query-input":{"@type":"PropertyValueSpecification","valueRequired":true,"valueName":"search_term_string"}}],"inLanguage":"sk-SK"}]}},"_links":{"self":[{"href":"https:\/\/amec.blazedev.co.uk\/amecframework\/sk\/wp-json\/wp\/v2\/pages\/2097","targetHints":{"allow":["GET"]}}],"collection":[{"href":"https:\/\/amec.blazedev.co.uk\/amecframework\/sk\/wp-json\/wp\/v2\/pages"}],"about":[{"href":"https:\/\/amec.blazedev.co.uk\/amecframework\/sk\/wp-json\/wp\/v2\/types\/page"}],"author":[{"embeddable":true,"href":"https:\/\/amec.blazedev.co.uk\/amecframework\/sk\/wp-json\/wp\/v2\/users\/1"}],"replies":[{"embeddable":true,"href":"https:\/\/amec.blazedev.co.uk\/amecframework\/sk\/wp-json\/wp\/v2\/comments?post=2097"}],"version-history":[{"count":3,"href":"https:\/\/amec.blazedev.co.uk\/amecframework\/sk\/wp-json\/wp\/v2\/pages\/2097\/revisions"}],"predecessor-version":[{"id":2100,"href":"https:\/\/amec.blazedev.co.uk\/amecframework\/sk\/wp-json\/wp\/v2\/pages\/2097\/revisions\/2100"}],"wp:attachment":[{"href":"https:\/\/amec.blazedev.co.uk\/amecframework\/sk\/wp-json\/wp\/v2\/media?parent=2097"}],"wp:term":[{"taxonomy":"post_tag","embeddable":true,"href":"https:\/\/amec.blazedev.co.uk\/amecframework\/sk\/wp-json\/wp\/v2\/tags?post=2097"}],"curies":[{"name":"wp","href":"https:\/\/api.w.org\/{rel}","templated":true}]}}