{"id":3052,"date":"2018-03-21T10:31:34","date_gmt":"2018-03-21T10:31:34","guid":{"rendered":"https:\/\/amecorg.com\/amecframework\/ro\/?page_id=3052"},"modified":"2018-03-21T10:31:34","modified_gmt":"2018-03-21T10:31:34","slug":"acknowledgements","status":"publish","type":"page","link":"https:\/\/amec.blazedev.co.uk\/amecframework\/ro\/home\/acknowledgements\/","title":{"rendered":"Acknowledgements"},"content":{"rendered":"\n<style type=\"text\/css\" data-created_by=\"avia_inline_auto\" id=\"style-css-av-av_one_full-6126cab7d8fab8d08143dd2dacdf673c\">\n.flex_column.av-av_one_full-6126cab7d8fab8d08143dd2dacdf673c{\nborder-radius:0px 0px 0px 0px;\npadding:0px 0px 0px 0px;\n}\n<\/style>\n<div  class='flex_column av-av_one_full-6126cab7d8fab8d08143dd2dacdf673c av_one_full  avia-builder-el-0  el_before_av_one_third  avia-builder-el-first  first flex_column_div av-zero-column-padding  '     ><style type=\"text\/css\" data-created_by=\"avia_inline_auto\" id=\"style-css-av-av_textblock-710f2b84645f078a27b61ae2c84de4a8\">\n#top .av_textblock_section.av-av_textblock-710f2b84645f078a27b61ae2c84de4a8 .avia_textblock{\nfont-size:25px;\n}\n<\/style>\n<section  class='av_textblock_section av-av_textblock-710f2b84645f078a27b61ae2c84de4a8 '   itemscope=\"itemscope\" itemtype=\"https:\/\/schema.org\/CreativeWork\" ><div class='avia_textblock'  itemprop=\"text\" ><div id=\"u3631-4\" class=\"clearfix colelem shared_content\" data-content-guid=\"u3631-4_content\">\n<p style=\"text-align: center; margin-top: -10px;\">ACKNOWLEDGEMENTS AND THANKS<\/p>\n<\/div>\n<\/div><\/section><br \/>\n\n<style type=\"text\/css\" data-created_by=\"avia_inline_auto\" id=\"style-css-av-av_hr-cff9db79973b2b34cd1182f84c56818a\">\n#top .hr.av-av_hr-cff9db79973b2b34cd1182f84c56818a{\nmargin-top:30px;\nmargin-bottom:30px;\n}\n.hr.av-av_hr-cff9db79973b2b34cd1182f84c56818a .hr-inner{\nwidth:300px;\nborder-color:#ff5800;\n}\n<\/style>\n<div  class='hr av-av_hr-cff9db79973b2b34cd1182f84c56818a hr-custom  avia-builder-el-2  el_after_av_textblock  avia-builder-el-last  hr-center hr-icon-no'><span class='hr-inner inner-border-av-border-fat'><span class=\"hr-inner-style\"><\/span><\/span><\/div><\/p><\/div>\n\n<style type=\"text\/css\" data-created_by=\"avia_inline_auto\" id=\"style-css-av-av_one_third-6126cab7d8fab8d08143dd2dacdf673c\">\n.flex_column.av-av_one_third-6126cab7d8fab8d08143dd2dacdf673c{\nborder-radius:0px 0px 0px 0px;\npadding:0px 0px 0px 0px;\n}\n<\/style>\n<div  class='flex_column av-av_one_third-6126cab7d8fab8d08143dd2dacdf673c av_one_third  avia-builder-el-3  el_after_av_one_full  el_before_av_one_third  first flex_column_div av-zero-column-padding  column-top-margin'     ><section  class='av_textblock_section av-av_textblock-35972167d9f102c5ddaec0c531c98b9e '   itemscope=\"itemscope\" itemtype=\"https:\/\/schema.org\/CreativeWork\" ><div class='avia_textblock'  itemprop=\"text\" ><p>Dorim s\u0103 mul\u021bumim \u00eentregii echipe care a lucrat din greu pe parcursul acestui an la dezvoltarea modelului integrat de evaluare \u0219i a noului instrument interactiv AMEC.<\/p>\n<p>Mul\u021bumiri speciale domnului Jim Macnamare, profesor de comunicare \u00een cadrul Universit\u0103\u021bii de Tehnologie din Sydney, care a creat taxonomia evalu\u0103rii \u0219i a avut amabilitatea de a o pune la dispozi\u021bia echipei AMEC pentru a o folosi.<\/p>\n<p>Jim este de asemenea \u00een fruntea grupului AMEC Academic Advisory Group, grup de profesioni\u0219ti care \u0219i-au facut timp pentru a ne ghida \u0219i sfatui pe tot parcursul dezvolt\u0103rii cadrului.<\/p>\n<p>Mul\u021bumiri de asemenea \u0219i membrilor echipei principale:<\/p>\n<ul>\n<li>Paul Hender, Head of Insights at Gorkana<\/li>\n<li>Elayne Phillips, UK Cabinet<\/li>\n<li>Giles Peddy, Group Managing Director of Lewis- care \u00een mod generos a donat resurse pentru a asigura dezvoltarea \u00a0website-ul interactiv.<\/li>\n<\/ul>\n<\/div><\/section><\/div>\n<style type=\"text\/css\" data-created_by=\"avia_inline_auto\" id=\"style-css-av-av_one_third-0aa7055fe62c3622faec82866afbaeb2\">\n.flex_column.av-av_one_third-0aa7055fe62c3622faec82866afbaeb2{\nborder-radius:0px 0px 0px 0px;\npadding:0px 0px 0px 0px;\n}\n<\/style>\n<div  class='flex_column av-av_one_third-0aa7055fe62c3622faec82866afbaeb2 av_one_third  avia-builder-el-5  el_after_av_one_third  el_before_av_one_third  flex_column_div av-zero-column-padding  column-top-margin'     ><section  class='av_textblock_section av-av_textblock-35972167d9f102c5ddaec0c531c98b9e '   itemscope=\"itemscope\" itemtype=\"https:\/\/schema.org\/CreativeWork\" ><div class='avia_textblock'  itemprop=\"text\" ><p>Necesare sunt \u0219i mul\u021bumiri echipei extinse din care fac parte Mark Carrier, R&amp;D Director, Reputation Intelligence, Kantar Media, Karen Princhard, MD of Reputation at Ebiquity, Lisa Story, Chief Strategy Officer of Cohn and Wolfe, Margot Savell, SVP Global Measurement at Hill&amp; Knowlton Strategies, Paul Njoku, Head of GCS Evaluation Projects-Cabinet Office, Ann-Sofie Kroll, CEO of bt Brick Insight AB, Aseem Sood, CEO of Impact Research&amp; Measurement, \u0219i Rayna Grudova- de Lange, CEO, DeLange Analytics.<\/p>\n<p id=\"u3629-20\">Mul\u021bumiri tuturor exper\u021biilor care \u0219i-au \u00eempart\u0103\u0219it, at\u00e2t p\u0103rerile profesionale, c\u00e2t \u0219i materialele pe site-ul nostru. Printre ei se num\u0103r\u0103 Professor\u00a0<a href=\"https:\/\/www.henley.ac.uk\/people\/person\/dr-kevin-money\/\">Kevin Money<\/a>, Professor of Reputation &amp; Responsible Leadership, Henley Business School,\u00a0<a href=\"http:\/\/www.mullenlowelondon.com\/team\/charlie-snow\/\">Charlie Snow<\/a>, Chief Strategy Officer, MullenLowe,\u00a0<a href=\"https:\/\/www.linkedin.com\/in\/stephenwaddington\">Stephen Waddngton<\/a>, Partner and Chief Engagement Officer, Ketchum,\u00a0<a href=\"https:\/\/www.linkedin.com\/in\/shonaliburke\">Shonali Burke<\/a>, President &amp; CEO Shonali Burke Consulting, \u0219i <a href=\"https:\/\/www.linkedin.com\/in\/ginidietrich\">Gini Dietrich<\/a>, CEO Arment Dietrich Inc.<\/p>\n<\/div><\/section><\/div>\n<style type=\"text\/css\" data-created_by=\"avia_inline_auto\" id=\"style-css-av-av_one_third-0aa7055fe62c3622faec82866afbaeb2\">\n.flex_column.av-av_one_third-0aa7055fe62c3622faec82866afbaeb2{\nborder-radius:0px 0px 0px 0px;\npadding:0px 0px 0px 0px;\n}\n<\/style>\n<div  class='flex_column av-av_one_third-0aa7055fe62c3622faec82866afbaeb2 av_one_third  avia-builder-el-7  el_after_av_one_third  avia-builder-el-last  flex_column_div av-zero-column-padding  column-top-margin'     ><section  class='av_textblock_section av-av_textblock-35972167d9f102c5ddaec0c531c98b9e '   itemscope=\"itemscope\" itemtype=\"https:\/\/schema.org\/CreativeWork\" ><div class='avia_textblock'  itemprop=\"text\" ><p>Nu \u00een ultimul r\u00e2nd, doresc s\u0103 ofer un omagiu celui pe care mul\u021bi din comunitatea speciali\u0219tiilor \u00een evaluarea comunic\u0103rii l-au considerat prieten, Don Bartholomew, care, regretabil, a decedat anul trecut. Don a fost autorul cunoscutului blog \u2018Metric Man\u2019 \u0219i\u00a0Senior Vice President, Digital and Social Media Research \u00een cadrul companiei Ketchum. Don a lucrat \u00eendeaproape, at\u00e2t cu mine, c\u00e2t \u0219i cu echipa AMEC, la dezvoltarea unora dintre cele mai valoroase resurse educa\u021bionale pe care le avem, printre care \u0219i modelul de evaluare Social Media.<\/p>\n<p>Modului lui de g\u00e2ndire a avut un rol strategic \u00een asigurarea succesului proiectului \u0219i am \u00eencercat s\u0103 \u021bin cont de abordarea lui &#8211; a crea un instrument sofisticat util \u0219i intuitiv. Consider c\u0103 am reu\u0219it sa cre\u0103m acest echilibru \u0219i sper c\u0103 Don este m\u00e2ndru de mo\u0219tenirea pe care a lasat-o.<\/p>\n<p id=\"u3635-10\" class=\"ts-Default-Link-Style--copy\"><a href=\"https:\/\/twitter.com\/richardbagnall\" target=\"_blank\" rel=\"noopener noreferrer\">Richard Bagnall<\/a>,<\/p>\n<p id=\"u3635-12\">Integrated evaluation team lead &amp; Board Director AMEC<\/p>\n<p id=\"u3635-14\">CEO PRIME Research UK<\/p>\n<\/div><\/section><\/div><\/p>\n","protected":false},"excerpt":{"rendered":"","protected":false},"author":1,"featured_media":0,"parent":3010,"menu_order":4,"comment_status":"closed","ping_status":"closed","template":"","meta":{"footnotes":""},"tags":[],"class_list":["post-3052","page","type-page","status-publish","hentry"],"yoast_head":"<!-- This site is optimized with the Yoast SEO plugin v27.2 - https:\/\/yoast.com\/product\/yoast-seo-wordpress\/ -->\n<title>Acknowledgements - AMEC Integrated Evaluation Framework<\/title>\n<meta name=\"robots\" content=\"noindex, follow, max-snippet:-1, max-image-preview:large, max-video-preview:-1\" \/>\n<meta property=\"og:locale\" content=\"ro_RO\" \/>\n<meta property=\"og:type\" content=\"article\" \/>\n<meta property=\"og:title\" content=\"Acknowledgements - AMEC Integrated Evaluation Framework\" \/>\n<meta property=\"og:url\" content=\"https:\/\/amec.blazedev.co.uk\/amecframework\/ro\/home\/acknowledgements\/\" \/>\n<meta property=\"og:site_name\" content=\"AMEC Integrated Evaluation Framework\" \/>\n<meta name=\"twitter:card\" content=\"summary_large_image\" \/>\n<meta name=\"twitter:label1\" content=\"Est. reading time\" \/>\n\t<meta name=\"twitter:data1\" content=\"4 minute\" \/>\n<script type=\"application\/ld+json\" class=\"yoast-schema-graph\">{\"@context\":\"https:\/\/schema.org\",\"@graph\":[{\"@type\":\"WebPage\",\"@id\":\"https:\/\/amec.blazedev.co.uk\/amecframework\/ro\/home\/acknowledgements\/\",\"url\":\"https:\/\/amec.blazedev.co.uk\/amecframework\/ro\/home\/acknowledgements\/\",\"name\":\"Acknowledgements - AMEC Integrated Evaluation Framework\",\"isPartOf\":{\"@id\":\"https:\/\/amec.blazedev.co.uk\/amecframework\/ru\/#website\"},\"datePublished\":\"2018-03-21T10:31:34+00:00\",\"breadcrumb\":{\"@id\":\"https:\/\/amec.blazedev.co.uk\/amecframework\/ro\/home\/acknowledgements\/#breadcrumb\"},\"inLanguage\":\"ro-RO\",\"potentialAction\":[{\"@type\":\"ReadAction\",\"target\":[\"https:\/\/amec.blazedev.co.uk\/amecframework\/ro\/home\/acknowledgements\/\"]}]},{\"@type\":\"BreadcrumbList\",\"@id\":\"https:\/\/amec.blazedev.co.uk\/amecframework\/ro\/home\/acknowledgements\/#breadcrumb\",\"itemListElement\":[{\"@type\":\"ListItem\",\"position\":1,\"name\":\"Home\",\"item\":\"https:\/\/amec.blazedev.co.uk\/amecframework\/ro\/\"},{\"@type\":\"ListItem\",\"position\":2,\"name\":\"Home\",\"item\":\"https:\/\/amec.blazedev.co.uk\/amecframework\/ro\/\"},{\"@type\":\"ListItem\",\"position\":3,\"name\":\"Acknowledgements\"}]},{\"@type\":\"WebSite\",\"@id\":\"https:\/\/amec.blazedev.co.uk\/amecframework\/ru\/#website\",\"url\":\"https:\/\/amec.blazedev.co.uk\/amecframework\/ru\/\",\"name\":\"AMEC Integrated Evaluation Framework\",\"description\":\"\",\"potentialAction\":[{\"@type\":\"SearchAction\",\"target\":{\"@type\":\"EntryPoint\",\"urlTemplate\":\"https:\/\/amec.blazedev.co.uk\/amecframework\/ru\/?s={search_term_string}\"},\"query-input\":{\"@type\":\"PropertyValueSpecification\",\"valueRequired\":true,\"valueName\":\"search_term_string\"}}],\"inLanguage\":\"ro-RO\"}]}<\/script>\n<!-- \/ Yoast SEO plugin. -->","yoast_head_json":{"title":"Acknowledgements - AMEC Integrated Evaluation Framework","robots":{"index":"noindex","follow":"follow","max-snippet":"max-snippet:-1","max-image-preview":"max-image-preview:large","max-video-preview":"max-video-preview:-1"},"og_locale":"ro_RO","og_type":"article","og_title":"Acknowledgements - AMEC Integrated Evaluation Framework","og_url":"https:\/\/amec.blazedev.co.uk\/amecframework\/ro\/home\/acknowledgements\/","og_site_name":"AMEC Integrated Evaluation Framework","twitter_card":"summary_large_image","twitter_misc":{"Est. reading time":"4 minute"},"schema":{"@context":"https:\/\/schema.org","@graph":[{"@type":"WebPage","@id":"https:\/\/amec.blazedev.co.uk\/amecframework\/ro\/home\/acknowledgements\/","url":"https:\/\/amec.blazedev.co.uk\/amecframework\/ro\/home\/acknowledgements\/","name":"Acknowledgements - AMEC Integrated Evaluation Framework","isPartOf":{"@id":"https:\/\/amec.blazedev.co.uk\/amecframework\/ru\/#website"},"datePublished":"2018-03-21T10:31:34+00:00","breadcrumb":{"@id":"https:\/\/amec.blazedev.co.uk\/amecframework\/ro\/home\/acknowledgements\/#breadcrumb"},"inLanguage":"ro-RO","potentialAction":[{"@type":"ReadAction","target":["https:\/\/amec.blazedev.co.uk\/amecframework\/ro\/home\/acknowledgements\/"]}]},{"@type":"BreadcrumbList","@id":"https:\/\/amec.blazedev.co.uk\/amecframework\/ro\/home\/acknowledgements\/#breadcrumb","itemListElement":[{"@type":"ListItem","position":1,"name":"Home","item":"https:\/\/amec.blazedev.co.uk\/amecframework\/ro\/"},{"@type":"ListItem","position":2,"name":"Home","item":"https:\/\/amec.blazedev.co.uk\/amecframework\/ro\/"},{"@type":"ListItem","position":3,"name":"Acknowledgements"}]},{"@type":"WebSite","@id":"https:\/\/amec.blazedev.co.uk\/amecframework\/ru\/#website","url":"https:\/\/amec.blazedev.co.uk\/amecframework\/ru\/","name":"AMEC Integrated Evaluation Framework","description":"","potentialAction":[{"@type":"SearchAction","target":{"@type":"EntryPoint","urlTemplate":"https:\/\/amec.blazedev.co.uk\/amecframework\/ru\/?s={search_term_string}"},"query-input":{"@type":"PropertyValueSpecification","valueRequired":true,"valueName":"search_term_string"}}],"inLanguage":"ro-RO"}]}},"_links":{"self":[{"href":"https:\/\/amec.blazedev.co.uk\/amecframework\/ro\/wp-json\/wp\/v2\/pages\/3052","targetHints":{"allow":["GET"]}}],"collection":[{"href":"https:\/\/amec.blazedev.co.uk\/amecframework\/ro\/wp-json\/wp\/v2\/pages"}],"about":[{"href":"https:\/\/amec.blazedev.co.uk\/amecframework\/ro\/wp-json\/wp\/v2\/types\/page"}],"author":[{"embeddable":true,"href":"https:\/\/amec.blazedev.co.uk\/amecframework\/ro\/wp-json\/wp\/v2\/users\/1"}],"replies":[{"embeddable":true,"href":"https:\/\/amec.blazedev.co.uk\/amecframework\/ro\/wp-json\/wp\/v2\/comments?post=3052"}],"version-history":[{"count":1,"href":"https:\/\/amec.blazedev.co.uk\/amecframework\/ro\/wp-json\/wp\/v2\/pages\/3052\/revisions"}],"predecessor-version":[{"id":3053,"href":"https:\/\/amec.blazedev.co.uk\/amecframework\/ro\/wp-json\/wp\/v2\/pages\/3052\/revisions\/3053"}],"up":[{"embeddable":true,"href":"https:\/\/amec.blazedev.co.uk\/amecframework\/ro\/wp-json\/wp\/v2\/pages\/3010"}],"wp:attachment":[{"href":"https:\/\/amec.blazedev.co.uk\/amecframework\/ro\/wp-json\/wp\/v2\/media?parent=3052"}],"wp:term":[{"taxonomy":"post_tag","embeddable":true,"href":"https:\/\/amec.blazedev.co.uk\/amecframework\/ro\/wp-json\/wp\/v2\/tags?post=3052"}],"curies":[{"name":"wp","href":"https:\/\/api.w.org\/{rel}","templated":true}]}}