{"id":978,"date":"2016-12-05T15:26:14","date_gmt":"2016-12-05T15:26:14","guid":{"rendered":"http:\/\/amecorg.com\/amecframework\/pt-pt\/?page_id=978"},"modified":"2017-03-07T08:51:44","modified_gmt":"2017-03-07T08:51:44","slug":"acknowledgements","status":"publish","type":"page","link":"https:\/\/amec.blazedev.co.uk\/amecframework\/pt-pt\/home\/acknowledgements\/","title":{"rendered":"Acknowledgements"},"content":{"rendered":"\n<style type=\"text\/css\" data-created_by=\"avia_inline_auto\" id=\"style-css-av-av_one_full-6126cab7d8fab8d08143dd2dacdf673c\">\n.flex_column.av-av_one_full-6126cab7d8fab8d08143dd2dacdf673c{\nborder-radius:0px 0px 0px 0px;\npadding:0px 0px 0px 0px;\n}\n<\/style>\n<div  class='flex_column av-av_one_full-6126cab7d8fab8d08143dd2dacdf673c av_one_full  avia-builder-el-0  el_before_av_one_third  avia-builder-el-first  first flex_column_div av-zero-column-padding  '     ><style type=\"text\/css\" data-created_by=\"avia_inline_auto\" id=\"style-css-av-av_textblock-710f2b84645f078a27b61ae2c84de4a8\">\n#top .av_textblock_section.av-av_textblock-710f2b84645f078a27b61ae2c84de4a8 .avia_textblock{\nfont-size:25px;\n}\n<\/style>\n<section  class='av_textblock_section av-av_textblock-710f2b84645f078a27b61ae2c84de4a8 '   itemscope=\"itemscope\" itemtype=\"https:\/\/schema.org\/CreativeWork\" ><div class='avia_textblock'  itemprop=\"text\" ><div id=\"u3631-4\" class=\"clearfix colelem shared_content\" data-content-guid=\"u3631-4_content\">\n<p style=\"text-align: center; margin-top: -10px;\">RECONHECIMENTOS E AGRADECIMENTOS<\/p>\n<\/div>\n<\/div><\/section><br \/>\n\n<style type=\"text\/css\" data-created_by=\"avia_inline_auto\" id=\"style-css-av-av_hr-cff9db79973b2b34cd1182f84c56818a\">\n#top .hr.av-av_hr-cff9db79973b2b34cd1182f84c56818a{\nmargin-top:30px;\nmargin-bottom:30px;\n}\n.hr.av-av_hr-cff9db79973b2b34cd1182f84c56818a .hr-inner{\nwidth:300px;\nborder-color:#ff5800;\n}\n<\/style>\n<div  class='hr av-av_hr-cff9db79973b2b34cd1182f84c56818a hr-custom  avia-builder-el-2  el_after_av_textblock  avia-builder-el-last  hr-center hr-icon-no'><span class='hr-inner inner-border-av-border-fat'><span class=\"hr-inner-style\"><\/span><\/span><\/div><\/p><\/div>\n\n<style type=\"text\/css\" data-created_by=\"avia_inline_auto\" id=\"style-css-av-av_one_third-6126cab7d8fab8d08143dd2dacdf673c\">\n.flex_column.av-av_one_third-6126cab7d8fab8d08143dd2dacdf673c{\nborder-radius:0px 0px 0px 0px;\npadding:0px 0px 0px 0px;\n}\n<\/style>\n<div  class='flex_column av-av_one_third-6126cab7d8fab8d08143dd2dacdf673c av_one_third  avia-builder-el-3  el_after_av_one_full  el_before_av_one_third  first flex_column_div av-zero-column-padding  column-top-margin'     ><section  class='av_textblock_section av-av_textblock-35972167d9f102c5ddaec0c531c98b9e '   itemscope=\"itemscope\" itemtype=\"https:\/\/schema.org\/CreativeWork\" ><div class='avia_textblock'  itemprop=\"text\" ><p>Devemos agradecer a equipe de avalia\u00e7\u00e3o integrada da AMEC que trabalhou tanto no ano passado para desenvolver o centro de recursos e nosso quadro interativo. Um agradecimento especial a Jim Macnamara, Professor de Comunica\u00e7\u00e3o P\u00fablica. Faculdade de Comunica\u00e7\u00e3o, Faculdade de Letras e Ci\u00eancias Sociais, Universidade de Tecnologia de Sydney, que criou a taxonomia de avalia\u00e7\u00e3o e que gentilmente permitiu a AMEC us\u00e1-la e compartilhar a mesma. Jim tamb\u00e9m lidera o AMEC Academic Advisory Group (Grupo Consultivo Acad\u00eamico da AMEC), que empenhou seu tempo em fornecer feedback sobre o conte\u00fado deste quadro durante o seu desenvolvimento.<\/p>\n<p>Obrigado aos membros do time do Quadro de Avalia\u00e7\u00e3o Integrada AMEC:<\/p>\n<ul>\n<li>Paul Hender, Head de Insights da Gorkana<\/li>\n<li>Elayne Phillips do Cabinet Office do Reino Unido<\/li>\n<li>Giles Peddy, Diretor de Grupo da Lewis \u2013 que gentilmente tamb\u00e9m doou muitos recursos de desenvolvimento para tornar o site poss\u00edvel.<\/li>\n<\/ul>\n<\/div><\/section><\/div>\n<style type=\"text\/css\" data-created_by=\"avia_inline_auto\" id=\"style-css-av-av_one_third-0aa7055fe62c3622faec82866afbaeb2\">\n.flex_column.av-av_one_third-0aa7055fe62c3622faec82866afbaeb2{\nborder-radius:0px 0px 0px 0px;\npadding:0px 0px 0px 0px;\n}\n<\/style>\n<div  class='flex_column av-av_one_third-0aa7055fe62c3622faec82866afbaeb2 av_one_third  avia-builder-el-5  el_after_av_one_third  el_before_av_one_third  flex_column_div av-zero-column-padding  column-top-margin'     ><section  class='av_textblock_section av-av_textblock-35972167d9f102c5ddaec0c531c98b9e '   itemscope=\"itemscope\" itemtype=\"https:\/\/schema.org\/CreativeWork\" ><div class='avia_textblock'  itemprop=\"text\" ><p>E os outros membros da nossa equipe que inclui <a href=\"https:\/\/uk.linkedin.com\/in\/karen-prichard-96572b18\"><b>Karen Prichard<\/b><\/a>, MD de Reputa\u00e7\u00e3o na Ebiquity,\u00a0<a href=\"https:\/\/uk.linkedin.com\/in\/lisastoryvigar\"><b>Lisa Story<\/b><\/a>, Diretora de Estrat\u00e9gia da Cohn y Wolfe,\u00a0<a href=\"https:\/\/www.linkedin.com\/in\/margotsavell\"><b>Margot Savell<\/b><\/a>, Vice-presidente S\u00eanior de Medi\u00e7\u00e3o Global da Hill &amp; Knowlton Strategies, Paul Njoku, que lidera projetos de avalia\u00e7\u00e3o do Cabinet Office do Reino Unido,\u00a0<a href=\"https:\/\/se.linkedin.com\/in\/ann-sofie-krol-klaar-64712\"><b>Ann-Sofie Kroll<\/b><\/a>, CEO da Brick Insight AB,\u00a0<a href=\"https:\/\/in.linkedin.com\/in\/aseemsood\"><b>Aseem Sood<\/b><\/a>, CEO da Impact Research &amp; Measurement, y\u00a0<a href=\"https:\/\/bg.linkedin.com\/in\/rayna-grudova-de-lange-b7a6539\"><b>Rayna Grudova-de Lange<\/b><\/a>, CEO da DeLange Analytics.<\/p>\n<p id=\"u3629-20\">Obrigado tamb\u00e9m aos especialistas do setor que contribu\u00edram com seus pensamentos e compartilhando artigos no nosso site. Incluindo <a href=\"https:\/\/www.henley.ac.uk\/people\/person\/dr-kevin-money\/\"><b>Kevin Money<\/b><\/a>, Professor de Reputa\u00e7\u00e3o e Lideran\u00e7a Respons\u00e1vel na Henley Business School,\u00a0<a href=\"http:\/\/www.mullenlowelondon.com\/team\/charlie-snow\/\"><b>Charlie Snow<\/b><\/a>, Chefe de Estrat\u00e9gia da MullenLowe,\u00a0<a href=\"https:\/\/www.linkedin.com\/in\/stephenwaddington\"><b>Stephen Waddngton<\/b><\/a>, S\u00f3cio e Chefe de Engajamento da Ketchum, <a href=\"https:\/\/www.linkedin.com\/in\/shonaliburke\"><b>Shonali Burke<\/b><\/a>, Presidente &amp; CEO da Shonali Burke Consulting, e <a href=\"https:\/\/www.linkedin.com\/in\/ginidietrich\"><b>Gini Dietrich<\/b><\/a>, CEO da Arment Dietrich Inc.<\/p>\n<\/div><\/section><\/div><\/p>\n\n<style type=\"text\/css\" data-created_by=\"avia_inline_auto\" id=\"style-css-av-av_one_third-0aa7055fe62c3622faec82866afbaeb2\">\n.flex_column.av-av_one_third-0aa7055fe62c3622faec82866afbaeb2{\nborder-radius:0px 0px 0px 0px;\npadding:0px 0px 0px 0px;\n}\n<\/style>\n<div  class='flex_column av-av_one_third-0aa7055fe62c3622faec82866afbaeb2 av_one_third  avia-builder-el-7  el_after_av_one_third  avia-builder-el-last  flex_column_div av-zero-column-padding  column-top-margin'     ><section  class='av_textblock_section av-av_textblock-35972167d9f102c5ddaec0c531c98b9e '   itemscope=\"itemscope\" itemtype=\"https:\/\/schema.org\/CreativeWork\" ><div class='avia_textblock'  itemprop=\"text\" ><p>Finalmente eu gostaria de prestar homenagem e uma men\u00e7\u00e3o especial para um amigo de muitos na comunidade de medi\u00e7\u00e3o global, Don Bartholomew, que infelizmente faleceu no ano passado. Don foi autor do respeitado blog Metrics Man, e foi vice-presidente s\u00eanior de pesquisa de m\u00eddia social e digital da Ketchum. Don trabalhou em estreita colabora\u00e7\u00e3o comigo e com a equipe da AMEC no desenvolvimento de muitos dos nossos melhores recursos educacionais, incluindo os quadros de medi\u00e7\u00e3o de m\u00eddia social. Seu pensamento tem sido fundamental para o nosso sucesso e tenho tentado em todos os momentos manter a sua abordagem muito presente &#8211; para fazer uma ferramenta que \u00e9 sofisticada e significativa, mas n\u00e3o impenetr\u00e1vel ou demasiada complexa de usar. Eu acredito que n\u00f3s temos o equil\u00edbrio certo e espero que Don tamb\u00e9m esteja orgulhoso de que seu legado vive.<\/p>\n<p id=\"u3635-10\" class=\"ts-Default-Link-Style--copy\"><a class=\"nonblock\" href=\"https:\/\/twitter.com\/richardbagnall\" target=\"_blank\">Richard Bagnall<\/a><span id=\"u3635-9\">,<\/span><\/p>\n<p id=\"u3635-12\">L\u00edder da Equipe de Avalia\u00e7\u00e3o Integrada e Diretor de Conselho da AMEC<\/p>\n<p id=\"u3635-14\">CEO PRIME Research UK<\/p>\n<\/div><\/section><\/div>\n","protected":false},"excerpt":{"rendered":"","protected":false},"author":1,"featured_media":0,"parent":963,"menu_order":4,"comment_status":"closed","ping_status":"closed","template":"","meta":{"footnotes":""},"tags":[],"class_list":["post-978","page","type-page","status-publish","hentry"],"yoast_head":"<!-- This site is optimized with the Yoast SEO plugin v27.2 - https:\/\/yoast.com\/product\/yoast-seo-wordpress\/ -->\n<title>Acknowledgements - AMEC Integrated Evaluation Framework<\/title>\n<meta name=\"robots\" content=\"noindex, follow, max-snippet:-1, max-image-preview:large, max-video-preview:-1\" \/>\n<meta property=\"og:locale\" content=\"pt_PT\" \/>\n<meta property=\"og:type\" content=\"article\" \/>\n<meta property=\"og:title\" content=\"Acknowledgements - AMEC Integrated Evaluation Framework\" \/>\n<meta property=\"og:url\" content=\"https:\/\/amec.blazedev.co.uk\/amecframework\/pt-pt\/home\/acknowledgements\/\" \/>\n<meta property=\"og:site_name\" content=\"AMEC Integrated Evaluation Framework\" \/>\n<meta property=\"article:modified_time\" content=\"2017-03-07T08:51:44+00:00\" \/>\n<meta name=\"twitter:card\" content=\"summary_large_image\" \/>\n<meta name=\"twitter:label1\" content=\"Est. reading time\" \/>\n\t<meta name=\"twitter:data1\" content=\"4 minutos\" \/>\n<script type=\"application\/ld+json\" class=\"yoast-schema-graph\">{\"@context\":\"https:\/\/schema.org\",\"@graph\":[{\"@type\":\"WebPage\",\"@id\":\"https:\/\/amec.blazedev.co.uk\/amecframework\/pt-pt\/home\/acknowledgements\/\",\"url\":\"https:\/\/amec.blazedev.co.uk\/amecframework\/pt-pt\/home\/acknowledgements\/\",\"name\":\"Acknowledgements - AMEC Integrated Evaluation Framework\",\"isPartOf\":{\"@id\":\"https:\/\/amec.blazedev.co.uk\/amecframework\/ru\/#website\"},\"datePublished\":\"2016-12-05T15:26:14+00:00\",\"dateModified\":\"2017-03-07T08:51:44+00:00\",\"breadcrumb\":{\"@id\":\"https:\/\/amec.blazedev.co.uk\/amecframework\/pt-pt\/home\/acknowledgements\/#breadcrumb\"},\"inLanguage\":\"pt-PT\",\"potentialAction\":[{\"@type\":\"ReadAction\",\"target\":[\"https:\/\/amec.blazedev.co.uk\/amecframework\/pt-pt\/home\/acknowledgements\/\"]}]},{\"@type\":\"BreadcrumbList\",\"@id\":\"https:\/\/amec.blazedev.co.uk\/amecframework\/pt-pt\/home\/acknowledgements\/#breadcrumb\",\"itemListElement\":[{\"@type\":\"ListItem\",\"position\":1,\"name\":\"Home\",\"item\":\"https:\/\/amec.blazedev.co.uk\/amecframework\/pt-pt\/\"},{\"@type\":\"ListItem\",\"position\":2,\"name\":\"Home\",\"item\":\"https:\/\/amec.blazedev.co.uk\/amecframework\/pt-pt\/\"},{\"@type\":\"ListItem\",\"position\":3,\"name\":\"Acknowledgements\"}]},{\"@type\":\"WebSite\",\"@id\":\"https:\/\/amec.blazedev.co.uk\/amecframework\/ru\/#website\",\"url\":\"https:\/\/amec.blazedev.co.uk\/amecframework\/ru\/\",\"name\":\"AMEC Integrated Evaluation Framework\",\"description\":\"\",\"potentialAction\":[{\"@type\":\"SearchAction\",\"target\":{\"@type\":\"EntryPoint\",\"urlTemplate\":\"https:\/\/amec.blazedev.co.uk\/amecframework\/ru\/?s={search_term_string}\"},\"query-input\":{\"@type\":\"PropertyValueSpecification\",\"valueRequired\":true,\"valueName\":\"search_term_string\"}}],\"inLanguage\":\"pt-PT\"}]}<\/script>\n<!-- \/ Yoast SEO plugin. -->","yoast_head_json":{"title":"Acknowledgements - AMEC Integrated Evaluation Framework","robots":{"index":"noindex","follow":"follow","max-snippet":"max-snippet:-1","max-image-preview":"max-image-preview:large","max-video-preview":"max-video-preview:-1"},"og_locale":"pt_PT","og_type":"article","og_title":"Acknowledgements - AMEC Integrated Evaluation Framework","og_url":"https:\/\/amec.blazedev.co.uk\/amecframework\/pt-pt\/home\/acknowledgements\/","og_site_name":"AMEC Integrated Evaluation Framework","article_modified_time":"2017-03-07T08:51:44+00:00","twitter_card":"summary_large_image","twitter_misc":{"Est. reading time":"4 minutos"},"schema":{"@context":"https:\/\/schema.org","@graph":[{"@type":"WebPage","@id":"https:\/\/amec.blazedev.co.uk\/amecframework\/pt-pt\/home\/acknowledgements\/","url":"https:\/\/amec.blazedev.co.uk\/amecframework\/pt-pt\/home\/acknowledgements\/","name":"Acknowledgements - AMEC Integrated Evaluation Framework","isPartOf":{"@id":"https:\/\/amec.blazedev.co.uk\/amecframework\/ru\/#website"},"datePublished":"2016-12-05T15:26:14+00:00","dateModified":"2017-03-07T08:51:44+00:00","breadcrumb":{"@id":"https:\/\/amec.blazedev.co.uk\/amecframework\/pt-pt\/home\/acknowledgements\/#breadcrumb"},"inLanguage":"pt-PT","potentialAction":[{"@type":"ReadAction","target":["https:\/\/amec.blazedev.co.uk\/amecframework\/pt-pt\/home\/acknowledgements\/"]}]},{"@type":"BreadcrumbList","@id":"https:\/\/amec.blazedev.co.uk\/amecframework\/pt-pt\/home\/acknowledgements\/#breadcrumb","itemListElement":[{"@type":"ListItem","position":1,"name":"Home","item":"https:\/\/amec.blazedev.co.uk\/amecframework\/pt-pt\/"},{"@type":"ListItem","position":2,"name":"Home","item":"https:\/\/amec.blazedev.co.uk\/amecframework\/pt-pt\/"},{"@type":"ListItem","position":3,"name":"Acknowledgements"}]},{"@type":"WebSite","@id":"https:\/\/amec.blazedev.co.uk\/amecframework\/ru\/#website","url":"https:\/\/amec.blazedev.co.uk\/amecframework\/ru\/","name":"AMEC Integrated Evaluation Framework","description":"","potentialAction":[{"@type":"SearchAction","target":{"@type":"EntryPoint","urlTemplate":"https:\/\/amec.blazedev.co.uk\/amecframework\/ru\/?s={search_term_string}"},"query-input":{"@type":"PropertyValueSpecification","valueRequired":true,"valueName":"search_term_string"}}],"inLanguage":"pt-PT"}]}},"_links":{"self":[{"href":"https:\/\/amec.blazedev.co.uk\/amecframework\/pt-pt\/wp-json\/wp\/v2\/pages\/978","targetHints":{"allow":["GET"]}}],"collection":[{"href":"https:\/\/amec.blazedev.co.uk\/amecframework\/pt-pt\/wp-json\/wp\/v2\/pages"}],"about":[{"href":"https:\/\/amec.blazedev.co.uk\/amecframework\/pt-pt\/wp-json\/wp\/v2\/types\/page"}],"author":[{"embeddable":true,"href":"https:\/\/amec.blazedev.co.uk\/amecframework\/pt-pt\/wp-json\/wp\/v2\/users\/1"}],"replies":[{"embeddable":true,"href":"https:\/\/amec.blazedev.co.uk\/amecframework\/pt-pt\/wp-json\/wp\/v2\/comments?post=978"}],"version-history":[{"count":2,"href":"https:\/\/amec.blazedev.co.uk\/amecframework\/pt-pt\/wp-json\/wp\/v2\/pages\/978\/revisions"}],"predecessor-version":[{"id":1084,"href":"https:\/\/amec.blazedev.co.uk\/amecframework\/pt-pt\/wp-json\/wp\/v2\/pages\/978\/revisions\/1084"}],"up":[{"embeddable":true,"href":"https:\/\/amec.blazedev.co.uk\/amecframework\/pt-pt\/wp-json\/wp\/v2\/pages\/963"}],"wp:attachment":[{"href":"https:\/\/amec.blazedev.co.uk\/amecframework\/pt-pt\/wp-json\/wp\/v2\/media?parent=978"}],"wp:term":[{"taxonomy":"post_tag","embeddable":true,"href":"https:\/\/amec.blazedev.co.uk\/amecframework\/pt-pt\/wp-json\/wp\/v2\/tags?post=978"}],"curies":[{"name":"wp","href":"https:\/\/api.w.org\/{rel}","templated":true}]}}