{"id":974,"date":"2016-12-05T14:15:59","date_gmt":"2016-12-05T14:15:59","guid":{"rendered":"http:\/\/amecorg.com\/amecframework\/pt-pt\/?page_id=974"},"modified":"2016-12-05T14:15:59","modified_gmt":"2016-12-05T14:15:59","slug":"endorsements","status":"publish","type":"page","link":"https:\/\/amec.blazedev.co.uk\/amecframework\/pt-pt\/home\/supporting-material\/endorsements\/","title":{"rendered":"Endorsements"},"content":{"rendered":"\n<style type=\"text\/css\" data-created_by=\"avia_inline_auto\" id=\"style-css-av-av_one_full-6126cab7d8fab8d08143dd2dacdf673c\">\n.flex_column.av-av_one_full-6126cab7d8fab8d08143dd2dacdf673c{\nborder-radius:0px 0px 0px 0px;\npadding:0px 0px 0px 0px;\n}\n<\/style>\n<div  class='flex_column av-av_one_full-6126cab7d8fab8d08143dd2dacdf673c av_one_full  avia-builder-el-0  el_before_av_one_full  avia-builder-el-first  first flex_column_div av-zero-column-padding  '     ><style type=\"text\/css\" data-created_by=\"avia_inline_auto\" id=\"style-css-av-av_textblock-710f2b84645f078a27b61ae2c84de4a8\">\n#top .av_textblock_section.av-av_textblock-710f2b84645f078a27b61ae2c84de4a8 .avia_textblock{\nfont-size:25px;\n}\n<\/style>\n<section  class='av_textblock_section av-av_textblock-710f2b84645f078a27b61ae2c84de4a8 '   itemscope=\"itemscope\" itemtype=\"https:\/\/schema.org\/CreativeWork\" ><div class='avia_textblock'  itemprop=\"text\" ><div id=\"u10244-6\" class=\"clearfix colelem shared_content\" data-content-guid=\"u10244-6_content\">\n<div id=\"u2050-4\" class=\"clearfix colelem shared_content\" data-content-guid=\"u2050-4_content\">\n<p style=\"text-align: center; margin-bottom: -9px;\">APROVA\u00c7\u00d5ES<\/p>\n<\/div>\n<\/div>\n<\/div><\/section><br \/>\n\n<style type=\"text\/css\" data-created_by=\"avia_inline_auto\" id=\"style-css-av-av_hr-cff9db79973b2b34cd1182f84c56818a\">\n#top .hr.av-av_hr-cff9db79973b2b34cd1182f84c56818a{\nmargin-top:30px;\nmargin-bottom:30px;\n}\n.hr.av-av_hr-cff9db79973b2b34cd1182f84c56818a .hr-inner{\nwidth:300px;\nborder-color:#ff5800;\n}\n<\/style>\n<div  class='hr av-av_hr-cff9db79973b2b34cd1182f84c56818a hr-custom  avia-builder-el-2  el_after_av_textblock  el_before_av_textblock  hr-center hr-icon-no'><span class='hr-inner inner-border-av-border-fat'><span class=\"hr-inner-style\"><\/span><\/span><\/div><br \/>\n<section  class='av_textblock_section av-av_textblock-35972167d9f102c5ddaec0c531c98b9e '   itemscope=\"itemscope\" itemtype=\"https:\/\/schema.org\/CreativeWork\" ><div class='avia_textblock'  itemprop=\"text\" ><p>Eu acho que esta nova ferramenta interativa \u00e9 fant\u00e1stica e extremamente valiosa para a ind\u00fastria. Leva a teoria dos Princ\u00edpios de Barcelona para uma realidade de fixar metas, estabelecer KPIs e implementar programas de medi\u00e7\u00e3o \u00c9 algo que eu posso ver usando o tempo todo com muitos dos nossos clientes e equipes de contas&#8221;.<\/p>\n<\/div><\/section><br \/>\n<section  class='avia-team-member av-av_team_member-c61e14b76476ff05d8341676d667f5e6  avia-builder-el-4  el_after_av_textblock  avia-builder-el-last  vertical'  itemscope=\"itemscope\" itemtype=\"https:\/\/schema.org\/Person\" ><div class=\"team-img-container\"><img decoding=\"async\" fetchpriority=\"high\" class='wp-image-106 avia-img-lazy-loading-not-106 avia_image avia_image_team' src=\"https:\/\/amec.blazedev.co.uk\/amecframework\/wp-content\/uploads\/2016\/08\/david_rockland_headshot_0.jpg\" alt='David B. Rockland, Ph.D.'  itemprop=\"image\"   height=\"81\" width=\"79\" srcset=\"https:\/\/amec.blazedev.co.uk\/amecframework\/wp-content\/uploads\/2016\/08\/david_rockland_headshot_0.jpg 79w, https:\/\/amec.blazedev.co.uk\/amecframework\/wp-content\/uploads\/2016\/08\/david_rockland_headshot_0-36x36.jpg 36w\" sizes=\"(max-width: 79px) 100vw, 79px\" \/><\/div><h3 class='team-member-name '  itemprop=\"name\" >David B. Rockland, Ph.D.<\/h3><div class='team-member-description '  itemprop=\"description\" ><p>S\u00f3cio\/CEO<br \/>\nKetchum Global Research &amp; Analytics<br \/>\nEx-presidente da AMEC<\/p>\n<\/div><span class='hidden team-member-affiliation'  itemprop=\"affiliation\" >AMEC Integrated Evaluation Framework<\/span><\/section><\/p><\/div>\n<style type=\"text\/css\" data-created_by=\"avia_inline_auto\" id=\"style-css-av-av_one_full-6126cab7d8fab8d08143dd2dacdf673c\">\n.flex_column.av-av_one_full-6126cab7d8fab8d08143dd2dacdf673c{\nborder-radius:0px 0px 0px 0px;\npadding:0px 0px 0px 0px;\n}\n<\/style>\n<div  class='flex_column av-av_one_full-6126cab7d8fab8d08143dd2dacdf673c av_one_full  avia-builder-el-5  el_after_av_one_full  el_before_av_one_full  first flex_column_div av-zero-column-padding  column-top-margin'     ><p>\n<style type=\"text\/css\" data-created_by=\"avia_inline_auto\" id=\"style-css-av-av_hr-cff9db79973b2b34cd1182f84c56818a\">\n#top .hr.av-av_hr-cff9db79973b2b34cd1182f84c56818a{\nmargin-top:30px;\nmargin-bottom:30px;\n}\n.hr.av-av_hr-cff9db79973b2b34cd1182f84c56818a .hr-inner{\nwidth:300px;\nborder-color:#ff5800;\n}\n<\/style>\n<div  class='hr av-av_hr-cff9db79973b2b34cd1182f84c56818a hr-custom  avia-builder-el-6  el_before_av_textblock  avia-builder-el-first  hr-center hr-icon-no'><span class='hr-inner inner-border-av-border-fat'><span class=\"hr-inner-style\"><\/span><\/span><\/div><br \/>\n<section  class='av_textblock_section av-av_textblock-35972167d9f102c5ddaec0c531c98b9e '   itemscope=\"itemscope\" itemtype=\"https:\/\/schema.org\/CreativeWork\" ><div class='avia_textblock'  itemprop=\"text\" ><p style=\"text-align: center;\"><span style=\"font-weight: 400;\">&#8220;Ter um quadro de avalia\u00e7\u00e3o global \u00e9 muito ben\u00e9fico em identificar os est\u00e1gios da comunica\u00e7\u00e3o; a necessidade de avalia\u00e7\u00e3o em cada fase, em particular a necessidade de avaliar resultados e impacto; e ajuda a identificar as m\u00e9tricas e m\u00e9todos que podem ser utilizados. Ag\u00eancias do governo de New South Wales t\u00eam respondido positivamente sobre o quadro de avalia\u00e7\u00e3o que introduzimos&#8221;.<\/span><\/p>\n<p style=\"text-align: center;\"><img loading=\"lazy\" decoding=\"async\" class=\"alignnone size-full wp-image-108\" src=\"https:\/\/amec.blazedev.co.uk\/amecframework\/wp-content\/uploads\/2016\/08\/dpc-print-header-logo.jpg\" alt=\"dpc-print-header-logo\" width=\"218\" height=\"79\" \/><\/p>\n<\/div><\/section><\/p><\/div>\n<style type=\"text\/css\" data-created_by=\"avia_inline_auto\" id=\"style-css-av-av_one_full-6126cab7d8fab8d08143dd2dacdf673c\">\n.flex_column.av-av_one_full-6126cab7d8fab8d08143dd2dacdf673c{\nborder-radius:0px 0px 0px 0px;\npadding:0px 0px 0px 0px;\n}\n<\/style>\n<div  class='flex_column av-av_one_full-6126cab7d8fab8d08143dd2dacdf673c av_one_full  avia-builder-el-8  el_after_av_one_full  el_before_av_one_full  first flex_column_div av-zero-column-padding  column-top-margin'     ><p>\n<style type=\"text\/css\" data-created_by=\"avia_inline_auto\" id=\"style-css-av-av_hr-cff9db79973b2b34cd1182f84c56818a\">\n#top .hr.av-av_hr-cff9db79973b2b34cd1182f84c56818a{\nmargin-top:30px;\nmargin-bottom:30px;\n}\n.hr.av-av_hr-cff9db79973b2b34cd1182f84c56818a .hr-inner{\nwidth:300px;\nborder-color:#ff5800;\n}\n<\/style>\n<div  class='hr av-av_hr-cff9db79973b2b34cd1182f84c56818a hr-custom  avia-builder-el-9  el_before_av_textblock  avia-builder-el-first  hr-center hr-icon-no'><span class='hr-inner inner-border-av-border-fat'><span class=\"hr-inner-style\"><\/span><\/span><\/div><br \/>\n<section  class='av_textblock_section av-av_textblock-35972167d9f102c5ddaec0c531c98b9e '   itemscope=\"itemscope\" itemtype=\"https:\/\/schema.org\/CreativeWork\" ><div class='avia_textblock'  itemprop=\"text\" ><p style=\"text-align: center;\"><span style=\"font-weight: 400;\">&#8220;O quadro da AMEC n\u00e3o s\u00f3 torna incrivelmente f\u00e1cil para voc\u00ea planejar um programa de comunica\u00e7\u00e3o, ele mesmo insiste que voc\u00ea tenha objetivos reais e mensur\u00e1veis. Isto deve tornar-se um padr\u00e3o da ind\u00fastria em todos os continentes e idiomas.&#8221;<\/span><\/p>\n<\/div><\/section><br \/>\n<section  class='avia-team-member av-av_team_member-344ec717720aef9e3a3cf8bec2a03f54  avia-builder-el-11  el_after_av_textblock  avia-builder-el-last  vertical'  itemscope=\"itemscope\" itemtype=\"https:\/\/schema.org\/Person\" ><div class=\"team-img-container\"><img decoding=\"async\" fetchpriority=\"high\" class='wp-image-93 avia-img-lazy-loading-not-93 avia_image avia_image_team' src=\"https:\/\/amec.blazedev.co.uk\/amecframework\/wp-content\/uploads\/2016\/08\/gini-dietrich.jpg\" alt='Gini Dietrich'  itemprop=\"image\"   height=\"100\" width=\"79\" \/><\/div><h3 class='team-member-name '  itemprop=\"name\" >Gini Dietrich<\/h3><div class='team-member-description '  itemprop=\"description\" ><p>CEO Arment Dietrich<br \/>\nAutor de Spin Sucks<\/p>\n<\/div><span class='hidden team-member-affiliation'  itemprop=\"affiliation\" >AMEC Integrated Evaluation Framework<\/span><\/section><\/p><\/div>\n<style type=\"text\/css\" data-created_by=\"avia_inline_auto\" id=\"style-css-av-av_one_full-6126cab7d8fab8d08143dd2dacdf673c\">\n.flex_column.av-av_one_full-6126cab7d8fab8d08143dd2dacdf673c{\nborder-radius:0px 0px 0px 0px;\npadding:0px 0px 0px 0px;\n}\n<\/style>\n<div  class='flex_column av-av_one_full-6126cab7d8fab8d08143dd2dacdf673c av_one_full  avia-builder-el-12  el_after_av_one_full  el_before_av_one_full  first flex_column_div av-zero-column-padding  column-top-margin'     ><p>\n<style type=\"text\/css\" data-created_by=\"avia_inline_auto\" id=\"style-css-av-av_hr-cff9db79973b2b34cd1182f84c56818a\">\n#top .hr.av-av_hr-cff9db79973b2b34cd1182f84c56818a{\nmargin-top:30px;\nmargin-bottom:30px;\n}\n.hr.av-av_hr-cff9db79973b2b34cd1182f84c56818a .hr-inner{\nwidth:300px;\nborder-color:#ff5800;\n}\n<\/style>\n<div  class='hr av-av_hr-cff9db79973b2b34cd1182f84c56818a hr-custom  avia-builder-el-13  el_before_av_textblock  avia-builder-el-first  hr-center hr-icon-no'><span class='hr-inner inner-border-av-border-fat'><span class=\"hr-inner-style\"><\/span><\/span><\/div><br \/>\n<section  class='av_textblock_section av-av_textblock-35972167d9f102c5ddaec0c531c98b9e '   itemscope=\"itemscope\" itemtype=\"https:\/\/schema.org\/CreativeWork\" ><div class='avia_textblock'  itemprop=\"text\" ><p style=\"text-align: center;\">&#8220;Avaliar a efic\u00e1cia da comunica\u00e7\u00e3o nunca foi t\u00e3o importante. No Governo do Reino Unido, os princ\u00edpios da AMEC nos ajudaram a ter certeza de que estamos medindo o que importa. Os princ\u00edpios devem ser aplicados na pr\u00e1tica, ent\u00e3o eu sa\u00fado este novo quadro interativo da AMEC que traz esses princ\u00edpios para a vida dos usu\u00e1rios de uma forma amig\u00e1vel.<\/p>\n<p style=\"text-align: center;\">&#8220;\u00c9 muito bom ver a ind\u00fastria se movendo para refletir a natureza integrada das comunica\u00e7\u00f5es modernas e fornecendo uma estrutura para todos os n\u00edveis &#8211; n\u00e3o apenas especialistas &#8211; para aplicar s\u00f3lidos princ\u00edpios de avalia\u00e7\u00e3o.<\/p>\n<p style=\"text-align: center;\">&#8220;Este modelo est\u00e1 fortemente alinhado com o modelo de Servi\u00e7o de Comunica\u00e7\u00e3o de Governo que lancei no in\u00edcio deste ano e gostaria de encorajar a todos a us\u00e1-lo e focar a comunica\u00e7\u00e3o em torno de resultados, para torn\u00e1-la comprovadamente eficaz.&#8221;<\/p>\n<\/div><\/section><br \/>\n<section  class='avia-team-member av-av_team_member-1126a1998381793e3247a831120ff643  avia-builder-el-15  el_after_av_textblock  avia-builder-el-last  vertical'  itemscope=\"itemscope\" itemtype=\"https:\/\/schema.org\/Person\" ><div class=\"team-img-container\"><img decoding=\"async\" fetchpriority=\"high\" class='wp-image-114 avia-img-lazy-loading-not-114 avia_image avia_image_team' src=\"https:\/\/amec.blazedev.co.uk\/amecframework\/wp-content\/uploads\/2016\/08\/alexaiken.jpg\" alt='Alex Aiken'  itemprop=\"image\"   height=\"79\" width=\"118\" \/><\/div><h3 class='team-member-name '  itemprop=\"name\" >Alex Aiken<\/h3><div class='team-member-description '  itemprop=\"description\" ><p>Diretor Executivo de Comunica\u00e7\u00e3o do Governo do Reino Unido (UK)<\/p>\n<\/div><span class='hidden team-member-affiliation'  itemprop=\"affiliation\" >AMEC Integrated Evaluation Framework<\/span><\/section><\/p><\/div>\n<style type=\"text\/css\" data-created_by=\"avia_inline_auto\" id=\"style-css-av-av_one_full-6126cab7d8fab8d08143dd2dacdf673c\">\n.flex_column.av-av_one_full-6126cab7d8fab8d08143dd2dacdf673c{\nborder-radius:0px 0px 0px 0px;\npadding:0px 0px 0px 0px;\n}\n<\/style>\n<div  class='flex_column av-av_one_full-6126cab7d8fab8d08143dd2dacdf673c av_one_full  avia-builder-el-16  el_after_av_one_full  el_before_av_one_full  first flex_column_div av-zero-column-padding  column-top-margin'     ><p>\n<style type=\"text\/css\" data-created_by=\"avia_inline_auto\" id=\"style-css-av-av_hr-cff9db79973b2b34cd1182f84c56818a\">\n#top .hr.av-av_hr-cff9db79973b2b34cd1182f84c56818a{\nmargin-top:30px;\nmargin-bottom:30px;\n}\n.hr.av-av_hr-cff9db79973b2b34cd1182f84c56818a .hr-inner{\nwidth:300px;\nborder-color:#ff5800;\n}\n<\/style>\n<div  class='hr av-av_hr-cff9db79973b2b34cd1182f84c56818a hr-custom  avia-builder-el-17  el_before_av_textblock  avia-builder-el-first  hr-center hr-icon-no'><span class='hr-inner inner-border-av-border-fat'><span class=\"hr-inner-style\"><\/span><\/span><\/div><br \/>\n<section  class='av_textblock_section av-av_textblock-35972167d9f102c5ddaec0c531c98b9e '   itemscope=\"itemscope\" itemtype=\"https:\/\/schema.org\/CreativeWork\" ><div class='avia_textblock'  itemprop=\"text\" ><p style=\"text-align: center;\">&#8220;A ferramenta \u00e9 elegantemente simples. \u00c9 o elo perdido entre os Princ\u00edpios de Barcelona, o quadro interativo da AMEC, e aplica\u00e7\u00e3o pr\u00e1tica na pr\u00e1tica de rela\u00e7\u00f5es p\u00fablicas em todas as formas de m\u00eddia. Praticantes j\u00e1 n\u00e3o t\u00eam quaisquer desculpas para n\u00e3o medir seu trabalho. Grande trabalho AMEC . Obrigado em nome da profiss\u00e3o de rela\u00e7\u00f5es p\u00fablicas. &#8220;<\/p>\n<\/div><\/section><br \/>\n<section  class='avia-team-member av-av_team_member-eb703e608264388f9552a2e7e93972a2  avia-builder-el-19  el_after_av_textblock  avia-builder-el-last  vertical'  itemscope=\"itemscope\" itemtype=\"https:\/\/schema.org\/Person\" ><div class=\"team-img-container\"><img decoding=\"async\" fetchpriority=\"high\" class='wp-image-94 avia-img-lazy-loading-not-94 avia_image avia_image_team' src=\"https:\/\/amec.blazedev.co.uk\/amecframework\/wp-content\/uploads\/2016\/08\/stephen-waddington.jpg\" alt='Stephen Waddington'  itemprop=\"image\"   height=\"79\" width=\"79\" srcset=\"https:\/\/amec.blazedev.co.uk\/amecframework\/wp-content\/uploads\/2016\/08\/stephen-waddington.jpg 79w, https:\/\/amec.blazedev.co.uk\/amecframework\/wp-content\/uploads\/2016\/08\/stephen-waddington-36x36.jpg 36w\" sizes=\"(max-width: 79px) 100vw, 79px\" \/><\/div><h3 class='team-member-name '  itemprop=\"name\" >Stephen Waddington<\/h3><div class='team-member-description '  itemprop=\"description\" ><p>S\u00f3cio e Chefe de Engajamento da Ketchum<\/p>\n<\/div><span class='hidden team-member-affiliation'  itemprop=\"affiliation\" >AMEC Integrated Evaluation Framework<\/span><\/section><\/p><\/div>\n<style type=\"text\/css\" data-created_by=\"avia_inline_auto\" id=\"style-css-av-av_one_full-6126cab7d8fab8d08143dd2dacdf673c\">\n.flex_column.av-av_one_full-6126cab7d8fab8d08143dd2dacdf673c{\nborder-radius:0px 0px 0px 0px;\npadding:0px 0px 0px 0px;\n}\n<\/style>\n<div  class='flex_column av-av_one_full-6126cab7d8fab8d08143dd2dacdf673c av_one_full  avia-builder-el-20  el_after_av_one_full  avia-builder-el-last  first flex_column_div av-zero-column-padding  column-top-margin'     ><p>\n<style type=\"text\/css\" data-created_by=\"avia_inline_auto\" id=\"style-css-av-av_hr-cff9db79973b2b34cd1182f84c56818a\">\n#top .hr.av-av_hr-cff9db79973b2b34cd1182f84c56818a{\nmargin-top:30px;\nmargin-bottom:30px;\n}\n.hr.av-av_hr-cff9db79973b2b34cd1182f84c56818a .hr-inner{\nwidth:300px;\nborder-color:#ff5800;\n}\n<\/style>\n<div  class='hr av-av_hr-cff9db79973b2b34cd1182f84c56818a hr-custom  avia-builder-el-21  el_before_av_textblock  avia-builder-el-first  hr-center hr-icon-no'><span class='hr-inner inner-border-av-border-fat'><span class=\"hr-inner-style\"><\/span><\/span><\/div><br \/>\n<section  class='av_textblock_section av-av_textblock-35972167d9f102c5ddaec0c531c98b9e '   itemscope=\"itemscope\" itemtype=\"https:\/\/schema.org\/CreativeWork\" ><div class='avia_textblock'  itemprop=\"text\" ><p style=\"text-align: center;\">&#8220;O novo Quadro de Avalia\u00e7\u00e3o Integrada da AMEC n\u00e3o \u00e9 apenas agrad\u00e1vel aos olhos &#8211; algo que eu acredito que todas as coisas \u00fateis devem ser &#8211; ele realiza a medi\u00e7\u00e3o e avalia\u00e7\u00e3o intuitiva do SMART, que \u00e9 o primeiro passo para a sua ado\u00e7\u00e3o. Nossa ind\u00fastria tem estado desesperada por uma solu\u00e7\u00e3o como esta por d\u00e9cadas e com um clique do mouse, a AMEC pode ter soado o an\u00fancio de morte das m\u00e9tricas ins\u00edpidas &#8211; transformando-as em m\u00e9tricas v\u00e1lidas &#8211; de uma vez por todas &#8220;<\/p>\n<\/div><\/section><br \/>\n<section  class='avia-team-member av-av_team_member-0f2023036a014839beb074bba384f228  avia-builder-el-23  el_after_av_textblock  avia-builder-el-last  vertical'  itemscope=\"itemscope\" itemtype=\"https:\/\/schema.org\/Person\" ><div class=\"team-img-container\"><img decoding=\"async\" fetchpriority=\"high\" class='wp-image-92 avia-img-lazy-loading-not-92 avia_image avia_image_team' src=\"https:\/\/amec.blazedev.co.uk\/amecframework\/wp-content\/uploads\/2016\/08\/shonali_burke_fullshot-2.jpg\" alt=' Shonali Burke'  itemprop=\"image\"   height=\"106\" width=\"79\" \/><\/div><h3 class='team-member-name '  itemprop=\"name\" > Shonali Burke<\/h3><div class='team-member-description '  itemprop=\"description\" ><p>CEO<br \/>\nShonali Burke Consulting<\/p>\n<\/div><span class='hidden team-member-affiliation'  itemprop=\"affiliation\" >AMEC Integrated Evaluation Framework<\/span><\/section><\/p><\/div><\/p>\n","protected":false},"excerpt":{"rendered":"","protected":false},"author":1,"featured_media":0,"parent":990,"menu_order":2,"comment_status":"closed","ping_status":"closed","template":"","meta":{"footnotes":""},"tags":[],"class_list":["post-974","page","type-page","status-publish","hentry"],"yoast_head":"<!-- This site is optimized with the Yoast SEO plugin v27.2 - https:\/\/yoast.com\/product\/yoast-seo-wordpress\/ -->\n<title>Endorsements - AMEC Integrated Evaluation Framework<\/title>\n<meta name=\"robots\" content=\"noindex, follow, max-snippet:-1, max-image-preview:large, max-video-preview:-1\" \/>\n<meta property=\"og:locale\" content=\"pt_PT\" \/>\n<meta property=\"og:type\" content=\"article\" \/>\n<meta property=\"og:title\" content=\"Endorsements - AMEC Integrated Evaluation Framework\" \/>\n<meta property=\"og:url\" content=\"https:\/\/amec.blazedev.co.uk\/amecframework\/pt-pt\/home\/supporting-material\/endorsements\/\" \/>\n<meta property=\"og:site_name\" content=\"AMEC Integrated Evaluation Framework\" \/>\n<meta property=\"og:image\" content=\"https:\/\/amec.blazedev.co.uk\/amecframework\/wp-content\/uploads\/2016\/08\/dpc-print-header-logo.jpg\" \/>\n<meta name=\"twitter:card\" content=\"summary_large_image\" \/>\n<meta name=\"twitter:label1\" content=\"Est. reading time\" \/>\n\t<meta name=\"twitter:data1\" content=\"7 minutos\" \/>\n<script type=\"application\/ld+json\" class=\"yoast-schema-graph\">{\"@context\":\"https:\/\/schema.org\",\"@graph\":[{\"@type\":\"WebPage\",\"@id\":\"https:\/\/amec.blazedev.co.uk\/amecframework\/pt-pt\/home\/supporting-material\/endorsements\/\",\"url\":\"https:\/\/amec.blazedev.co.uk\/amecframework\/pt-pt\/home\/supporting-material\/endorsements\/\",\"name\":\"Endorsements - AMEC Integrated Evaluation Framework\",\"isPartOf\":{\"@id\":\"https:\/\/amec.blazedev.co.uk\/amecframework\/ru\/#website\"},\"primaryImageOfPage\":{\"@id\":\"https:\/\/amec.blazedev.co.uk\/amecframework\/pt-pt\/home\/supporting-material\/endorsements\/#primaryimage\"},\"image\":{\"@id\":\"https:\/\/amec.blazedev.co.uk\/amecframework\/pt-pt\/home\/supporting-material\/endorsements\/#primaryimage\"},\"thumbnailUrl\":\"https:\/\/amec.blazedev.co.uk\/amecframework\/wp-content\/uploads\/2016\/08\/dpc-print-header-logo.jpg\",\"datePublished\":\"2016-12-05T14:15:59+00:00\",\"breadcrumb\":{\"@id\":\"https:\/\/amec.blazedev.co.uk\/amecframework\/pt-pt\/home\/supporting-material\/endorsements\/#breadcrumb\"},\"inLanguage\":\"pt-PT\",\"potentialAction\":[{\"@type\":\"ReadAction\",\"target\":[\"https:\/\/amec.blazedev.co.uk\/amecframework\/pt-pt\/home\/supporting-material\/endorsements\/\"]}]},{\"@type\":\"ImageObject\",\"inLanguage\":\"pt-PT\",\"@id\":\"https:\/\/amec.blazedev.co.uk\/amecframework\/pt-pt\/home\/supporting-material\/endorsements\/#primaryimage\",\"url\":\"https:\/\/amec.blazedev.co.uk\/amecframework\/wp-content\/uploads\/2016\/08\/dpc-print-header-logo.jpg\",\"contentUrl\":\"https:\/\/amec.blazedev.co.uk\/amecframework\/wp-content\/uploads\/2016\/08\/dpc-print-header-logo.jpg\"},{\"@type\":\"BreadcrumbList\",\"@id\":\"https:\/\/amec.blazedev.co.uk\/amecframework\/pt-pt\/home\/supporting-material\/endorsements\/#breadcrumb\",\"itemListElement\":[{\"@type\":\"ListItem\",\"position\":1,\"name\":\"Home\",\"item\":\"https:\/\/amec.blazedev.co.uk\/amecframework\/pt-pt\/\"},{\"@type\":\"ListItem\",\"position\":2,\"name\":\"Home\",\"item\":\"https:\/\/amec.blazedev.co.uk\/amecframework\/pt-pt\/\"},{\"@type\":\"ListItem\",\"position\":3,\"name\":\"Supporting Material\",\"item\":\"https:\/\/amec.blazedev.co.uk\/amecframework\/pt-pt\/home\/supporting-material\/\"},{\"@type\":\"ListItem\",\"position\":4,\"name\":\"Endorsements\"}]},{\"@type\":\"WebSite\",\"@id\":\"https:\/\/amec.blazedev.co.uk\/amecframework\/ru\/#website\",\"url\":\"https:\/\/amec.blazedev.co.uk\/amecframework\/ru\/\",\"name\":\"AMEC Integrated Evaluation Framework\",\"description\":\"\",\"potentialAction\":[{\"@type\":\"SearchAction\",\"target\":{\"@type\":\"EntryPoint\",\"urlTemplate\":\"https:\/\/amec.blazedev.co.uk\/amecframework\/ru\/?s={search_term_string}\"},\"query-input\":{\"@type\":\"PropertyValueSpecification\",\"valueRequired\":true,\"valueName\":\"search_term_string\"}}],\"inLanguage\":\"pt-PT\"}]}<\/script>\n<!-- \/ Yoast SEO plugin. -->","yoast_head_json":{"title":"Endorsements - AMEC Integrated Evaluation Framework","robots":{"index":"noindex","follow":"follow","max-snippet":"max-snippet:-1","max-image-preview":"max-image-preview:large","max-video-preview":"max-video-preview:-1"},"og_locale":"pt_PT","og_type":"article","og_title":"Endorsements - AMEC Integrated Evaluation Framework","og_url":"https:\/\/amec.blazedev.co.uk\/amecframework\/pt-pt\/home\/supporting-material\/endorsements\/","og_site_name":"AMEC Integrated Evaluation Framework","og_image":[{"url":"https:\/\/amec.blazedev.co.uk\/amecframework\/wp-content\/uploads\/2016\/08\/dpc-print-header-logo.jpg","type":"","width":"","height":""}],"twitter_card":"summary_large_image","twitter_misc":{"Est. reading time":"7 minutos"},"schema":{"@context":"https:\/\/schema.org","@graph":[{"@type":"WebPage","@id":"https:\/\/amec.blazedev.co.uk\/amecframework\/pt-pt\/home\/supporting-material\/endorsements\/","url":"https:\/\/amec.blazedev.co.uk\/amecframework\/pt-pt\/home\/supporting-material\/endorsements\/","name":"Endorsements - AMEC Integrated Evaluation Framework","isPartOf":{"@id":"https:\/\/amec.blazedev.co.uk\/amecframework\/ru\/#website"},"primaryImageOfPage":{"@id":"https:\/\/amec.blazedev.co.uk\/amecframework\/pt-pt\/home\/supporting-material\/endorsements\/#primaryimage"},"image":{"@id":"https:\/\/amec.blazedev.co.uk\/amecframework\/pt-pt\/home\/supporting-material\/endorsements\/#primaryimage"},"thumbnailUrl":"https:\/\/amec.blazedev.co.uk\/amecframework\/wp-content\/uploads\/2016\/08\/dpc-print-header-logo.jpg","datePublished":"2016-12-05T14:15:59+00:00","breadcrumb":{"@id":"https:\/\/amec.blazedev.co.uk\/amecframework\/pt-pt\/home\/supporting-material\/endorsements\/#breadcrumb"},"inLanguage":"pt-PT","potentialAction":[{"@type":"ReadAction","target":["https:\/\/amec.blazedev.co.uk\/amecframework\/pt-pt\/home\/supporting-material\/endorsements\/"]}]},{"@type":"ImageObject","inLanguage":"pt-PT","@id":"https:\/\/amec.blazedev.co.uk\/amecframework\/pt-pt\/home\/supporting-material\/endorsements\/#primaryimage","url":"https:\/\/amec.blazedev.co.uk\/amecframework\/wp-content\/uploads\/2016\/08\/dpc-print-header-logo.jpg","contentUrl":"https:\/\/amec.blazedev.co.uk\/amecframework\/wp-content\/uploads\/2016\/08\/dpc-print-header-logo.jpg"},{"@type":"BreadcrumbList","@id":"https:\/\/amec.blazedev.co.uk\/amecframework\/pt-pt\/home\/supporting-material\/endorsements\/#breadcrumb","itemListElement":[{"@type":"ListItem","position":1,"name":"Home","item":"https:\/\/amec.blazedev.co.uk\/amecframework\/pt-pt\/"},{"@type":"ListItem","position":2,"name":"Home","item":"https:\/\/amec.blazedev.co.uk\/amecframework\/pt-pt\/"},{"@type":"ListItem","position":3,"name":"Supporting Material","item":"https:\/\/amec.blazedev.co.uk\/amecframework\/pt-pt\/home\/supporting-material\/"},{"@type":"ListItem","position":4,"name":"Endorsements"}]},{"@type":"WebSite","@id":"https:\/\/amec.blazedev.co.uk\/amecframework\/ru\/#website","url":"https:\/\/amec.blazedev.co.uk\/amecframework\/ru\/","name":"AMEC Integrated Evaluation Framework","description":"","potentialAction":[{"@type":"SearchAction","target":{"@type":"EntryPoint","urlTemplate":"https:\/\/amec.blazedev.co.uk\/amecframework\/ru\/?s={search_term_string}"},"query-input":{"@type":"PropertyValueSpecification","valueRequired":true,"valueName":"search_term_string"}}],"inLanguage":"pt-PT"}]}},"_links":{"self":[{"href":"https:\/\/amec.blazedev.co.uk\/amecframework\/pt-pt\/wp-json\/wp\/v2\/pages\/974","targetHints":{"allow":["GET"]}}],"collection":[{"href":"https:\/\/amec.blazedev.co.uk\/amecframework\/pt-pt\/wp-json\/wp\/v2\/pages"}],"about":[{"href":"https:\/\/amec.blazedev.co.uk\/amecframework\/pt-pt\/wp-json\/wp\/v2\/types\/page"}],"author":[{"embeddable":true,"href":"https:\/\/amec.blazedev.co.uk\/amecframework\/pt-pt\/wp-json\/wp\/v2\/users\/1"}],"replies":[{"embeddable":true,"href":"https:\/\/amec.blazedev.co.uk\/amecframework\/pt-pt\/wp-json\/wp\/v2\/comments?post=974"}],"version-history":[{"count":1,"href":"https:\/\/amec.blazedev.co.uk\/amecframework\/pt-pt\/wp-json\/wp\/v2\/pages\/974\/revisions"}],"predecessor-version":[{"id":975,"href":"https:\/\/amec.blazedev.co.uk\/amecframework\/pt-pt\/wp-json\/wp\/v2\/pages\/974\/revisions\/975"}],"up":[{"embeddable":true,"href":"https:\/\/amec.blazedev.co.uk\/amecframework\/pt-pt\/wp-json\/wp\/v2\/pages\/990"}],"wp:attachment":[{"href":"https:\/\/amec.blazedev.co.uk\/amecframework\/pt-pt\/wp-json\/wp\/v2\/media?parent=974"}],"wp:term":[{"taxonomy":"post_tag","embeddable":true,"href":"https:\/\/amec.blazedev.co.uk\/amecframework\/pt-pt\/wp-json\/wp\/v2\/tags?post=974"}],"curies":[{"name":"wp","href":"https:\/\/api.w.org\/{rel}","templated":true}]}}