{"id":15338,"date":"2016-08-16T09:48:33","date_gmt":"2016-08-16T08:48:33","guid":{"rendered":"https:\/\/amecorg.com\/amecframework\/home\/acknowledgements\/"},"modified":"2025-01-20T16:12:21","modified_gmt":"2025-01-20T16:12:21","slug":"acknowledgements","status":"publish","type":"page","link":"https:\/\/amec.blazedev.co.uk\/amecframework\/fr\/home\/acknowledgements\/","title":{"rendered":"Acknowledgements"},"content":{"rendered":"\n<style type=\"text\/css\" data-created_by=\"avia_inline_auto\" id=\"style-css-av-1da12o-1583c84692fadc9778076512bbd7a012\">\n.flex_column.av-1da12o-1583c84692fadc9778076512bbd7a012{\nborder-radius:0px 0px 0px 0px;\npadding:0px 0px 0px 0px;\n}\n<\/style>\n<div  class='flex_column av-1da12o-1583c84692fadc9778076512bbd7a012 av_one_full  avia-builder-el-0  el_before_av_one_third  avia-builder-el-first  first flex_column_div av-zero-column-padding  '     ><style type=\"text\/css\" data-created_by=\"avia_inline_auto\" id=\"style-css-av-17jmio-1d187cd09656d02be2d7c12e6ca588f3\">\n#top .av_textblock_section.av-17jmio-1d187cd09656d02be2d7c12e6ca588f3 .avia_textblock{\nfont-size:25px;\n}\n<\/style>\n<section  class='av_textblock_section av-17jmio-1d187cd09656d02be2d7c12e6ca588f3 '   itemscope=\"itemscope\" itemtype=\"https:\/\/schema.org\/CreativeWork\" ><div class='avia_textblock'  itemprop=\"text\" ><div id=\"u3631-4\" class=\"clearfix colelem shared_content\" data-content-guid=\"u3631-4_content\">\n<p style=\"text-align: center; margin-top: -10px;\">REMERCIEMENTS ET RECONNAISSANCES<\/p>\n<\/div>\n<\/div><\/section><br \/>\n\n<style type=\"text\/css\" data-created_by=\"avia_inline_auto\" id=\"style-css-av-10dmpk-9b18a3fd9739734b200bcf28b722cdca\">\n#top .hr.av-10dmpk-9b18a3fd9739734b200bcf28b722cdca{\nmargin-top:30px;\nmargin-bottom:30px;\n}\n.hr.av-10dmpk-9b18a3fd9739734b200bcf28b722cdca .hr-inner{\nwidth:300px;\nborder-color:#ff5800;\n}\n<\/style>\n<div  class='hr av-10dmpk-9b18a3fd9739734b200bcf28b722cdca hr-custom  avia-builder-el-2  el_after_av_textblock  avia-builder-el-last  hr-center hr-icon-no'><span class='hr-inner inner-border-av-border-fat'><span class=\"hr-inner-style\"><\/span><\/span><\/div><\/p><\/div>\n<style type=\"text\/css\" data-created_by=\"avia_inline_auto\" id=\"style-css-av-ux0s0-af539dff67f3fb598854e248a2aa9f56\">\n.flex_column.av-ux0s0-af539dff67f3fb598854e248a2aa9f56{\nborder-radius:0px 0px 0px 0px;\npadding:0px 0px 0px 0px;\n}\n<\/style>\n<div  class='flex_column av-ux0s0-af539dff67f3fb598854e248a2aa9f56 av_one_third  avia-builder-el-3  el_after_av_one_full  el_before_av_one_third  first flex_column_div av-zero-column-padding  column-top-margin'     ><section  class='av_textblock_section av-kf8532t4-9047640ddf219b292e8263cda7335d06 '   itemscope=\"itemscope\" itemtype=\"https:\/\/schema.org\/CreativeWork\" ><div class='avia_textblock'  itemprop=\"text\" ><p>Nous adressons nos remerciements \u00e0 l\u2019\u00e9quipe d\u2019\u00e9valuation int\u00e9gr\u00e9e de l\u2019AMEC, qui a travaill\u00e9 avec ardeur pour d\u00e9velopper le centre de ressources original et le Cadre d\u2019\u00c9valuation Int\u00e9gr\u00e9e, ainsi que les <a href=\"https:\/\/amec.blazedev.co.uk\/amecframework\/home\/supporting-material\/planning\/\">ressources de planification<\/a> qui ont \u00e9t\u00e9 ajout\u00e9es en 2021.<\/p>\n<p>Nos remerciements particuliers vont \u00e0 <a href=\"https:\/\/www.linkedin.com\/in\/jimmacnamara\/?originalSubdomain=au\">Jim Macnamara<\/a>, Professeur distingu\u00e9 \u00e0 l\u2019\u00c9cole de Communication de la Facult\u00e9 des Arts et des Sciences Sociales de l\u2019Universit\u00e9 de Technologie de Sydney, qui a cr\u00e9\u00e9 la \u00ab taxonomie \u00bb de l\u2019\u00e9valuation et a g\u00e9n\u00e9reusement autoris\u00e9 AMEC \u00e0 l\u2019utiliser et \u00e0 la partager. Jim dirige \u00e9galement le <a href=\"https:\/\/amecorg.com\/2015\/12\/amec-academic-group-launched\/\" target=\"_blank\" rel=\"noopener\">groupe consultatif acad\u00e9mique d\u2019AMEC<\/a>, qui a apport\u00e9 son expertise et ses retours lors des diff\u00e9rentes it\u00e9rations du cadre tout au long de son d\u00e9veloppement.<\/p>\n<p>Merci aux membres principaux de l\u2019\u00e9quipe du Cadre d\u2019\u00c9valuation Int\u00e9gr\u00e9e, qui ont consacr\u00e9 \u00e9norm\u00e9ment de leur temps \u00e0 collaborer avec moi pour d\u00e9velopper ce cadre :<\/p>\n<p><a href=\"https:\/\/www.linkedin.com\/in\/paul-hender-462481a\/\">Paul Hender<\/a>, Directeur des Op\u00e9rations du Groupe, <a href=\"http:\/\/www.carma.com\">CARMA International<\/a><\/p>\n<p><a href=\"https:\/\/www.linkedin.com\/in\/gilespeddy\/\">Giles Peddy<\/a>, PDG de <a href=\"https:\/\/missive.co.uk\/\">Missive<\/a><\/p>\n<p><a href=\"https:\/\/www.linkedin.com\/in\/elaynephillips\/\">Elayne Phillips<\/a>, Responsable des Communications, <a href=\"https:\/\/gcs.civilservice.gov.uk\/\">UK Cabinet Office and GCS<\/a><\/p>\n<p>Nous exprimons \u00e9galement notre gratitude aux membres \u00e9largis de cette \u00e9quipe, notamment <a href=\"https:\/\/www.linkedin.com\/in\/mark-carrier-b642452\/\" target=\"_blank\" rel=\"noopener\"><b>Mark Carrier<\/b><\/a>, Directeur G\u00e9n\u00e9ral des Analyses chez Unicepta, <a href=\"https:\/\/www.linkedin.com\/in\/karen-prichard-96572b18\/\" target=\"_blank\" rel=\"noopener\"><b>Karen Prichard<\/b><\/a>, Directrice de Recherche chez Press Data Ltd, <a href=\"https:\/\/www.linkedin.com\/in\/lisastoryvigar\/\"><b>Lisa Story<\/b><\/a>, Directrice de la Strat\u00e9gie pour l\u2019Europe et l\u2019Afrique chez BCW Global,<\/p>\n<\/div><\/section><\/div>\n<style type=\"text\/css\" data-created_by=\"avia_inline_auto\" id=\"style-css-av-pctzk-152b256482a70dfce159a912ee690b24\">\n.flex_column.av-pctzk-152b256482a70dfce159a912ee690b24{\nborder-radius:0px 0px 0px 0px;\npadding:0px 0px 0px 0px;\n}\n<\/style>\n<div  class='flex_column av-pctzk-152b256482a70dfce159a912ee690b24 av_one_third  avia-builder-el-5  el_after_av_one_third  el_before_av_one_third  flex_column_div av-zero-column-padding  column-top-margin'     ><section  class='av_textblock_section av-7syw-debfc491aab405370f2f78803a7810f1 '   itemscope=\"itemscope\" itemtype=\"https:\/\/schema.org\/CreativeWork\" ><div class='avia_textblock'  itemprop=\"text\" ><p><a href=\"https:\/\/www.linkedin.com\/in\/margotsavell\/\">Margot Savell<\/a>, Vice-Pr\u00e9sidente Senior, Mesure Globale chez Hill &amp; Knowlton Strategies, Paul Njoku, Responsable des Projets d\u2019\u00c9valuation GCS au Cabinet Office, <a href=\"https:\/\/www.linkedin.com\/in\/ann-sofie-annsi-krol\/\">Ann-Sofie Kroll<\/a>, Solutions Strat\u00e9giques chez Intrado, <a href=\"https:\/\/www.linkedin.com\/in\/aseemsood\/?originalSubdomain=in\">Aseem Sood<\/a>, PDG de Impact Research &amp; Measurement, et <a href=\"https:\/\/www.linkedin.com\/in\/rayna-grudova-de-lange-b7a6539\/?originalSubdomain=bg\">Rayna Grudova-de Lange<\/a>, PDG de DeLange Analytics.<\/p>\n<p>Un immense merci va \u00e9galement \u00e0 l\u2019\u00e9quipe exceptionnelle qui, sous la direction du groupe de travail d\u2019Allison Spray, a enrichi nos ressources de planification en 2021. Les membres de cette \u00e9quipe incluent :<\/p>\n<p><a href=\"https:\/\/www.linkedin.com\/in\/allisongspray\/\">Allison Spray<\/a>, Directrice G\u00e9n\u00e9rale Data et Analytics, <a href=\"https:\/\/www.hkstrategies.com\/en\/\">Hill+Knowlton Strategies<\/a>, <a href=\"https:\/\/www.linkedin.com\/in\/deb-camden-27580b26\/\">Deb Camden<\/a>, Fondatrice de <a href=\"https:\/\/commdiv.com.au\/\">The Communication Dividend<\/a>, <a href=\"https:\/\/www.linkedin.com\/in\/alexjudd\/\">Alex Judd<\/a>, <span style=\"font-weight: 400;\">Responsable Impact et Planification chez<\/span> <a href=\"https:\/\/clarity.pr\/\">Clarity PR<\/a> , <a href=\"https:\/\/www.linkedin.com\/in\/nicolemoreo\/\">Nicole Moreo<\/a>, Vice-Pr\u00e9sidente Senior, Analytics chez <a href=\"https:\/\/www.ketchum.com\/\">Ketchum<\/a>, <a href=\"https:\/\/www.linkedin.com\/in\/gemma-moroney-8ab62539\/?originalSubdomain=uk\">Gemma Moroney<\/a>, Co-fondatrice de <a href=\"https:\/\/welcometoshook.com\/\">SHOOK<\/a>, <a href=\"https:\/\/www.linkedin.com\/in\/claire-pimm-7532786\/\">Claire Pimm<\/a>, Directrice des Communications pour la R\u00e9silience Nationale, UK Cabinet Office, <a href=\"https:\/\/www.linkedin.com\/in\/aseemsood\/?originalSubdomain=in\">Aseem Sood<\/a>, PDG de <a href=\"https:\/\/impactmeasurement.co.in\/\">Impact Research &amp; Measurement<\/a>, <a href=\"https:\/\/www.linkedin.com\/in\/jasondonwoodward\/\">Jason Woodward<\/a>, Directeur, Planification Strat\u00e9gique et Analytique chez, <a href=\"https:\/\/www.ketchum.com\/\">Ketchum<\/a>, <a href=\"http:\/\/www.linkedin.com\/in\/richardbagnall\">Richard Bagnall<\/a>, Co-fondateur de <a href=\"https:\/\/commsclarity.com\/\">CommsClarity Consulting<\/a>.<\/p>\n<p>Nos remerciements vont \u00e9galement aux experts de l\u2019industrie qui ont partag\u00e9 leurs r\u00e9flexions et contribu\u00e9 avec des articles sur notre site. Parmi eux <a href=\"https:\/\/www.henley.ac.uk\/people\/dr-kevin-money\">Professor Kevin Money<\/a>, Professeur de R\u00e9putation et Leadership Responsable \u00e0 la Henley Business School, <a href=\"https:\/\/www.linkedin.com\/in\/charlie-snow-45b39617\/\">Charlie Snow<\/a>, Directeur Strat\u00e9gique chez, <a href=\"https:\/\/www.linkedin.com\/in\/stephenwaddington\/\">Stephen Waddington<\/a>, Fondateur de Wadds Inc, <a href=\"https:\/\/www.linkedin.com\/in\/shonaliburke\/\">Shonali Burke<\/a>, Pr\u00e9sidente et PDG de Shonali Burke Consulting, et <a href=\"https:\/\/www.linkedin.com\/in\/ginidietrich\/\">Gini Dietrich<\/a>, Fondatrice de Spin Sucks.<\/p>\n<\/div><\/section><\/div>\n<style type=\"text\/css\" data-created_by=\"avia_inline_auto\" id=\"style-css-av-gh0vc-4b20d528af7736c3d56feaeb739b9d53\">\n.flex_column.av-gh0vc-4b20d528af7736c3d56feaeb739b9d53{\nborder-radius:0px 0px 0px 0px;\npadding:0px 0px 0px 0px;\n}\n<\/style>\n<div  class='flex_column av-gh0vc-4b20d528af7736c3d56feaeb739b9d53 av_one_third  avia-builder-el-7  el_after_av_one_third  avia-builder-el-last  flex_column_div av-zero-column-padding  column-top-margin'     ><section  class='av_textblock_section av-79ca8-141c814ec24eadf32da18c5ee82418f7 '   itemscope=\"itemscope\" itemtype=\"https:\/\/schema.org\/CreativeWork\" ><div class='avia_textblock'  itemprop=\"text\" ><p>Enfin, je tiens \u00e0 rendre un hommage sp\u00e9cial \u00e0, <a href=\"https:\/\/www.ketchum.com\/tribute-to-a-friend-remembering-don-bartholomew\/\">Don Bartholomew<\/a>, <span style=\"font-weight: 400;\">une figure respect\u00e9e de la communaut\u00e9 mondiale de la mesure en communication, d\u00e9c\u00e9d\u00e9 en 2015. Auteur du blog reconnu<\/span> <a href=\"https:\/\/metricsman.wordpress.com\/\">Metrics Man blog<\/a>, et Vice-Pr\u00e9sident Senior, recherche digitale et m\u00e9dias sociaux chez Ketchum, Don a collabor\u00e9 \u00e9troitement avec moi sur le d\u00e9veloppement de nombreuses ressources \u00e9ducatives d\u2019AMEC, y compris les cadres de mesure des m\u00e9dias sociaux. Avec Don, nous avions identifi\u00e9 le besoin d\u2019une approche claire et coh\u00e9rente pour mesurer les communications globales, qu\u2019elles soient en ligne, hors ligne, m\u00e9diatiques ou non. Nous avons con\u00e7u ensemble les premi\u00e8res versions de ce cadre avant que sa maladie ne l\u2019emp\u00eache de poursuivre. La pens\u00e9e de Don a \u00e9t\u00e9 d\u00e9terminante pour le succ\u00e8s du Cadre d\u2019\u00c9valuation Int\u00e9gr\u00e9e, et j\u2019ai toujours gard\u00e9 \u00e0 l\u2019esprit son approche : cr\u00e9er un cadre sophistiqu\u00e9 et pertinent, mais accessible et simple \u00e0 utiliser. Je suis convaincu que nous avons trouv\u00e9 le juste \u00e9quilibre et j\u2019esp\u00e8re que Don serait fier de voir que son h\u00e9ritage perdure.<\/p>\n<p><a href=\"http:\/\/www.linkedin.com\/in\/richardbagnall\">Richard Bagnall<\/a>, Co-fondateur de <a href=\"https:\/\/commsclarity.com\/\">CommsClarity Consulting<\/a>, Membre du Conseil d\u2019Administration AMEC, Responsable du Cadre d\u2019\u00c9valuation Int\u00e9gr\u00e9e<\/p>\n<p><img loading=\"lazy\" decoding=\"async\" class=\"alignnone wp-image-8410 size-full\" src=\"https:\/\/amec.blazedev.co.uk\/amecframework\/wp-content\/uploads\/2021\/05\/RB-intro-planning.png\" alt=\"\" width=\"92\" height=\"92\" srcset=\"https:\/\/amec.blazedev.co.uk\/amecframework\/wp-content\/uploads\/2021\/05\/RB-intro-planning.png 92w, https:\/\/amec.blazedev.co.uk\/amecframework\/wp-content\/uploads\/2021\/05\/RB-intro-planning-80x80.png 80w, https:\/\/amec.blazedev.co.uk\/amecframework\/wp-content\/uploads\/2021\/05\/RB-intro-planning-36x36.png 36w\" sizes=\"auto, (max-width: 92px) 100vw, 92px\" \/><\/p>\n<\/div><\/section><\/div><\/p>\n","protected":false},"excerpt":{"rendered":"","protected":false},"author":1,"featured_media":0,"parent":15191,"menu_order":4,"comment_status":"closed","ping_status":"closed","template":"","meta":{"footnotes":""},"tags":[],"class_list":["post-15338","page","type-page","status-publish","hentry"],"yoast_head":"<!-- This site is optimized with the Yoast SEO plugin v27.2 - https:\/\/yoast.com\/product\/yoast-seo-wordpress\/ -->\n<title>Acknowledgements - AMEC Integrated Evaluation Framework<\/title>\n<meta name=\"robots\" content=\"noindex, follow, max-snippet:-1, max-image-preview:large, max-video-preview:-1\" \/>\n<meta property=\"og:locale\" content=\"fr_FR\" \/>\n<meta property=\"og:type\" content=\"article\" \/>\n<meta property=\"og:title\" content=\"Acknowledgements - AMEC Integrated Evaluation Framework\" \/>\n<meta property=\"og:url\" content=\"https:\/\/amec.blazedev.co.uk\/amecframework\/fr\/home\/acknowledgements\/\" \/>\n<meta property=\"og:site_name\" content=\"AMEC Integrated Evaluation Framework\" \/>\n<meta property=\"article:modified_time\" content=\"2025-01-20T16:12:21+00:00\" \/>\n<meta property=\"og:image\" content=\"https:\/\/amec.blazedev.co.uk\/amecframework\/wp-content\/uploads\/2021\/05\/RB-intro-planning.png\" \/>\n\t<meta property=\"og:image:width\" content=\"92\" \/>\n\t<meta property=\"og:image:height\" content=\"92\" \/>\n\t<meta property=\"og:image:type\" content=\"image\/png\" \/>\n<meta name=\"twitter:card\" content=\"summary_large_image\" \/>\n<meta name=\"twitter:label1\" content=\"Est. reading time\" \/>\n\t<meta name=\"twitter:data1\" content=\"3 minutes\" \/>\n<script type=\"application\/ld+json\" class=\"yoast-schema-graph\">{\"@context\":\"https:\/\/schema.org\",\"@graph\":[{\"@type\":\"WebPage\",\"@id\":\"https:\/\/amec.blazedev.co.uk\/amecframework\/fr\/home\/acknowledgements\/\",\"url\":\"https:\/\/amec.blazedev.co.uk\/amecframework\/fr\/home\/acknowledgements\/\",\"name\":\"Acknowledgements - AMEC Integrated Evaluation Framework\",\"isPartOf\":{\"@id\":\"https:\/\/amec.blazedev.co.uk\/amecframework\/ru\/#website\"},\"primaryImageOfPage\":{\"@id\":\"https:\/\/amec.blazedev.co.uk\/amecframework\/fr\/home\/acknowledgements\/#primaryimage\"},\"image\":{\"@id\":\"https:\/\/amec.blazedev.co.uk\/amecframework\/fr\/home\/acknowledgements\/#primaryimage\"},\"thumbnailUrl\":\"https:\/\/amec.blazedev.co.uk\/amecframework\/wp-content\/uploads\/2021\/05\/RB-intro-planning.png\",\"datePublished\":\"2016-08-16T08:48:33+00:00\",\"dateModified\":\"2025-01-20T16:12:21+00:00\",\"breadcrumb\":{\"@id\":\"https:\/\/amec.blazedev.co.uk\/amecframework\/fr\/home\/acknowledgements\/#breadcrumb\"},\"inLanguage\":\"fr-FR\",\"potentialAction\":[{\"@type\":\"ReadAction\",\"target\":[\"https:\/\/amec.blazedev.co.uk\/amecframework\/fr\/home\/acknowledgements\/\"]}]},{\"@type\":\"ImageObject\",\"inLanguage\":\"fr-FR\",\"@id\":\"https:\/\/amec.blazedev.co.uk\/amecframework\/fr\/home\/acknowledgements\/#primaryimage\",\"url\":\"https:\/\/amec.blazedev.co.uk\/amecframework\/wp-content\/uploads\/2021\/05\/RB-intro-planning.png\",\"contentUrl\":\"https:\/\/amec.blazedev.co.uk\/amecframework\/wp-content\/uploads\/2021\/05\/RB-intro-planning.png\"},{\"@type\":\"BreadcrumbList\",\"@id\":\"https:\/\/amec.blazedev.co.uk\/amecframework\/fr\/home\/acknowledgements\/#breadcrumb\",\"itemListElement\":[{\"@type\":\"ListItem\",\"position\":1,\"name\":\"Home\",\"item\":\"https:\/\/amec.blazedev.co.uk\/amecframework\/home\/\"},{\"@type\":\"ListItem\",\"position\":2,\"name\":\"Home\",\"item\":\"https:\/\/amec.blazedev.co.uk\/amecframework\/fr\/home\/\"},{\"@type\":\"ListItem\",\"position\":3,\"name\":\"Acknowledgements\"}]},{\"@type\":\"WebSite\",\"@id\":\"https:\/\/amec.blazedev.co.uk\/amecframework\/ru\/#website\",\"url\":\"https:\/\/amec.blazedev.co.uk\/amecframework\/ru\/\",\"name\":\"AMEC Integrated Evaluation Framework\",\"description\":\"\",\"potentialAction\":[{\"@type\":\"SearchAction\",\"target\":{\"@type\":\"EntryPoint\",\"urlTemplate\":\"https:\/\/amec.blazedev.co.uk\/amecframework\/ru\/?s={search_term_string}\"},\"query-input\":{\"@type\":\"PropertyValueSpecification\",\"valueRequired\":true,\"valueName\":\"search_term_string\"}}],\"inLanguage\":\"fr-FR\"}]}<\/script>\n<!-- \/ Yoast SEO plugin. -->","yoast_head_json":{"title":"Acknowledgements - AMEC Integrated Evaluation Framework","robots":{"index":"noindex","follow":"follow","max-snippet":"max-snippet:-1","max-image-preview":"max-image-preview:large","max-video-preview":"max-video-preview:-1"},"og_locale":"fr_FR","og_type":"article","og_title":"Acknowledgements - AMEC Integrated Evaluation Framework","og_url":"https:\/\/amec.blazedev.co.uk\/amecframework\/fr\/home\/acknowledgements\/","og_site_name":"AMEC Integrated Evaluation Framework","article_modified_time":"2025-01-20T16:12:21+00:00","og_image":[{"width":92,"height":92,"url":"https:\/\/amec.blazedev.co.uk\/amecframework\/wp-content\/uploads\/2021\/05\/RB-intro-planning.png","type":"image\/png"}],"twitter_card":"summary_large_image","twitter_misc":{"Est. reading time":"3 minutes"},"schema":{"@context":"https:\/\/schema.org","@graph":[{"@type":"WebPage","@id":"https:\/\/amec.blazedev.co.uk\/amecframework\/fr\/home\/acknowledgements\/","url":"https:\/\/amec.blazedev.co.uk\/amecframework\/fr\/home\/acknowledgements\/","name":"Acknowledgements - AMEC Integrated Evaluation Framework","isPartOf":{"@id":"https:\/\/amec.blazedev.co.uk\/amecframework\/ru\/#website"},"primaryImageOfPage":{"@id":"https:\/\/amec.blazedev.co.uk\/amecframework\/fr\/home\/acknowledgements\/#primaryimage"},"image":{"@id":"https:\/\/amec.blazedev.co.uk\/amecframework\/fr\/home\/acknowledgements\/#primaryimage"},"thumbnailUrl":"https:\/\/amec.blazedev.co.uk\/amecframework\/wp-content\/uploads\/2021\/05\/RB-intro-planning.png","datePublished":"2016-08-16T08:48:33+00:00","dateModified":"2025-01-20T16:12:21+00:00","breadcrumb":{"@id":"https:\/\/amec.blazedev.co.uk\/amecframework\/fr\/home\/acknowledgements\/#breadcrumb"},"inLanguage":"fr-FR","potentialAction":[{"@type":"ReadAction","target":["https:\/\/amec.blazedev.co.uk\/amecframework\/fr\/home\/acknowledgements\/"]}]},{"@type":"ImageObject","inLanguage":"fr-FR","@id":"https:\/\/amec.blazedev.co.uk\/amecframework\/fr\/home\/acknowledgements\/#primaryimage","url":"https:\/\/amec.blazedev.co.uk\/amecframework\/wp-content\/uploads\/2021\/05\/RB-intro-planning.png","contentUrl":"https:\/\/amec.blazedev.co.uk\/amecframework\/wp-content\/uploads\/2021\/05\/RB-intro-planning.png"},{"@type":"BreadcrumbList","@id":"https:\/\/amec.blazedev.co.uk\/amecframework\/fr\/home\/acknowledgements\/#breadcrumb","itemListElement":[{"@type":"ListItem","position":1,"name":"Home","item":"https:\/\/amec.blazedev.co.uk\/amecframework\/home\/"},{"@type":"ListItem","position":2,"name":"Home","item":"https:\/\/amec.blazedev.co.uk\/amecframework\/fr\/home\/"},{"@type":"ListItem","position":3,"name":"Acknowledgements"}]},{"@type":"WebSite","@id":"https:\/\/amec.blazedev.co.uk\/amecframework\/ru\/#website","url":"https:\/\/amec.blazedev.co.uk\/amecframework\/ru\/","name":"AMEC Integrated Evaluation Framework","description":"","potentialAction":[{"@type":"SearchAction","target":{"@type":"EntryPoint","urlTemplate":"https:\/\/amec.blazedev.co.uk\/amecframework\/ru\/?s={search_term_string}"},"query-input":{"@type":"PropertyValueSpecification","valueRequired":true,"valueName":"search_term_string"}}],"inLanguage":"fr-FR"}]}},"_links":{"self":[{"href":"https:\/\/amec.blazedev.co.uk\/amecframework\/fr\/wp-json\/wp\/v2\/pages\/15338","targetHints":{"allow":["GET"]}}],"collection":[{"href":"https:\/\/amec.blazedev.co.uk\/amecframework\/fr\/wp-json\/wp\/v2\/pages"}],"about":[{"href":"https:\/\/amec.blazedev.co.uk\/amecframework\/fr\/wp-json\/wp\/v2\/types\/page"}],"author":[{"embeddable":true,"href":"https:\/\/amec.blazedev.co.uk\/amecframework\/fr\/wp-json\/wp\/v2\/users\/1"}],"replies":[{"embeddable":true,"href":"https:\/\/amec.blazedev.co.uk\/amecframework\/fr\/wp-json\/wp\/v2\/comments?post=15338"}],"version-history":[{"count":1,"href":"https:\/\/amec.blazedev.co.uk\/amecframework\/fr\/wp-json\/wp\/v2\/pages\/15338\/revisions"}],"predecessor-version":[{"id":15340,"href":"https:\/\/amec.blazedev.co.uk\/amecframework\/fr\/wp-json\/wp\/v2\/pages\/15338\/revisions\/15340"}],"up":[{"embeddable":true,"href":"https:\/\/amec.blazedev.co.uk\/amecframework\/fr\/wp-json\/wp\/v2\/pages\/15191"}],"wp:attachment":[{"href":"https:\/\/amec.blazedev.co.uk\/amecframework\/fr\/wp-json\/wp\/v2\/media?parent=15338"}],"wp:term":[{"taxonomy":"post_tag","embeddable":true,"href":"https:\/\/amec.blazedev.co.uk\/amecframework\/fr\/wp-json\/wp\/v2\/tags?post=15338"}],"curies":[{"name":"wp","href":"https:\/\/api.w.org\/{rel}","templated":true}]}}