{"id":461,"date":"2016-08-23T10:27:30","date_gmt":"2016-08-23T09:27:30","guid":{"rendered":"http:\/\/amecorg.com\/amecframework\/es\/?page_id=461"},"modified":"2017-03-06T16:18:28","modified_gmt":"2017-03-06T16:18:28","slug":"expresiones-de-gratitud","status":"publish","type":"page","link":"https:\/\/amec.blazedev.co.uk\/amecframework\/es\/home\/expresiones-de-gratitud\/","title":{"rendered":"Expresiones de gratitud"},"content":{"rendered":"\n<style type=\"text\/css\" data-created_by=\"avia_inline_auto\" id=\"style-css-av-av_one_full-6126cab7d8fab8d08143dd2dacdf673c\">\n.flex_column.av-av_one_full-6126cab7d8fab8d08143dd2dacdf673c{\nborder-radius:0px 0px 0px 0px;\npadding:0px 0px 0px 0px;\n}\n<\/style>\n<div  class='flex_column av-av_one_full-6126cab7d8fab8d08143dd2dacdf673c av_one_full  avia-builder-el-0  el_before_av_one_third  avia-builder-el-first  first flex_column_div av-zero-column-padding  '     ><style type=\"text\/css\" data-created_by=\"avia_inline_auto\" id=\"style-css-av-av_textblock-710f2b84645f078a27b61ae2c84de4a8\">\n#top .av_textblock_section.av-av_textblock-710f2b84645f078a27b61ae2c84de4a8 .avia_textblock{\nfont-size:25px;\n}\n<\/style>\n<section  class='av_textblock_section av-av_textblock-710f2b84645f078a27b61ae2c84de4a8 '   itemscope=\"itemscope\" itemtype=\"https:\/\/schema.org\/CreativeWork\" ><div class='avia_textblock'  itemprop=\"text\" ><div id=\"u3631-4\" class=\"clearfix colelem shared_content\" data-content-guid=\"u3631-4_content\">\n<p style=\"text-align: center;\">RECONOCIMIENTOS Y AGRADECIMIENTOS<\/p>\n<\/div>\n<\/div><\/section><br \/>\n\n<style type=\"text\/css\" data-created_by=\"avia_inline_auto\" id=\"style-css-av-av_hr-cff9db79973b2b34cd1182f84c56818a\">\n#top .hr.av-av_hr-cff9db79973b2b34cd1182f84c56818a{\nmargin-top:30px;\nmargin-bottom:30px;\n}\n.hr.av-av_hr-cff9db79973b2b34cd1182f84c56818a .hr-inner{\nwidth:300px;\nborder-color:#ff5800;\n}\n<\/style>\n<div  class='hr av-av_hr-cff9db79973b2b34cd1182f84c56818a hr-custom  avia-builder-el-2  el_after_av_textblock  avia-builder-el-last  hr-center hr-icon-no'><span class='hr-inner inner-border-av-border-fat'><span class=\"hr-inner-style\"><\/span><\/span><\/div><\/p><\/div>\n\n<style type=\"text\/css\" data-created_by=\"avia_inline_auto\" id=\"style-css-av-av_one_third-6126cab7d8fab8d08143dd2dacdf673c\">\n.flex_column.av-av_one_third-6126cab7d8fab8d08143dd2dacdf673c{\nborder-radius:0px 0px 0px 0px;\npadding:0px 0px 0px 0px;\n}\n<\/style>\n<div  class='flex_column av-av_one_third-6126cab7d8fab8d08143dd2dacdf673c av_one_third  avia-builder-el-3  el_after_av_one_full  el_before_av_one_third  first flex_column_div av-zero-column-padding  column-top-margin'     ><section  class='av_textblock_section av-av_textblock-35972167d9f102c5ddaec0c531c98b9e '   itemscope=\"itemscope\" itemtype=\"https:\/\/schema.org\/CreativeWork\" ><div class='avia_textblock'  itemprop=\"text\" ><p>Debemos dar las gracias al Equipo de Evaluaci\u00f3n Integrada de AMEC que trabaj\u00f3 tanto el a\u00f1o pasado para desarrollar el centro de recursos y nuestra estructura interactiva.Un agradecimiento especial para <a href=\"https:\/\/au.linkedin.com\/in\/jimmacnamara\"><strong>Jim Macnamara<\/strong><\/a>, Profesor de Comunicaci\u00f3n P\u00fablica. Escuela de Comunicaci\u00f3n, Facultad de Artes y Ciencias Sociales, Universidad de Tecnolog\u00eda de Sydney, que cre\u00f3 la taxonom\u00eda de la evaluaci\u00f3n y que gentilmente permiti\u00f3 a AMEC usarla y compartirla.\u00a0Jim tambi\u00e9n lidera el <strong>Grupo Acad\u00e9mico Consejero de<\/strong> <strong>AMEC, <\/strong>que dio su tiempo para brindar contenidos y retroalimentaci\u00f3n sobre los diferentes iterativos de esta estructura en su desarrollo.<\/p>\n<p>Gracias a los miembros del n\u00facleo del Equipo de la Estructura de Evaluaci\u00f3n Integrada:<\/p>\n<ul>\n<li><a href=\"https:\/\/uk.linkedin.com\/in\/paul-hender-462481a\"><strong>Paul Hender<\/strong><\/a>, Director de Percepciones en Gorkana<\/li>\n<li><strong><a href=\"https:\/\/uk.linkedin.com\/in\/elaynephillips\">Elayne Phillips<\/a>\u00a0<\/strong>de la Oficina de Gabinete del Reino Unido<\/li>\n<li><a href=\"https:\/\/uk.linkedin.com\/in\/gilespeddy\"><strong>Giles Peddy<\/strong><\/a>, Director Gerente de Grupo de Lewis \u2013 quien tambi\u00e9n gentilmente don\u00f3 eddy<span id=\"u3630-25\">, Group Managing Director of Lewis \u2013 who also kindly donated much development resource to make the interactive website possible<\/span><\/li>\n<\/ul>\n<\/div><\/section><\/div>\n<style type=\"text\/css\" data-created_by=\"avia_inline_auto\" id=\"style-css-av-av_one_third-0aa7055fe62c3622faec82866afbaeb2\">\n.flex_column.av-av_one_third-0aa7055fe62c3622faec82866afbaeb2{\nborder-radius:0px 0px 0px 0px;\npadding:0px 0px 0px 0px;\n}\n<\/style>\n<div  class='flex_column av-av_one_third-0aa7055fe62c3622faec82866afbaeb2 av_one_third  avia-builder-el-5  el_after_av_one_third  el_before_av_one_third  flex_column_div av-zero-column-padding  column-top-margin'     ><section  class='av_textblock_section av-av_textblock-35972167d9f102c5ddaec0c531c98b9e '   itemscope=\"itemscope\" itemtype=\"https:\/\/schema.org\/CreativeWork\" ><div class='avia_textblock'  itemprop=\"text\" ><p id=\"u3629-20\">muchos recursos desarrollados para hacer posible el sitio web interactivo.<br \/>\nY a los otros miembros de nuestro equipo que incluy\u00f3 a <a href=\"https:\/\/www.linkedin.com\/in\/mark-carrier-b642452\">Mark Carrier<\/a><b>, <\/b>Research &amp; Development Director, Reputation Intelligence, Kantar Media, Karen Prichard, MD de Reputaci\u00f3n en Ebiquity, Lisa Story, Oficial Principal de Estrategia en Cohn y Wolfe, Margot Savell, SVP Mediciones Globales en Hill &amp; Knowlton Strategies, Paul Njoku, que lidera Proyectos de Evaluaci\u00f3n GCS en la Oficina del Gabinete, Ann-Sofie Kroll, CEO de Brick Insight AB, Aseem Sood, CEO de Impact Research &amp; Measurement, y Rayna Grudova-de Lange, CEO, DeLange Analytics.<\/p>\n<p>Gracias tambi\u00e9n a los expertos de la industria que han contribuido su pensar y sus art\u00edculos en nuestro sitio. Ellos son Profesor Kevin Money, Profesor de Reputaci\u00f3n y Liderazgo Responsable en Henley Business School, Charlie Snow, Oficial Jefe de Estrategia en MullenLowe, Stephen Waddngton, Socio y Oficial en Jefe de Contratos en Ketchum, Shonali Burke, Presidente &amp; CEO de Shonali Burke Consulting, y Gini Dietrich, CEO de Arment Dietrich Inc.<\/p>\n<\/div><\/section><\/div><\/p>\n\n<style type=\"text\/css\" data-created_by=\"avia_inline_auto\" id=\"style-css-av-av_one_third-0aa7055fe62c3622faec82866afbaeb2\">\n.flex_column.av-av_one_third-0aa7055fe62c3622faec82866afbaeb2{\nborder-radius:0px 0px 0px 0px;\npadding:0px 0px 0px 0px;\n}\n<\/style>\n<div  class='flex_column av-av_one_third-0aa7055fe62c3622faec82866afbaeb2 av_one_third  avia-builder-el-7  el_after_av_one_third  avia-builder-el-last  flex_column_div av-zero-column-padding  column-top-margin'     ><section  class='av_textblock_section av-av_textblock-35972167d9f102c5ddaec0c531c98b9e '   itemscope=\"itemscope\" itemtype=\"https:\/\/schema.org\/CreativeWork\" ><div class='avia_textblock'  itemprop=\"text\" ><p>Finalmente me gustar\u00eda homenajear y hacer una menci\u00f3n especial del amigo de muchos en la comunidad de mediciones globales, <a href=\"http:\/\/blog.ketchum.com\/tribute-to-a-friend-remembering-don-bartholomew\/\"><strong>Don Bartholomew<\/strong><\/a>, que lamentablemente falleci\u00f3 el a\u00f1o pasado. Don era el autor del respetado blog Metrics Man y era Vicepresidente Senior (SVP por sus siglas en ingl\u00e9s) de investigaci\u00f3n de medios digitales y sociales en Ketchum. Don trabaj\u00f3 mucho conmigo y con el equipo AMEC en el desarrollo de muchos de nuestros mejores recursos educativos incluyendo las estructuras de medici\u00f3n de medios sociales. Su pensamiento ha contribuido materialmente a nuestro \u00e9xito y yo he tratado algunas veces de tener su visi\u00f3n muy presente- para hacer una herramienta sofisticada y llena de sentido pero no impenetrable o demasiado compleja para usar. Yo creo haber hallado el equilibrio correcto y espero que Don tambi\u00e9n lo hubiera visto as\u00ed, orgulloso de que su legado perdure..<\/p>\n<p><a href=\"https:\/\/twitter.com\/richardbagnall\"><strong>Richard Bagnall<\/strong><\/a>,<br \/>\nL\u00edder del Equipo de Medici\u00f3n Integrada &amp; Miembro del Directorio de AMEC<br \/>\nCEO PRIME Research UK<\/p>\n<\/div><\/section><\/div>\n","protected":false},"excerpt":{"rendered":"","protected":false},"author":1,"featured_media":0,"parent":423,"menu_order":4,"comment_status":"closed","ping_status":"closed","template":"","meta":{"footnotes":""},"tags":[],"class_list":["post-461","page","type-page","status-publish","hentry"],"yoast_head":"<!-- This site is optimized with the Yoast SEO plugin v27.2 - https:\/\/yoast.com\/product\/yoast-seo-wordpress\/ -->\n<title>Expresiones de gratitud - AMEC Integrated Evaluation Framework<\/title>\n<meta name=\"robots\" content=\"noindex, follow, max-snippet:-1, max-image-preview:large, max-video-preview:-1\" \/>\n<meta property=\"og:locale\" content=\"es_ES\" \/>\n<meta property=\"og:type\" content=\"article\" \/>\n<meta property=\"og:title\" content=\"Expresiones de gratitud - AMEC Integrated Evaluation Framework\" \/>\n<meta property=\"og:url\" content=\"https:\/\/amec.blazedev.co.uk\/amecframework\/es\/home\/expresiones-de-gratitud\/\" \/>\n<meta property=\"og:site_name\" content=\"AMEC Integrated Evaluation Framework\" \/>\n<meta property=\"article:modified_time\" content=\"2017-03-06T16:18:28+00:00\" \/>\n<meta name=\"twitter:card\" content=\"summary_large_image\" \/>\n<meta name=\"twitter:label1\" content=\"Est. reading time\" \/>\n\t<meta name=\"twitter:data1\" content=\"4 minutos\" \/>\n<script type=\"application\/ld+json\" class=\"yoast-schema-graph\">{\"@context\":\"https:\/\/schema.org\",\"@graph\":[{\"@type\":\"WebPage\",\"@id\":\"https:\/\/amec.blazedev.co.uk\/amecframework\/es\/home\/expresiones-de-gratitud\/\",\"url\":\"https:\/\/amec.blazedev.co.uk\/amecframework\/es\/home\/expresiones-de-gratitud\/\",\"name\":\"Expresiones de gratitud - AMEC Integrated Evaluation Framework\",\"isPartOf\":{\"@id\":\"https:\/\/amec.blazedev.co.uk\/amecframework\/ru\/#website\"},\"datePublished\":\"2016-08-23T09:27:30+00:00\",\"dateModified\":\"2017-03-06T16:18:28+00:00\",\"breadcrumb\":{\"@id\":\"https:\/\/amec.blazedev.co.uk\/amecframework\/es\/home\/expresiones-de-gratitud\/#breadcrumb\"},\"inLanguage\":\"es\",\"potentialAction\":[{\"@type\":\"ReadAction\",\"target\":[\"https:\/\/amec.blazedev.co.uk\/amecframework\/es\/home\/expresiones-de-gratitud\/\"]}]},{\"@type\":\"BreadcrumbList\",\"@id\":\"https:\/\/amec.blazedev.co.uk\/amecframework\/es\/home\/expresiones-de-gratitud\/#breadcrumb\",\"itemListElement\":[{\"@type\":\"ListItem\",\"position\":1,\"name\":\"Home\",\"item\":\"https:\/\/amec.blazedev.co.uk\/amecframework\/es\/\"},{\"@type\":\"ListItem\",\"position\":2,\"name\":\"Casa\",\"item\":\"https:\/\/amec.blazedev.co.uk\/amecframework\/es\/\"},{\"@type\":\"ListItem\",\"position\":3,\"name\":\"Expresiones de gratitud\"}]},{\"@type\":\"WebSite\",\"@id\":\"https:\/\/amec.blazedev.co.uk\/amecframework\/ru\/#website\",\"url\":\"https:\/\/amec.blazedev.co.uk\/amecframework\/ru\/\",\"name\":\"AMEC Integrated Evaluation Framework\",\"description\":\"\",\"potentialAction\":[{\"@type\":\"SearchAction\",\"target\":{\"@type\":\"EntryPoint\",\"urlTemplate\":\"https:\/\/amec.blazedev.co.uk\/amecframework\/ru\/?s={search_term_string}\"},\"query-input\":{\"@type\":\"PropertyValueSpecification\",\"valueRequired\":true,\"valueName\":\"search_term_string\"}}],\"inLanguage\":\"es\"}]}<\/script>\n<!-- \/ Yoast SEO plugin. -->","yoast_head_json":{"title":"Expresiones de gratitud - AMEC Integrated Evaluation Framework","robots":{"index":"noindex","follow":"follow","max-snippet":"max-snippet:-1","max-image-preview":"max-image-preview:large","max-video-preview":"max-video-preview:-1"},"og_locale":"es_ES","og_type":"article","og_title":"Expresiones de gratitud - AMEC Integrated Evaluation Framework","og_url":"https:\/\/amec.blazedev.co.uk\/amecframework\/es\/home\/expresiones-de-gratitud\/","og_site_name":"AMEC Integrated Evaluation Framework","article_modified_time":"2017-03-06T16:18:28+00:00","twitter_card":"summary_large_image","twitter_misc":{"Est. reading time":"4 minutos"},"schema":{"@context":"https:\/\/schema.org","@graph":[{"@type":"WebPage","@id":"https:\/\/amec.blazedev.co.uk\/amecframework\/es\/home\/expresiones-de-gratitud\/","url":"https:\/\/amec.blazedev.co.uk\/amecframework\/es\/home\/expresiones-de-gratitud\/","name":"Expresiones de gratitud - AMEC Integrated Evaluation Framework","isPartOf":{"@id":"https:\/\/amec.blazedev.co.uk\/amecframework\/ru\/#website"},"datePublished":"2016-08-23T09:27:30+00:00","dateModified":"2017-03-06T16:18:28+00:00","breadcrumb":{"@id":"https:\/\/amec.blazedev.co.uk\/amecframework\/es\/home\/expresiones-de-gratitud\/#breadcrumb"},"inLanguage":"es","potentialAction":[{"@type":"ReadAction","target":["https:\/\/amec.blazedev.co.uk\/amecframework\/es\/home\/expresiones-de-gratitud\/"]}]},{"@type":"BreadcrumbList","@id":"https:\/\/amec.blazedev.co.uk\/amecframework\/es\/home\/expresiones-de-gratitud\/#breadcrumb","itemListElement":[{"@type":"ListItem","position":1,"name":"Home","item":"https:\/\/amec.blazedev.co.uk\/amecframework\/es\/"},{"@type":"ListItem","position":2,"name":"Casa","item":"https:\/\/amec.blazedev.co.uk\/amecframework\/es\/"},{"@type":"ListItem","position":3,"name":"Expresiones de gratitud"}]},{"@type":"WebSite","@id":"https:\/\/amec.blazedev.co.uk\/amecframework\/ru\/#website","url":"https:\/\/amec.blazedev.co.uk\/amecframework\/ru\/","name":"AMEC Integrated Evaluation Framework","description":"","potentialAction":[{"@type":"SearchAction","target":{"@type":"EntryPoint","urlTemplate":"https:\/\/amec.blazedev.co.uk\/amecframework\/ru\/?s={search_term_string}"},"query-input":{"@type":"PropertyValueSpecification","valueRequired":true,"valueName":"search_term_string"}}],"inLanguage":"es"}]}},"_links":{"self":[{"href":"https:\/\/amec.blazedev.co.uk\/amecframework\/es\/wp-json\/wp\/v2\/pages\/461","targetHints":{"allow":["GET"]}}],"collection":[{"href":"https:\/\/amec.blazedev.co.uk\/amecframework\/es\/wp-json\/wp\/v2\/pages"}],"about":[{"href":"https:\/\/amec.blazedev.co.uk\/amecframework\/es\/wp-json\/wp\/v2\/types\/page"}],"author":[{"embeddable":true,"href":"https:\/\/amec.blazedev.co.uk\/amecframework\/es\/wp-json\/wp\/v2\/users\/1"}],"replies":[{"embeddable":true,"href":"https:\/\/amec.blazedev.co.uk\/amecframework\/es\/wp-json\/wp\/v2\/comments?post=461"}],"version-history":[{"count":6,"href":"https:\/\/amec.blazedev.co.uk\/amecframework\/es\/wp-json\/wp\/v2\/pages\/461\/revisions"}],"predecessor-version":[{"id":1083,"href":"https:\/\/amec.blazedev.co.uk\/amecframework\/es\/wp-json\/wp\/v2\/pages\/461\/revisions\/1083"}],"up":[{"embeddable":true,"href":"https:\/\/amec.blazedev.co.uk\/amecframework\/es\/wp-json\/wp\/v2\/pages\/423"}],"wp:attachment":[{"href":"https:\/\/amec.blazedev.co.uk\/amecframework\/es\/wp-json\/wp\/v2\/media?parent=461"}],"wp:term":[{"taxonomy":"post_tag","embeddable":true,"href":"https:\/\/amec.blazedev.co.uk\/amecframework\/es\/wp-json\/wp\/v2\/tags?post=461"}],"curies":[{"name":"wp","href":"https:\/\/api.w.org\/{rel}","templated":true}]}}