{"id":449,"date":"2016-08-23T09:22:59","date_gmt":"2016-08-23T08:22:59","guid":{"rendered":"http:\/\/amecorg.com\/amecframework\/es\/?page_id=449"},"modified":"2016-08-23T13:00:27","modified_gmt":"2016-08-23T12:00:27","slug":"endorsements","status":"publish","type":"page","link":"https:\/\/amec.blazedev.co.uk\/amecframework\/es\/home\/supporting-material\/endorsements\/","title":{"rendered":"Endosos"},"content":{"rendered":"\n<style type=\"text\/css\" data-created_by=\"avia_inline_auto\" id=\"style-css-av-av_one_full-6126cab7d8fab8d08143dd2dacdf673c\">\n.flex_column.av-av_one_full-6126cab7d8fab8d08143dd2dacdf673c{\nborder-radius:0px 0px 0px 0px;\npadding:0px 0px 0px 0px;\n}\n<\/style>\n<div  class='flex_column av-av_one_full-6126cab7d8fab8d08143dd2dacdf673c av_one_full  avia-builder-el-0  el_before_av_one_full  avia-builder-el-first  first flex_column_div av-zero-column-padding  '     ><style type=\"text\/css\" data-created_by=\"avia_inline_auto\" id=\"style-css-av-av_textblock-710f2b84645f078a27b61ae2c84de4a8\">\n#top .av_textblock_section.av-av_textblock-710f2b84645f078a27b61ae2c84de4a8 .avia_textblock{\nfont-size:25px;\n}\n<\/style>\n<section  class='av_textblock_section av-av_textblock-710f2b84645f078a27b61ae2c84de4a8 '   itemscope=\"itemscope\" itemtype=\"https:\/\/schema.org\/CreativeWork\" ><div class='avia_textblock'  itemprop=\"text\" ><div id=\"u10244-6\" class=\"clearfix colelem shared_content\" data-content-guid=\"u10244-6_content\">\n<div id=\"u2050-4\" class=\"clearfix colelem shared_content\" data-content-guid=\"u2050-4_content\">\n<p style=\"text-align: center; margin-bottom: -9px;\">APROBACIONES<\/p>\n<\/div>\n<\/div>\n<\/div><\/section><br \/>\n\n<style type=\"text\/css\" data-created_by=\"avia_inline_auto\" id=\"style-css-av-av_hr-cff9db79973b2b34cd1182f84c56818a\">\n#top .hr.av-av_hr-cff9db79973b2b34cd1182f84c56818a{\nmargin-top:30px;\nmargin-bottom:30px;\n}\n.hr.av-av_hr-cff9db79973b2b34cd1182f84c56818a .hr-inner{\nwidth:300px;\nborder-color:#ff5800;\n}\n<\/style>\n<div  class='hr av-av_hr-cff9db79973b2b34cd1182f84c56818a hr-custom  avia-builder-el-2  el_after_av_textblock  el_before_av_textblock  hr-center hr-icon-no'><span class='hr-inner inner-border-av-border-fat'><span class=\"hr-inner-style\"><\/span><\/span><\/div><br \/>\n<section  class='av_textblock_section av-av_textblock-35972167d9f102c5ddaec0c531c98b9e '   itemscope=\"itemscope\" itemtype=\"https:\/\/schema.org\/CreativeWork\" ><div class='avia_textblock'  itemprop=\"text\" ><div id=\"u8524-4\" class=\"ts-Default-Link-Style--copy clearfix colelem shared_content\" data-content-guid=\"u8524-4_content\">\n<p id=\"u8524-2\" style=\"text-align: center;\">\u201cCreo que esta nueva herramienta interactiva es fant\u00e1stica y es tremendamente valiosa para la industria. Lleva la teor\u00eda de los Principios de Barcelona a una realidad de fijar metas, establecer mediciones clave identificables e implementar programas de medici\u00f3n. Es algo que puedo ver en uso todo el tiempo con muchos de nuestros clientes y equipos de cuentas\u201d.<\/p>\n<\/div>\n<\/div><\/section><br \/>\n<section  class='avia-team-member av-av_team_member-0dd51ead0cb5eb28410ea0daf6ea168a  avia-builder-el-4  el_after_av_textblock  avia-builder-el-last  vertical'  itemscope=\"itemscope\" itemtype=\"https:\/\/schema.org\/Person\" ><div class=\"team-img-container\"><img decoding=\"async\" fetchpriority=\"high\" class='wp-image-106 avia-img-lazy-loading-not-106 avia_image avia_image_team' src=\"https:\/\/amec.blazedev.co.uk\/amecframework\/wp-content\/uploads\/2016\/08\/david_rockland_headshot_0.jpg\" alt='David B. Rockland, Ph.D.'  itemprop=\"image\"   height=\"81\" width=\"79\" srcset=\"https:\/\/amec.blazedev.co.uk\/amecframework\/wp-content\/uploads\/2016\/08\/david_rockland_headshot_0.jpg 79w, https:\/\/amec.blazedev.co.uk\/amecframework\/wp-content\/uploads\/2016\/08\/david_rockland_headshot_0-36x36.jpg 36w\" sizes=\"(max-width: 79px) 100vw, 79px\" \/><\/div><h3 class='team-member-name '  itemprop=\"name\" >David B. Rockland, Ph.D.<\/h3><div class='team-member-description '  itemprop=\"description\" ><p>Socio\/CEO<br \/>\nKetchum Investigaci\u00f3n y An\u00e1lisis Global<br \/>\nConsejero Anterior Inmediato, AMEC<\/p>\n<\/div><span class='hidden team-member-affiliation'  itemprop=\"affiliation\" >AMEC Integrated Evaluation Framework<\/span><\/section><\/p><\/div>\n<style type=\"text\/css\" data-created_by=\"avia_inline_auto\" id=\"style-css-av-av_one_full-6126cab7d8fab8d08143dd2dacdf673c\">\n.flex_column.av-av_one_full-6126cab7d8fab8d08143dd2dacdf673c{\nborder-radius:0px 0px 0px 0px;\npadding:0px 0px 0px 0px;\n}\n<\/style>\n<div  class='flex_column av-av_one_full-6126cab7d8fab8d08143dd2dacdf673c av_one_full  avia-builder-el-5  el_after_av_one_full  el_before_av_one_full  first flex_column_div av-zero-column-padding  column-top-margin'     ><p>\n<style type=\"text\/css\" data-created_by=\"avia_inline_auto\" id=\"style-css-av-av_hr-cff9db79973b2b34cd1182f84c56818a\">\n#top .hr.av-av_hr-cff9db79973b2b34cd1182f84c56818a{\nmargin-top:30px;\nmargin-bottom:30px;\n}\n.hr.av-av_hr-cff9db79973b2b34cd1182f84c56818a .hr-inner{\nwidth:300px;\nborder-color:#ff5800;\n}\n<\/style>\n<div  class='hr av-av_hr-cff9db79973b2b34cd1182f84c56818a hr-custom  avia-builder-el-6  el_before_av_textblock  avia-builder-el-first  hr-center hr-icon-no'><span class='hr-inner inner-border-av-border-fat'><span class=\"hr-inner-style\"><\/span><\/span><\/div><br \/>\n<section  class='av_textblock_section av-av_textblock-35972167d9f102c5ddaec0c531c98b9e '   itemscope=\"itemscope\" itemtype=\"https:\/\/schema.org\/CreativeWork\" ><div class='avia_textblock'  itemprop=\"text\" ><p style=\"text-align: center;\">\u201cTener una estructura de evaluaci\u00f3n pronunciada es muy beneficioso para identificar las etapas de comunicaci\u00f3n, la necesidad de evaluar en cada etapa, particularmente, la necesidad de evaluar producciones e impacto, y ayuda a identificar las m\u00e9tricas y los m\u00e9todos que pueden ser usados. Las agencias del Gobierno de Nueva Gales del Sur han respondido positivamente a la estructura de evaluaci\u00f3n que hemos introducido\u201d.<\/p>\n<p style=\"text-align: center;\"><img loading=\"lazy\" decoding=\"async\" class=\"alignnone size-full wp-image-108\" src=\"https:\/\/amec.blazedev.co.uk\/amecframework\/wp-content\/uploads\/2016\/08\/dpc-print-header-logo.jpg\" alt=\"dpc-print-header-logo\" width=\"218\" height=\"79\" \/><\/p>\n<\/div><\/section><\/p><\/div>\n<style type=\"text\/css\" data-created_by=\"avia_inline_auto\" id=\"style-css-av-av_one_full-6126cab7d8fab8d08143dd2dacdf673c\">\n.flex_column.av-av_one_full-6126cab7d8fab8d08143dd2dacdf673c{\nborder-radius:0px 0px 0px 0px;\npadding:0px 0px 0px 0px;\n}\n<\/style>\n<div  class='flex_column av-av_one_full-6126cab7d8fab8d08143dd2dacdf673c av_one_full  avia-builder-el-8  el_after_av_one_full  el_before_av_one_full  first flex_column_div av-zero-column-padding  column-top-margin'     ><p>\n<style type=\"text\/css\" data-created_by=\"avia_inline_auto\" id=\"style-css-av-av_hr-cff9db79973b2b34cd1182f84c56818a\">\n#top .hr.av-av_hr-cff9db79973b2b34cd1182f84c56818a{\nmargin-top:30px;\nmargin-bottom:30px;\n}\n.hr.av-av_hr-cff9db79973b2b34cd1182f84c56818a .hr-inner{\nwidth:300px;\nborder-color:#ff5800;\n}\n<\/style>\n<div  class='hr av-av_hr-cff9db79973b2b34cd1182f84c56818a hr-custom  avia-builder-el-9  el_before_av_textblock  avia-builder-el-first  hr-center hr-icon-no'><span class='hr-inner inner-border-av-border-fat'><span class=\"hr-inner-style\"><\/span><\/span><\/div><br \/>\n<section  class='av_textblock_section av-av_textblock-35972167d9f102c5ddaec0c531c98b9e '   itemscope=\"itemscope\" itemtype=\"https:\/\/schema.org\/CreativeWork\" ><div class='avia_textblock'  itemprop=\"text\" ><p style=\"text-align: center;\">\u00abNo solamente la Estructura AMEC hace que sea incre\u00edblemente f\u00e1cil para Ud. planificar un programa de comunicaciones, el mismo insiste en que Ud. tenga metas reales, medibles. Esto deber\u00eda volverse un est\u00e1ndar industrial en todos los continentes e idiomas\u201d.<\/p>\n<\/div><\/section><br \/>\n<section  class='avia-team-member av-av_team_member-344ec717720aef9e3a3cf8bec2a03f54  avia-builder-el-11  el_after_av_textblock  avia-builder-el-last  vertical'  itemscope=\"itemscope\" itemtype=\"https:\/\/schema.org\/Person\" ><div class=\"team-img-container\"><img decoding=\"async\" fetchpriority=\"high\" class='wp-image-93 avia-img-lazy-loading-not-93 avia_image avia_image_team' src=\"https:\/\/amec.blazedev.co.uk\/amecframework\/wp-content\/uploads\/2016\/08\/gini-dietrich.jpg\" alt='Gini Dietrich'  itemprop=\"image\"   height=\"100\" width=\"79\" \/><\/div><h3 class='team-member-name '  itemprop=\"name\" >Gini Dietrich<\/h3><div class='team-member-description '  itemprop=\"description\" ><p>CEO Arment Dietrich<br \/>\nAutor de Spin Sucks<\/p>\n<\/div><span class='hidden team-member-affiliation'  itemprop=\"affiliation\" >AMEC Integrated Evaluation Framework<\/span><\/section><\/p><\/div>\n<style type=\"text\/css\" data-created_by=\"avia_inline_auto\" id=\"style-css-av-av_one_full-6126cab7d8fab8d08143dd2dacdf673c\">\n.flex_column.av-av_one_full-6126cab7d8fab8d08143dd2dacdf673c{\nborder-radius:0px 0px 0px 0px;\npadding:0px 0px 0px 0px;\n}\n<\/style>\n<div  class='flex_column av-av_one_full-6126cab7d8fab8d08143dd2dacdf673c av_one_full  avia-builder-el-12  el_after_av_one_full  el_before_av_one_full  first flex_column_div av-zero-column-padding  column-top-margin'     ><p>\n<style type=\"text\/css\" data-created_by=\"avia_inline_auto\" id=\"style-css-av-av_hr-cff9db79973b2b34cd1182f84c56818a\">\n#top .hr.av-av_hr-cff9db79973b2b34cd1182f84c56818a{\nmargin-top:30px;\nmargin-bottom:30px;\n}\n.hr.av-av_hr-cff9db79973b2b34cd1182f84c56818a .hr-inner{\nwidth:300px;\nborder-color:#ff5800;\n}\n<\/style>\n<div  class='hr av-av_hr-cff9db79973b2b34cd1182f84c56818a hr-custom  avia-builder-el-13  el_before_av_textblock  avia-builder-el-first  hr-center hr-icon-no'><span class='hr-inner inner-border-av-border-fat'><span class=\"hr-inner-style\"><\/span><\/span><\/div><br \/>\n<section  class='av_textblock_section av-av_textblock-35972167d9f102c5ddaec0c531c98b9e '   itemscope=\"itemscope\" itemtype=\"https:\/\/schema.org\/CreativeWork\" ><div class='avia_textblock'  itemprop=\"text\" ><p id=\"u21437-2\" style=\"text-align: center;\">\u00abLa evaluaci\u00f3n de la efectividad en comunicaciones no ha sido nunca tan importante como ahora. En el Gobierno del Reino Unido (UK) los Principios AMEC nos han ayudado a estar seguros de que estamos midiendo lo que importa. Los principios necesitan ser aplicados en la pr\u00e1ctica, por lo tanto, le doy la bienvenida a esta nueva Estructura Interactiva AMEC que da vida a estos principios de una manera que es amigable con los usuarios\u201c.<\/p>\n<p id=\"u21437-5\" style=\"text-align: center;\">\u00abEs muy bueno ver que la industria se mueve para reflejar la naturaleza integrada de las comunicaciones modernas, brindando una estructura para todos los niveles -no solamente para expertos- para aplicar s\u00f3lidos principios de evaluaci\u00f3n.<\/p>\n<p id=\"u21437-8\" style=\"text-align: center;\">\u00abEste modelo est\u00e1 muy alineado con el modelo del Servicio Gubernamental de Comunicaciones que yo lanc\u00e9 a principios de este a\u00f1o y deber\u00eda alentar a todos a usarlo para enfocar sus comunicaciones alrededor de los resultados para hacer la comunicaci\u00f3n demostrablemente efectiva\u201d.<\/p>\n<\/div><\/section><br \/>\n<section  class='avia-team-member av-av_team_member-996ddaae23fafcf9de9c289871a62909  avia-builder-el-15  el_after_av_textblock  avia-builder-el-last  vertical'  itemscope=\"itemscope\" itemtype=\"https:\/\/schema.org\/Person\" ><div class=\"team-img-container\"><img decoding=\"async\" fetchpriority=\"high\" class='wp-image-114 avia-img-lazy-loading-not-114 avia_image avia_image_team' src=\"https:\/\/amec.blazedev.co.uk\/amecframework\/wp-content\/uploads\/2016\/08\/alexaiken.jpg\" alt='Alex Aiken'  itemprop=\"image\"   height=\"79\" width=\"118\" \/><\/div><h3 class='team-member-name '  itemprop=\"name\" >Alex Aiken<\/h3><div class='team-member-description '  itemprop=\"description\" ><p>Director Ejecutivo de Comunicaciones Gubernamentales<br \/>\nGobierno del Reino Unido (UK)<\/p>\n<\/div><span class='hidden team-member-affiliation'  itemprop=\"affiliation\" >AMEC Integrated Evaluation Framework<\/span><\/section><\/p><\/div>\n<style type=\"text\/css\" data-created_by=\"avia_inline_auto\" id=\"style-css-av-av_one_full-6126cab7d8fab8d08143dd2dacdf673c\">\n.flex_column.av-av_one_full-6126cab7d8fab8d08143dd2dacdf673c{\nborder-radius:0px 0px 0px 0px;\npadding:0px 0px 0px 0px;\n}\n<\/style>\n<div  class='flex_column av-av_one_full-6126cab7d8fab8d08143dd2dacdf673c av_one_full  avia-builder-el-16  el_after_av_one_full  el_before_av_one_full  first flex_column_div av-zero-column-padding  column-top-margin'     ><p>\n<style type=\"text\/css\" data-created_by=\"avia_inline_auto\" id=\"style-css-av-av_hr-cff9db79973b2b34cd1182f84c56818a\">\n#top .hr.av-av_hr-cff9db79973b2b34cd1182f84c56818a{\nmargin-top:30px;\nmargin-bottom:30px;\n}\n.hr.av-av_hr-cff9db79973b2b34cd1182f84c56818a .hr-inner{\nwidth:300px;\nborder-color:#ff5800;\n}\n<\/style>\n<div  class='hr av-av_hr-cff9db79973b2b34cd1182f84c56818a hr-custom  avia-builder-el-17  el_before_av_textblock  avia-builder-el-first  hr-center hr-icon-no'><span class='hr-inner inner-border-av-border-fat'><span class=\"hr-inner-style\"><\/span><\/span><\/div><br \/>\n<section  class='av_textblock_section av-av_textblock-35972167d9f102c5ddaec0c531c98b9e '   itemscope=\"itemscope\" itemtype=\"https:\/\/schema.org\/CreativeWork\" ><div class='avia_textblock'  itemprop=\"text\" ><div id=\"u21468-4\" class=\"ts-Default-Link-Style--copy clearfix colelem shared_content\" data-content-guid=\"u21468-4_content\">\n<p id=\"u21468-2\" style=\"text-align: center;\">\u201cLa herramienta es elegantemente simple. Es el eslab\u00f3n perdido entre los Principios de Barcelona, la estructura integrada AMEC y aplicaciones pr\u00e1cticas en cuanto a pr\u00e1cticas de relaciones p\u00fablicas en todas las clases de medios. Aquellos que los utilizan ya no tienen excusas para no evaluar su trabajo. Muy buen trabajo, AMEC. Gracias en nombre de la profesi\u00f3n de relaciones p\u00fablicas\u201d.<\/p>\n<\/div>\n<\/div><\/section><br \/>\n<section  class='avia-team-member av-av_team_member-7c39a32162b8856e0b259f863da9ad60  avia-builder-el-19  el_after_av_textblock  avia-builder-el-last  vertical'  itemscope=\"itemscope\" itemtype=\"https:\/\/schema.org\/Person\" ><div class=\"team-img-container\"><img decoding=\"async\" fetchpriority=\"high\" class='wp-image-94 avia-img-lazy-loading-not-94 avia_image avia_image_team' src=\"https:\/\/amec.blazedev.co.uk\/amecframework\/wp-content\/uploads\/2016\/08\/stephen-waddington.jpg\" alt='Stephen Waddington'  itemprop=\"image\"   height=\"79\" width=\"79\" srcset=\"https:\/\/amec.blazedev.co.uk\/amecframework\/wp-content\/uploads\/2016\/08\/stephen-waddington.jpg 79w, https:\/\/amec.blazedev.co.uk\/amecframework\/wp-content\/uploads\/2016\/08\/stephen-waddington-36x36.jpg 36w\" sizes=\"(max-width: 79px) 100vw, 79px\" \/><\/div><h3 class='team-member-name '  itemprop=\"name\" >Stephen Waddington<\/h3><div class='team-member-description '  itemprop=\"description\" ><p>Socio y Oficial Jefe de Compromisos<br \/>\nKetchum<\/p>\n<\/div><span class='hidden team-member-affiliation'  itemprop=\"affiliation\" >AMEC Integrated Evaluation Framework<\/span><\/section><\/p><\/div>\n<style type=\"text\/css\" data-created_by=\"avia_inline_auto\" id=\"style-css-av-av_one_full-6126cab7d8fab8d08143dd2dacdf673c\">\n.flex_column.av-av_one_full-6126cab7d8fab8d08143dd2dacdf673c{\nborder-radius:0px 0px 0px 0px;\npadding:0px 0px 0px 0px;\n}\n<\/style>\n<div  class='flex_column av-av_one_full-6126cab7d8fab8d08143dd2dacdf673c av_one_full  avia-builder-el-20  el_after_av_one_full  avia-builder-el-last  first flex_column_div av-zero-column-padding  column-top-margin'     ><p>\n<style type=\"text\/css\" data-created_by=\"avia_inline_auto\" id=\"style-css-av-av_hr-cff9db79973b2b34cd1182f84c56818a\">\n#top .hr.av-av_hr-cff9db79973b2b34cd1182f84c56818a{\nmargin-top:30px;\nmargin-bottom:30px;\n}\n.hr.av-av_hr-cff9db79973b2b34cd1182f84c56818a .hr-inner{\nwidth:300px;\nborder-color:#ff5800;\n}\n<\/style>\n<div  class='hr av-av_hr-cff9db79973b2b34cd1182f84c56818a hr-custom  avia-builder-el-21  el_before_av_textblock  avia-builder-el-first  hr-center hr-icon-no'><span class='hr-inner inner-border-av-border-fat'><span class=\"hr-inner-style\"><\/span><\/span><\/div><br \/>\n<section  class='av_textblock_section av-av_textblock-35972167d9f102c5ddaec0c531c98b9e '   itemscope=\"itemscope\" itemtype=\"https:\/\/schema.org\/CreativeWork\" ><div class='avia_textblock'  itemprop=\"text\" ><div id=\"u21468-4\" class=\"ts-Default-Link-Style--copy clearfix colelem shared_content\" data-content-guid=\"u21468-4_content\">\n<p id=\"u21468-2\" style=\"text-align: center;\">\u201cLa nueva Estructura de Evaluaci\u00f3n integrada de AMEC no es simplemente agradable de ver -algo que yo estoy convencido que todas las cosas \u00fatiles DEBER\u00cdAN ser-, lleva a cabo mediciones de evaluaci\u00f3n INTELIGENTES e intuitivas, lo cual es el primer paso hacia su adopci\u00f3n. Por d\u00e9cadas nuestra industria ha estado desesperada por una soluci\u00f3n como \u00e9sta. Y con solo un clic del mouse, AMEC puede haber hecho sonar el anuncio de la muerte de m\u00e9tricas ins\u00edpidas \u2013convirti\u00e9ndolas en m\u00e9tricas v\u00e1lidas \u2013 de una vez por todas\u201d.<\/p>\n<\/div>\n<\/div><\/section><br \/>\n<section  class='avia-team-member av-av_team_member-0f2023036a014839beb074bba384f228  avia-builder-el-23  el_after_av_textblock  avia-builder-el-last  vertical'  itemscope=\"itemscope\" itemtype=\"https:\/\/schema.org\/Person\" ><div class=\"team-img-container\"><img decoding=\"async\" fetchpriority=\"high\" class='wp-image-92 avia-img-lazy-loading-not-92 avia_image avia_image_team' src=\"https:\/\/amec.blazedev.co.uk\/amecframework\/wp-content\/uploads\/2016\/08\/shonali_burke_fullshot-2.jpg\" alt=' Shonali Burke'  itemprop=\"image\"   height=\"106\" width=\"79\" \/><\/div><h3 class='team-member-name '  itemprop=\"name\" > Shonali Burke<\/h3><div class='team-member-description '  itemprop=\"description\" ><p>CEO<br \/>\nShonali Burke Consulting<\/p>\n<\/div><span class='hidden team-member-affiliation'  itemprop=\"affiliation\" >AMEC Integrated Evaluation Framework<\/span><\/section><\/p><\/div><\/p>\n","protected":false},"excerpt":{"rendered":"","protected":false},"author":1,"featured_media":0,"parent":565,"menu_order":2,"comment_status":"closed","ping_status":"closed","template":"","meta":{"footnotes":""},"tags":[],"class_list":["post-449","page","type-page","status-publish","hentry"],"yoast_head":"<!-- This site is optimized with the Yoast SEO plugin v27.2 - https:\/\/yoast.com\/product\/yoast-seo-wordpress\/ -->\n<title>Endosos - AMEC Integrated Evaluation Framework<\/title>\n<meta name=\"robots\" content=\"noindex, follow, max-snippet:-1, max-image-preview:large, max-video-preview:-1\" \/>\n<meta property=\"og:locale\" content=\"es_ES\" \/>\n<meta property=\"og:type\" content=\"article\" \/>\n<meta property=\"og:title\" content=\"Endosos - AMEC Integrated Evaluation Framework\" \/>\n<meta property=\"og:url\" content=\"https:\/\/amec.blazedev.co.uk\/amecframework\/es\/home\/supporting-material\/endorsements\/\" \/>\n<meta property=\"og:site_name\" content=\"AMEC Integrated Evaluation Framework\" \/>\n<meta property=\"article:modified_time\" content=\"2016-08-23T12:00:27+00:00\" \/>\n<meta property=\"og:image\" content=\"https:\/\/amec.blazedev.co.uk\/amecframework\/wp-content\/uploads\/2016\/08\/dpc-print-header-logo.jpg\" \/>\n<meta name=\"twitter:card\" content=\"summary_large_image\" \/>\n<meta name=\"twitter:label1\" content=\"Est. reading time\" \/>\n\t<meta name=\"twitter:data1\" content=\"7 minutos\" \/>\n<script type=\"application\/ld+json\" class=\"yoast-schema-graph\">{\"@context\":\"https:\/\/schema.org\",\"@graph\":[{\"@type\":\"WebPage\",\"@id\":\"https:\/\/amec.blazedev.co.uk\/amecframework\/es\/home\/supporting-material\/endorsements\/\",\"url\":\"https:\/\/amec.blazedev.co.uk\/amecframework\/es\/home\/supporting-material\/endorsements\/\",\"name\":\"Endosos - AMEC Integrated Evaluation Framework\",\"isPartOf\":{\"@id\":\"https:\/\/amec.blazedev.co.uk\/amecframework\/ru\/#website\"},\"primaryImageOfPage\":{\"@id\":\"https:\/\/amec.blazedev.co.uk\/amecframework\/es\/home\/supporting-material\/endorsements\/#primaryimage\"},\"image\":{\"@id\":\"https:\/\/amec.blazedev.co.uk\/amecframework\/es\/home\/supporting-material\/endorsements\/#primaryimage\"},\"thumbnailUrl\":\"https:\/\/amec.blazedev.co.uk\/amecframework\/wp-content\/uploads\/2016\/08\/dpc-print-header-logo.jpg\",\"datePublished\":\"2016-08-23T08:22:59+00:00\",\"dateModified\":\"2016-08-23T12:00:27+00:00\",\"breadcrumb\":{\"@id\":\"https:\/\/amec.blazedev.co.uk\/amecframework\/es\/home\/supporting-material\/endorsements\/#breadcrumb\"},\"inLanguage\":\"es\",\"potentialAction\":[{\"@type\":\"ReadAction\",\"target\":[\"https:\/\/amec.blazedev.co.uk\/amecframework\/es\/home\/supporting-material\/endorsements\/\"]}]},{\"@type\":\"ImageObject\",\"inLanguage\":\"es\",\"@id\":\"https:\/\/amec.blazedev.co.uk\/amecframework\/es\/home\/supporting-material\/endorsements\/#primaryimage\",\"url\":\"https:\/\/amec.blazedev.co.uk\/amecframework\/wp-content\/uploads\/2016\/08\/dpc-print-header-logo.jpg\",\"contentUrl\":\"https:\/\/amec.blazedev.co.uk\/amecframework\/wp-content\/uploads\/2016\/08\/dpc-print-header-logo.jpg\"},{\"@type\":\"BreadcrumbList\",\"@id\":\"https:\/\/amec.blazedev.co.uk\/amecframework\/es\/home\/supporting-material\/endorsements\/#breadcrumb\",\"itemListElement\":[{\"@type\":\"ListItem\",\"position\":1,\"name\":\"Home\",\"item\":\"https:\/\/amec.blazedev.co.uk\/amecframework\/es\/\"},{\"@type\":\"ListItem\",\"position\":2,\"name\":\"Casa\",\"item\":\"https:\/\/amec.blazedev.co.uk\/amecframework\/es\/\"},{\"@type\":\"ListItem\",\"position\":3,\"name\":\"material de apoio\",\"item\":\"https:\/\/amec.blazedev.co.uk\/amecframework\/es\/home\/supporting-material\/\"},{\"@type\":\"ListItem\",\"position\":4,\"name\":\"Endosos\"}]},{\"@type\":\"WebSite\",\"@id\":\"https:\/\/amec.blazedev.co.uk\/amecframework\/ru\/#website\",\"url\":\"https:\/\/amec.blazedev.co.uk\/amecframework\/ru\/\",\"name\":\"AMEC Integrated Evaluation Framework\",\"description\":\"\",\"potentialAction\":[{\"@type\":\"SearchAction\",\"target\":{\"@type\":\"EntryPoint\",\"urlTemplate\":\"https:\/\/amec.blazedev.co.uk\/amecframework\/ru\/?s={search_term_string}\"},\"query-input\":{\"@type\":\"PropertyValueSpecification\",\"valueRequired\":true,\"valueName\":\"search_term_string\"}}],\"inLanguage\":\"es\"}]}<\/script>\n<!-- \/ Yoast SEO plugin. -->","yoast_head_json":{"title":"Endosos - AMEC Integrated Evaluation Framework","robots":{"index":"noindex","follow":"follow","max-snippet":"max-snippet:-1","max-image-preview":"max-image-preview:large","max-video-preview":"max-video-preview:-1"},"og_locale":"es_ES","og_type":"article","og_title":"Endosos - AMEC Integrated Evaluation Framework","og_url":"https:\/\/amec.blazedev.co.uk\/amecframework\/es\/home\/supporting-material\/endorsements\/","og_site_name":"AMEC Integrated Evaluation Framework","article_modified_time":"2016-08-23T12:00:27+00:00","og_image":[{"url":"https:\/\/amec.blazedev.co.uk\/amecframework\/wp-content\/uploads\/2016\/08\/dpc-print-header-logo.jpg","type":"","width":"","height":""}],"twitter_card":"summary_large_image","twitter_misc":{"Est. reading time":"7 minutos"},"schema":{"@context":"https:\/\/schema.org","@graph":[{"@type":"WebPage","@id":"https:\/\/amec.blazedev.co.uk\/amecframework\/es\/home\/supporting-material\/endorsements\/","url":"https:\/\/amec.blazedev.co.uk\/amecframework\/es\/home\/supporting-material\/endorsements\/","name":"Endosos - AMEC Integrated Evaluation Framework","isPartOf":{"@id":"https:\/\/amec.blazedev.co.uk\/amecframework\/ru\/#website"},"primaryImageOfPage":{"@id":"https:\/\/amec.blazedev.co.uk\/amecframework\/es\/home\/supporting-material\/endorsements\/#primaryimage"},"image":{"@id":"https:\/\/amec.blazedev.co.uk\/amecframework\/es\/home\/supporting-material\/endorsements\/#primaryimage"},"thumbnailUrl":"https:\/\/amec.blazedev.co.uk\/amecframework\/wp-content\/uploads\/2016\/08\/dpc-print-header-logo.jpg","datePublished":"2016-08-23T08:22:59+00:00","dateModified":"2016-08-23T12:00:27+00:00","breadcrumb":{"@id":"https:\/\/amec.blazedev.co.uk\/amecframework\/es\/home\/supporting-material\/endorsements\/#breadcrumb"},"inLanguage":"es","potentialAction":[{"@type":"ReadAction","target":["https:\/\/amec.blazedev.co.uk\/amecframework\/es\/home\/supporting-material\/endorsements\/"]}]},{"@type":"ImageObject","inLanguage":"es","@id":"https:\/\/amec.blazedev.co.uk\/amecframework\/es\/home\/supporting-material\/endorsements\/#primaryimage","url":"https:\/\/amec.blazedev.co.uk\/amecframework\/wp-content\/uploads\/2016\/08\/dpc-print-header-logo.jpg","contentUrl":"https:\/\/amec.blazedev.co.uk\/amecframework\/wp-content\/uploads\/2016\/08\/dpc-print-header-logo.jpg"},{"@type":"BreadcrumbList","@id":"https:\/\/amec.blazedev.co.uk\/amecframework\/es\/home\/supporting-material\/endorsements\/#breadcrumb","itemListElement":[{"@type":"ListItem","position":1,"name":"Home","item":"https:\/\/amec.blazedev.co.uk\/amecframework\/es\/"},{"@type":"ListItem","position":2,"name":"Casa","item":"https:\/\/amec.blazedev.co.uk\/amecframework\/es\/"},{"@type":"ListItem","position":3,"name":"material de apoio","item":"https:\/\/amec.blazedev.co.uk\/amecframework\/es\/home\/supporting-material\/"},{"@type":"ListItem","position":4,"name":"Endosos"}]},{"@type":"WebSite","@id":"https:\/\/amec.blazedev.co.uk\/amecframework\/ru\/#website","url":"https:\/\/amec.blazedev.co.uk\/amecframework\/ru\/","name":"AMEC Integrated Evaluation Framework","description":"","potentialAction":[{"@type":"SearchAction","target":{"@type":"EntryPoint","urlTemplate":"https:\/\/amec.blazedev.co.uk\/amecframework\/ru\/?s={search_term_string}"},"query-input":{"@type":"PropertyValueSpecification","valueRequired":true,"valueName":"search_term_string"}}],"inLanguage":"es"}]}},"_links":{"self":[{"href":"https:\/\/amec.blazedev.co.uk\/amecframework\/es\/wp-json\/wp\/v2\/pages\/449","targetHints":{"allow":["GET"]}}],"collection":[{"href":"https:\/\/amec.blazedev.co.uk\/amecframework\/es\/wp-json\/wp\/v2\/pages"}],"about":[{"href":"https:\/\/amec.blazedev.co.uk\/amecframework\/es\/wp-json\/wp\/v2\/types\/page"}],"author":[{"embeddable":true,"href":"https:\/\/amec.blazedev.co.uk\/amecframework\/es\/wp-json\/wp\/v2\/users\/1"}],"replies":[{"embeddable":true,"href":"https:\/\/amec.blazedev.co.uk\/amecframework\/es\/wp-json\/wp\/v2\/comments?post=449"}],"version-history":[{"count":2,"href":"https:\/\/amec.blazedev.co.uk\/amecframework\/es\/wp-json\/wp\/v2\/pages\/449\/revisions"}],"predecessor-version":[{"id":474,"href":"https:\/\/amec.blazedev.co.uk\/amecframework\/es\/wp-json\/wp\/v2\/pages\/449\/revisions\/474"}],"up":[{"embeddable":true,"href":"https:\/\/amec.blazedev.co.uk\/amecframework\/es\/wp-json\/wp\/v2\/pages\/565"}],"wp:attachment":[{"href":"https:\/\/amec.blazedev.co.uk\/amecframework\/es\/wp-json\/wp\/v2\/media?parent=449"}],"wp:term":[{"taxonomy":"post_tag","embeddable":true,"href":"https:\/\/amec.blazedev.co.uk\/amecframework\/es\/wp-json\/wp\/v2\/tags?post=449"}],"curies":[{"name":"wp","href":"https:\/\/api.w.org\/{rel}","templated":true}]}}