{"id":1029,"date":"2017-01-27T11:54:50","date_gmt":"2017-01-27T11:54:50","guid":{"rendered":"http:\/\/amecorg.com\/amecframework\/de\/?page_id=1029"},"modified":"2017-01-27T11:54:50","modified_gmt":"2017-01-27T11:54:50","slug":"endorsements","status":"publish","type":"page","link":"https:\/\/amec.blazedev.co.uk\/amecframework\/de\/home\/supporting-material\/endorsements\/","title":{"rendered":"Endorsements"},"content":{"rendered":"\n<style type=\"text\/css\" data-created_by=\"avia_inline_auto\" id=\"style-css-av-av_one_full-6126cab7d8fab8d08143dd2dacdf673c\">\n.flex_column.av-av_one_full-6126cab7d8fab8d08143dd2dacdf673c{\nborder-radius:0px 0px 0px 0px;\npadding:0px 0px 0px 0px;\n}\n<\/style>\n<div  class='flex_column av-av_one_full-6126cab7d8fab8d08143dd2dacdf673c av_one_full  avia-builder-el-0  el_before_av_one_full  avia-builder-el-first  first flex_column_div av-zero-column-padding  '     ><style type=\"text\/css\" data-created_by=\"avia_inline_auto\" id=\"style-css-av-av_textblock-710f2b84645f078a27b61ae2c84de4a8\">\n#top .av_textblock_section.av-av_textblock-710f2b84645f078a27b61ae2c84de4a8 .avia_textblock{\nfont-size:25px;\n}\n<\/style>\n<section  class='av_textblock_section av-av_textblock-710f2b84645f078a27b61ae2c84de4a8 '   itemscope=\"itemscope\" itemtype=\"https:\/\/schema.org\/CreativeWork\" ><div class='avia_textblock'  itemprop=\"text\" ><div id=\"u10244-6\" class=\"clearfix colelem shared_content\" data-content-guid=\"u10244-6_content\">\n<div id=\"u2050-4\" class=\"clearfix colelem shared_content\" data-content-guid=\"u2050-4_content\">\n<p style=\"text-align: center; margin-bottom: -9px;\">EMPFEHLUNGEN<\/p>\n<\/div>\n<\/div>\n<\/div><\/section><br \/>\n\n<style type=\"text\/css\" data-created_by=\"avia_inline_auto\" id=\"style-css-av-av_hr-cff9db79973b2b34cd1182f84c56818a\">\n#top .hr.av-av_hr-cff9db79973b2b34cd1182f84c56818a{\nmargin-top:30px;\nmargin-bottom:30px;\n}\n.hr.av-av_hr-cff9db79973b2b34cd1182f84c56818a .hr-inner{\nwidth:300px;\nborder-color:#ff5800;\n}\n<\/style>\n<div  class='hr av-av_hr-cff9db79973b2b34cd1182f84c56818a hr-custom  avia-builder-el-2  el_after_av_textblock  el_before_av_textblock  hr-center hr-icon-no'><span class='hr-inner inner-border-av-border-fat'><span class=\"hr-inner-style\"><\/span><\/span><\/div><br \/>\n<section  class='av_textblock_section av-av_textblock-35972167d9f102c5ddaec0c531c98b9e '   itemscope=\"itemscope\" itemtype=\"https:\/\/schema.org\/CreativeWork\" ><div class='avia_textblock'  itemprop=\"text\" ><div id=\"u8524-4\" class=\"ts-Default-Link-Style--copy clearfix colelem shared_content\" data-content-guid=\"u8524-4_content\">\n<p id=\"u8524-2\" style=\"text-align: center;\">&#8222;Dieses neue interaktive Tool ist fantastisch und ein sehr wertvolles Werkzeug f\u00fcr die Branche. Es setzt die Theorie der Barcelona-Prinzipien als tats\u00e4chliche Festlegung von Zielen, Festlegung von KPIs und Durchf\u00fchrung von Messprogrammen um. Ich kann mir vorstellen es h\u00e4ufig mit vielen unserer Kunden und Account Teams anzuwenden.&#8220;<\/p>\n<\/div>\n<\/div><\/section><br \/>\n<section  class='avia-team-member av-av_team_member-53732e86b893e2cc7c350103cbe4f8f1  avia-builder-el-4  el_after_av_textblock  avia-builder-el-last  vertical'  itemscope=\"itemscope\" itemtype=\"https:\/\/schema.org\/Person\" ><div class=\"team-img-container\"><img decoding=\"async\" fetchpriority=\"high\" class='wp-image-106 avia-img-lazy-loading-not-106 avia_image avia_image_team' src=\"https:\/\/amec.blazedev.co.uk\/amecframework\/wp-content\/uploads\/2016\/08\/david_rockland_headshot_0.jpg\" alt='David B. Rockland, Ph.D.'  itemprop=\"image\"   height=\"81\" width=\"79\" srcset=\"https:\/\/amec.blazedev.co.uk\/amecframework\/wp-content\/uploads\/2016\/08\/david_rockland_headshot_0.jpg 79w, https:\/\/amec.blazedev.co.uk\/amecframework\/wp-content\/uploads\/2016\/08\/david_rockland_headshot_0-36x36.jpg 36w\" sizes=\"(max-width: 79px) 100vw, 79px\" \/><\/div><h3 class='team-member-name '  itemprop=\"name\" >David B. Rockland, Ph.D.<\/h3><div class='team-member-description '  itemprop=\"description\" ><p>Partner\/CEO<br \/>\nKetchum Global Research &amp; Analytics<br \/>\nImmediate Past Chairman, AMEC<\/p>\n<\/div><span class='hidden team-member-affiliation'  itemprop=\"affiliation\" >AMEC Integrated Evaluation Framework<\/span><\/section><\/p><\/div>\n<style type=\"text\/css\" data-created_by=\"avia_inline_auto\" id=\"style-css-av-av_one_full-6126cab7d8fab8d08143dd2dacdf673c\">\n.flex_column.av-av_one_full-6126cab7d8fab8d08143dd2dacdf673c{\nborder-radius:0px 0px 0px 0px;\npadding:0px 0px 0px 0px;\n}\n<\/style>\n<div  class='flex_column av-av_one_full-6126cab7d8fab8d08143dd2dacdf673c av_one_full  avia-builder-el-5  el_after_av_one_full  el_before_av_one_full  first flex_column_div av-zero-column-padding  column-top-margin'     ><p>\n<style type=\"text\/css\" data-created_by=\"avia_inline_auto\" id=\"style-css-av-av_hr-cff9db79973b2b34cd1182f84c56818a\">\n#top .hr.av-av_hr-cff9db79973b2b34cd1182f84c56818a{\nmargin-top:30px;\nmargin-bottom:30px;\n}\n.hr.av-av_hr-cff9db79973b2b34cd1182f84c56818a .hr-inner{\nwidth:300px;\nborder-color:#ff5800;\n}\n<\/style>\n<div  class='hr av-av_hr-cff9db79973b2b34cd1182f84c56818a hr-custom  avia-builder-el-6  el_before_av_textblock  avia-builder-el-first  hr-center hr-icon-no'><span class='hr-inner inner-border-av-border-fat'><span class=\"hr-inner-style\"><\/span><\/span><\/div><br \/>\n<section  class='av_textblock_section av-av_textblock-35972167d9f102c5ddaec0c531c98b9e '   itemscope=\"itemscope\" itemtype=\"https:\/\/schema.org\/CreativeWork\" ><div class='avia_textblock'  itemprop=\"text\" ><p style=\"text-align: center;\">&#8222;Ein \u00fcbergreifender Evaluierungsrahmen ist sehr vorteilhaft bei der Identifizierung der Stadien der Kommunikation; die Notwendigkeit, in jedem Stadium zu evaluieren, insbesondere die Notwendigkeit, Ergebnisse und Auswirkungen zu bewerten; und es hilft bei der Identifizierung der Metriken und Methoden, die verwendet werden k\u00f6nnen. Die Regierungsbeh\u00f6rden von New South Wales haben die Einf\u00fchrung des Frameworks sehr positiv aufgenommen.&#8220;<\/p>\n<p style=\"text-align: center;\"><img loading=\"lazy\" decoding=\"async\" class=\"alignnone size-full wp-image-108\" src=\"https:\/\/amec.blazedev.co.uk\/amecframework\/wp-content\/uploads\/2016\/08\/dpc-print-header-logo.jpg\" alt=\"dpc-print-header-logo\" width=\"218\" height=\"79\" \/><\/p>\n<\/div><\/section><\/p><\/div>\n<style type=\"text\/css\" data-created_by=\"avia_inline_auto\" id=\"style-css-av-av_one_full-6126cab7d8fab8d08143dd2dacdf673c\">\n.flex_column.av-av_one_full-6126cab7d8fab8d08143dd2dacdf673c{\nborder-radius:0px 0px 0px 0px;\npadding:0px 0px 0px 0px;\n}\n<\/style>\n<div  class='flex_column av-av_one_full-6126cab7d8fab8d08143dd2dacdf673c av_one_full  avia-builder-el-8  el_after_av_one_full  el_before_av_one_full  first flex_column_div av-zero-column-padding  column-top-margin'     ><p>\n<style type=\"text\/css\" data-created_by=\"avia_inline_auto\" id=\"style-css-av-av_hr-cff9db79973b2b34cd1182f84c56818a\">\n#top .hr.av-av_hr-cff9db79973b2b34cd1182f84c56818a{\nmargin-top:30px;\nmargin-bottom:30px;\n}\n.hr.av-av_hr-cff9db79973b2b34cd1182f84c56818a .hr-inner{\nwidth:300px;\nborder-color:#ff5800;\n}\n<\/style>\n<div  class='hr av-av_hr-cff9db79973b2b34cd1182f84c56818a hr-custom  avia-builder-el-9  el_before_av_textblock  avia-builder-el-first  hr-center hr-icon-no'><span class='hr-inner inner-border-av-border-fat'><span class=\"hr-inner-style\"><\/span><\/span><\/div><br \/>\n<section  class='av_textblock_section av-av_textblock-35972167d9f102c5ddaec0c531c98b9e '   itemscope=\"itemscope\" itemtype=\"https:\/\/schema.org\/CreativeWork\" ><div class='avia_textblock'  itemprop=\"text\" ><p style=\"text-align: center;\">&#8222;Das AMEC Framework macht es nicht nur unglaublich einfach, ein Kommunikationsprogramm zu planen, es besteht darauf, dass Sie echte, messbare Ziele haben. Dies muss zu einem Industriestandard auf allen Kontinenten und in allen Sprachen werden.&#8220;<\/p>\n<\/div><\/section><br \/>\n<section  class='avia-team-member av-av_team_member-35bf6ce446b1f73efb7da03b40e75971  avia-builder-el-11  el_after_av_textblock  avia-builder-el-last  vertical'  itemscope=\"itemscope\" itemtype=\"https:\/\/schema.org\/Person\" ><div class=\"team-img-container\"><img decoding=\"async\" fetchpriority=\"high\" class='wp-image-93 avia-img-lazy-loading-not-93 avia_image avia_image_team' src=\"https:\/\/amec.blazedev.co.uk\/amecframework\/wp-content\/uploads\/2016\/08\/gini-dietrich.jpg\" alt='Gini Dietrich'  itemprop=\"image\"   height=\"100\" width=\"79\" \/><\/div><h3 class='team-member-name '  itemprop=\"name\" >Gini Dietrich<\/h3><div class='team-member-description '  itemprop=\"description\" ><p>CEO Arment Dietrich<br \/>\nAutor von Spin Sucks<\/p>\n<\/div><span class='hidden team-member-affiliation'  itemprop=\"affiliation\" >AMEC Integrated Evaluation Framework<\/span><\/section><\/p><\/div>\n<style type=\"text\/css\" data-created_by=\"avia_inline_auto\" id=\"style-css-av-av_one_full-6126cab7d8fab8d08143dd2dacdf673c\">\n.flex_column.av-av_one_full-6126cab7d8fab8d08143dd2dacdf673c{\nborder-radius:0px 0px 0px 0px;\npadding:0px 0px 0px 0px;\n}\n<\/style>\n<div  class='flex_column av-av_one_full-6126cab7d8fab8d08143dd2dacdf673c av_one_full  avia-builder-el-12  el_after_av_one_full  el_before_av_one_full  first flex_column_div av-zero-column-padding  column-top-margin'     ><p>\n<style type=\"text\/css\" data-created_by=\"avia_inline_auto\" id=\"style-css-av-av_hr-cff9db79973b2b34cd1182f84c56818a\">\n#top .hr.av-av_hr-cff9db79973b2b34cd1182f84c56818a{\nmargin-top:30px;\nmargin-bottom:30px;\n}\n.hr.av-av_hr-cff9db79973b2b34cd1182f84c56818a .hr-inner{\nwidth:300px;\nborder-color:#ff5800;\n}\n<\/style>\n<div  class='hr av-av_hr-cff9db79973b2b34cd1182f84c56818a hr-custom  avia-builder-el-13  el_before_av_textblock  avia-builder-el-first  hr-center hr-icon-no'><span class='hr-inner inner-border-av-border-fat'><span class=\"hr-inner-style\"><\/span><\/span><\/div><br \/>\n<section  class='av_textblock_section av-av_textblock-35972167d9f102c5ddaec0c531c98b9e '   itemscope=\"itemscope\" itemtype=\"https:\/\/schema.org\/CreativeWork\" ><div class='avia_textblock'  itemprop=\"text\" ><p id=\"u21437-2\" style=\"text-align: center;\">&#8222;Die Bewertung der Kommunikationseffizienz war nie wichtiger. In der britischen Regierung haben die AMEC-Prinzipien uns geholfen, sicherzustellen, dass wir messen, was z\u00e4hlt. Die Grunds\u00e4tze m\u00fcssen in der Praxis angewendet werden; ich begr\u00fc\u00dfen deshalb dieses neue AMEC Interactive Framework, das diese Grunds\u00e4tze auf eine benutzerfreundliche Weise umsetzt.\u201c<\/p>\n<p id=\"u21437-5\" style=\"text-align: center;\">&#8222;Es ist gro\u00dfartig zu sehen, dass die Branche bem\u00fcht ist die integrierte Natur der modernen Kommunikation zu reflektieren und einen Rahmen f\u00fcr alle Ebenen &#8211; nicht nur Experten \u2013 zu schaffen, um starke Bewertungsprinzipien anzuwenden.\u201c<\/p>\n<p id=\"u21437-8\" style=\"text-align: center;\">&#8222;Dieses Modell stimmt stark mit dem Government Communication Service Modell \u00fcberein, das ich Anfang dieses Jahres gestartet habe, und ich w\u00fcrde alle dazu ermutigen, sie dazu nutzen Kommunikation auf Ergebnisse zu konzentrieren, um die Kommunikation nachweislich effektiv zu gestalten.&#8220;<\/p>\n<\/div><\/section><br \/>\n<section  class='avia-team-member av-av_team_member-f62939bfd4ebd8ef167baca80ed48cd7  avia-builder-el-15  el_after_av_textblock  avia-builder-el-last  vertical'  itemscope=\"itemscope\" itemtype=\"https:\/\/schema.org\/Person\" ><div class=\"team-img-container\"><img decoding=\"async\" fetchpriority=\"high\" class='wp-image-114 avia-img-lazy-loading-not-114 avia_image avia_image_team' src=\"https:\/\/amec.blazedev.co.uk\/amecframework\/wp-content\/uploads\/2016\/08\/alexaiken.jpg\" alt='Alex Aiken'  itemprop=\"image\"   height=\"79\" width=\"118\" \/><\/div><h3 class='team-member-name '  itemprop=\"name\" >Alex Aiken<\/h3><div class='team-member-description '  itemprop=\"description\" ><p>Executive Director of Government Communications<br \/>\nUK Government<\/p>\n<\/div><span class='hidden team-member-affiliation'  itemprop=\"affiliation\" >AMEC Integrated Evaluation Framework<\/span><\/section><\/p><\/div>\n<style type=\"text\/css\" data-created_by=\"avia_inline_auto\" id=\"style-css-av-av_one_full-6126cab7d8fab8d08143dd2dacdf673c\">\n.flex_column.av-av_one_full-6126cab7d8fab8d08143dd2dacdf673c{\nborder-radius:0px 0px 0px 0px;\npadding:0px 0px 0px 0px;\n}\n<\/style>\n<div  class='flex_column av-av_one_full-6126cab7d8fab8d08143dd2dacdf673c av_one_full  avia-builder-el-16  el_after_av_one_full  el_before_av_one_full  first flex_column_div av-zero-column-padding  column-top-margin'     ><p>\n<style type=\"text\/css\" data-created_by=\"avia_inline_auto\" id=\"style-css-av-av_hr-cff9db79973b2b34cd1182f84c56818a\">\n#top .hr.av-av_hr-cff9db79973b2b34cd1182f84c56818a{\nmargin-top:30px;\nmargin-bottom:30px;\n}\n.hr.av-av_hr-cff9db79973b2b34cd1182f84c56818a .hr-inner{\nwidth:300px;\nborder-color:#ff5800;\n}\n<\/style>\n<div  class='hr av-av_hr-cff9db79973b2b34cd1182f84c56818a hr-custom  avia-builder-el-17  el_before_av_textblock  avia-builder-el-first  hr-center hr-icon-no'><span class='hr-inner inner-border-av-border-fat'><span class=\"hr-inner-style\"><\/span><\/span><\/div><br \/>\n<section  class='av_textblock_section av-av_textblock-35972167d9f102c5ddaec0c531c98b9e '   itemscope=\"itemscope\" itemtype=\"https:\/\/schema.org\/CreativeWork\" ><div class='avia_textblock'  itemprop=\"text\" ><div id=\"u21468-4\" class=\"ts-Default-Link-Style--copy clearfix colelem shared_content\" data-content-guid=\"u21468-4_content\">\n<p id=\"u21468-2\" style=\"text-align: center;\"><span id=\"u21468\">&#8222;Das Werkzeug ist elegant einfach. Es ist das fehlende Glied zwischen den Barcelona-Grunds\u00e4tzen, dem Integrated Evaluation Framework von AMEC und der praktischen Anwendung in der \u00d6ffentlichkeitsarbeit in allen Medienformen. Praktizierende haben keine Ausreden mehr, ihre Arbeit nicht zu messen. Sehr gut gemacht AMEC. Vielen Dank im Namen der \u00d6ffentlichkeitsarbeit.\u201c<\/span><\/p>\n<\/div>\n<\/div><\/section><br \/>\n<section  class='avia-team-member av-av_team_member-7063afa3dec685df2acfef4582dddeee  avia-builder-el-19  el_after_av_textblock  avia-builder-el-last  vertical'  itemscope=\"itemscope\" itemtype=\"https:\/\/schema.org\/Person\" ><div class=\"team-img-container\"><img decoding=\"async\" fetchpriority=\"high\" class='wp-image-94 avia-img-lazy-loading-not-94 avia_image avia_image_team' src=\"https:\/\/amec.blazedev.co.uk\/amecframework\/wp-content\/uploads\/2016\/08\/stephen-waddington.jpg\" alt='Stephen Waddington'  itemprop=\"image\"   height=\"79\" width=\"79\" srcset=\"https:\/\/amec.blazedev.co.uk\/amecframework\/wp-content\/uploads\/2016\/08\/stephen-waddington.jpg 79w, https:\/\/amec.blazedev.co.uk\/amecframework\/wp-content\/uploads\/2016\/08\/stephen-waddington-36x36.jpg 36w\" sizes=\"(max-width: 79px) 100vw, 79px\" \/><\/div><h3 class='team-member-name '  itemprop=\"name\" >Stephen Waddington<\/h3><div class='team-member-description '  itemprop=\"description\" ><p>Partner and Chief Engagement Officer<br \/>\nKetchum<\/p>\n<\/div><span class='hidden team-member-affiliation'  itemprop=\"affiliation\" >AMEC Integrated Evaluation Framework<\/span><\/section><\/p><\/div>\n<style type=\"text\/css\" data-created_by=\"avia_inline_auto\" id=\"style-css-av-av_one_full-6126cab7d8fab8d08143dd2dacdf673c\">\n.flex_column.av-av_one_full-6126cab7d8fab8d08143dd2dacdf673c{\nborder-radius:0px 0px 0px 0px;\npadding:0px 0px 0px 0px;\n}\n<\/style>\n<div  class='flex_column av-av_one_full-6126cab7d8fab8d08143dd2dacdf673c av_one_full  avia-builder-el-20  el_after_av_one_full  avia-builder-el-last  first flex_column_div av-zero-column-padding  column-top-margin'     ><p>\n<style type=\"text\/css\" data-created_by=\"avia_inline_auto\" id=\"style-css-av-av_hr-cff9db79973b2b34cd1182f84c56818a\">\n#top .hr.av-av_hr-cff9db79973b2b34cd1182f84c56818a{\nmargin-top:30px;\nmargin-bottom:30px;\n}\n.hr.av-av_hr-cff9db79973b2b34cd1182f84c56818a .hr-inner{\nwidth:300px;\nborder-color:#ff5800;\n}\n<\/style>\n<div  class='hr av-av_hr-cff9db79973b2b34cd1182f84c56818a hr-custom  avia-builder-el-21  el_before_av_textblock  avia-builder-el-first  hr-center hr-icon-no'><span class='hr-inner inner-border-av-border-fat'><span class=\"hr-inner-style\"><\/span><\/span><\/div><br \/>\n<section  class='av_textblock_section av-av_textblock-35972167d9f102c5ddaec0c531c98b9e '   itemscope=\"itemscope\" itemtype=\"https:\/\/schema.org\/CreativeWork\" ><div class='avia_textblock'  itemprop=\"text\" ><div id=\"u21468-4\" class=\"ts-Default-Link-Style--copy clearfix colelem shared_content\" data-content-guid=\"u21468-4_content\">\n<p id=\"u21468-2\" style=\"text-align: center;\">&#8222;Das neue Integrated Evaluation Framework von AMEC ist nicht nur erfreulich f\u00fcr die Augen \u2013 was alle n\u00fctzlichen Dinge sein sollten &#8211; es macht SMART Messung und Bewertung intuitiv, was der erste Schritt zur Umsetzung ist. Unsere Branche hat seit Jahrzehnten verzweifelt auf so etwas gewartet. Und mit einem Mausklick kann AMEC schwachen Metriken den Todessto\u00df versetzen und sie f\u00fcr ein und allemal in g\u00fcltige Metriken verwandeln.\u201d<\/p>\n<\/div>\n<\/div><\/section><br \/>\n<section  class='avia-team-member av-av_team_member-0f2023036a014839beb074bba384f228  avia-builder-el-23  el_after_av_textblock  avia-builder-el-last  vertical'  itemscope=\"itemscope\" itemtype=\"https:\/\/schema.org\/Person\" ><div class=\"team-img-container\"><img decoding=\"async\" fetchpriority=\"high\" class='wp-image-92 avia-img-lazy-loading-not-92 avia_image avia_image_team' src=\"https:\/\/amec.blazedev.co.uk\/amecframework\/wp-content\/uploads\/2016\/08\/shonali_burke_fullshot-2.jpg\" alt=' Shonali Burke'  itemprop=\"image\"   height=\"106\" width=\"79\" \/><\/div><h3 class='team-member-name '  itemprop=\"name\" > Shonali Burke<\/h3><div class='team-member-description '  itemprop=\"description\" ><p>CEO<br \/>\nShonali Burke Consulting<\/p>\n<\/div><span class='hidden team-member-affiliation'  itemprop=\"affiliation\" >AMEC Integrated Evaluation Framework<\/span><\/section><\/p><\/div><\/p>\n","protected":false},"excerpt":{"rendered":"","protected":false},"author":1,"featured_media":0,"parent":1018,"menu_order":2,"comment_status":"closed","ping_status":"closed","template":"","meta":{"footnotes":""},"tags":[],"class_list":["post-1029","page","type-page","status-publish","hentry"],"yoast_head":"<!-- This site is optimized with the Yoast SEO plugin v27.2 - https:\/\/yoast.com\/product\/yoast-seo-wordpress\/ -->\n<title>Endorsements - AMEC Integrated Evaluation Framework<\/title>\n<meta name=\"robots\" content=\"noindex, follow, max-snippet:-1, max-image-preview:large, max-video-preview:-1\" \/>\n<meta property=\"og:locale\" content=\"de_DE\" \/>\n<meta property=\"og:type\" content=\"article\" \/>\n<meta property=\"og:title\" content=\"Endorsements - AMEC Integrated Evaluation Framework\" \/>\n<meta property=\"og:url\" content=\"https:\/\/amec.blazedev.co.uk\/amecframework\/de\/home\/supporting-material\/endorsements\/\" \/>\n<meta property=\"og:site_name\" content=\"AMEC Integrated Evaluation Framework\" \/>\n<meta property=\"og:image\" content=\"https:\/\/amec.blazedev.co.uk\/amecframework\/wp-content\/uploads\/2016\/08\/dpc-print-header-logo.jpg\" \/>\n<meta name=\"twitter:card\" content=\"summary_large_image\" \/>\n<meta name=\"twitter:label1\" content=\"Est. reading time\" \/>\n\t<meta name=\"twitter:data1\" content=\"7 Minuten\" \/>\n<script type=\"application\/ld+json\" class=\"yoast-schema-graph\">{\"@context\":\"https:\/\/schema.org\",\"@graph\":[{\"@type\":\"WebPage\",\"@id\":\"https:\/\/amec.blazedev.co.uk\/amecframework\/de\/home\/supporting-material\/endorsements\/\",\"url\":\"https:\/\/amec.blazedev.co.uk\/amecframework\/de\/home\/supporting-material\/endorsements\/\",\"name\":\"Endorsements - AMEC Integrated Evaluation Framework\",\"isPartOf\":{\"@id\":\"https:\/\/amec.blazedev.co.uk\/amecframework\/ru\/#website\"},\"primaryImageOfPage\":{\"@id\":\"https:\/\/amec.blazedev.co.uk\/amecframework\/de\/home\/supporting-material\/endorsements\/#primaryimage\"},\"image\":{\"@id\":\"https:\/\/amec.blazedev.co.uk\/amecframework\/de\/home\/supporting-material\/endorsements\/#primaryimage\"},\"thumbnailUrl\":\"https:\/\/amec.blazedev.co.uk\/amecframework\/wp-content\/uploads\/2016\/08\/dpc-print-header-logo.jpg\",\"datePublished\":\"2017-01-27T11:54:50+00:00\",\"breadcrumb\":{\"@id\":\"https:\/\/amec.blazedev.co.uk\/amecframework\/de\/home\/supporting-material\/endorsements\/#breadcrumb\"},\"inLanguage\":\"de-DE\",\"potentialAction\":[{\"@type\":\"ReadAction\",\"target\":[\"https:\/\/amec.blazedev.co.uk\/amecframework\/de\/home\/supporting-material\/endorsements\/\"]}]},{\"@type\":\"ImageObject\",\"inLanguage\":\"de-DE\",\"@id\":\"https:\/\/amec.blazedev.co.uk\/amecframework\/de\/home\/supporting-material\/endorsements\/#primaryimage\",\"url\":\"https:\/\/amec.blazedev.co.uk\/amecframework\/wp-content\/uploads\/2016\/08\/dpc-print-header-logo.jpg\",\"contentUrl\":\"https:\/\/amec.blazedev.co.uk\/amecframework\/wp-content\/uploads\/2016\/08\/dpc-print-header-logo.jpg\"},{\"@type\":\"BreadcrumbList\",\"@id\":\"https:\/\/amec.blazedev.co.uk\/amecframework\/de\/home\/supporting-material\/endorsements\/#breadcrumb\",\"itemListElement\":[{\"@type\":\"ListItem\",\"position\":1,\"name\":\"Home\",\"item\":\"https:\/\/amec.blazedev.co.uk\/amecframework\/de\/\"},{\"@type\":\"ListItem\",\"position\":2,\"name\":\"Home\",\"item\":\"https:\/\/amec.blazedev.co.uk\/amecframework\/de\/\"},{\"@type\":\"ListItem\",\"position\":3,\"name\":\"Supporting Material\",\"item\":\"https:\/\/amec.blazedev.co.uk\/amecframework\/de\/home\/supporting-material\/\"},{\"@type\":\"ListItem\",\"position\":4,\"name\":\"Endorsements\"}]},{\"@type\":\"WebSite\",\"@id\":\"https:\/\/amec.blazedev.co.uk\/amecframework\/ru\/#website\",\"url\":\"https:\/\/amec.blazedev.co.uk\/amecframework\/ru\/\",\"name\":\"AMEC Integrated Evaluation Framework\",\"description\":\"\",\"potentialAction\":[{\"@type\":\"SearchAction\",\"target\":{\"@type\":\"EntryPoint\",\"urlTemplate\":\"https:\/\/amec.blazedev.co.uk\/amecframework\/ru\/?s={search_term_string}\"},\"query-input\":{\"@type\":\"PropertyValueSpecification\",\"valueRequired\":true,\"valueName\":\"search_term_string\"}}],\"inLanguage\":\"de-DE\"}]}<\/script>\n<!-- \/ Yoast SEO plugin. -->","yoast_head_json":{"title":"Endorsements - AMEC Integrated Evaluation Framework","robots":{"index":"noindex","follow":"follow","max-snippet":"max-snippet:-1","max-image-preview":"max-image-preview:large","max-video-preview":"max-video-preview:-1"},"og_locale":"de_DE","og_type":"article","og_title":"Endorsements - AMEC Integrated Evaluation Framework","og_url":"https:\/\/amec.blazedev.co.uk\/amecframework\/de\/home\/supporting-material\/endorsements\/","og_site_name":"AMEC Integrated Evaluation Framework","og_image":[{"url":"https:\/\/amec.blazedev.co.uk\/amecframework\/wp-content\/uploads\/2016\/08\/dpc-print-header-logo.jpg","type":"","width":"","height":""}],"twitter_card":"summary_large_image","twitter_misc":{"Est. reading time":"7 Minuten"},"schema":{"@context":"https:\/\/schema.org","@graph":[{"@type":"WebPage","@id":"https:\/\/amec.blazedev.co.uk\/amecframework\/de\/home\/supporting-material\/endorsements\/","url":"https:\/\/amec.blazedev.co.uk\/amecframework\/de\/home\/supporting-material\/endorsements\/","name":"Endorsements - AMEC Integrated Evaluation Framework","isPartOf":{"@id":"https:\/\/amec.blazedev.co.uk\/amecframework\/ru\/#website"},"primaryImageOfPage":{"@id":"https:\/\/amec.blazedev.co.uk\/amecframework\/de\/home\/supporting-material\/endorsements\/#primaryimage"},"image":{"@id":"https:\/\/amec.blazedev.co.uk\/amecframework\/de\/home\/supporting-material\/endorsements\/#primaryimage"},"thumbnailUrl":"https:\/\/amec.blazedev.co.uk\/amecframework\/wp-content\/uploads\/2016\/08\/dpc-print-header-logo.jpg","datePublished":"2017-01-27T11:54:50+00:00","breadcrumb":{"@id":"https:\/\/amec.blazedev.co.uk\/amecframework\/de\/home\/supporting-material\/endorsements\/#breadcrumb"},"inLanguage":"de-DE","potentialAction":[{"@type":"ReadAction","target":["https:\/\/amec.blazedev.co.uk\/amecframework\/de\/home\/supporting-material\/endorsements\/"]}]},{"@type":"ImageObject","inLanguage":"de-DE","@id":"https:\/\/amec.blazedev.co.uk\/amecframework\/de\/home\/supporting-material\/endorsements\/#primaryimage","url":"https:\/\/amec.blazedev.co.uk\/amecframework\/wp-content\/uploads\/2016\/08\/dpc-print-header-logo.jpg","contentUrl":"https:\/\/amec.blazedev.co.uk\/amecframework\/wp-content\/uploads\/2016\/08\/dpc-print-header-logo.jpg"},{"@type":"BreadcrumbList","@id":"https:\/\/amec.blazedev.co.uk\/amecframework\/de\/home\/supporting-material\/endorsements\/#breadcrumb","itemListElement":[{"@type":"ListItem","position":1,"name":"Home","item":"https:\/\/amec.blazedev.co.uk\/amecframework\/de\/"},{"@type":"ListItem","position":2,"name":"Home","item":"https:\/\/amec.blazedev.co.uk\/amecframework\/de\/"},{"@type":"ListItem","position":3,"name":"Supporting Material","item":"https:\/\/amec.blazedev.co.uk\/amecframework\/de\/home\/supporting-material\/"},{"@type":"ListItem","position":4,"name":"Endorsements"}]},{"@type":"WebSite","@id":"https:\/\/amec.blazedev.co.uk\/amecframework\/ru\/#website","url":"https:\/\/amec.blazedev.co.uk\/amecframework\/ru\/","name":"AMEC Integrated Evaluation Framework","description":"","potentialAction":[{"@type":"SearchAction","target":{"@type":"EntryPoint","urlTemplate":"https:\/\/amec.blazedev.co.uk\/amecframework\/ru\/?s={search_term_string}"},"query-input":{"@type":"PropertyValueSpecification","valueRequired":true,"valueName":"search_term_string"}}],"inLanguage":"de-DE"}]}},"_links":{"self":[{"href":"https:\/\/amec.blazedev.co.uk\/amecframework\/de\/wp-json\/wp\/v2\/pages\/1029","targetHints":{"allow":["GET"]}}],"collection":[{"href":"https:\/\/amec.blazedev.co.uk\/amecframework\/de\/wp-json\/wp\/v2\/pages"}],"about":[{"href":"https:\/\/amec.blazedev.co.uk\/amecframework\/de\/wp-json\/wp\/v2\/types\/page"}],"author":[{"embeddable":true,"href":"https:\/\/amec.blazedev.co.uk\/amecframework\/de\/wp-json\/wp\/v2\/users\/1"}],"replies":[{"embeddable":true,"href":"https:\/\/amec.blazedev.co.uk\/amecframework\/de\/wp-json\/wp\/v2\/comments?post=1029"}],"version-history":[{"count":1,"href":"https:\/\/amec.blazedev.co.uk\/amecframework\/de\/wp-json\/wp\/v2\/pages\/1029\/revisions"}],"predecessor-version":[{"id":1030,"href":"https:\/\/amec.blazedev.co.uk\/amecframework\/de\/wp-json\/wp\/v2\/pages\/1029\/revisions\/1030"}],"up":[{"embeddable":true,"href":"https:\/\/amec.blazedev.co.uk\/amecframework\/de\/wp-json\/wp\/v2\/pages\/1018"}],"wp:attachment":[{"href":"https:\/\/amec.blazedev.co.uk\/amecframework\/de\/wp-json\/wp\/v2\/media?parent=1029"}],"wp:term":[{"taxonomy":"post_tag","embeddable":true,"href":"https:\/\/amec.blazedev.co.uk\/amecframework\/de\/wp-json\/wp\/v2\/tags?post=1029"}],"curies":[{"name":"wp","href":"https:\/\/api.w.org\/{rel}","templated":true}]}}