{"id":1026,"date":"2017-01-27T11:50:12","date_gmt":"2017-01-27T11:50:12","guid":{"rendered":"http:\/\/amecorg.com\/amecframework\/de\/?page_id=1026"},"modified":"2017-03-06T15:47:14","modified_gmt":"2017-03-06T15:47:14","slug":"acknowledgements","status":"publish","type":"page","link":"https:\/\/amec.blazedev.co.uk\/amecframework\/de\/home\/acknowledgements\/","title":{"rendered":"Acknowledgements"},"content":{"rendered":"\n<style type=\"text\/css\" data-created_by=\"avia_inline_auto\" id=\"style-css-av-av_one_full-6126cab7d8fab8d08143dd2dacdf673c\">\n.flex_column.av-av_one_full-6126cab7d8fab8d08143dd2dacdf673c{\nborder-radius:0px 0px 0px 0px;\npadding:0px 0px 0px 0px;\n}\n<\/style>\n<div  class='flex_column av-av_one_full-6126cab7d8fab8d08143dd2dacdf673c av_one_full  avia-builder-el-0  el_before_av_one_third  avia-builder-el-first  first flex_column_div av-zero-column-padding  '     ><style type=\"text\/css\" data-created_by=\"avia_inline_auto\" id=\"style-css-av-av_textblock-710f2b84645f078a27b61ae2c84de4a8\">\n#top .av_textblock_section.av-av_textblock-710f2b84645f078a27b61ae2c84de4a8 .avia_textblock{\nfont-size:25px;\n}\n<\/style>\n<section  class='av_textblock_section av-av_textblock-710f2b84645f078a27b61ae2c84de4a8 '   itemscope=\"itemscope\" itemtype=\"https:\/\/schema.org\/CreativeWork\" ><div class='avia_textblock'  itemprop=\"text\" ><div id=\"u3631-4\" class=\"clearfix colelem shared_content\" data-content-guid=\"u3631-4_content\">\n<p style=\"text-align: center; margin-top: -10px;\">Anerkennung und Dank<\/p>\n<\/div>\n<\/div><\/section><br \/>\n\n<style type=\"text\/css\" data-created_by=\"avia_inline_auto\" id=\"style-css-av-av_hr-cff9db79973b2b34cd1182f84c56818a\">\n#top .hr.av-av_hr-cff9db79973b2b34cd1182f84c56818a{\nmargin-top:30px;\nmargin-bottom:30px;\n}\n.hr.av-av_hr-cff9db79973b2b34cd1182f84c56818a .hr-inner{\nwidth:300px;\nborder-color:#ff5800;\n}\n<\/style>\n<div  class='hr av-av_hr-cff9db79973b2b34cd1182f84c56818a hr-custom  avia-builder-el-2  el_after_av_textblock  avia-builder-el-last  hr-center hr-icon-no'><span class='hr-inner inner-border-av-border-fat'><span class=\"hr-inner-style\"><\/span><\/span><\/div><\/p><\/div>\n\n<style type=\"text\/css\" data-created_by=\"avia_inline_auto\" id=\"style-css-av-av_one_third-6126cab7d8fab8d08143dd2dacdf673c\">\n.flex_column.av-av_one_third-6126cab7d8fab8d08143dd2dacdf673c{\nborder-radius:0px 0px 0px 0px;\npadding:0px 0px 0px 0px;\n}\n<\/style>\n<div  class='flex_column av-av_one_third-6126cab7d8fab8d08143dd2dacdf673c av_one_third  avia-builder-el-3  el_after_av_one_full  el_before_av_one_third  first flex_column_div av-zero-column-padding  column-top-margin'     ><section  class='av_textblock_section av-av_textblock-35972167d9f102c5ddaec0c531c98b9e '   itemscope=\"itemscope\" itemtype=\"https:\/\/schema.org\/CreativeWork\" ><div class='avia_textblock'  itemprop=\"text\" ><p>Vielen Dank an das Integrated Evaluation Team von AMEC, das im letzten Jahr so hart gearbeitet hat, um dieses Resource Center und unser interaktives Framework zu entwickeln.<\/p>\n<p>Ein besonderer Dank gilt Jim Macnamara, Professor f\u00fcr \u00f6ffentliche Kommunikation. Schule f\u00fcr Kommunikation, Fakult\u00e4t f\u00fcr Kunst- und Sozialwissenschaften, Technische Universit\u00e4t Sydney, der die Evaluations-&#8222;Taxonomie&#8220; erstellt hat und AMEC gro\u00dfz\u00fcgiger Weise erlaubt hat, sie zu nutzen und zu teilen. Jim f\u00fchrt auch die AMEC Academic Advisory Group, die sich Zeit genommen hat, um Input und Feedback zu den verschiedenen Iterationen dieses Frameworks in seiner Entwicklung zu geben.<\/p>\n<p>Vielen Dank an die Hauptmitglieder des Integrated Evaluation Framework Teams:<\/p>\n<ul id=\"u3630-17\" class=\"list0 nls-None\">\n<li id=\"u3630-16\" class=\"ts-Default-Link-Style--copy\">Paul Hender, Head of Insights at Gorkana<\/li>\n<li class=\"ts-Default-Link-Style--copy\">Elayne Phillips vom UK Cabinet Office<\/li>\n<li class=\"ts-Default-Link-Style--copy\">Giles Peddy, Group Managing Director von Lewis &#8211; der ebenfalls viel Entwicklungshilfe zur Verf\u00fcgung gestellt hat, um die interaktive Website zu erm\u00f6glichen.<\/li>\n<\/ul>\n<ul id=\"u3630-27\" class=\"list0 nls-None\"><\/ul>\n<\/div><\/section><\/div>\n<style type=\"text\/css\" data-created_by=\"avia_inline_auto\" id=\"style-css-av-av_one_third-0aa7055fe62c3622faec82866afbaeb2\">\n.flex_column.av-av_one_third-0aa7055fe62c3622faec82866afbaeb2{\nborder-radius:0px 0px 0px 0px;\npadding:0px 0px 0px 0px;\n}\n<\/style>\n<div  class='flex_column av-av_one_third-0aa7055fe62c3622faec82866afbaeb2 av_one_third  avia-builder-el-5  el_after_av_one_third  el_before_av_one_third  flex_column_div av-zero-column-padding  column-top-margin'     ><section  class='av_textblock_section av-av_textblock-35972167d9f102c5ddaec0c531c98b9e '   itemscope=\"itemscope\" itemtype=\"https:\/\/schema.org\/CreativeWork\" ><div class='avia_textblock'  itemprop=\"text\" ><p id=\"u3629-20\"><span style=\"font-weight: 400;\">Zu den weiteren Mitgliedern unseres Teams geh\u00f6rten Mark Carrier, Research &amp; Development Director, Reputation Intelligence, Kantar Media, Karen Prichard, MD Reputation bei Ebiquity, Lisa Story, Chief Strategy Officer von Cohn und Wolfe, Margot Savell, SVP Global Measurement at Paul Njoku, Leiter der GCS-Evaluierungsprojekte im Cabinet Office, Ann-Sofie Kroll, CEO von byBrick Insight AB, Aseem Sood, CEO von Impact Research &amp; Measurement, und Rayna Grudova-de Lange, CEO von DeLange Analytics.<\/span><\/p>\n<p id=\"u3629-37\"><span style=\"font-weight: 400;\">Vielen Dank auch an die Branchenexperten, die ihre Gedanken und gemeinsame Artikel auf unserer Website beigetragen haben. Dazu geh\u00f6ren Professor Kevin Money, Professor f\u00fcr Reputation &amp; Responsible Leadership an der Henley Business School, Charlie Snow, Chief Strategy Officer bei MullenLowe, Stephen Waddngton, Partner und Chief Engagement Officer von Ketchum, Shonali Burke, President &amp; CEO von Shonali Burke Consulting, und Gini Dietrich, CEO von Arment Dietrich Inc.<\/span><\/p>\n<\/div><\/section><\/div><\/p>\n\n<style type=\"text\/css\" data-created_by=\"avia_inline_auto\" id=\"style-css-av-av_one_third-0aa7055fe62c3622faec82866afbaeb2\">\n.flex_column.av-av_one_third-0aa7055fe62c3622faec82866afbaeb2{\nborder-radius:0px 0px 0px 0px;\npadding:0px 0px 0px 0px;\n}\n<\/style>\n<div  class='flex_column av-av_one_third-0aa7055fe62c3622faec82866afbaeb2 av_one_third  avia-builder-el-7  el_after_av_one_third  avia-builder-el-last  flex_column_div av-zero-column-padding  column-top-margin'     ><section  class='av_textblock_section av-av_textblock-35972167d9f102c5ddaec0c531c98b9e '   itemscope=\"itemscope\" itemtype=\"https:\/\/schema.org\/CreativeWork\" ><div class='avia_textblock'  itemprop=\"text\" ><p><span style=\"font-weight: 400;\">Schlie\u00dflich m\u00f6chte ich einem Freund vieler in der globalen Kommunikationsmessungs-Community, Don Bartholomew, die Ehre erweisen und besonders hervorheben, der leider im letzen Jahr verstorben ist.<\/span><\/p>\n<p id=\"u3635-5\" class=\"ts-Default-Link-Style--copy\"><span style=\"font-weight: 400;\">Don war Autor des respektierten Metrics Man Blogs und war SVP of Digital and Social Media Research bei Ketchum. Don arbeitete eng mit mir und dem AMEC-Team an der Entwicklung vieler unserer besten Bildungsressourcen einschlie\u00dflich des Social-Media-Frameworks zusammen. Sein Denken war ma\u00dfgeblich f\u00fcr unseren Erfolg und ich habe immer versucht, seinen Ansatz im Kopf zu behalten &#8211; ein Werkzeug zu entwickeln, das anspruchsvoll und sinnvoll ist, aber nicht undurchdringlich oder zu komplex zu benutzen ist. Ich glaube, dass wir die richtige Balance gefunden haben \u00a0und hoffe, dass Don stolz sein w\u00fcrde, dass sein Verm\u00e4chtnis weiterlebt.<\/span><\/p>\n<p id=\"u3635-10\" class=\"ts-Default-Link-Style--copy\"><a class=\"nonblock\" href=\"https:\/\/twitter.com\/richardbagnall\" target=\"_blank\">Richard Bagnall<\/a><span id=\"u3635-9\">,<\/span><\/p>\n<p id=\"u3635-12\">Integrated evaluation team lead &amp; Board Director AMEC<\/p>\n<p id=\"u3635-14\">CEO PRIME Research UK<\/p>\n<\/div><\/section><\/div>\n","protected":false},"excerpt":{"rendered":"","protected":false},"author":1,"featured_media":0,"parent":1011,"menu_order":4,"comment_status":"closed","ping_status":"closed","template":"","meta":{"footnotes":""},"tags":[],"class_list":["post-1026","page","type-page","status-publish","hentry"],"yoast_head":"<!-- This site is optimized with the Yoast SEO plugin v27.2 - https:\/\/yoast.com\/product\/yoast-seo-wordpress\/ -->\n<title>Acknowledgements - AMEC Integrated Evaluation Framework<\/title>\n<meta name=\"robots\" content=\"noindex, follow, max-snippet:-1, max-image-preview:large, max-video-preview:-1\" \/>\n<meta property=\"og:locale\" content=\"de_DE\" \/>\n<meta property=\"og:type\" content=\"article\" \/>\n<meta property=\"og:title\" content=\"Acknowledgements - AMEC Integrated Evaluation Framework\" \/>\n<meta property=\"og:url\" content=\"https:\/\/amec.blazedev.co.uk\/amecframework\/de\/home\/acknowledgements\/\" \/>\n<meta property=\"og:site_name\" content=\"AMEC Integrated Evaluation Framework\" \/>\n<meta property=\"article:modified_time\" content=\"2017-03-06T15:47:14+00:00\" \/>\n<meta name=\"twitter:card\" content=\"summary_large_image\" \/>\n<meta name=\"twitter:label1\" content=\"Est. reading time\" \/>\n\t<meta name=\"twitter:data1\" content=\"4 Minuten\" \/>\n<script type=\"application\/ld+json\" class=\"yoast-schema-graph\">{\"@context\":\"https:\/\/schema.org\",\"@graph\":[{\"@type\":\"WebPage\",\"@id\":\"https:\/\/amec.blazedev.co.uk\/amecframework\/de\/home\/acknowledgements\/\",\"url\":\"https:\/\/amec.blazedev.co.uk\/amecframework\/de\/home\/acknowledgements\/\",\"name\":\"Acknowledgements - AMEC Integrated Evaluation Framework\",\"isPartOf\":{\"@id\":\"https:\/\/amec.blazedev.co.uk\/amecframework\/ru\/#website\"},\"datePublished\":\"2017-01-27T11:50:12+00:00\",\"dateModified\":\"2017-03-06T15:47:14+00:00\",\"breadcrumb\":{\"@id\":\"https:\/\/amec.blazedev.co.uk\/amecframework\/de\/home\/acknowledgements\/#breadcrumb\"},\"inLanguage\":\"de-DE\",\"potentialAction\":[{\"@type\":\"ReadAction\",\"target\":[\"https:\/\/amec.blazedev.co.uk\/amecframework\/de\/home\/acknowledgements\/\"]}]},{\"@type\":\"BreadcrumbList\",\"@id\":\"https:\/\/amec.blazedev.co.uk\/amecframework\/de\/home\/acknowledgements\/#breadcrumb\",\"itemListElement\":[{\"@type\":\"ListItem\",\"position\":1,\"name\":\"Home\",\"item\":\"https:\/\/amec.blazedev.co.uk\/amecframework\/de\/\"},{\"@type\":\"ListItem\",\"position\":2,\"name\":\"Home\",\"item\":\"https:\/\/amec.blazedev.co.uk\/amecframework\/de\/\"},{\"@type\":\"ListItem\",\"position\":3,\"name\":\"Acknowledgements\"}]},{\"@type\":\"WebSite\",\"@id\":\"https:\/\/amec.blazedev.co.uk\/amecframework\/ru\/#website\",\"url\":\"https:\/\/amec.blazedev.co.uk\/amecframework\/ru\/\",\"name\":\"AMEC Integrated Evaluation Framework\",\"description\":\"\",\"potentialAction\":[{\"@type\":\"SearchAction\",\"target\":{\"@type\":\"EntryPoint\",\"urlTemplate\":\"https:\/\/amec.blazedev.co.uk\/amecframework\/ru\/?s={search_term_string}\"},\"query-input\":{\"@type\":\"PropertyValueSpecification\",\"valueRequired\":true,\"valueName\":\"search_term_string\"}}],\"inLanguage\":\"de-DE\"}]}<\/script>\n<!-- \/ Yoast SEO plugin. -->","yoast_head_json":{"title":"Acknowledgements - AMEC Integrated Evaluation Framework","robots":{"index":"noindex","follow":"follow","max-snippet":"max-snippet:-1","max-image-preview":"max-image-preview:large","max-video-preview":"max-video-preview:-1"},"og_locale":"de_DE","og_type":"article","og_title":"Acknowledgements - AMEC Integrated Evaluation Framework","og_url":"https:\/\/amec.blazedev.co.uk\/amecframework\/de\/home\/acknowledgements\/","og_site_name":"AMEC Integrated Evaluation Framework","article_modified_time":"2017-03-06T15:47:14+00:00","twitter_card":"summary_large_image","twitter_misc":{"Est. reading time":"4 Minuten"},"schema":{"@context":"https:\/\/schema.org","@graph":[{"@type":"WebPage","@id":"https:\/\/amec.blazedev.co.uk\/amecframework\/de\/home\/acknowledgements\/","url":"https:\/\/amec.blazedev.co.uk\/amecframework\/de\/home\/acknowledgements\/","name":"Acknowledgements - AMEC Integrated Evaluation Framework","isPartOf":{"@id":"https:\/\/amec.blazedev.co.uk\/amecframework\/ru\/#website"},"datePublished":"2017-01-27T11:50:12+00:00","dateModified":"2017-03-06T15:47:14+00:00","breadcrumb":{"@id":"https:\/\/amec.blazedev.co.uk\/amecframework\/de\/home\/acknowledgements\/#breadcrumb"},"inLanguage":"de-DE","potentialAction":[{"@type":"ReadAction","target":["https:\/\/amec.blazedev.co.uk\/amecframework\/de\/home\/acknowledgements\/"]}]},{"@type":"BreadcrumbList","@id":"https:\/\/amec.blazedev.co.uk\/amecframework\/de\/home\/acknowledgements\/#breadcrumb","itemListElement":[{"@type":"ListItem","position":1,"name":"Home","item":"https:\/\/amec.blazedev.co.uk\/amecframework\/de\/"},{"@type":"ListItem","position":2,"name":"Home","item":"https:\/\/amec.blazedev.co.uk\/amecframework\/de\/"},{"@type":"ListItem","position":3,"name":"Acknowledgements"}]},{"@type":"WebSite","@id":"https:\/\/amec.blazedev.co.uk\/amecframework\/ru\/#website","url":"https:\/\/amec.blazedev.co.uk\/amecframework\/ru\/","name":"AMEC Integrated Evaluation Framework","description":"","potentialAction":[{"@type":"SearchAction","target":{"@type":"EntryPoint","urlTemplate":"https:\/\/amec.blazedev.co.uk\/amecframework\/ru\/?s={search_term_string}"},"query-input":{"@type":"PropertyValueSpecification","valueRequired":true,"valueName":"search_term_string"}}],"inLanguage":"de-DE"}]}},"_links":{"self":[{"href":"https:\/\/amec.blazedev.co.uk\/amecframework\/de\/wp-json\/wp\/v2\/pages\/1026","targetHints":{"allow":["GET"]}}],"collection":[{"href":"https:\/\/amec.blazedev.co.uk\/amecframework\/de\/wp-json\/wp\/v2\/pages"}],"about":[{"href":"https:\/\/amec.blazedev.co.uk\/amecframework\/de\/wp-json\/wp\/v2\/types\/page"}],"author":[{"embeddable":true,"href":"https:\/\/amec.blazedev.co.uk\/amecframework\/de\/wp-json\/wp\/v2\/users\/1"}],"replies":[{"embeddable":true,"href":"https:\/\/amec.blazedev.co.uk\/amecframework\/de\/wp-json\/wp\/v2\/comments?post=1026"}],"version-history":[{"count":3,"href":"https:\/\/amec.blazedev.co.uk\/amecframework\/de\/wp-json\/wp\/v2\/pages\/1026\/revisions"}],"predecessor-version":[{"id":1080,"href":"https:\/\/amec.blazedev.co.uk\/amecframework\/de\/wp-json\/wp\/v2\/pages\/1026\/revisions\/1080"}],"up":[{"embeddable":true,"href":"https:\/\/amec.blazedev.co.uk\/amecframework\/de\/wp-json\/wp\/v2\/pages\/1011"}],"wp:attachment":[{"href":"https:\/\/amec.blazedev.co.uk\/amecframework\/de\/wp-json\/wp\/v2\/media?parent=1026"}],"wp:term":[{"taxonomy":"post_tag","embeddable":true,"href":"https:\/\/amec.blazedev.co.uk\/amecframework\/de\/wp-json\/wp\/v2\/tags?post=1026"}],"curies":[{"name":"wp","href":"https:\/\/api.w.org\/{rel}","templated":true}]}}