{"id":1016,"date":"2017-01-27T10:20:56","date_gmt":"2017-01-27T10:20:56","guid":{"rendered":"http:\/\/amecorg.com\/amecframework\/de\/?page_id=1016"},"modified":"2017-01-27T10:20:56","modified_gmt":"2017-01-27T10:20:56","slug":"introduction","status":"publish","type":"page","link":"https:\/\/amec.blazedev.co.uk\/amecframework\/de\/home\/framework\/introduction\/","title":{"rendered":"Introduction"},"content":{"rendered":"\n<style type=\"text\/css\" data-created_by=\"avia_inline_auto\" id=\"style-css-av-av_one_full-6126cab7d8fab8d08143dd2dacdf673c\">\n.flex_column.av-av_one_full-6126cab7d8fab8d08143dd2dacdf673c{\nborder-radius:0px 0px 0px 0px;\npadding:0px 0px 0px 0px;\n}\n<\/style>\n<div  class='flex_column av-av_one_full-6126cab7d8fab8d08143dd2dacdf673c av_one_full  avia-builder-el-0  el_before_av_one_full  avia-builder-el-first  first flex_column_div av-zero-column-padding  '     ><style type=\"text\/css\" data-created_by=\"avia_inline_auto\" id=\"style-css-av-av_image-1bdfe0e7bd26bcace9ad09554b1a6d68\">\n.avia-image-container.av-av_image-1bdfe0e7bd26bcace9ad09554b1a6d68 img.avia_image{\nbox-shadow:none;\n}\n.avia-image-container.av-av_image-1bdfe0e7bd26bcace9ad09554b1a6d68 .av-image-caption-overlay-center{\ncolor:#ffffff;\n}\n<\/style>\n<div  class='avia-image-container av-av_image-1bdfe0e7bd26bcace9ad09554b1a6d68 av-styling- avia-align-center  avia-builder-el-1  avia-builder-el-no-sibling '   itemprop=\"image\" itemscope=\"itemscope\" itemtype=\"https:\/\/schema.org\/ImageObject\" ><div class=\"avia-image-container-inner\"><div class=\"avia-image-overlay-wrap\"><img decoding=\"async\" fetchpriority=\"high\" class='wp-image-166 avia-img-lazy-loading-not-166 avia_image ' src=\"https:\/\/amec.blazedev.co.uk\/amecframework\/wp-content\/uploads\/2016\/08\/integrated-framework-logo-small-1-1.png\" alt='' title='integrated-framework-logo-small (1)'  height=\"124\" width=\"205\"  itemprop=\"thumbnailUrl\"  \/><\/div><\/div><\/div><\/div>\n\n<style type=\"text\/css\" data-created_by=\"avia_inline_auto\" id=\"style-css-av-av_one_full-6126cab7d8fab8d08143dd2dacdf673c\">\n.flex_column.av-av_one_full-6126cab7d8fab8d08143dd2dacdf673c{\nborder-radius:0px 0px 0px 0px;\npadding:0px 0px 0px 0px;\n}\n<\/style>\n<div  class='flex_column av-av_one_full-6126cab7d8fab8d08143dd2dacdf673c av_one_full  avia-builder-el-2  el_after_av_one_full  el_before_av_hr  first flex_column_div av-zero-column-padding  column-top-margin'     ><style type=\"text\/css\" data-created_by=\"avia_inline_auto\" id=\"style-css-av-av_textblock-710f2b84645f078a27b61ae2c84de4a8\">\n#top .av_textblock_section.av-av_textblock-710f2b84645f078a27b61ae2c84de4a8 .avia_textblock{\nfont-size:25px;\n}\n<\/style>\n<section  class='av_textblock_section av-av_textblock-710f2b84645f078a27b61ae2c84de4a8 '   itemscope=\"itemscope\" itemtype=\"https:\/\/schema.org\/CreativeWork\" ><div class='avia_textblock'  itemprop=\"text\" ><p style=\"text-align: center; font-weight: 900;\">EINF\u00dcHRUNG IN DEN AMEC INTEGRATED EVALUATION FRAMEWORK<br \/>\nWoher kommt er und warum ist er wichtig?<\/p>\n<\/div><\/section><\/div>\n<style type=\"text\/css\" data-created_by=\"avia_inline_auto\" id=\"style-css-av-av_hr-cff9db79973b2b34cd1182f84c56818a\">\n#top .hr.av-av_hr-cff9db79973b2b34cd1182f84c56818a{\nmargin-top:30px;\nmargin-bottom:30px;\n}\n.hr.av-av_hr-cff9db79973b2b34cd1182f84c56818a .hr-inner{\nwidth:300px;\nborder-color:#ff5800;\n}\n<\/style>\n<div  class='hr av-av_hr-cff9db79973b2b34cd1182f84c56818a hr-custom  avia-builder-el-4  el_after_av_one_full  el_before_av_one_full  hr-center hr-icon-no'><span class='hr-inner inner-border-av-border-fat'><span class=\"hr-inner-style\"><\/span><\/span><\/div><\/p>\n\n<style type=\"text\/css\" data-created_by=\"avia_inline_auto\" id=\"style-css-av-av_one_full-6126cab7d8fab8d08143dd2dacdf673c\">\n.flex_column.av-av_one_full-6126cab7d8fab8d08143dd2dacdf673c{\nborder-radius:0px 0px 0px 0px;\npadding:0px 0px 0px 0px;\n}\n<\/style>\n<div  class='flex_column av-av_one_full-6126cab7d8fab8d08143dd2dacdf673c av_one_full  avia-builder-el-5  el_after_av_hr  el_before_av_one_full  first flex_column_div av-zero-column-padding  '     ><section  class='av_textblock_section av-av_textblock-35972167d9f102c5ddaec0c531c98b9e '   itemscope=\"itemscope\" itemtype=\"https:\/\/schema.org\/CreativeWork\" ><div class='avia_textblock'  itemprop=\"text\" ><p>Die Evaluation bereitet den Praktiken der PR und der strategischen, \u00f6ffentlichen Kommunikation seit fast einem halben Jahrhundert Kopfschmerzen, wie f\u00fchrende Praktiker wie Fraser Likely und Gelehrte wie Emeritus Professor Tom Watson (Likely &amp; Watson, 2013) festgestellt haben. Es wurde bereits viel gute Arbeit geleistet und bedeutende Fortschritte erzielt, wie etwa die Barcelona Declaration of Measurement Principles (AMEC, 2015). Dennoch stehen die Praktizierenden einem vielf\u00e4ltigen und oft verwirrenden Spektrum an Modellen, Metriken und Methoden und einem Mangel an Standards gegen\u00fcber, was zweifellos Gr\u00fcnde daf\u00fcr sind, dass viele Praktiker die Evaluierung immer noch nicht auf der Grundlage von strengen Methoden umsetzen.<\/p>\n<p>Eine Reihe von Industrieorganisationen haben die Notwendigkeit erkannt, Standards f\u00fcr die Evaluierung zu entwickeln und auf Best Practices basierende Werkzeuge bereitzustellen, die Praktikern helfen. Das AMEC Integrated Evaluation Framework ist eine wichtige Initiative in dieser Entwicklung.<\/p>\n<p>F\u00fcr die Entwicklung dieses integrierten Evaluierungsrahmens hat AMEC mit zahlreichen Industrieverb\u00e4nden auf der ganzen Welt, mit Praktikern und mit f\u00fchrenden Wissenschaftlern im Bereich der Evaluation und der Sozialwissenschaften zusammengearbeitet und setzt diese Arbeit auch weiterhin fort.<\/p>\n<p>Ein wichtiger Durchbruch, der im Rahmen des AMEC Integrated Evaluation Framework vorgestellt wird, ist, dass AMEC \u00fcber reine PR-Evaluierungsmodelle hinaus auch auf Erkenntnisse anderer Bereiche und Disziplinen, einschlie\u00dflich Performance-Management, \u00f6ffentliche Verwaltung, organisatorische Entwicklung, sowie Werbung und Marketing, zur\u00fcckgreift.<\/p>\n<p>Die\u00a0<b>Programmevaluation\u00a0<\/b>ist ein hochentwickeltes Feld, insbesondere in der \u00f6ffentlichen Verwaltung, mit einem Theoriebestand wie der Theorie der Programmevaluation und der Theory of Change \u2013 also das Wissen dar\u00fcber, wie und warum sich Dinge \u00e4ndern und wie sich Ver\u00e4nderungen bewirken lassen. In der Praxis der Programmevaluation in der \u00f6ffentlichen Verwaltung und in Bereichen wie dem Projektmanagement sind Programmlogikmodelle in der praktischen Umsetzung weit verbreitet. W\u00e4hrend einige Evaluierungsmodelle f\u00fcr PR und Kommunikation Elemente von Programmlogikmodellen verwendet haben, wurde ein Gro\u00dfteil des Wissens und der Ressourcen in anderen Bereichen \u00fcbersehen, was zu verlorenen Chancen, Fragmentierung und der \u201eNeuerfindung des Rades\u201c f\u00fchrte.<\/p>\n<p>Durch den Bezug auf andere Disziplinen und Praxisfelder, wie \u00f6ffentliche Verwaltung und Managementstudien, sowie sozialwissenschaftliche Disziplinen wie die Sozialpsychologie, kann das AMEC Integrated Evaluation Framework verbreitete Ans\u00e4tze und\u00a0<b>Best Practices\u00a0<\/b>als Grundlage f\u00fcr\u00a0<b>Standards\u00a0<\/b>identifizieren.<\/p>\n<p>W\u00e4hrend PR-Evaluierungsmodelle beispielsweise drei oder vier Stufen von Kommunikationsprogrammen und Kampagnen identifizieren &#8211; z. B. Input, Output, Outcome und manchmal Outtake &#8211; und andere PR-Evaluationsmodelle neue Begriffe wie Outflows und Outgrowths einf\u00fchren, sind folgende Programmlogikmodelle in vielen Branchen weltweit weit verbreitet:<\/p>\n<p>Das\u00a0<b>Programmlogikmodell der Kellogg Foundation\u00a0<\/b>(Kellogg Foundation, 1998\/2004), in dem f\u00fcnf Schl\u00fcsselstufen identifiziert werden &#8211; Inputs, Aktivit\u00e4ten, Outputs, Ergebnisse und Auswirkungen (siehe\u00a0<b><a href=\"http:\/\/www.epa.gov\/evaluate\/pdf\/eval-guides%20\/logic-model-development-guide.pdf\">http:\/\/www.epa.gov\/evaluate\/pdf\/eval-guides \/logic-model-development-guide.pdf<\/a><\/b>);<\/p>\n<p>Das Programmlogikmodell der\u00a0<b>Universit\u00e4t Wisconsin Extension\u00a0<\/b>(UWEX) (Taylor-Power &amp; Henert, 2008), das Programme in Bezug auf Inputs plant und bewertet; Outputs in \u201eAktivit\u00e4ten\u201c und \u201ePartizipation\u201c trennt; bei Outcome-Impact zwischen \u201ekurzfristig\u201c, \u201emittelfristig\u201c und \u201elangfristig\u201c unterscheidet &#8211; also insgesamt sechs Stufen hat (siehe\u00a0<b><a href=\"http:\/\/www.uwex.edu\/ces\/pdande\/evaluation)%20\/pdf\/lmguidecomplete.pdf\">http:\/\/www.uwex.edu\/ces\/pdande\/evaluation) \/pdf\/lmguidecomplete.pdf<\/a><\/b>).<\/p>\n<p>Das AMEC Integrated Evaluation Framework basiert auf diesen weit verbreiteten Logikmodellen und ist durch eine solide Fundierung in der Theorie und umfassende Tests in der Praxis untermauert, sowie an die strategische \u00f6ffentliche Kommunikation angepasst.<\/p>\n<p>Best Practice in der Kommunikationsevaluierung beruht auch auf Kommunikations- und Medientheorien, wie die von W. J. McGuire (1985, 2001), in The Handbook of Social Psychology, und der Communication\/Persuasion Matrix identifizierten Schritte der\u00a0<b>Informationsverarbeitung\u00a0<\/b>. Das in der Werbung verwendete AIDA-Modell (Aufmerksamkeit, Interesse, Verlangen, Handlung) ist ein Derivat von McGuires Schritten, wobei die vollst\u00e4ndige Auflistung der Schritte in der Informationsverarbeitung weitaus umfangreicher ist und auch Einwirkung, Aufmerksamkeit, Verst\u00e4ndnis, Gefallen, Speicherung, \u00dcberlegung, Erwerb von Fertigkeiten oder Wissen, Einstellungs\u00e4nderung, Absicht, Handlung\/Verhalten und Bef\u00fcrwortung einschlie\u00dft (McGuire, 2001).<\/p>\n<p>Der AMEC Integrated Evaluation Framework ist eine Integration von Best Practice und Best Knowledge aus diesen und anderen Bereichen und Disziplinen. Dies f\u00fchrt zu einer gr\u00f6\u00dferen Koh\u00e4renz bei der Bewertung der strategischen \u00f6ffentlichen Kommunikation, die zur Bildung von Standards f\u00fchrt, und sichert Pr\u00e4zision und G\u00fcltigkeit.<\/p>\n<p>Taxonomie, Modell, Instrumente und Ressourcen, die im Rahmen des AMEC Frameworks erarbeitetet wurden, stimmen auch mit den in Public Relations und Unternehmenskommunikation entwickelten Planungs- und Programmmanagementmodellen \u00fcberein, darunter das\u00a0<b>RACE Modell\u00a0<\/b>der PR-Planung, das f\u00fcr Forschung, Handlung, Kommunikation, Evaluation steht (Marston, 1981); das\u00a0<b>ROPE Modell<\/b>, das f\u00fcr Forschung, Ziele, Programm\/Plan, Evaluation steht (Hendrix, 1995); das erweiterte\u00a0<b>RAISE Modell\u00a0<\/b>(Kendall, 1997), das Forschung, Anpassung, Implementierung, Strategie, Implementierung bef\u00fcrwortet; Und Sheila Crifasis (2000)\u00a0<b>ROSIE Modell<\/b>, das die Stadien als Forschung, Ziele, Strategien, Implementierung und Evaluation leicht reorganisiert.<\/p>\n<p id=\"u10245-55\"><strong>Jim Macnamara<\/strong><\/p>\n<p id=\"u10245-57\">Professor of Public Communications,<\/p>\n<p id=\"u10245-59\">University of Technology, Sydney<\/p>\n<p><strong>QUELLEN<\/strong><\/p>\n<p>AMEC (Association for Measurement and Evaluation of Communication. (2015). Barcelona Principles 2.0. Available at\u00a0<a href=\"http:\/\/amecorg.com\/barcelona-principles-2-0-infographic\"><b>http:\/\/amecorg.com\/barcelona-principles-2-0-infographic<\/b><\/a><\/p>\n<p>Crifasi, S. (2000). Everything\u2019s coming up rosie. Public Relations Tactics, 7(9), September, Public Relations Society of America.<\/p>\n<p>Hendrix, J. (1995). Public relations cases (3rd ed.). Belmont, CA: Wadsworth.<\/p>\n<p>Kellogg Foundation. (1998\/2004). Logic model development guide. Battle Creek, MI: Author. Retrieved from\u00a0<a href=\"http:\/\/www.epa.gov\/evaluate\/pdf\/eval-guides\/logic-model-development-guide.pdf\"><b>http:\/\/www.epa.gov\/evaluate\/pdf\/eval-guides\/logic-model-development-guide.pdf<\/b><\/a><\/p>\n<p>Kendall, R. (1997). Public relations campaign strategies: Planning for implementation (2nd ed.). New York, NY: Addison-Wesley.<\/p>\n<p>Likely, F., &amp; Watson, T. (2013). Measuring the edifice: Public relations measurement and evaluation practice over the course of 40 years. In J. Sriramesh, A. Zerfass, &amp; J. Kim (Eds.), Public relations and communication management: Current trends and emerging topics (pp. 143\u2013162). New York, NY: Routledge.<\/p>\n<p>Marston, J. (1981). Modern public relations. New York, NY: McGraw-Hill.<\/p>\n<p>McGuire, W. (1985). Attitudes and attitude change. In G. Lindzey &amp; E. Aronson (Eds.), Handbook of social psychology, Vol. 2 (3rd ed., pp. 233\u2013346). New York, NY: Random House.<\/p>\n<p>McGuire, W. (2001). Input and output variables currently promising for constructing persuasive communications. In R. Rice &amp; C. Atkin (Eds.), Public communication campaigns (3rd ed., pp. 22\u201348). Thousand Oaks, CA: Sage.<\/p>\n<p>Taylor-Power, E., &amp; Henert, E. (2008). Developing a logic model: Teaching and training guide. Retrieved from\u00a0<a href=\"http:\/\/www.uwex.edu\/ces\/pdande\/evaluation\/pdf\/lmguidecomplete.pdf\"><b>http:\/\/www.uwex.edu\/ces\/pdande\/evaluation\/pdf\/lmguidecomplete.pdf<\/b><\/a><\/p>\n<\/div><\/section><\/div>\n<style type=\"text\/css\" data-created_by=\"avia_inline_auto\" id=\"style-css-av-av_one_full-9d24124a545ef7691702bdbb54c0e581\">\n.flex_column.av-av_one_full-9d24124a545ef7691702bdbb54c0e581{\nborder-radius:0px 0px 0px 0px;\npadding:0px 0px 0px 0px;\n}\n<\/style>\n<div  class='flex_column av-av_one_full-9d24124a545ef7691702bdbb54c0e581 av_one_full  avia-builder-el-7  el_after_av_one_full  avia-builder-el-last  first flex_column_div av-zero-column-padding  column-top-margin'     ><style type=\"text\/css\" data-created_by=\"avia_inline_auto\" id=\"style-css-av-av_textblock-e8931f3a3cb0ffe4e01460315f0ed18b\">\n#top .av_textblock_section.av-av_textblock-e8931f3a3cb0ffe4e01460315f0ed18b .avia_textblock{\ncolor:#ffffff;\n}\n<\/style>\n<section  class='av_textblock_section av-av_textblock-e8931f3a3cb0ffe4e01460315f0ed18b '   itemscope=\"itemscope\" itemtype=\"https:\/\/schema.org\/CreativeWork\" ><div class='avia_textblock av_inherit_color'  itemprop=\"text\" ><p style=\"text-align: center;\"><a class=\"framework-button\" href=\"https:\/\/amec.blazedev.co.uk\/amecframework\/en\/interactive-framework\/\" target=\"_blank\">CLICK HERE TO ACCESS THE INTEGRATED\u00a0EVALUATION FRAMEWORK<\/a><\/p>\n<\/div><\/section><\/div><\/p>\n","protected":false},"excerpt":{"rendered":"","protected":false},"author":1,"featured_media":0,"parent":1013,"menu_order":0,"comment_status":"closed","ping_status":"closed","template":"","meta":{"footnotes":""},"tags":[],"class_list":["post-1016","page","type-page","status-publish","hentry"],"yoast_head":"<!-- This site is optimized with the Yoast SEO plugin v27.2 - https:\/\/yoast.com\/product\/yoast-seo-wordpress\/ -->\n<title>Introduction - AMEC Integrated Evaluation Framework<\/title>\n<meta name=\"robots\" content=\"noindex, follow, max-snippet:-1, max-image-preview:large, max-video-preview:-1\" \/>\n<meta property=\"og:locale\" content=\"de_DE\" \/>\n<meta property=\"og:type\" content=\"article\" \/>\n<meta property=\"og:title\" content=\"Introduction - AMEC Integrated Evaluation Framework\" \/>\n<meta property=\"og:url\" content=\"https:\/\/amec.blazedev.co.uk\/amecframework\/de\/home\/framework\/introduction\/\" \/>\n<meta property=\"og:site_name\" content=\"AMEC Integrated Evaluation Framework\" \/>\n<meta name=\"twitter:card\" content=\"summary_large_image\" \/>\n<meta name=\"twitter:label1\" content=\"Est. reading time\" \/>\n\t<meta name=\"twitter:data1\" content=\"7 Minuten\" \/>\n<script type=\"application\/ld+json\" class=\"yoast-schema-graph\">{\"@context\":\"https:\/\/schema.org\",\"@graph\":[{\"@type\":\"WebPage\",\"@id\":\"https:\/\/amec.blazedev.co.uk\/amecframework\/de\/home\/framework\/introduction\/\",\"url\":\"https:\/\/amec.blazedev.co.uk\/amecframework\/de\/home\/framework\/introduction\/\",\"name\":\"Introduction - AMEC Integrated Evaluation Framework\",\"isPartOf\":{\"@id\":\"https:\/\/amec.blazedev.co.uk\/amecframework\/ru\/#website\"},\"datePublished\":\"2017-01-27T10:20:56+00:00\",\"breadcrumb\":{\"@id\":\"https:\/\/amec.blazedev.co.uk\/amecframework\/de\/home\/framework\/introduction\/#breadcrumb\"},\"inLanguage\":\"de-DE\",\"potentialAction\":[{\"@type\":\"ReadAction\",\"target\":[\"https:\/\/amec.blazedev.co.uk\/amecframework\/de\/home\/framework\/introduction\/\"]}]},{\"@type\":\"BreadcrumbList\",\"@id\":\"https:\/\/amec.blazedev.co.uk\/amecframework\/de\/home\/framework\/introduction\/#breadcrumb\",\"itemListElement\":[{\"@type\":\"ListItem\",\"position\":1,\"name\":\"Home\",\"item\":\"https:\/\/amec.blazedev.co.uk\/amecframework\/de\/\"},{\"@type\":\"ListItem\",\"position\":2,\"name\":\"Home\",\"item\":\"https:\/\/amec.blazedev.co.uk\/amecframework\/de\/\"},{\"@type\":\"ListItem\",\"position\":3,\"name\":\"Framework\",\"item\":\"https:\/\/amec.blazedev.co.uk\/amecframework\/de\/home\/framework\/\"},{\"@type\":\"ListItem\",\"position\":4,\"name\":\"Introduction\"}]},{\"@type\":\"WebSite\",\"@id\":\"https:\/\/amec.blazedev.co.uk\/amecframework\/ru\/#website\",\"url\":\"https:\/\/amec.blazedev.co.uk\/amecframework\/ru\/\",\"name\":\"AMEC Integrated Evaluation Framework\",\"description\":\"\",\"potentialAction\":[{\"@type\":\"SearchAction\",\"target\":{\"@type\":\"EntryPoint\",\"urlTemplate\":\"https:\/\/amec.blazedev.co.uk\/amecframework\/ru\/?s={search_term_string}\"},\"query-input\":{\"@type\":\"PropertyValueSpecification\",\"valueRequired\":true,\"valueName\":\"search_term_string\"}}],\"inLanguage\":\"de-DE\"}]}<\/script>\n<!-- \/ Yoast SEO plugin. -->","yoast_head_json":{"title":"Introduction - AMEC Integrated Evaluation Framework","robots":{"index":"noindex","follow":"follow","max-snippet":"max-snippet:-1","max-image-preview":"max-image-preview:large","max-video-preview":"max-video-preview:-1"},"og_locale":"de_DE","og_type":"article","og_title":"Introduction - AMEC Integrated Evaluation Framework","og_url":"https:\/\/amec.blazedev.co.uk\/amecframework\/de\/home\/framework\/introduction\/","og_site_name":"AMEC Integrated Evaluation Framework","twitter_card":"summary_large_image","twitter_misc":{"Est. reading time":"7 Minuten"},"schema":{"@context":"https:\/\/schema.org","@graph":[{"@type":"WebPage","@id":"https:\/\/amec.blazedev.co.uk\/amecframework\/de\/home\/framework\/introduction\/","url":"https:\/\/amec.blazedev.co.uk\/amecframework\/de\/home\/framework\/introduction\/","name":"Introduction - AMEC Integrated Evaluation Framework","isPartOf":{"@id":"https:\/\/amec.blazedev.co.uk\/amecframework\/ru\/#website"},"datePublished":"2017-01-27T10:20:56+00:00","breadcrumb":{"@id":"https:\/\/amec.blazedev.co.uk\/amecframework\/de\/home\/framework\/introduction\/#breadcrumb"},"inLanguage":"de-DE","potentialAction":[{"@type":"ReadAction","target":["https:\/\/amec.blazedev.co.uk\/amecframework\/de\/home\/framework\/introduction\/"]}]},{"@type":"BreadcrumbList","@id":"https:\/\/amec.blazedev.co.uk\/amecframework\/de\/home\/framework\/introduction\/#breadcrumb","itemListElement":[{"@type":"ListItem","position":1,"name":"Home","item":"https:\/\/amec.blazedev.co.uk\/amecframework\/de\/"},{"@type":"ListItem","position":2,"name":"Home","item":"https:\/\/amec.blazedev.co.uk\/amecframework\/de\/"},{"@type":"ListItem","position":3,"name":"Framework","item":"https:\/\/amec.blazedev.co.uk\/amecframework\/de\/home\/framework\/"},{"@type":"ListItem","position":4,"name":"Introduction"}]},{"@type":"WebSite","@id":"https:\/\/amec.blazedev.co.uk\/amecframework\/ru\/#website","url":"https:\/\/amec.blazedev.co.uk\/amecframework\/ru\/","name":"AMEC Integrated Evaluation Framework","description":"","potentialAction":[{"@type":"SearchAction","target":{"@type":"EntryPoint","urlTemplate":"https:\/\/amec.blazedev.co.uk\/amecframework\/ru\/?s={search_term_string}"},"query-input":{"@type":"PropertyValueSpecification","valueRequired":true,"valueName":"search_term_string"}}],"inLanguage":"de-DE"}]}},"_links":{"self":[{"href":"https:\/\/amec.blazedev.co.uk\/amecframework\/de\/wp-json\/wp\/v2\/pages\/1016","targetHints":{"allow":["GET"]}}],"collection":[{"href":"https:\/\/amec.blazedev.co.uk\/amecframework\/de\/wp-json\/wp\/v2\/pages"}],"about":[{"href":"https:\/\/amec.blazedev.co.uk\/amecframework\/de\/wp-json\/wp\/v2\/types\/page"}],"author":[{"embeddable":true,"href":"https:\/\/amec.blazedev.co.uk\/amecframework\/de\/wp-json\/wp\/v2\/users\/1"}],"replies":[{"embeddable":true,"href":"https:\/\/amec.blazedev.co.uk\/amecframework\/de\/wp-json\/wp\/v2\/comments?post=1016"}],"version-history":[{"count":1,"href":"https:\/\/amec.blazedev.co.uk\/amecframework\/de\/wp-json\/wp\/v2\/pages\/1016\/revisions"}],"predecessor-version":[{"id":1017,"href":"https:\/\/amec.blazedev.co.uk\/amecframework\/de\/wp-json\/wp\/v2\/pages\/1016\/revisions\/1017"}],"up":[{"embeddable":true,"href":"https:\/\/amec.blazedev.co.uk\/amecframework\/de\/wp-json\/wp\/v2\/pages\/1013"}],"wp:attachment":[{"href":"https:\/\/amec.blazedev.co.uk\/amecframework\/de\/wp-json\/wp\/v2\/media?parent=1016"}],"wp:term":[{"taxonomy":"post_tag","embeddable":true,"href":"https:\/\/amec.blazedev.co.uk\/amecframework\/de\/wp-json\/wp\/v2\/tags?post=1016"}],"curies":[{"name":"wp","href":"https:\/\/api.w.org\/{rel}","templated":true}]}}