{"id":1988,"date":"2017-08-02T16:23:55","date_gmt":"2017-08-02T15:23:55","guid":{"rendered":"https:\/\/amecorg.com\/amecframework\/cs\/?page_id=1988"},"modified":"2017-08-02T16:23:55","modified_gmt":"2017-08-02T15:23:55","slug":"faqs","status":"publish","type":"page","link":"https:\/\/amec.blazedev.co.uk\/amecframework\/cs\/faqs\/","title":{"rendered":"FAQ&#8217;s"},"content":{"rendered":"\n<style type=\"text\/css\" data-created_by=\"avia_inline_auto\" id=\"style-css-av-av_image-682788b60d376febb939b738ab2d7d47\">\n.avia-image-container.av-av_image-682788b60d376febb939b738ab2d7d47 img.avia_image{\nbox-shadow:none;\n}\n.avia-image-container.av-av_image-682788b60d376febb939b738ab2d7d47 .av-image-caption-overlay-center{\ncolor:#ffffff;\n}\n<\/style>\n<div  class='avia-image-container av-av_image-682788b60d376febb939b738ab2d7d47 av-styling- avia-align-center  avia-builder-el-0  el_before_av_one_full  avia-builder-el-first '   itemprop=\"image\" itemscope=\"itemscope\" itemtype=\"https:\/\/schema.org\/ImageObject\" ><div class=\"avia-image-container-inner\"><div class=\"avia-image-overlay-wrap\"><img decoding=\"async\" fetchpriority=\"high\" class='wp-image-1774 avia-img-lazy-loading-not-1774 avia_image ' src=\"https:\/\/amec.blazedev.co.uk\/amecframework\/wp-content\/uploads\/2017\/07\/FAQ-Icon-Question-Mark.png\" alt='' title='FAQ Icon - Question Mark'  height=\"237\" width=\"285\"  itemprop=\"thumbnailUrl\"  \/><\/div><\/div><\/div>\n\n<style type=\"text\/css\" data-created_by=\"avia_inline_auto\" id=\"style-css-av-av_one_full-6126cab7d8fab8d08143dd2dacdf673c\">\n.flex_column.av-av_one_full-6126cab7d8fab8d08143dd2dacdf673c{\nborder-radius:0px 0px 0px 0px;\npadding:0px 0px 0px 0px;\n}\n<\/style>\n<div  class='flex_column av-av_one_full-6126cab7d8fab8d08143dd2dacdf673c av_one_full  avia-builder-el-1  el_after_av_image  el_before_av_one_half  first flex_column_div av-zero-column-padding  '     ><style type=\"text\/css\" data-created_by=\"avia_inline_auto\" id=\"style-css-av-av_textblock-1cfe04c011deea2513bf58caf5e82729\">\n#top .av_textblock_section.av-av_textblock-1cfe04c011deea2513bf58caf5e82729 .avia_textblock{\nfont-size:35px;\n}\n<\/style>\n<section  class='av_textblock_section av-av_textblock-1cfe04c011deea2513bf58caf5e82729 '   itemscope=\"itemscope\" itemtype=\"https:\/\/schema.org\/CreativeWork\" ><div class='avia_textblock'  itemprop=\"text\" ><p style=\"text-align: center; font-weight: 900;\">FAQ&#8217;s<\/p>\n<\/div><\/section><br \/>\n\n<style type=\"text\/css\" data-created_by=\"avia_inline_auto\" id=\"style-css-av-av_hr-cff9db79973b2b34cd1182f84c56818a\">\n#top .hr.av-av_hr-cff9db79973b2b34cd1182f84c56818a{\nmargin-top:30px;\nmargin-bottom:30px;\n}\n.hr.av-av_hr-cff9db79973b2b34cd1182f84c56818a .hr-inner{\nwidth:300px;\nborder-color:#ff5800;\n}\n<\/style>\n<div  class='hr av-av_hr-cff9db79973b2b34cd1182f84c56818a hr-custom  avia-builder-el-3  el_after_av_textblock  avia-builder-el-last  hr-center hr-icon-no'><span class='hr-inner inner-border-av-border-fat'><span class=\"hr-inner-style\"><\/span><\/span><\/div><\/p><\/div>\n\n<style type=\"text\/css\" data-created_by=\"avia_inline_auto\" id=\"style-css-av-av_one_half-6126cab7d8fab8d08143dd2dacdf673c\">\n.flex_column.av-av_one_half-6126cab7d8fab8d08143dd2dacdf673c{\nborder-radius:0px 0px 0px 0px;\npadding:0px 0px 0px 0px;\n}\n<\/style>\n<div  class='flex_column av-av_one_half-6126cab7d8fab8d08143dd2dacdf673c av_one_half  avia-builder-el-4  el_after_av_one_full  el_before_av_one_half  first flex_column_div av-zero-column-padding  column-top-margin'     ><section  class='av_textblock_section av-av_textblock-35972167d9f102c5ddaec0c531c98b9e '   itemscope=\"itemscope\" itemtype=\"https:\/\/schema.org\/CreativeWork\" ><div class='avia_textblock'  itemprop=\"text\" ><p><strong>Vypad\u00e1 to jako komplikovan\u00e1 a slo\u017eit\u00e1 pr\u00e1ce.<\/strong><\/p>\n<p>Tak tomu opravdu nen\u00ed. Tato str\u00e1nka slou\u017e\u00ed jako pr\u016fvodce, s jeho\u017e pomoc\u00ed je velmi snadn\u00e9 identifikovat, kter\u00e9 informace jsou v jednotliv\u00fdch kroc\u00edch d\u016fle\u017eit\u00e9. N\u00e1stroj si m\u016f\u017eete vyzkou\u0161et nane\u010disto a zjistit, jak funguje. Naleznete zde tak\u00e9 mno\u017estv\u00ed dopl\u0148uj\u00edc\u00edch zdroj\u016f a odkaz\u016f na dal\u0161\u00ed informa\u010dn\u00ed kan\u00e1ly.<\/p>\n<\/div><\/section><\/div>\n<style type=\"text\/css\" data-created_by=\"avia_inline_auto\" id=\"style-css-av-av_one_half-0aa7055fe62c3622faec82866afbaeb2\">\n.flex_column.av-av_one_half-0aa7055fe62c3622faec82866afbaeb2{\nborder-radius:0px 0px 0px 0px;\npadding:0px 0px 0px 0px;\n}\n<\/style>\n<div  class='flex_column av-av_one_half-0aa7055fe62c3622faec82866afbaeb2 av_one_half  avia-builder-el-6  el_after_av_one_half  el_before_av_one_half  flex_column_div av-zero-column-padding  column-top-margin'     ><section  class='av_textblock_section av-av_textblock-35972167d9f102c5ddaec0c531c98b9e '   itemscope=\"itemscope\" itemtype=\"https:\/\/schema.org\/CreativeWork\" ><div class='avia_textblock'  itemprop=\"text\" ><p><strong>Je pravda, \u017ee r\u00e1mec slou\u017e\u00ed p\u0159edev\u0161\u00edm k vyhodnocen\u00ed ji\u017e prob\u011bhl\u00fdch kampan\u00ed?<\/strong><\/p>\n<p>R\u00e1mec je samoz\u0159ejm\u011b mo\u017en\u00e9 aplikovat i zp\u011btn\u011b k vyhodnocen\u00ed ukon\u010den\u00e9 kampan\u011b. Mnohem p\u0159\u00ednosn\u011bj\u0161\u00ed je v\u0161ak v p\u0159\u00edpad\u011b, \u017ee s n\u00edm pracujete soustavn\u011b, tedy jak p\u0159i pl\u00e1nov\u00e1n\u00ed kampan\u011b, tak p\u0159i sledov\u00e1n\u00ed jej\u00edho v\u00fdvoje a p\u0159i z\u00e1v\u011bre\u010dn\u00e9m m\u011b\u0159en\u00ed v\u00fdsledk\u016f. Vlo\u017een\u00e1 data se daj\u00ed pr\u016fb\u011b\u017en\u011b ukl\u00e1dat, m\u016f\u017eete se k nim tedy kdykoliv vr\u00e1tit. Ka\u017ed\u00fd u\u017eivatel p\u0159itom m\u016f\u017ee m\u00edt rozpracov\u00e1no a\u017e deset soubor\u016f najednou.<\/p>\n<\/div><\/section><\/div>\n<style type=\"text\/css\" data-created_by=\"avia_inline_auto\" id=\"style-css-av-av_one_half-6126cab7d8fab8d08143dd2dacdf673c\">\n.flex_column.av-av_one_half-6126cab7d8fab8d08143dd2dacdf673c{\nborder-radius:0px 0px 0px 0px;\npadding:0px 0px 0px 0px;\n}\n<\/style>\n<div  class='flex_column av-av_one_half-6126cab7d8fab8d08143dd2dacdf673c av_one_half  avia-builder-el-8  el_after_av_one_half  el_before_av_one_half  first flex_column_div av-zero-column-padding  column-top-margin'     ><section  class='av_textblock_section av-av_textblock-35972167d9f102c5ddaec0c531c98b9e '   itemscope=\"itemscope\" itemtype=\"https:\/\/schema.org\/CreativeWork\" ><div class='avia_textblock'  itemprop=\"text\" ><p><b>Je hodnot\u00edc\u00ed r\u00e1mec vhodn\u00fd sp\u00ed\u0161e pro pl\u00e1nov\u00e1n\u00ed komunikace nebo jej\u00ed m\u011b\u0159en\u00ed?<\/b><\/p>\n<p>Lze jej pou\u017e\u00edt v obou p\u0159\u00edpadech! N\u00e1stroj je navr\u017een tak, aby v\u00e1m pomohl sestavit pl\u00e1n pro co nejefektivn\u011bj\u0161\u00ed komunika\u010dn\u00ed kampa\u0148. M\u016f\u017eete jej v\u0161ak aplikovat i p\u0159i anal\u00fdze toho, jak zvolen\u00e1 forma komunikace ovliv\u0148uje postoj klient\u016f a jejich vn\u00edm\u00e1n\u00ed va\u0161\u00ed zna\u010dky.<\/p>\n<\/div><\/section><\/div>\n<style type=\"text\/css\" data-created_by=\"avia_inline_auto\" id=\"style-css-av-av_one_half-0aa7055fe62c3622faec82866afbaeb2\">\n.flex_column.av-av_one_half-0aa7055fe62c3622faec82866afbaeb2{\nborder-radius:0px 0px 0px 0px;\npadding:0px 0px 0px 0px;\n}\n<\/style>\n<div  class='flex_column av-av_one_half-0aa7055fe62c3622faec82866afbaeb2 av_one_half  avia-builder-el-10  el_after_av_one_half  el_before_av_one_half  flex_column_div av-zero-column-padding  column-top-margin'     ><section  class='av_textblock_section av-av_textblock-35972167d9f102c5ddaec0c531c98b9e '   itemscope=\"itemscope\" itemtype=\"https:\/\/schema.org\/CreativeWork\" ><div class='avia_textblock'  itemprop=\"text\" ><p><strong>Co kdy\u017e nem\u00e1m \u017e\u00e1dn\u00e9 metriky, kter\u00e9 bych do reportu zahrnul\/a?<\/strong><\/p>\n<p>R\u00e1mec je sestaven tak, \u017ee v\u00e1s hned na za\u010d\u00e1tku donut\u00ed zamyslet se, jak\u00e9 metriky budete k m\u011b\u0159en\u00ed v\u00fdsledk\u016f pot\u0159ebovat. D\u00edky tomu u\u017e p\u0159ed spu\u0161t\u011bn\u00edm kampan\u011b v\u00edte, kter\u00e9 lidi po\u017e\u00e1dat o pomoc a ze kter\u00fdch zdroj\u016f je vhodn\u00e9 \u010derpat. Po spu\u0161t\u011bn\u00ed kampan\u011b je u\u017e ka\u017ed\u00e9mu jasn\u00e9, jak\u00e1 v\u00fdstupy od n\u011bj budete pot\u0159ebovat ke spr\u00e1vn\u00e9mu m\u011b\u0159en\u00ed dosa\u017een\u00fdch v\u00fdsledk\u016f.<\/p>\n<\/div><\/section><\/div>\n<style type=\"text\/css\" data-created_by=\"avia_inline_auto\" id=\"style-css-av-av_one_half-6126cab7d8fab8d08143dd2dacdf673c\">\n.flex_column.av-av_one_half-6126cab7d8fab8d08143dd2dacdf673c{\nborder-radius:0px 0px 0px 0px;\npadding:0px 0px 0px 0px;\n}\n<\/style>\n<div  class='flex_column av-av_one_half-6126cab7d8fab8d08143dd2dacdf673c av_one_half  avia-builder-el-12  el_after_av_one_half  el_before_av_one_half  first flex_column_div av-zero-column-padding  column-top-margin'     ><section  class='av_textblock_section av-av_textblock-35972167d9f102c5ddaec0c531c98b9e '   itemscope=\"itemscope\" itemtype=\"https:\/\/schema.org\/CreativeWork\" ><div class='avia_textblock'  itemprop=\"text\" ><p><strong>Je r\u00e1mec ur\u010den\u00fd pouze pro hodnocen\u00ed jednor\u00e1zov\u00fdch kampan\u00ed nebo jej mohu vyu\u017e\u00edt i p\u0159i sledov\u00e1n\u00ed b\u011b\u017en\u00fdch PR aktivit?<\/strong><\/p>\n<p>Hodnot\u00edc\u00ed r\u00e1mec je vhodn\u00fd jak pro kr\u00e1tkodob\u00e9, tak pro dlouhodob\u011bj\u0161\u00ed PR aktivity. Je v\u0161ak d\u016fle\u017eit\u00e9 m\u00edt neust\u00e1le na pam\u011bti, \u017ee ka\u017ed\u00e1 do\u010dasn\u00e1 komunika\u010dn\u00ed aktivita mus\u00ed v\u00e9st k napln\u011bn\u00ed strategick\u00e9ho c\u00edle.<\/p>\n<\/div><\/section><\/div>\n<style type=\"text\/css\" data-created_by=\"avia_inline_auto\" id=\"style-css-av-av_one_half-0aa7055fe62c3622faec82866afbaeb2\">\n.flex_column.av-av_one_half-0aa7055fe62c3622faec82866afbaeb2{\nborder-radius:0px 0px 0px 0px;\npadding:0px 0px 0px 0px;\n}\n<\/style>\n<div  class='flex_column av-av_one_half-0aa7055fe62c3622faec82866afbaeb2 av_one_half  avia-builder-el-14  el_after_av_one_half  el_before_av_one_half  flex_column_div av-zero-column-padding  column-top-margin'     ><section  class='av_textblock_section av-av_textblock-35972167d9f102c5ddaec0c531c98b9e '   itemscope=\"itemscope\" itemtype=\"https:\/\/schema.org\/CreativeWork\" ><div class='avia_textblock'  itemprop=\"text\" ><p><strong>Je mo\u017en\u00e9 r\u00e1mec aplikovat p\u0159i m\u011b\u0159en\u00ed specifick\u00e9 formy komunikace?<\/strong><\/p>\n<p>R\u00e1mec je z\u00e1m\u011brn\u011b sestaven tak, aby bylo mo\u017en\u00e9 jej pru\u017en\u011b aplikovat na nejr\u016fzn\u011bj\u0161\u00ed typy komunika\u010dn\u00edch strategi\u00ed \u2013 a\u0165 u\u017e vyu\u017e\u00edv\u00e1te placen\u00e9, z\u00edskan\u00e9, vlastn\u011bn\u00e9 \u010di sd\u00edlen\u00e9 zdroje, pohybujete se v soukrom\u00e9m \u010di ve\u0159ejn\u00e9m sektoru, zam\u011b\u0159ujete se na komunikaci sm\u011brem k z\u00e1kazn\u00edkovi nebo v B2B atd.<\/p>\n<\/div><\/section><\/div>\n<style type=\"text\/css\" data-created_by=\"avia_inline_auto\" id=\"style-css-av-av_one_half-6126cab7d8fab8d08143dd2dacdf673c\">\n.flex_column.av-av_one_half-6126cab7d8fab8d08143dd2dacdf673c{\nborder-radius:0px 0px 0px 0px;\npadding:0px 0px 0px 0px;\n}\n<\/style>\n<div  class='flex_column av-av_one_half-6126cab7d8fab8d08143dd2dacdf673c av_one_half  avia-builder-el-16  el_after_av_one_half  avia-builder-el-last  first flex_column_div av-zero-column-padding  column-top-margin'     ><section  class='av_textblock_section av-av_textblock-35972167d9f102c5ddaec0c531c98b9e '   itemscope=\"itemscope\" itemtype=\"https:\/\/schema.org\/CreativeWork\" ><div class='avia_textblock'  itemprop=\"text\" ><p><strong>Do\u010detl jsem se spoustu teorie, ale po\u0159\u00e1d si nedovedu moc dob\u0159e p\u0159edstavit, jak hodnot\u00edc\u00ed r\u00e1mec funguje v praxi.<\/strong><\/p>\n<p>V rubrice pod n\u00e1zvem \u201cZdroje\u201d najdete mno\u017estv\u00ed p\u0159\u00edpadov\u00fdch studi\u00edch, konkr\u00e9tn\u00ed p\u0159\u00edklady a tutori\u00e1ly, kter\u00e9 n\u00e1zorn\u011b demonstruj\u00ed, jak je n\u00e1stroj vyu\u017e\u00edv\u00e1n v praxi.<\/p>\n<\/div><\/section><\/div><\/p>\n","protected":false},"excerpt":{"rendered":"","protected":false},"author":1,"featured_media":0,"parent":0,"menu_order":0,"comment_status":"closed","ping_status":"closed","template":"","meta":{"footnotes":""},"tags":[],"class_list":["post-1988","page","type-page","status-publish","hentry"],"yoast_head":"<!-- This site is optimized with the Yoast SEO plugin v27.2 - https:\/\/yoast.com\/product\/yoast-seo-wordpress\/ -->\n<title>FAQ&#039;s - AMEC Integrated Evaluation Framework<\/title>\n<meta name=\"robots\" content=\"noindex, follow, max-snippet:-1, max-image-preview:large, max-video-preview:-1\" \/>\n<meta property=\"og:locale\" content=\"cs_CZ\" \/>\n<meta property=\"og:type\" content=\"article\" \/>\n<meta property=\"og:title\" content=\"FAQ&#039;s - AMEC Integrated Evaluation Framework\" \/>\n<meta property=\"og:url\" content=\"https:\/\/amec.blazedev.co.uk\/amecframework\/cs\/faqs\/\" \/>\n<meta property=\"og:site_name\" content=\"AMEC Integrated Evaluation Framework\" \/>\n<meta name=\"twitter:card\" content=\"summary_large_image\" \/>\n<meta name=\"twitter:label1\" content=\"Est. reading time\" \/>\n\t<meta name=\"twitter:data1\" content=\"6 minut\" \/>\n<script type=\"application\/ld+json\" class=\"yoast-schema-graph\">{\"@context\":\"https:\/\/schema.org\",\"@graph\":[{\"@type\":\"WebPage\",\"@id\":\"https:\/\/amec.blazedev.co.uk\/amecframework\/cs\/faqs\/\",\"url\":\"https:\/\/amec.blazedev.co.uk\/amecframework\/cs\/faqs\/\",\"name\":\"FAQ's - AMEC Integrated Evaluation Framework\",\"isPartOf\":{\"@id\":\"https:\/\/amec.blazedev.co.uk\/amecframework\/ru\/#website\"},\"datePublished\":\"2017-08-02T15:23:55+00:00\",\"breadcrumb\":{\"@id\":\"https:\/\/amec.blazedev.co.uk\/amecframework\/cs\/faqs\/#breadcrumb\"},\"inLanguage\":\"cs\",\"potentialAction\":[{\"@type\":\"ReadAction\",\"target\":[\"https:\/\/amec.blazedev.co.uk\/amecframework\/cs\/faqs\/\"]}]},{\"@type\":\"BreadcrumbList\",\"@id\":\"https:\/\/amec.blazedev.co.uk\/amecframework\/cs\/faqs\/#breadcrumb\",\"itemListElement\":[{\"@type\":\"ListItem\",\"position\":1,\"name\":\"Home\",\"item\":\"https:\/\/amec.blazedev.co.uk\/amecframework\/cs\/\"},{\"@type\":\"ListItem\",\"position\":2,\"name\":\"FAQ&#8217;s\"}]},{\"@type\":\"WebSite\",\"@id\":\"https:\/\/amec.blazedev.co.uk\/amecframework\/ru\/#website\",\"url\":\"https:\/\/amec.blazedev.co.uk\/amecframework\/ru\/\",\"name\":\"AMEC Integrated Evaluation Framework\",\"description\":\"\",\"potentialAction\":[{\"@type\":\"SearchAction\",\"target\":{\"@type\":\"EntryPoint\",\"urlTemplate\":\"https:\/\/amec.blazedev.co.uk\/amecframework\/ru\/?s={search_term_string}\"},\"query-input\":{\"@type\":\"PropertyValueSpecification\",\"valueRequired\":true,\"valueName\":\"search_term_string\"}}],\"inLanguage\":\"cs\"}]}<\/script>\n<!-- \/ Yoast SEO plugin. -->","yoast_head_json":{"title":"FAQ's - AMEC Integrated Evaluation Framework","robots":{"index":"noindex","follow":"follow","max-snippet":"max-snippet:-1","max-image-preview":"max-image-preview:large","max-video-preview":"max-video-preview:-1"},"og_locale":"cs_CZ","og_type":"article","og_title":"FAQ's - AMEC Integrated Evaluation Framework","og_url":"https:\/\/amec.blazedev.co.uk\/amecframework\/cs\/faqs\/","og_site_name":"AMEC Integrated Evaluation Framework","twitter_card":"summary_large_image","twitter_misc":{"Est. reading time":"6 minut"},"schema":{"@context":"https:\/\/schema.org","@graph":[{"@type":"WebPage","@id":"https:\/\/amec.blazedev.co.uk\/amecframework\/cs\/faqs\/","url":"https:\/\/amec.blazedev.co.uk\/amecframework\/cs\/faqs\/","name":"FAQ's - AMEC Integrated Evaluation Framework","isPartOf":{"@id":"https:\/\/amec.blazedev.co.uk\/amecframework\/ru\/#website"},"datePublished":"2017-08-02T15:23:55+00:00","breadcrumb":{"@id":"https:\/\/amec.blazedev.co.uk\/amecframework\/cs\/faqs\/#breadcrumb"},"inLanguage":"cs","potentialAction":[{"@type":"ReadAction","target":["https:\/\/amec.blazedev.co.uk\/amecframework\/cs\/faqs\/"]}]},{"@type":"BreadcrumbList","@id":"https:\/\/amec.blazedev.co.uk\/amecframework\/cs\/faqs\/#breadcrumb","itemListElement":[{"@type":"ListItem","position":1,"name":"Home","item":"https:\/\/amec.blazedev.co.uk\/amecframework\/cs\/"},{"@type":"ListItem","position":2,"name":"FAQ&#8217;s"}]},{"@type":"WebSite","@id":"https:\/\/amec.blazedev.co.uk\/amecframework\/ru\/#website","url":"https:\/\/amec.blazedev.co.uk\/amecframework\/ru\/","name":"AMEC Integrated Evaluation Framework","description":"","potentialAction":[{"@type":"SearchAction","target":{"@type":"EntryPoint","urlTemplate":"https:\/\/amec.blazedev.co.uk\/amecframework\/ru\/?s={search_term_string}"},"query-input":{"@type":"PropertyValueSpecification","valueRequired":true,"valueName":"search_term_string"}}],"inLanguage":"cs"}]}},"_links":{"self":[{"href":"https:\/\/amec.blazedev.co.uk\/amecframework\/cs\/wp-json\/wp\/v2\/pages\/1988","targetHints":{"allow":["GET"]}}],"collection":[{"href":"https:\/\/amec.blazedev.co.uk\/amecframework\/cs\/wp-json\/wp\/v2\/pages"}],"about":[{"href":"https:\/\/amec.blazedev.co.uk\/amecframework\/cs\/wp-json\/wp\/v2\/types\/page"}],"author":[{"embeddable":true,"href":"https:\/\/amec.blazedev.co.uk\/amecframework\/cs\/wp-json\/wp\/v2\/users\/1"}],"replies":[{"embeddable":true,"href":"https:\/\/amec.blazedev.co.uk\/amecframework\/cs\/wp-json\/wp\/v2\/comments?post=1988"}],"version-history":[{"count":1,"href":"https:\/\/amec.blazedev.co.uk\/amecframework\/cs\/wp-json\/wp\/v2\/pages\/1988\/revisions"}],"predecessor-version":[{"id":1989,"href":"https:\/\/amec.blazedev.co.uk\/amecframework\/cs\/wp-json\/wp\/v2\/pages\/1988\/revisions\/1989"}],"wp:attachment":[{"href":"https:\/\/amec.blazedev.co.uk\/amecframework\/cs\/wp-json\/wp\/v2\/media?parent=1988"}],"wp:term":[{"taxonomy":"post_tag","embeddable":true,"href":"https:\/\/amec.blazedev.co.uk\/amecframework\/cs\/wp-json\/wp\/v2\/tags?post=1988"}],"curies":[{"name":"wp","href":"https:\/\/api.w.org\/{rel}","templated":true}]}}