{"id":1980,"date":"2017-08-02T16:12:22","date_gmt":"2017-08-02T15:12:22","guid":{"rendered":"https:\/\/amecorg.com\/amecframework\/cs\/?page_id=1980"},"modified":"2017-08-02T16:14:28","modified_gmt":"2017-08-02T15:14:28","slug":"podekovani","status":"publish","type":"page","link":"https:\/\/amec.blazedev.co.uk\/amecframework\/cs\/domov\/podekovani\/","title":{"rendered":"Pod\u011bkov\u00e1n\u00ed"},"content":{"rendered":"\n<style type=\"text\/css\" data-created_by=\"avia_inline_auto\" id=\"style-css-av-av_one_full-6126cab7d8fab8d08143dd2dacdf673c\">\n.flex_column.av-av_one_full-6126cab7d8fab8d08143dd2dacdf673c{\nborder-radius:0px 0px 0px 0px;\npadding:0px 0px 0px 0px;\n}\n<\/style>\n<div  class='flex_column av-av_one_full-6126cab7d8fab8d08143dd2dacdf673c av_one_full  avia-builder-el-0  el_before_av_one_third  avia-builder-el-first  first flex_column_div av-zero-column-padding  '     ><style type=\"text\/css\" data-created_by=\"avia_inline_auto\" id=\"style-css-av-av_textblock-710f2b84645f078a27b61ae2c84de4a8\">\n#top .av_textblock_section.av-av_textblock-710f2b84645f078a27b61ae2c84de4a8 .avia_textblock{\nfont-size:25px;\n}\n<\/style>\n<section  class='av_textblock_section av-av_textblock-710f2b84645f078a27b61ae2c84de4a8 '   itemscope=\"itemscope\" itemtype=\"https:\/\/schema.org\/CreativeWork\" ><div class='avia_textblock'  itemprop=\"text\" ><div id=\"u3631-4\" class=\"clearfix colelem shared_content\" data-content-guid=\"u3631-4_content\">\n<p style=\"text-align: center; margin-top: -10px;\">UZN\u00c1N\u00cd A POD\u011aKOV\u00c1N\u00cd<\/p>\n<\/div>\n<\/div><\/section><br \/>\n\n<style type=\"text\/css\" data-created_by=\"avia_inline_auto\" id=\"style-css-av-av_hr-cff9db79973b2b34cd1182f84c56818a\">\n#top .hr.av-av_hr-cff9db79973b2b34cd1182f84c56818a{\nmargin-top:30px;\nmargin-bottom:30px;\n}\n.hr.av-av_hr-cff9db79973b2b34cd1182f84c56818a .hr-inner{\nwidth:300px;\nborder-color:#ff5800;\n}\n<\/style>\n<div  class='hr av-av_hr-cff9db79973b2b34cd1182f84c56818a hr-custom  avia-builder-el-2  el_after_av_textblock  avia-builder-el-last  hr-center hr-icon-no'><span class='hr-inner inner-border-av-border-fat'><span class=\"hr-inner-style\"><\/span><\/span><\/div><\/p><\/div>\n\n<style type=\"text\/css\" data-created_by=\"avia_inline_auto\" id=\"style-css-av-av_one_third-6126cab7d8fab8d08143dd2dacdf673c\">\n.flex_column.av-av_one_third-6126cab7d8fab8d08143dd2dacdf673c{\nborder-radius:0px 0px 0px 0px;\npadding:0px 0px 0px 0px;\n}\n<\/style>\n<div  class='flex_column av-av_one_third-6126cab7d8fab8d08143dd2dacdf673c av_one_third  avia-builder-el-3  el_after_av_one_full  el_before_av_one_third  first flex_column_div av-zero-column-padding  column-top-margin'     ><section  class='av_textblock_section av-av_textblock-35972167d9f102c5ddaec0c531c98b9e '   itemscope=\"itemscope\" itemtype=\"https:\/\/schema.org\/CreativeWork\" ><div class='avia_textblock'  itemprop=\"text\" ><p>Velk\u00e9 d\u00edky pat\u0159\u00ed v\u0161em, kte\u0159\u00ed se v\u00a0minul\u00e9m roce pod\u00edleli na \u010dinnosti v\u00fdzkumn\u00e9ho centra a svou tvrdou prac\u00ed p\u0159isp\u011bli k\u00a0vytvo\u0159en\u00ed nov\u00e9ho interaktivn\u00edho hodnot\u00edc\u00edho r\u00e1mce AMEC.<\/p>\n<p>Zvl\u00e1\u0161tn\u00ed pod\u011bkov\u00e1n\u00ed pat\u0159\u00ed Jimu Macnamarovi, profesoru Public Communication na School of Communication, Faculty of Arts and Social Sciences, University of Technology Sydney, kter\u00fd vytvo\u0159il hodnot\u00edc\u00ed taxonomii a n\u00e1m dal sv\u00e9 svolen\u00ed k tomu, abychom ji zahrnuli do nov\u00e9ho r\u00e1mce a sd\u00edleli ji tak s odbornou ve\u0159ejnost\u00ed. Jim rovn\u011b\u017e vede Odbornou poradn\u00ed skupinu AMEC, kter\u00e1 n\u00e1m zajistila cenn\u00e9 zdroje i zp\u011btnou vazbu p\u0159i vytv\u00e1\u0159en\u00ed tohoto n\u00e1stroje.<\/p>\n<p>D\u011bkuji kl\u00ed\u010dov\u00fdm \u010dlen\u016fm t\u00fdmu Integrovan\u00e9ho hodnot\u00edc\u00edho r\u00e1mce, mezi kter\u00e9 pat\u0159\u00ed:<\/p>\n<ul>\n<li>Paul Hender, Head of Insights at Gorkana<\/li>\n<li>Elayne Phillips, UK Cabinet Office<\/li>\n<li>Giles Peddy, Group Managing Director of Lewis \u2013 Giles n\u00e1m poskytl \u0159adu cenn\u00fdch zdroj\u016f pro v\u00fdzkum a p\u0159isp\u011bl k vytvo\u0159en\u00ed interaktivn\u00ed webov\u00e9 str\u00e1nky.<\/li>\n<\/ul>\n<\/div><\/section><\/div>\n<style type=\"text\/css\" data-created_by=\"avia_inline_auto\" id=\"style-css-av-av_one_third-0aa7055fe62c3622faec82866afbaeb2\">\n.flex_column.av-av_one_third-0aa7055fe62c3622faec82866afbaeb2{\nborder-radius:0px 0px 0px 0px;\npadding:0px 0px 0px 0px;\n}\n<\/style>\n<div  class='flex_column av-av_one_third-0aa7055fe62c3622faec82866afbaeb2 av_one_third  avia-builder-el-5  el_after_av_one_third  el_before_av_one_third  flex_column_div av-zero-column-padding  column-top-margin'     ><section  class='av_textblock_section av-av_textblock-35972167d9f102c5ddaec0c531c98b9e '   itemscope=\"itemscope\" itemtype=\"https:\/\/schema.org\/CreativeWork\" ><div class='avia_textblock'  itemprop=\"text\" ><p>D\u00edky pat\u0159\u00ed tak\u00e9 \u0161ir\u0161\u00ed skupin\u011b \u010dlen\u016f na\u0161\u00ed komunity, do kter\u00e9 pat\u0159\u00ed Mark Carrier, Research &amp; Development Director, Reputation Intelligence, Kantar Media, Karen Prichard, MD of Reputation at Ebiquity, Lisa Story, Chief Strategy Officer of Cohn and Wolfe, Margot Savell, SVP Global Measurement at Hill &amp; Knowlton Strategies, Paul Njoku, Head of GCS Evaluation Projects at the Cabinet Office, Ann-Sofie Kroll, CEO of byBrick Insight AB, Aseem Sood, CEO of Impact Research &amp; Measurement, and Rayna Grudova-de Lange, CEO, DeLange Analytics.<\/p>\n<p>D\u011bkuji tak\u00e9 v\u0161em odborn\u00edk\u016fm z\u00a0oblasti komunikace a PR, kte\u0159\u00ed p\u0159isp\u011bli sv\u00fdmi my\u0161lenkami nebo n\u00e1m poskytli sv\u00e9 odborn\u00e9 \u010dl\u00e1nky. Mezi n\u011b pat\u0159\u00ed profesor Kevin Money, Professor of Reputation &amp; Responsible Leadership at the Henley Business School, Charlie Snow, Chief Strategy Officer at MullenLowe, Stephen Waddngton, Partner &amp; Chief Engagement Officer of Ketchum, Shonali Burke, President &amp; CEO of Shonali Burke Consulting, a Gini Dietrich, CEO of Arment Dietrich Inc.<\/p>\n<\/div><\/section><\/div>\n<style type=\"text\/css\" data-created_by=\"avia_inline_auto\" id=\"style-css-av-av_one_third-0aa7055fe62c3622faec82866afbaeb2\">\n.flex_column.av-av_one_third-0aa7055fe62c3622faec82866afbaeb2{\nborder-radius:0px 0px 0px 0px;\npadding:0px 0px 0px 0px;\n}\n<\/style>\n<div  class='flex_column av-av_one_third-0aa7055fe62c3622faec82866afbaeb2 av_one_third  avia-builder-el-7  el_after_av_one_third  avia-builder-el-last  flex_column_div av-zero-column-padding  column-top-margin'     ><section  class='av_textblock_section av-av_textblock-35972167d9f102c5ddaec0c531c98b9e '   itemscope=\"itemscope\" itemtype=\"https:\/\/schema.org\/CreativeWork\" ><div class='avia_textblock'  itemprop=\"text\" ><p>Na z\u00e1v\u011br bych r\u00e1d pod\u011bkoval a vyj\u00e1d\u0159il \u00factu Donu Bartolomewovi, kter\u00fd byl p\u0159\u00edtelem pro v\u0161echny v\u00a0na\u0161\u00ed komunit\u011b kolem m\u011b\u0159en\u00ed a vyhodnocov\u00e1n\u00ed komunikace, a kter\u00fd n\u00e1s bohu\u017eel v\u00a0minul\u00e9m roce opustil. Don zast\u00e1val pozici Senior Vice President ve spole\u010dnosti Ketchum, byl autorem respektovan\u00e9ho blogu s\u00a0n\u00e1zvem Metrics Man a v\u011bnoval se v\u00fdzkumu digit\u00e1ln\u00edch a soci\u00e1ln\u00edch m\u00e9di\u00ed. \u00dazce spolupracoval s\u00a0t\u00fdmem AMEC na vytvo\u0159en\u00ed na\u0161ich nejlep\u0161\u00edch vzd\u011bl\u00e1vac\u00edch n\u00e1stroj\u016f, v\u010detn\u011b hodnot\u00edc\u00edch r\u00e1mc\u016f pro social media, a mnoha dal\u0161\u00edch. Jeho p\u0159\u00edstup a n\u00e1pady z\u00e1sadn\u011b p\u0159isp\u011bly k\u00a0\u00fasp\u011bch\u016fm, kter\u00fdch jsme dos\u00e1hli v\u00a0minulosti. Proto jsem se sna\u017eil m\u00edt jeho \u00fast\u0159edn\u00ed my\u0161lenku neust\u00e1le na pam\u011bti i tentokr\u00e1t \u2013 cht\u011bl jsem vytvo\u0159it sofistikovan\u00fd a smyslupln\u00fd n\u00e1stroj, kter\u00fd bude sou\u010dasn\u011b u\u017eivatelsky p\u0159\u00edv\u011btiv\u00fd, ne p\u0159ehnan\u011b komplikovan\u00fd. V\u011b\u0159\u00edm, \u017ee toho se n\u00e1m s\u00a0nov\u00fdm hodnot\u00edc\u00edm r\u00e1mcem poda\u0159ilo dos\u00e1hnout a douf\u00e1m, \u017ee Don by si myslel tot\u00e9\u017e a byl by py\u0161n\u00fd na to, \u017ee jeho odkaz \u017eije d\u00e1l.<\/p>\n<p>Richard Bagnall,<br \/>\nIntegrated evaluation team lead &amp; Board Director AMEC<br \/>\nCEO PRIME Research UK<\/p>\n<\/div><\/section><\/div><\/p>\n","protected":false},"excerpt":{"rendered":"","protected":false},"author":1,"featured_media":0,"parent":1942,"menu_order":4,"comment_status":"closed","ping_status":"closed","template":"","meta":{"footnotes":""},"tags":[],"class_list":["post-1980","page","type-page","status-publish","hentry"],"yoast_head":"<!-- This site is optimized with the Yoast SEO plugin v27.2 - https:\/\/yoast.com\/product\/yoast-seo-wordpress\/ -->\n<title>Pod\u011bkov\u00e1n\u00ed - AMEC Integrated Evaluation Framework<\/title>\n<meta name=\"robots\" content=\"noindex, follow, max-snippet:-1, max-image-preview:large, max-video-preview:-1\" \/>\n<meta property=\"og:locale\" content=\"cs_CZ\" \/>\n<meta property=\"og:type\" content=\"article\" \/>\n<meta property=\"og:title\" content=\"Pod\u011bkov\u00e1n\u00ed - AMEC Integrated Evaluation Framework\" \/>\n<meta property=\"og:url\" content=\"https:\/\/amec.blazedev.co.uk\/amecframework\/cs\/domov\/podekovani\/\" \/>\n<meta property=\"og:site_name\" content=\"AMEC Integrated Evaluation Framework\" \/>\n<meta property=\"article:modified_time\" content=\"2017-08-02T15:14:28+00:00\" \/>\n<meta name=\"twitter:card\" content=\"summary_large_image\" \/>\n<meta name=\"twitter:label1\" content=\"Est. reading time\" \/>\n\t<meta name=\"twitter:data1\" content=\"4 minuty\" \/>\n<script type=\"application\/ld+json\" class=\"yoast-schema-graph\">{\"@context\":\"https:\/\/schema.org\",\"@graph\":[{\"@type\":\"WebPage\",\"@id\":\"https:\/\/amec.blazedev.co.uk\/amecframework\/cs\/domov\/podekovani\/\",\"url\":\"https:\/\/amec.blazedev.co.uk\/amecframework\/cs\/domov\/podekovani\/\",\"name\":\"Pod\u011bkov\u00e1n\u00ed - AMEC Integrated Evaluation Framework\",\"isPartOf\":{\"@id\":\"https:\/\/amec.blazedev.co.uk\/amecframework\/ru\/#website\"},\"datePublished\":\"2017-08-02T15:12:22+00:00\",\"dateModified\":\"2017-08-02T15:14:28+00:00\",\"breadcrumb\":{\"@id\":\"https:\/\/amec.blazedev.co.uk\/amecframework\/cs\/domov\/podekovani\/#breadcrumb\"},\"inLanguage\":\"cs\",\"potentialAction\":[{\"@type\":\"ReadAction\",\"target\":[\"https:\/\/amec.blazedev.co.uk\/amecframework\/cs\/domov\/podekovani\/\"]}]},{\"@type\":\"BreadcrumbList\",\"@id\":\"https:\/\/amec.blazedev.co.uk\/amecframework\/cs\/domov\/podekovani\/#breadcrumb\",\"itemListElement\":[{\"@type\":\"ListItem\",\"position\":1,\"name\":\"Home\",\"item\":\"https:\/\/amec.blazedev.co.uk\/amecframework\/cs\/\"},{\"@type\":\"ListItem\",\"position\":2,\"name\":\"Domov\",\"item\":\"https:\/\/amec.blazedev.co.uk\/amecframework\/cs\/\"},{\"@type\":\"ListItem\",\"position\":3,\"name\":\"Pod\u011bkov\u00e1n\u00ed\"}]},{\"@type\":\"WebSite\",\"@id\":\"https:\/\/amec.blazedev.co.uk\/amecframework\/ru\/#website\",\"url\":\"https:\/\/amec.blazedev.co.uk\/amecframework\/ru\/\",\"name\":\"AMEC Integrated Evaluation Framework\",\"description\":\"\",\"potentialAction\":[{\"@type\":\"SearchAction\",\"target\":{\"@type\":\"EntryPoint\",\"urlTemplate\":\"https:\/\/amec.blazedev.co.uk\/amecframework\/ru\/?s={search_term_string}\"},\"query-input\":{\"@type\":\"PropertyValueSpecification\",\"valueRequired\":true,\"valueName\":\"search_term_string\"}}],\"inLanguage\":\"cs\"}]}<\/script>\n<!-- \/ Yoast SEO plugin. -->","yoast_head_json":{"title":"Pod\u011bkov\u00e1n\u00ed - AMEC Integrated Evaluation Framework","robots":{"index":"noindex","follow":"follow","max-snippet":"max-snippet:-1","max-image-preview":"max-image-preview:large","max-video-preview":"max-video-preview:-1"},"og_locale":"cs_CZ","og_type":"article","og_title":"Pod\u011bkov\u00e1n\u00ed - AMEC Integrated Evaluation Framework","og_url":"https:\/\/amec.blazedev.co.uk\/amecframework\/cs\/domov\/podekovani\/","og_site_name":"AMEC Integrated Evaluation Framework","article_modified_time":"2017-08-02T15:14:28+00:00","twitter_card":"summary_large_image","twitter_misc":{"Est. reading time":"4 minuty"},"schema":{"@context":"https:\/\/schema.org","@graph":[{"@type":"WebPage","@id":"https:\/\/amec.blazedev.co.uk\/amecframework\/cs\/domov\/podekovani\/","url":"https:\/\/amec.blazedev.co.uk\/amecframework\/cs\/domov\/podekovani\/","name":"Pod\u011bkov\u00e1n\u00ed - AMEC Integrated Evaluation Framework","isPartOf":{"@id":"https:\/\/amec.blazedev.co.uk\/amecframework\/ru\/#website"},"datePublished":"2017-08-02T15:12:22+00:00","dateModified":"2017-08-02T15:14:28+00:00","breadcrumb":{"@id":"https:\/\/amec.blazedev.co.uk\/amecframework\/cs\/domov\/podekovani\/#breadcrumb"},"inLanguage":"cs","potentialAction":[{"@type":"ReadAction","target":["https:\/\/amec.blazedev.co.uk\/amecframework\/cs\/domov\/podekovani\/"]}]},{"@type":"BreadcrumbList","@id":"https:\/\/amec.blazedev.co.uk\/amecframework\/cs\/domov\/podekovani\/#breadcrumb","itemListElement":[{"@type":"ListItem","position":1,"name":"Home","item":"https:\/\/amec.blazedev.co.uk\/amecframework\/cs\/"},{"@type":"ListItem","position":2,"name":"Domov","item":"https:\/\/amec.blazedev.co.uk\/amecframework\/cs\/"},{"@type":"ListItem","position":3,"name":"Pod\u011bkov\u00e1n\u00ed"}]},{"@type":"WebSite","@id":"https:\/\/amec.blazedev.co.uk\/amecframework\/ru\/#website","url":"https:\/\/amec.blazedev.co.uk\/amecframework\/ru\/","name":"AMEC Integrated Evaluation Framework","description":"","potentialAction":[{"@type":"SearchAction","target":{"@type":"EntryPoint","urlTemplate":"https:\/\/amec.blazedev.co.uk\/amecframework\/ru\/?s={search_term_string}"},"query-input":{"@type":"PropertyValueSpecification","valueRequired":true,"valueName":"search_term_string"}}],"inLanguage":"cs"}]}},"_links":{"self":[{"href":"https:\/\/amec.blazedev.co.uk\/amecframework\/cs\/wp-json\/wp\/v2\/pages\/1980","targetHints":{"allow":["GET"]}}],"collection":[{"href":"https:\/\/amec.blazedev.co.uk\/amecframework\/cs\/wp-json\/wp\/v2\/pages"}],"about":[{"href":"https:\/\/amec.blazedev.co.uk\/amecframework\/cs\/wp-json\/wp\/v2\/types\/page"}],"author":[{"embeddable":true,"href":"https:\/\/amec.blazedev.co.uk\/amecframework\/cs\/wp-json\/wp\/v2\/users\/1"}],"replies":[{"embeddable":true,"href":"https:\/\/amec.blazedev.co.uk\/amecframework\/cs\/wp-json\/wp\/v2\/comments?post=1980"}],"version-history":[{"count":3,"href":"https:\/\/amec.blazedev.co.uk\/amecframework\/cs\/wp-json\/wp\/v2\/pages\/1980\/revisions"}],"predecessor-version":[{"id":1983,"href":"https:\/\/amec.blazedev.co.uk\/amecframework\/cs\/wp-json\/wp\/v2\/pages\/1980\/revisions\/1983"}],"up":[{"embeddable":true,"href":"https:\/\/amec.blazedev.co.uk\/amecframework\/cs\/wp-json\/wp\/v2\/pages\/1942"}],"wp:attachment":[{"href":"https:\/\/amec.blazedev.co.uk\/amecframework\/cs\/wp-json\/wp\/v2\/media?parent=1980"}],"wp:term":[{"taxonomy":"post_tag","embeddable":true,"href":"https:\/\/amec.blazedev.co.uk\/amecframework\/cs\/wp-json\/wp\/v2\/tags?post=1980"}],"curies":[{"name":"wp","href":"https:\/\/api.w.org\/{rel}","templated":true}]}}