{"id":330,"date":"2016-08-19T13:58:57","date_gmt":"2016-08-19T12:58:57","guid":{"rendered":"http:\/\/amecorg.com\/amecframework\/bs\/?page_id=330"},"modified":"2016-09-13T09:39:35","modified_gmt":"2016-09-13T08:39:35","slug":"introduction","status":"publish","type":"page","link":"https:\/\/amec.blazedev.co.uk\/amecframework\/bs\/home\/framework\/introduction\/","title":{"rendered":"Uvod"},"content":{"rendered":"\n<style type=\"text\/css\" data-created_by=\"avia_inline_auto\" id=\"style-css-av-av_one_full-6126cab7d8fab8d08143dd2dacdf673c\">\n.flex_column.av-av_one_full-6126cab7d8fab8d08143dd2dacdf673c{\nborder-radius:0px 0px 0px 0px;\npadding:0px 0px 0px 0px;\n}\n<\/style>\n<div  class='flex_column av-av_one_full-6126cab7d8fab8d08143dd2dacdf673c av_one_full  avia-builder-el-0  el_before_av_one_full  avia-builder-el-first  first flex_column_div av-zero-column-padding  '     ><style type=\"text\/css\" data-created_by=\"avia_inline_auto\" id=\"style-css-av-av_image-1bdfe0e7bd26bcace9ad09554b1a6d68\">\n.avia-image-container.av-av_image-1bdfe0e7bd26bcace9ad09554b1a6d68 img.avia_image{\nbox-shadow:none;\n}\n.avia-image-container.av-av_image-1bdfe0e7bd26bcace9ad09554b1a6d68 .av-image-caption-overlay-center{\ncolor:#ffffff;\n}\n<\/style>\n<div  class='avia-image-container av-av_image-1bdfe0e7bd26bcace9ad09554b1a6d68 av-styling- avia-align-center  avia-builder-el-1  avia-builder-el-no-sibling '   itemprop=\"image\" itemscope=\"itemscope\" itemtype=\"https:\/\/schema.org\/ImageObject\" ><div class=\"avia-image-container-inner\"><div class=\"avia-image-overlay-wrap\"><img decoding=\"async\" fetchpriority=\"high\" class='wp-image-166 avia-img-lazy-loading-not-166 avia_image ' src=\"https:\/\/amec.blazedev.co.uk\/amecframework\/wp-content\/uploads\/2016\/08\/integrated-framework-logo-small-1-1.png\" alt='' title='integrated-framework-logo-small (1)'  height=\"124\" width=\"205\"  itemprop=\"thumbnailUrl\"  \/><\/div><\/div><\/div><\/div>\n\n<style type=\"text\/css\" data-created_by=\"avia_inline_auto\" id=\"style-css-av-av_one_full-6126cab7d8fab8d08143dd2dacdf673c\">\n.flex_column.av-av_one_full-6126cab7d8fab8d08143dd2dacdf673c{\nborder-radius:0px 0px 0px 0px;\npadding:0px 0px 0px 0px;\n}\n<\/style>\n<div  class='flex_column av-av_one_full-6126cab7d8fab8d08143dd2dacdf673c av_one_full  avia-builder-el-2  el_after_av_one_full  el_before_av_hr  first flex_column_div av-zero-column-padding  column-top-margin'     ><style type=\"text\/css\" data-created_by=\"avia_inline_auto\" id=\"style-css-av-av_textblock-710f2b84645f078a27b61ae2c84de4a8\">\n#top .av_textblock_section.av-av_textblock-710f2b84645f078a27b61ae2c84de4a8 .avia_textblock{\nfont-size:25px;\n}\n<\/style>\n<section  class='av_textblock_section av-av_textblock-710f2b84645f078a27b61ae2c84de4a8 '   itemscope=\"itemscope\" itemtype=\"https:\/\/schema.org\/CreativeWork\" ><div class='avia_textblock'  itemprop=\"text\" ><p style=\"text-align: center; font-weight: 900;\">UVOD U AMEC-ov OKVIR ZA INTEGRIRANO VREDNOVANJE<br \/>\nKAKO JE OKVIR NASTAO I ZA\u0160TO JE VA\u017dAN?<\/p>\n<\/div><\/section><\/div>\n\n<style type=\"text\/css\" data-created_by=\"avia_inline_auto\" id=\"style-css-av-av_hr-cff9db79973b2b34cd1182f84c56818a\">\n#top .hr.av-av_hr-cff9db79973b2b34cd1182f84c56818a{\nmargin-top:30px;\nmargin-bottom:30px;\n}\n.hr.av-av_hr-cff9db79973b2b34cd1182f84c56818a .hr-inner{\nwidth:300px;\nborder-color:#ff5800;\n}\n<\/style>\n<div  class='hr av-av_hr-cff9db79973b2b34cd1182f84c56818a hr-custom  avia-builder-el-4  el_after_av_one_full  el_before_av_one_full  hr-center hr-icon-no'><span class='hr-inner inner-border-av-border-fat'><span class=\"hr-inner-style\"><\/span><\/span><\/div>\n\n<style type=\"text\/css\" data-created_by=\"avia_inline_auto\" id=\"style-css-av-av_one_full-6126cab7d8fab8d08143dd2dacdf673c\">\n.flex_column.av-av_one_full-6126cab7d8fab8d08143dd2dacdf673c{\nborder-radius:0px 0px 0px 0px;\npadding:0px 0px 0px 0px;\n}\n<\/style>\n<div  class='flex_column av-av_one_full-6126cab7d8fab8d08143dd2dacdf673c av_one_full  avia-builder-el-5  el_after_av_hr  el_before_av_one_full  first flex_column_div av-zero-column-padding  '     ><section  class='av_textblock_section av-av_textblock-35972167d9f102c5ddaec0c531c98b9e '   itemscope=\"itemscope\" itemtype=\"https:\/\/schema.org\/CreativeWork\" ><div class='avia_textblock'  itemprop=\"text\" ><p>Kako su primijetili vode\u0107i stru\u010dnjaci poput Frasera Likelya i nau\u010dnici poput profesora emeritusa Toma Watsona (Likely i Watson, 2013.), sektor odnosa sa javno\u0161\u0107u i strate\u0161kih javnih komunikacija mu\u010di se sa pitanjem vrednovanja ve\u0107 gotovo pola stolje\u0107a.\u00a0Odra\u0111eno je puno kvalitetnog posla, te je ostvaren zna\u010dajan napredak, a primjer je Barcelonska deklaracija o na\u010delima mjerenja (AMEC, 2015.). Ipak, stru\u010dnjaci su suo\u010deni sa \u010desto zbunjuju\u0107im nizom modela, metri\u010dkih podataka i metoda, uz nedostatak standarda, \u0161to je bez sumnje razlog za\u0161to mnogi stru\u010dnjaci jo\u0161 uvijek ne rade vrednovanje temeljeno na \u010dvrstim metodama.<\/p>\n<p>Vi\u0161e strukovnih organizacija prepoznalo je potrebu razvoja standarda za vrednovanje i osiguravanje pomo\u0107nih alata za stru\u010dnjake temeljenih na najboljoj praksi. AMEC-ov Okvir za integrirano vrednovanje jedna je od glavnih inicijativa u tim nastojanjima.<\/p>\n<p>Pri razvoju Okvira za integrirano vrednovanje AMEC je radio i nastavlja raditi u saradnji sa brojnim strukovnim organizacijama \u0161irom svijeta, sa PR stru\u010dnjacima, te vode\u0107im nau\u010dnicima u polju vrednovanja i istra\u017eivanja dru\u0161tvenih nauka.<\/p>\n<p>Ovim okvirom postignut je va\u017ean napredak, jer je AMEC i\u0161ao \u0161ire od modela vrednovanja u odnosima sa javno\u0161\u0107u, uzev\u0161i u obzir i ostala podru\u010dja i discipline, uklju\u010duju\u0107i upravljanje rezultatima, javnu upravu, organizacijski razvoj, te ogla\u0161avanje i marketing.<\/p>\n<p><strong>Vrednovanje programa<\/strong> visoko je razvijeno podru\u010dje, posebno u javnoj upravi, sa razvijenim teorijama, kao \u0161to su teorija vrednovanja programa i teorija promjene, odnosno znanje o tome kako i za\u0161to se stvari mijenjaju i kako se na promjene mo\u017ee utjecati. Unutar prakse, vrednovanja programa u javnoj upravi i podru\u010djima kao \u0161to je upravljanje projektima, modeli programske logike \u0161iroko se koriste kao prakti\u010dni modeli za implementaciju. Dok neki modeli vrednovanja za odnose sa javno\u0161\u0107u i komunikacije primjenjuju modele programske logike, zanemarena je ve\u0107ina znanja i resursa iz drugih podru\u010dja, \u0161to rezultira propu\u0161tanjem mogu\u0107nosti, fragmentacijom i &#8220;otkrivanjem tople vode&#8221;.<\/p>\n<p>Posezanjem u druge discipline i podru\u010dja prakse, kao \u0161to su javna uprava i studije upravljanja, te u discipline dru\u0161tvenih nauka, kao \u0161to je socijalna psihologija, ovim se okvirom mogu prepoznati \u0161iroko kori\u0161teni pristupi i <strong>najbolje prakse<\/strong> kao temelj za postavljanje <strong>standarda<\/strong>.<\/p>\n<p>Na primjer, dok modeli vrednovanja odnosa sa javno\u0161\u0107u obi\u010dno prepoznaju tri ili \u010detiri faze komunikacijskih programa i kampanja (npr. inpute, outpute, u\u010dinke, te ponekad inicijalne reakcije publike), a drugi modeli vrednovanja odnosa sa javno\u0161\u0107u uvode nove termine poput \u201eoutflow\u201c (ciljevi sa dodanom vrijedno\u0161\u0107u, pobolj\u0161ani komunikacijom) i \u201eoutgrowth\u201c (doseg PR poruka), modeli programske logike koji se \u0161iroko koriste u brojnim sektorima \u0161irom svijeta uklju\u010duju sljede\u0107e:<\/p>\n<p>Model programske logike Kellogg Fondacije (Kellogg Foundation, 1998.\/2004.), koji prepoznaje pet klju\u010dnih faza \u2013 inpute, aktivnosti, outpute, u\u010dinke i ishod (pogledajte <a href=\"http:\/\/www.epa.gov\/evaluate\/pdf\/eval-guides\/logic-model-development-guide.pdf\">http:\/\/www.epa.gov\/evaluate\/pdf\/eval-guides\/logic-model-development-guide.pdf<\/a>);<\/p>\n<p>Model programske logike univerziteta The University of Wisconsin Extension (UWEX) (Taylor-Power i Henert, 2008.) planira i vrednuje programe kroz inpute, zatim outpute koje dijeli na &#8220;aktivnosti&#8221; i &#8220;sudjelovanje&#8221;, te kroz ishod koji je podijeljen na &#8220;kratkoro\u010dni&#8221;, &#8220;srednjoro\u010dni&#8221; i &#8220;dugoro\u010dni&#8221;, \u0161to je ukupno \u0161est faza (pogledajte <a href=\"http:\/\/www.uwex.edu\/ces\/pdande\/evaluation\/pdf\/lmguidecomplete.pdf\">http:\/\/www.uwex.edu\/ces\/pdande\/evaluation\/pdf\/lmguidecomplete.pdf<\/a>).<\/p>\n<p>AMEC-ov Okvir za integrirano vrednovanje izgra\u0111en je na temelju ovih \u0161iroko kori\u0161tenih logi\u010dkih modela, uz \u010dvrstu teorijsku podlogu i opse\u017eno testiranje u praksi, te je prilago\u0111en strate\u0161kim javnim komunikacijama.<\/p>\n<p>Najbolja praksa u vrednovanju komunikacije nastavlja se i na teorije komunikacije i medija, kao \u0161to su koraci <strong>obrade informacija<\/strong> koje je identificirao W. J. McGuire (1985., 2001.) u Priru\u010dniku za socijalnu psihologiju (&#8220;The Handbook of Social Psychology&#8221;) te <strong>matrica komunikacije i uvjeravanja<\/strong>. Model AIDA (akronim eng. rije\u010di za pa\u017enju, zanimanje, \u017eelju i djelovanje) koji se koristi u marketingu izvedenica je McGuireovih koraka, iako je puni popis koraka u obradi informacija puno \u0161iri, te uklju\u010duje izlo\u017eenost, pa\u017enju, razumijevanje, svi\u0111anje, zadr\u017eavanje, razmatranje, stjecanje vje\u0161tina ili znanja, promjenu stava, namjeru, radnju\/pona\u0161anje i nivo podr\u0161ke (McGuire, 2001.).<\/p>\n<p>AMEC-ov Okvir za integrirano vrednovanje predstavlja objedinjavanje najbolje prakse i najboljeg znanja iz ovog i drugih podru\u010dja i disciplina. To donosi ve\u0107u konzistentnost u vrednovanju strate\u0161kih javnih komunikacija, \u0161to vodi prema uspostavljanju standarda i osigurava nau\u010dni pristup i validnost.<\/p>\n<p>Taksonomija, model, alati i resursi nastali u sklopu ovog AMEC-ovog okvira tako\u0111er su u skladu sa modelima planiranja i upravljanja programima koji su razvijeni u odnosima sa javno\u0161\u0107u i korporativnim komunikacijama, uklju\u010duju\u0107i RACE model za PR planiranje, koji obuhvata istra\u017eivanje, radnju, komunikaciju i vrednovanje (Marston, 1981.); model ROPE koji obuhvata istra\u017eivanje, ciljeve, program\/plan i vrednovanje (Hendrix, 1995.); pro\u0161ireni model RAISE (Kendall, 1997.) koji se zala\u017ee za istra\u017eivanje, prilago\u0111avanje, implementaciju i strategiju, te model ROSIE Sheilae Crifasi (2000.) koji ne\u0161to mijenja raspored faza \u2013 istra\u017eivanje, ciljevi, strategije, implementacija i vrednovanje.<\/p>\n<p>Jim Macnamara,<\/p>\n<p>Profesor komunikacija sa javno\u0161\u0107u,<\/p>\n<p>University of Technology, Sydney<\/p>\n<p><strong>REFERENCE<\/strong><\/p>\n<p>AMEC (Association for Measurement and Evaluation of Communication. (2015). Barcelona Principles 2.0. Dostupno na <a href=\"http:\/\/amecorg.com\/barcelona-principles-2-0-infographic\">http:\/\/amecorg.com\/barcelona-principles-2-0-infographic<\/a><\/p>\n<p>Crifasi, S. (2000). Everything\u2019s coming up rosie. Public Relations Tactics, 7(9), September, Public Relations Society of America.<\/p>\n<p>Hendrix, J. (1995). Public relations cases (3rd ed.). Belmont, CA: Wadsworth.<\/p>\n<p>Kellogg Foundation. (1998\/2004). Logic model development guide. Battle Creek, MI: Author. Preuzeto s <a href=\"http:\/\/www.epa.gov\/evaluate\/pdf\/eval-guides\/logic-model-development-guide.pdf\">http:\/\/www.epa.gov\/evaluate\/pdf\/eval-guides\/logic-model-development-guide.pdf<\/a><\/p>\n<p>Kendall, R. (1997). Public relations campaign strategies: Planning for implementation (2nd ed.). New York, NY: Addison-Wesley.<\/p>\n<p>Likely, F., &amp; Watson, T. (2013). Measuring the edifice: Public relations measurement and evaluation practice over the course of 40 years. In J. Sriramesh, A. Zerfass, &amp; J. Kim (Eds.), Public relations and communication management: Current trends and emerging topics (pp. 143\u2013162). New York, NY: Routledge.<\/p>\n<p>Marston, J. (1981). Modern public relations. New York, NY: McGraw-Hill.<\/p>\n<p>McGuire, W. (1985). Attitudes and attitude change. In G. Lindzey &amp; E. Aronson (Eds.), Handbook of social psychology, Vol. 2 (3rd ed., pp. 233\u2013346). New York, NY: Random House.<\/p>\n<p>McGuire, W. (2001). Input and output variables currently promising for constructing persuasive communications. In R. Rice &amp; C. Atkin (Eds.), Public communication campaigns (3rd ed., pp. 22\u201348). Thousand Oaks, CA: Sage.<\/p>\n<p>Taylor-Power, E., &amp; Henert, E. (2008). Developing a logic model: Teaching and training guide. Preuzeto s <a href=\"http:\/\/www.uwex.edu\/ces\/pdande\/evaluation\/pdf\/lmguidecomplete.pdf\">http:\/\/www.uwex.edu\/ces\/pdande\/evaluation\/pdf\/lmguidecomplete.pdf<\/a><\/p>\n<\/div><\/section><\/div>\n\n<style type=\"text\/css\" data-created_by=\"avia_inline_auto\" id=\"style-css-av-av_one_full-9d24124a545ef7691702bdbb54c0e581\">\n.flex_column.av-av_one_full-9d24124a545ef7691702bdbb54c0e581{\nborder-radius:0px 0px 0px 0px;\npadding:0px 0px 0px 0px;\n}\n<\/style>\n<div  class='flex_column av-av_one_full-9d24124a545ef7691702bdbb54c0e581 av_one_full  avia-builder-el-7  el_after_av_one_full  avia-builder-el-last  first flex_column_div av-zero-column-padding  column-top-margin'     ><style type=\"text\/css\" data-created_by=\"avia_inline_auto\" id=\"style-css-av-av_textblock-e8931f3a3cb0ffe4e01460315f0ed18b\">\n#top .av_textblock_section.av-av_textblock-e8931f3a3cb0ffe4e01460315f0ed18b .avia_textblock{\ncolor:#ffffff;\n}\n<\/style>\n<section  class='av_textblock_section av-av_textblock-e8931f3a3cb0ffe4e01460315f0ed18b '   itemscope=\"itemscope\" itemtype=\"https:\/\/schema.org\/CreativeWork\" ><div class='avia_textblock av_inherit_color'  itemprop=\"text\" ><p style=\"text-align: center;\"><a class=\"framework-button\" href=\"https:\/\/amec.blazedev.co.uk\/amecframework\/mk\/framework\/interactive-framework\/\" target=\"_blank\">KLIKNITE OVDJE ZA PRISTUP OKVIRU ZA INTEGRIRANO VREDNOVANJE<\/a><\/p>\n<\/div><\/section><\/div>\n","protected":false},"excerpt":{"rendered":"","protected":false},"author":1,"featured_media":0,"parent":318,"menu_order":0,"comment_status":"closed","ping_status":"closed","template":"","meta":{"footnotes":""},"tags":[],"class_list":["post-330","page","type-page","status-publish","hentry"],"yoast_head":"<!-- This site is optimized with the Yoast SEO plugin v27.2 - https:\/\/yoast.com\/product\/yoast-seo-wordpress\/ -->\n<title>Uvod - AMEC Integrated Evaluation Framework<\/title>\n<meta name=\"robots\" content=\"noindex, follow, max-snippet:-1, max-image-preview:large, max-video-preview:-1\" \/>\n<meta property=\"og:locale\" content=\"bs_BA\" \/>\n<meta property=\"og:type\" content=\"article\" \/>\n<meta property=\"og:title\" content=\"Uvod - AMEC Integrated Evaluation Framework\" \/>\n<meta property=\"og:url\" content=\"https:\/\/amec.blazedev.co.uk\/amecframework\/bs\/home\/framework\/introduction\/\" \/>\n<meta property=\"og:site_name\" content=\"AMEC Integrated Evaluation Framework\" \/>\n<meta property=\"article:modified_time\" content=\"2016-09-13T08:39:35+00:00\" \/>\n<meta name=\"twitter:card\" content=\"summary_large_image\" \/>\n<meta name=\"twitter:label1\" content=\"Est. reading time\" \/>\n\t<meta name=\"twitter:data1\" content=\"7 minutes\" \/>\n<script type=\"application\/ld+json\" class=\"yoast-schema-graph\">{\"@context\":\"https:\/\/schema.org\",\"@graph\":[{\"@type\":\"WebPage\",\"@id\":\"https:\/\/amec.blazedev.co.uk\/amecframework\/bs\/home\/framework\/introduction\/\",\"url\":\"https:\/\/amec.blazedev.co.uk\/amecframework\/bs\/home\/framework\/introduction\/\",\"name\":\"Uvod - AMEC Integrated Evaluation Framework\",\"isPartOf\":{\"@id\":\"https:\/\/amec.blazedev.co.uk\/amecframework\/ru\/#website\"},\"datePublished\":\"2016-08-19T12:58:57+00:00\",\"dateModified\":\"2016-09-13T08:39:35+00:00\",\"breadcrumb\":{\"@id\":\"https:\/\/amec.blazedev.co.uk\/amecframework\/bs\/home\/framework\/introduction\/#breadcrumb\"},\"inLanguage\":\"bs-BA\",\"potentialAction\":[{\"@type\":\"ReadAction\",\"target\":[\"https:\/\/amec.blazedev.co.uk\/amecframework\/bs\/home\/framework\/introduction\/\"]}]},{\"@type\":\"BreadcrumbList\",\"@id\":\"https:\/\/amec.blazedev.co.uk\/amecframework\/bs\/home\/framework\/introduction\/#breadcrumb\",\"itemListElement\":[{\"@type\":\"ListItem\",\"position\":1,\"name\":\"Home\",\"item\":\"https:\/\/amec.blazedev.co.uk\/amecframework\/bs\/\"},{\"@type\":\"ListItem\",\"position\":2,\"name\":\"Ku\u0107i\",\"item\":\"https:\/\/amec.blazedev.co.uk\/amecframework\/bs\/\"},{\"@type\":\"ListItem\",\"position\":3,\"name\":\"Okvir\",\"item\":\"https:\/\/amec.blazedev.co.uk\/amecframework\/bs\/home\/framework\/\"},{\"@type\":\"ListItem\",\"position\":4,\"name\":\"Uvod\"}]},{\"@type\":\"WebSite\",\"@id\":\"https:\/\/amec.blazedev.co.uk\/amecframework\/ru\/#website\",\"url\":\"https:\/\/amec.blazedev.co.uk\/amecframework\/ru\/\",\"name\":\"AMEC Integrated Evaluation Framework\",\"description\":\"\",\"potentialAction\":[{\"@type\":\"SearchAction\",\"target\":{\"@type\":\"EntryPoint\",\"urlTemplate\":\"https:\/\/amec.blazedev.co.uk\/amecframework\/ru\/?s={search_term_string}\"},\"query-input\":{\"@type\":\"PropertyValueSpecification\",\"valueRequired\":true,\"valueName\":\"search_term_string\"}}],\"inLanguage\":\"bs-BA\"}]}<\/script>\n<!-- \/ Yoast SEO plugin. -->","yoast_head_json":{"title":"Uvod - AMEC Integrated Evaluation Framework","robots":{"index":"noindex","follow":"follow","max-snippet":"max-snippet:-1","max-image-preview":"max-image-preview:large","max-video-preview":"max-video-preview:-1"},"og_locale":"bs_BA","og_type":"article","og_title":"Uvod - AMEC Integrated Evaluation Framework","og_url":"https:\/\/amec.blazedev.co.uk\/amecframework\/bs\/home\/framework\/introduction\/","og_site_name":"AMEC Integrated Evaluation Framework","article_modified_time":"2016-09-13T08:39:35+00:00","twitter_card":"summary_large_image","twitter_misc":{"Est. reading time":"7 minutes"},"schema":{"@context":"https:\/\/schema.org","@graph":[{"@type":"WebPage","@id":"https:\/\/amec.blazedev.co.uk\/amecframework\/bs\/home\/framework\/introduction\/","url":"https:\/\/amec.blazedev.co.uk\/amecframework\/bs\/home\/framework\/introduction\/","name":"Uvod - AMEC Integrated Evaluation Framework","isPartOf":{"@id":"https:\/\/amec.blazedev.co.uk\/amecframework\/ru\/#website"},"datePublished":"2016-08-19T12:58:57+00:00","dateModified":"2016-09-13T08:39:35+00:00","breadcrumb":{"@id":"https:\/\/amec.blazedev.co.uk\/amecframework\/bs\/home\/framework\/introduction\/#breadcrumb"},"inLanguage":"bs-BA","potentialAction":[{"@type":"ReadAction","target":["https:\/\/amec.blazedev.co.uk\/amecframework\/bs\/home\/framework\/introduction\/"]}]},{"@type":"BreadcrumbList","@id":"https:\/\/amec.blazedev.co.uk\/amecframework\/bs\/home\/framework\/introduction\/#breadcrumb","itemListElement":[{"@type":"ListItem","position":1,"name":"Home","item":"https:\/\/amec.blazedev.co.uk\/amecframework\/bs\/"},{"@type":"ListItem","position":2,"name":"Ku\u0107i","item":"https:\/\/amec.blazedev.co.uk\/amecframework\/bs\/"},{"@type":"ListItem","position":3,"name":"Okvir","item":"https:\/\/amec.blazedev.co.uk\/amecframework\/bs\/home\/framework\/"},{"@type":"ListItem","position":4,"name":"Uvod"}]},{"@type":"WebSite","@id":"https:\/\/amec.blazedev.co.uk\/amecframework\/ru\/#website","url":"https:\/\/amec.blazedev.co.uk\/amecframework\/ru\/","name":"AMEC Integrated Evaluation Framework","description":"","potentialAction":[{"@type":"SearchAction","target":{"@type":"EntryPoint","urlTemplate":"https:\/\/amec.blazedev.co.uk\/amecframework\/ru\/?s={search_term_string}"},"query-input":{"@type":"PropertyValueSpecification","valueRequired":true,"valueName":"search_term_string"}}],"inLanguage":"bs-BA"}]}},"_links":{"self":[{"href":"https:\/\/amec.blazedev.co.uk\/amecframework\/bs\/wp-json\/wp\/v2\/pages\/330","targetHints":{"allow":["GET"]}}],"collection":[{"href":"https:\/\/amec.blazedev.co.uk\/amecframework\/bs\/wp-json\/wp\/v2\/pages"}],"about":[{"href":"https:\/\/amec.blazedev.co.uk\/amecframework\/bs\/wp-json\/wp\/v2\/types\/page"}],"author":[{"embeddable":true,"href":"https:\/\/amec.blazedev.co.uk\/amecframework\/bs\/wp-json\/wp\/v2\/users\/1"}],"replies":[{"embeddable":true,"href":"https:\/\/amec.blazedev.co.uk\/amecframework\/bs\/wp-json\/wp\/v2\/comments?post=330"}],"version-history":[{"count":4,"href":"https:\/\/amec.blazedev.co.uk\/amecframework\/bs\/wp-json\/wp\/v2\/pages\/330\/revisions"}],"predecessor-version":[{"id":798,"href":"https:\/\/amec.blazedev.co.uk\/amecframework\/bs\/wp-json\/wp\/v2\/pages\/330\/revisions\/798"}],"up":[{"embeddable":true,"href":"https:\/\/amec.blazedev.co.uk\/amecframework\/bs\/wp-json\/wp\/v2\/pages\/318"}],"wp:attachment":[{"href":"https:\/\/amec.blazedev.co.uk\/amecframework\/bs\/wp-json\/wp\/v2\/media?parent=330"}],"wp:term":[{"taxonomy":"post_tag","embeddable":true,"href":"https:\/\/amec.blazedev.co.uk\/amecframework\/bs\/wp-json\/wp\/v2\/tags?post=330"}],"curies":[{"name":"wp","href":"https:\/\/api.w.org\/{rel}","templated":true}]}}