{"id":1791,"date":"2017-07-04T11:39:29","date_gmt":"2017-07-04T10:39:29","guid":{"rendered":"https:\/\/amecorg.com\/amecframework\/bs\/?page_id=1791"},"modified":"2017-07-04T11:39:29","modified_gmt":"2017-07-04T10:39:29","slug":"najcesca-pitanja","status":"publish","type":"page","link":"https:\/\/amec.blazedev.co.uk\/amecframework\/bs\/najcesca-pitanja\/","title":{"rendered":"Naj\u010de\u0161\u0107a pitanja"},"content":{"rendered":"\n<style type=\"text\/css\" data-created_by=\"avia_inline_auto\" id=\"style-css-av-av_image-682788b60d376febb939b738ab2d7d47\">\n.avia-image-container.av-av_image-682788b60d376febb939b738ab2d7d47 img.avia_image{\nbox-shadow:none;\n}\n.avia-image-container.av-av_image-682788b60d376febb939b738ab2d7d47 .av-image-caption-overlay-center{\ncolor:#ffffff;\n}\n<\/style>\n<div  class='avia-image-container av-av_image-682788b60d376febb939b738ab2d7d47 av-styling- avia-align-center  avia-builder-el-0  el_before_av_one_full  avia-builder-el-first '   itemprop=\"image\" itemscope=\"itemscope\" itemtype=\"https:\/\/schema.org\/ImageObject\" ><div class=\"avia-image-container-inner\"><div class=\"avia-image-overlay-wrap\"><img decoding=\"async\" fetchpriority=\"high\" class='wp-image-1774 avia-img-lazy-loading-not-1774 avia_image ' src=\"https:\/\/amec.blazedev.co.uk\/amecframework\/wp-content\/uploads\/2017\/07\/FAQ-Icon-Question-Mark.png\" alt='' title='FAQ Icon - Question Mark'  height=\"237\" width=\"285\"  itemprop=\"thumbnailUrl\"  \/><\/div><\/div><\/div>\n\n<style type=\"text\/css\" data-created_by=\"avia_inline_auto\" id=\"style-css-av-av_one_full-6126cab7d8fab8d08143dd2dacdf673c\">\n.flex_column.av-av_one_full-6126cab7d8fab8d08143dd2dacdf673c{\nborder-radius:0px 0px 0px 0px;\npadding:0px 0px 0px 0px;\n}\n<\/style>\n<div  class='flex_column av-av_one_full-6126cab7d8fab8d08143dd2dacdf673c av_one_full  avia-builder-el-1  el_after_av_image  el_before_av_one_half  first flex_column_div av-zero-column-padding  '     ><style type=\"text\/css\" data-created_by=\"avia_inline_auto\" id=\"style-css-av-av_textblock-1cfe04c011deea2513bf58caf5e82729\">\n#top .av_textblock_section.av-av_textblock-1cfe04c011deea2513bf58caf5e82729 .avia_textblock{\nfont-size:35px;\n}\n<\/style>\n<section  class='av_textblock_section av-av_textblock-1cfe04c011deea2513bf58caf5e82729 '   itemscope=\"itemscope\" itemtype=\"https:\/\/schema.org\/CreativeWork\" ><div class='avia_textblock'  itemprop=\"text\" ><p style=\"text-align: center; font-weight: 900;\">Naj\u010de\u0161\u0107a pitanja<\/p>\n<\/div><\/section><br \/>\n\n<style type=\"text\/css\" data-created_by=\"avia_inline_auto\" id=\"style-css-av-av_hr-cff9db79973b2b34cd1182f84c56818a\">\n#top .hr.av-av_hr-cff9db79973b2b34cd1182f84c56818a{\nmargin-top:30px;\nmargin-bottom:30px;\n}\n.hr.av-av_hr-cff9db79973b2b34cd1182f84c56818a .hr-inner{\nwidth:300px;\nborder-color:#ff5800;\n}\n<\/style>\n<div  class='hr av-av_hr-cff9db79973b2b34cd1182f84c56818a hr-custom  avia-builder-el-3  el_after_av_textblock  avia-builder-el-last  hr-center hr-icon-no'><span class='hr-inner inner-border-av-border-fat'><span class=\"hr-inner-style\"><\/span><\/span><\/div><\/p><\/div>\n<style type=\"text\/css\" data-created_by=\"avia_inline_auto\" id=\"style-css-av-av_one_half-6126cab7d8fab8d08143dd2dacdf673c\">\n.flex_column.av-av_one_half-6126cab7d8fab8d08143dd2dacdf673c{\nborder-radius:0px 0px 0px 0px;\npadding:0px 0px 0px 0px;\n}\n<\/style>\n<div  class='flex_column av-av_one_half-6126cab7d8fab8d08143dd2dacdf673c av_one_half  avia-builder-el-4  el_after_av_one_full  el_before_av_one_half  first flex_column_div av-zero-column-padding  column-top-margin'     ><section  class='av_textblock_section av-av_textblock-35972167d9f102c5ddaec0c531c98b9e '   itemscope=\"itemscope\" itemtype=\"https:\/\/schema.org\/CreativeWork\" ><div class='avia_textblock'  itemprop=\"text\" ><p><strong>Izgleda naporan rad i komplikovano?<\/strong><\/p>\n<p>Stvarno nije. Obezbe\u0111eno je puno informacija koje vas vode i poma\u017eu vam da znate koje informacije se trebaju u svakoj fazi. Ova lokacija je masovna biblioteka resursa. Koristite ga, izvodite primere, igrajte se.<\/p>\n<\/div><\/section><\/div>\n<style type=\"text\/css\" data-created_by=\"avia_inline_auto\" id=\"style-css-av-av_one_half-0aa7055fe62c3622faec82866afbaeb2\">\n.flex_column.av-av_one_half-0aa7055fe62c3622faec82866afbaeb2{\nborder-radius:0px 0px 0px 0px;\npadding:0px 0px 0px 0px;\n}\n<\/style>\n<div  class='flex_column av-av_one_half-0aa7055fe62c3622faec82866afbaeb2 av_one_half  avia-builder-el-6  el_after_av_one_half  el_before_av_one_half  flex_column_div av-zero-column-padding  column-top-margin'     ><section  class='av_textblock_section av-av_textblock-35972167d9f102c5ddaec0c531c98b9e '   itemscope=\"itemscope\" itemtype=\"https:\/\/schema.org\/CreativeWork\" ><div class='avia_textblock'  itemprop=\"text\" ><p><strong>Kada treba da koristim okvir, da li je nakon pokretanja kampanje?<\/strong><\/p>\n<p>Iako se okvir mo\u017ee koristiti za retrospektivno procenjivanje kampanje, stvarna vrednost dolazi od kori\u0161\u0107enja okvira u realnom vremenu &#8211; da se koristi za planiranje aktivnosti unapred, da se govori o tome kako se aktivnost razvija tokom vremena i da ga retrospektivno koristi kao alat za evaluaciju Da istakne uspjehe, kao i mogu\u0107nosti za pobolj\u0161anje. Sposobnost snimanja podataka iz okvira omogu\u0107ava vam da se vratite na to kad god \u017eelite i mo\u017eete imati do deset aktivnih okvira po korisniku.<\/p>\n<\/div><\/section><\/div>\n<style type=\"text\/css\" data-created_by=\"avia_inline_auto\" id=\"style-css-av-av_one_half-6126cab7d8fab8d08143dd2dacdf673c\">\n.flex_column.av-av_one_half-6126cab7d8fab8d08143dd2dacdf673c{\nborder-radius:0px 0px 0px 0px;\npadding:0px 0px 0px 0px;\n}\n<\/style>\n<div  class='flex_column av-av_one_half-6126cab7d8fab8d08143dd2dacdf673c av_one_half  avia-builder-el-8  el_after_av_one_half  el_before_av_one_half  first flex_column_div av-zero-column-padding  column-top-margin'     ><section  class='av_textblock_section av-av_textblock-35972167d9f102c5ddaec0c531c98b9e '   itemscope=\"itemscope\" itemtype=\"https:\/\/schema.org\/CreativeWork\" ><div class='avia_textblock'  itemprop=\"text\" ><p><b>Da li je IEF alat za planiranje ili alat za merenje?<\/b><\/p>\n<p>Obojica su! IEF je dizajniran da vam pomogne da efikasnije planirate kampanje, posebno sa ishodima kao klju\u010dnim voza\u010dem. Ali, tako\u0111e je dizajniran da vam pomogne da razmislite o merenju i prikazivanju, sa relevantnim pokazateljima, uticaj koji imate na va\u0161u organizaciju \/ klijenta.<\/p>\n<\/div><\/section><\/div>\n<style type=\"text\/css\" data-created_by=\"avia_inline_auto\" id=\"style-css-av-av_one_half-0aa7055fe62c3622faec82866afbaeb2\">\n.flex_column.av-av_one_half-0aa7055fe62c3622faec82866afbaeb2{\nborder-radius:0px 0px 0px 0px;\npadding:0px 0px 0px 0px;\n}\n<\/style>\n<div  class='flex_column av-av_one_half-0aa7055fe62c3622faec82866afbaeb2 av_one_half  avia-builder-el-10  el_after_av_one_half  el_before_av_one_half  flex_column_div av-zero-column-padding  column-top-margin'     ><section  class='av_textblock_section av-av_textblock-35972167d9f102c5ddaec0c531c98b9e '   itemscope=\"itemscope\" itemtype=\"https:\/\/schema.org\/CreativeWork\" ><div class='avia_textblock'  itemprop=\"text\" ><p><strong>\u0160ta se doga\u0111a ako nemam metrike da se uklju\u010de u izve\u0161taj?<\/strong><\/p>\n<p>Korist od IEF-a je da vam omogu\u0107i da na po\u010detku razmi\u0161ljate o merama koje \u0107ete mo\u017eda trebati kako biste ocijenili utjecaj. Na taj na\u010din mo\u017eete zapitati prave ljude ili izvu\u0107i potrebne podatke pre pokretanja kampanje. Kako se kampanja razvija ili zaklju\u010duje da svi znaju podatke koje im trebaju pru\u017eiti kako biste mogli prezentirati podatke.<\/p>\n<\/div><\/section><\/div>\n<style type=\"text\/css\" data-created_by=\"avia_inline_auto\" id=\"style-css-av-av_one_half-6126cab7d8fab8d08143dd2dacdf673c\">\n.flex_column.av-av_one_half-6126cab7d8fab8d08143dd2dacdf673c{\nborder-radius:0px 0px 0px 0px;\npadding:0px 0px 0px 0px;\n}\n<\/style>\n<div  class='flex_column av-av_one_half-6126cab7d8fab8d08143dd2dacdf673c av_one_half  avia-builder-el-12  el_after_av_one_half  el_before_av_one_half  first flex_column_div av-zero-column-padding  column-top-margin'     ><section  class='av_textblock_section av-av_textblock-35972167d9f102c5ddaec0c531c98b9e '   itemscope=\"itemscope\" itemtype=\"https:\/\/schema.org\/CreativeWork\" ><div class='avia_textblock'  itemprop=\"text\" ><p><strong>Da li se okvir mo\u017ee koristiti samo za kampanje &#8211; \u0161ta je sa teku\u0107om aktivno\u0161\u0107u?<\/strong><\/p>\n<p>Okvir se mo\u017ee i trebao koristiti i za kratkoro\u010dne kampanje i programe dugoro\u010dne komunikacije u kojima bi trebali stalno uskla\u0111ivati aktivnosti i mjerenja sa cjelokupnim ciljevima organizacije i komunikacija.<\/p>\n<\/div><\/section><\/div>\n<style type=\"text\/css\" data-created_by=\"avia_inline_auto\" id=\"style-css-av-av_one_half-0aa7055fe62c3622faec82866afbaeb2\">\n.flex_column.av-av_one_half-0aa7055fe62c3622faec82866afbaeb2{\nborder-radius:0px 0px 0px 0px;\npadding:0px 0px 0px 0px;\n}\n<\/style>\n<div  class='flex_column av-av_one_half-0aa7055fe62c3622faec82866afbaeb2 av_one_half  avia-builder-el-14  el_after_av_one_half  el_before_av_one_half  flex_column_div av-zero-column-padding  column-top-margin'     ><section  class='av_textblock_section av-av_textblock-35972167d9f102c5ddaec0c531c98b9e '   itemscope=\"itemscope\" itemtype=\"https:\/\/schema.org\/CreativeWork\" ><div class='avia_textblock'  itemprop=\"text\" ><p><strong>Da li je okvir optimiziran za odre\u0111eni tip aktivnosti komunikacije?<\/strong><\/p>\n<p>Okvir je namerno dizajniran da bude fleksibilan i da radi na razli\u010ditim scenarijama i kanalima: pla\u0107eni, zara\u0111eni, vlasni\u010dki i deljeni, komercijalni do javnog sektora, potro\u0161a\u010d na poslovanje u biznisu, generisanje olova do izgradnje brenda, kampanja za lobiranje.<\/p>\n<\/div><\/section><\/div>\n<style type=\"text\/css\" data-created_by=\"avia_inline_auto\" id=\"style-css-av-av_one_half-6126cab7d8fab8d08143dd2dacdf673c\">\n.flex_column.av-av_one_half-6126cab7d8fab8d08143dd2dacdf673c{\nborder-radius:0px 0px 0px 0px;\npadding:0px 0px 0px 0px;\n}\n<\/style>\n<div  class='flex_column av-av_one_half-6126cab7d8fab8d08143dd2dacdf673c av_one_half  avia-builder-el-16  el_after_av_one_half  avia-builder-el-last  first flex_column_div av-zero-column-padding  column-top-margin'     ><section  class='av_textblock_section av-av_textblock-35972167d9f102c5ddaec0c531c98b9e '   itemscope=\"itemscope\" itemtype=\"https:\/\/schema.org\/CreativeWork\" ><div class='avia_textblock'  itemprop=\"text\" ><p><strong>\u010cuo sam puno &#8220;teorije&#8221;, ali jo\u0161 uvek sam malo zbunjen kako postaviti okvir u praksu?<\/strong><\/p>\n<p>Odeljak &#8216;Resursi&#8217; na okvirnoj web lokaciji sadr\u017ei niz razli\u010ditih studija slu\u010dajeva i tutorijala koji pokazuju kako se okvir koristi u stvarnim scenarijima.<\/p>\n<\/div><\/section><\/div><\/p>\n","protected":false},"excerpt":{"rendered":"","protected":false},"author":1,"featured_media":0,"parent":0,"menu_order":0,"comment_status":"closed","ping_status":"closed","template":"","meta":{"footnotes":""},"tags":[],"class_list":["post-1791","page","type-page","status-publish","hentry"],"yoast_head":"<!-- This site is optimized with the Yoast SEO plugin v27.2 - https:\/\/yoast.com\/product\/yoast-seo-wordpress\/ -->\n<title>Naj\u010de\u0161\u0107a pitanja - AMEC Integrated Evaluation Framework<\/title>\n<meta name=\"robots\" content=\"noindex, follow, max-snippet:-1, max-image-preview:large, max-video-preview:-1\" \/>\n<meta property=\"og:locale\" content=\"bs_BA\" \/>\n<meta property=\"og:type\" content=\"article\" \/>\n<meta property=\"og:title\" content=\"Naj\u010de\u0161\u0107a pitanja - AMEC Integrated Evaluation Framework\" \/>\n<meta property=\"og:url\" content=\"https:\/\/amec.blazedev.co.uk\/amecframework\/bs\/najcesca-pitanja\/\" \/>\n<meta property=\"og:site_name\" content=\"AMEC Integrated Evaluation Framework\" \/>\n<meta name=\"twitter:card\" content=\"summary_large_image\" \/>\n<meta name=\"twitter:label1\" content=\"Est. reading time\" \/>\n\t<meta name=\"twitter:data1\" content=\"5 minutes\" \/>\n<script type=\"application\/ld+json\" class=\"yoast-schema-graph\">{\"@context\":\"https:\/\/schema.org\",\"@graph\":[{\"@type\":\"WebPage\",\"@id\":\"https:\/\/amec.blazedev.co.uk\/amecframework\/bs\/najcesca-pitanja\/\",\"url\":\"https:\/\/amec.blazedev.co.uk\/amecframework\/bs\/najcesca-pitanja\/\",\"name\":\"Naj\u010de\u0161\u0107a pitanja - AMEC Integrated Evaluation Framework\",\"isPartOf\":{\"@id\":\"https:\/\/amec.blazedev.co.uk\/amecframework\/ru\/#website\"},\"datePublished\":\"2017-07-04T10:39:29+00:00\",\"breadcrumb\":{\"@id\":\"https:\/\/amec.blazedev.co.uk\/amecframework\/bs\/najcesca-pitanja\/#breadcrumb\"},\"inLanguage\":\"bs-BA\",\"potentialAction\":[{\"@type\":\"ReadAction\",\"target\":[\"https:\/\/amec.blazedev.co.uk\/amecframework\/bs\/najcesca-pitanja\/\"]}]},{\"@type\":\"BreadcrumbList\",\"@id\":\"https:\/\/amec.blazedev.co.uk\/amecframework\/bs\/najcesca-pitanja\/#breadcrumb\",\"itemListElement\":[{\"@type\":\"ListItem\",\"position\":1,\"name\":\"Home\",\"item\":\"https:\/\/amec.blazedev.co.uk\/amecframework\/bs\/\"},{\"@type\":\"ListItem\",\"position\":2,\"name\":\"Naj\u010de\u0161\u0107a pitanja\"}]},{\"@type\":\"WebSite\",\"@id\":\"https:\/\/amec.blazedev.co.uk\/amecframework\/ru\/#website\",\"url\":\"https:\/\/amec.blazedev.co.uk\/amecframework\/ru\/\",\"name\":\"AMEC Integrated Evaluation Framework\",\"description\":\"\",\"potentialAction\":[{\"@type\":\"SearchAction\",\"target\":{\"@type\":\"EntryPoint\",\"urlTemplate\":\"https:\/\/amec.blazedev.co.uk\/amecframework\/ru\/?s={search_term_string}\"},\"query-input\":{\"@type\":\"PropertyValueSpecification\",\"valueRequired\":true,\"valueName\":\"search_term_string\"}}],\"inLanguage\":\"bs-BA\"}]}<\/script>\n<!-- \/ Yoast SEO plugin. -->","yoast_head_json":{"title":"Naj\u010de\u0161\u0107a pitanja - AMEC Integrated Evaluation Framework","robots":{"index":"noindex","follow":"follow","max-snippet":"max-snippet:-1","max-image-preview":"max-image-preview:large","max-video-preview":"max-video-preview:-1"},"og_locale":"bs_BA","og_type":"article","og_title":"Naj\u010de\u0161\u0107a pitanja - AMEC Integrated Evaluation Framework","og_url":"https:\/\/amec.blazedev.co.uk\/amecframework\/bs\/najcesca-pitanja\/","og_site_name":"AMEC Integrated Evaluation Framework","twitter_card":"summary_large_image","twitter_misc":{"Est. reading time":"5 minutes"},"schema":{"@context":"https:\/\/schema.org","@graph":[{"@type":"WebPage","@id":"https:\/\/amec.blazedev.co.uk\/amecframework\/bs\/najcesca-pitanja\/","url":"https:\/\/amec.blazedev.co.uk\/amecframework\/bs\/najcesca-pitanja\/","name":"Naj\u010de\u0161\u0107a pitanja - AMEC Integrated Evaluation Framework","isPartOf":{"@id":"https:\/\/amec.blazedev.co.uk\/amecframework\/ru\/#website"},"datePublished":"2017-07-04T10:39:29+00:00","breadcrumb":{"@id":"https:\/\/amec.blazedev.co.uk\/amecframework\/bs\/najcesca-pitanja\/#breadcrumb"},"inLanguage":"bs-BA","potentialAction":[{"@type":"ReadAction","target":["https:\/\/amec.blazedev.co.uk\/amecframework\/bs\/najcesca-pitanja\/"]}]},{"@type":"BreadcrumbList","@id":"https:\/\/amec.blazedev.co.uk\/amecframework\/bs\/najcesca-pitanja\/#breadcrumb","itemListElement":[{"@type":"ListItem","position":1,"name":"Home","item":"https:\/\/amec.blazedev.co.uk\/amecframework\/bs\/"},{"@type":"ListItem","position":2,"name":"Naj\u010de\u0161\u0107a pitanja"}]},{"@type":"WebSite","@id":"https:\/\/amec.blazedev.co.uk\/amecframework\/ru\/#website","url":"https:\/\/amec.blazedev.co.uk\/amecframework\/ru\/","name":"AMEC Integrated Evaluation Framework","description":"","potentialAction":[{"@type":"SearchAction","target":{"@type":"EntryPoint","urlTemplate":"https:\/\/amec.blazedev.co.uk\/amecframework\/ru\/?s={search_term_string}"},"query-input":{"@type":"PropertyValueSpecification","valueRequired":true,"valueName":"search_term_string"}}],"inLanguage":"bs-BA"}]}},"_links":{"self":[{"href":"https:\/\/amec.blazedev.co.uk\/amecframework\/bs\/wp-json\/wp\/v2\/pages\/1791","targetHints":{"allow":["GET"]}}],"collection":[{"href":"https:\/\/amec.blazedev.co.uk\/amecframework\/bs\/wp-json\/wp\/v2\/pages"}],"about":[{"href":"https:\/\/amec.blazedev.co.uk\/amecframework\/bs\/wp-json\/wp\/v2\/types\/page"}],"author":[{"embeddable":true,"href":"https:\/\/amec.blazedev.co.uk\/amecframework\/bs\/wp-json\/wp\/v2\/users\/1"}],"replies":[{"embeddable":true,"href":"https:\/\/amec.blazedev.co.uk\/amecframework\/bs\/wp-json\/wp\/v2\/comments?post=1791"}],"version-history":[{"count":1,"href":"https:\/\/amec.blazedev.co.uk\/amecframework\/bs\/wp-json\/wp\/v2\/pages\/1791\/revisions"}],"predecessor-version":[{"id":1792,"href":"https:\/\/amec.blazedev.co.uk\/amecframework\/bs\/wp-json\/wp\/v2\/pages\/1791\/revisions\/1792"}],"wp:attachment":[{"href":"https:\/\/amec.blazedev.co.uk\/amecframework\/bs\/wp-json\/wp\/v2\/media?parent=1791"}],"wp:term":[{"taxonomy":"post_tag","embeddable":true,"href":"https:\/\/amec.blazedev.co.uk\/amecframework\/bs\/wp-json\/wp\/v2\/tags?post=1791"}],"curies":[{"name":"wp","href":"https:\/\/api.w.org\/{rel}","templated":true}]}}